{"id":39231,"date":"2025-12-04T16:41:16","date_gmt":"2025-12-04T16:41:16","guid":{"rendered":"https:\/\/labin.net\/producto\/labipack-crescimento-da-oliveira\/"},"modified":"2025-12-04T16:41:16","modified_gmt":"2025-12-04T16:41:16","slug":"labipack-crescimento-da-oliveira","status":"publish","type":"product","link":"https:\/\/labin.net\/pt-pt\/producto\/labipack-crescimento-da-oliveira\/","title":{"rendered":"LABIPACK CRESCIMENTO DA OLIVEIRA"},"content":{"rendered":"<p>Adubo foliar que fornece os macro, meso e microelementos necess\u00e1rios para o desenvolvimento da oliveira durante a fase de crescimento vegetativo. Al\u00e9m disso, a incorpora\u00e7\u00e3o de amino\u00e1cidos livres provoca uma estimula\u00e7\u00e3o geral no organismo da \u00e1rvore para que assimile e transporte melhor os nutrientes que fornecemos na fertiliza\u00e7\u00e3o. \u00c9 um produto <b>COMPLETO <\/b>que integra numa \u00fanica f\u00f3rmula os nutrientes que costumam ser aplicados separadamente no mundo da olivicultura. Com <b>LABIPACK OLIVO CRECIMIENTO <\/b><b>conseguimos uma forte sinergia entre eles, obtendo melhores resultados. <\/b>Al\u00e9m disso, ganhamos em comodidade. Adicionamos um \u00fanico produto aos tratamentos, reduzindo assim os custos econ\u00f3micos envolvidos.    <\/p>\n<p>Ganha tamb\u00e9m em efici\u00eancia.  <b>A formula\u00e7\u00e3o do produto consegue uma sinergia muito importante dos seus componentes, pelo que os resultados s\u00e3o melhores do que se os produtos fossem aplicados separadamente.  <\/b>Por outro lado, a oliveira \u00e9 uma cultura que aproveita muito bem os nutrientes aplicados por via foliar. Podemos tirar partido desta qualidade para obter melhores rendimentos, especialmente <b>em per\u00edodos de seca <\/b>.   <\/p>\n","protected":false},"excerpt":{"rendered":"<ul>\n<li><b>Aplica\u00e7\u00e3o foliar completa<\/b><\/li>\n<li><b>Tudo num s\u00f3 produto<\/b><\/li>\n<li><b>Enriquecido com amino\u00e1cidos e microelementos<\/b><\/li>\n<li><b>Totalmente sol\u00favel<\/b><\/li>\n<li><b>Maior sinergia na \u00e1rvore  <\/b><\/li>\n<\/ul>\n","protected":false},"featured_media":39232,"comment_status":"open","ping_status":"closed","template":"","meta":{"_acf_changed":false},"cultivo":[1074],"ecologico":[1132],"medioambiente":[1133],"solucion":[1142,1149,1155,1135],"tipo-de-aplicacion":[1138,1137],"product_brand":[],"product_cat":[1165],"product_tag":[],"class_list":{"0":"post-39231","1":"product","2":"type-product","3":"status-publish","4":"has-post-thumbnail","6":"cultivo-oliveira","7":"ecologico-nao","8":"medioambiente-eficiencia-na-utilizacao-de-nutrientes","9":"solucion-deficiencia-de-k","10":"solucion-deficiencia-de-microscopio","11":"solucion-n-deficiencia","12":"solucion-p-deficiencia","13":"tipo-de-aplicacion-fertirrigacao","14":"tipo-de-aplicacion-foliar","15":"product_cat-especialidades","17":"first","18":"instock","19":"shipping-taxable","20":"product-type-simple"},"acf":[],"_links":{"self":[{"href":"https:\/\/labin.net\/pt-pt\/wp-json\/wp\/v2\/product\/39231","targetHints":{"allow":["GET"]}}],"collection":[{"href":"https:\/\/labin.net\/pt-pt\/wp-json\/wp\/v2\/product"}],"about":[{"href":"https:\/\/labin.net\/pt-pt\/wp-json\/wp\/v2\/types\/product"}],"replies":[{"embeddable":true,"href":"https:\/\/labin.net\/pt-pt\/wp-json\/wp\/v2\/comments?post=39231"}],"wp:featuredmedia":[{"embeddable":true,"href":"https:\/\/labin.net\/pt-pt\/wp-json\/wp\/v2\/media\/39232"}],"wp:attachment":[{"href":"https:\/\/labin.net\/pt-pt\/wp-json\/wp\/v2\/media?parent=39231"}],"wp:term":[{"taxonomy":"cultivo","embeddable":true,"href":"https:\/\/labin.net\/pt-pt\/wp-json\/wp\/v2\/cultivo?post=39231"},{"taxonomy":"ecologico","embeddable":true,"href":"https:\/\/labin.net\/pt-pt\/wp-json\/wp\/v2\/ecologico?post=39231"},{"taxonomy":"medioambiente","embeddable":true,"href":"https:\/\/labin.net\/pt-pt\/wp-json\/wp\/v2\/medioambiente?post=39231"},{"taxonomy":"solucion","embeddable":true,"href":"https:\/\/labin.net\/pt-pt\/wp-json\/wp\/v2\/solucion?post=39231"},{"taxonomy":"tipo-de-aplicacion","embeddable":true,"href":"https:\/\/labin.net\/pt-pt\/wp-json\/wp\/v2\/tipo-de-aplicacion?post=39231"},{"taxonomy":"product_brand","embeddable":true,"href":"https:\/\/labin.net\/pt-pt\/wp-json\/wp\/v2\/product_brand?post=39231"},{"taxonomy":"product_cat","embeddable":true,"href":"https:\/\/labin.net\/pt-pt\/wp-json\/wp\/v2\/product_cat?post=39231"},{"taxonomy":"product_tag","embeddable":true,"href":"https:\/\/labin.net\/pt-pt\/wp-json\/wp\/v2\/product_tag?post=39231"}],"curies":[{"name":"wp","href":"https:\/\/api.w.org\/{rel}","templated":true}]}}