{"id":39228,"date":"2025-12-04T16:31:54","date_gmt":"2025-12-04T16:31:54","guid":{"rendered":"https:\/\/labin.net\/producto\/labin-pro\/"},"modified":"2025-12-04T16:31:54","modified_gmt":"2025-12-04T16:31:54","slug":"labin-pro","status":"publish","type":"product","link":"https:\/\/labin.net\/pt-pt\/producto\/labin-pro\/","title":{"rendered":"LABIN PRO"},"content":{"rendered":"<p>Labin Pro \u00e9 um estimulador microbiano NP Pro de nova gera\u00e7\u00e3o que integra 5 bact\u00e9rias PGPr do g\u00e9nero Bacillus sp, extractos de Ascophyllum nodosum e \u00e1cidos h\u00famicos, optimizando assim a nutri\u00e7\u00e3o, a bioactiva\u00e7\u00e3o microbiana e a regenera\u00e7\u00e3o do solo agr\u00edcola.<\/p>\n<p>Labin Pro \u00e9 a solu\u00e7\u00e3o ideal para melhorar a fertilidade do solo e potenciar o crescimento das culturas. A sua f\u00f3rmula incorpora Ascophyllum nodosum e \u00e1cidos h\u00famicos numa concentra\u00e7\u00e3o igual que potencia a efic\u00e1cia com bioactivadores que favorecem o desenvolvimento dos microrganismos. Isto faz com que Labin Pro seja especialmente \u00fatil em momentos de grande stress, como o in\u00edcio do cultivo ou as fases de maior procura de nutrientes.  <\/p>\n<p>Com a sua tripla a\u00e7\u00e3o Pro-ativa, Pro-estimulante e Pro-regeneradora, Labin Pro refor\u00e7a o desenvolvimento das plantas e melhora a fertilidade f\u00edsico-qu\u00edmica do solo, garantindo colheitas mais vigorosas e produtivas.<\/p>\n","protected":false},"excerpt":{"rendered":"<ul>\n<li><strong>Formato l\u00edquido<\/strong><\/li>\n<li><strong>Base 100% org\u00e2nica<\/strong><\/li>\n<li><strong>Sinergia com Labin<\/strong><\/li>\n<li><strong>Pr\u00f3-estimulante da cultura<\/strong><\/li>\n<\/ul>\n","protected":false},"featured_media":39230,"comment_status":"open","ping_status":"closed","template":"","meta":{"_acf_changed":false},"cultivo":[1091,1107,1059,1125,1129,1123,1075,1092,1126,1130,1108,1060,1061,1127,1131,1124,1044,1076,1093,1128,1109,1077,1062,1045,1094,1110,1078,1095,1063,1079,1046,1111,1064,1049,1096,1080,1050,1047,1112,1065,1066,1097,1081,1051,1048,1113,1082,1067,1098,1083,1052,1114,1068,1084,1053,1085,1099,1069,1087,1115,1054,1088,1100,1070,1089,1116,1055,1090,1101,1071,1117,1102,1056,1118,1072,1103,1057,1119,1073,1104,1058,1120,1074,1105,1121,1106,1122],"ecologico":[1139],"medioambiente":[1133],"solucion":[1158],"tipo-de-aplicacion":[1137,1138],"product_brand":[],"product_cat":[1161],"product_tag":[],"class_list":{"0":"post-39228","1":"product","2":"type-product","3":"status-publish","4":"has-post-thumbnail","6":"cultivo-pitahaya","7":"cultivo-espinafres","8":"cultivo-kiwi","9":"cultivo-cereais","10":"cultivo-arvores-ornamentais","11":"cultivo-tomate","12":"cultivo-videira-ornamental","13":"cultivo-tamarindo","14":"cultivo-forragem-e-pastagem","15":"cultivo-cespedes","16":"cultivo-ervilha","17":"cultivo-limoeiro","18":"cultivo-abacate","19":"cultivo-leguminosas-extensivas","20":"cultivo-flores","21":"cultivo-cenoura","22":"cultivo-arvores-de-fruto","23":"cultivo-peral","24":"cultivo-cha","25":"cultivo-sementes-oleaginosas","26":"cultivo-feijao-tenro","27":"cultivo-pistachio","28":"cultivo-banana-banana-da-terra","29":"cultivo-tropical","30":"cultivo-mandioca","31":"cultivo-feijao-verde","32":"cultivo-toranja","33":"cultivo-acelga","34":"cultivo-cacau","35":"cultivo-videira","36":"cultivo-horticultura","37":"cultivo-alface","38":"cultivo-cafe","39":"cultivo-damasco","40":"cultivo-alho","41":"cultivo-cana-de-acucar","42":"cultivo-amendoeira","43":"cultivo-extensivos","44":"cultivo-melao","45":"cultivo-carambola","46":"cultivo-lima","47":"cultivo-beringela","48":"cultivo-maca-para-o-creme","49":"cultivo-avela","50":"cultivo-parques-e-jardins","51":"cultivo-nabo","52":"cultivo-coco","53":"cultivo-mandarino","54":"cultivo-batata-doce","55":"cultivo-frutos-vermelhos-bagas","56":"cultivo-caqui","57":"cultivo-batata","58":"cultivo-manzano","59":"cultivo-goiaba","60":"cultivo-castanha","61":"cultivo-lichia","62":"cultivo-brocolos","63":"cultivo-pessego","64":"cultivo-pega-2","65":"cultivo-pepino","66":"cultivo-cereja","67":"cultivo-maracuja","68":"cultivo-abobrinha","69":"cultivo-membrillero","70":"cultivo-papaia","71":"cultivo-pimenta","72":"cultivo-ameixa","73":"cultivo-ananas","74":"cultivo-abobora","75":"cultivo-laranjeira","76":"cultivo-alho-porro","77":"cultivo-cebola","78":"cultivo-clementino","79":"cultivo-rabanete","80":"cultivo-nectarina","81":"cultivo-col","82":"cultivo-roma","83":"cultivo-beterraba","84":"cultivo-noz","85":"cultivo-couves-de-bruxelas","86":"cultivo-higuera","87":"cultivo-rucula","88":"cultivo-oliveira","89":"cultivo-couve-flor","90":"cultivo-melancia","91":"cultivo-endivia","92":"cultivo-soja-verde","93":"ecologico-sim","94":"medioambiente-eficiencia-na-utilizacao-de-nutrientes","95":"solucion-melhorar-a-saude-do-solo","96":"tipo-de-aplicacion-foliar","97":"tipo-de-aplicacion-fertirrigacao","98":"product_cat-bioestimulante","100":"first","101":"instock","102":"shipping-taxable","103":"product-type-simple"},"acf":[],"_links":{"self":[{"href":"https:\/\/labin.net\/pt-pt\/wp-json\/wp\/v2\/product\/39228","targetHints":{"allow":["GET"]}}],"collection":[{"href":"https:\/\/labin.net\/pt-pt\/wp-json\/wp\/v2\/product"}],"about":[{"href":"https:\/\/labin.net\/pt-pt\/wp-json\/wp\/v2\/types\/product"}],"replies":[{"embeddable":true,"href":"https:\/\/labin.net\/pt-pt\/wp-json\/wp\/v2\/comments?post=39228"}],"wp:featuredmedia":[{"embeddable":true,"href":"https:\/\/labin.net\/pt-pt\/wp-json\/wp\/v2\/media\/39230"}],"wp:attachment":[{"href":"https:\/\/labin.net\/pt-pt\/wp-json\/wp\/v2\/media?parent=39228"}],"wp:term":[{"taxonomy":"cultivo","embeddable":true,"href":"https:\/\/labin.net\/pt-pt\/wp-json\/wp\/v2\/cultivo?post=39228"},{"taxonomy":"ecologico","embeddable":true,"href":"https:\/\/labin.net\/pt-pt\/wp-json\/wp\/v2\/ecologico?post=39228"},{"taxonomy":"medioambiente","embeddable":true,"href":"https:\/\/labin.net\/pt-pt\/wp-json\/wp\/v2\/medioambiente?post=39228"},{"taxonomy":"solucion","embeddable":true,"href":"https:\/\/labin.net\/pt-pt\/wp-json\/wp\/v2\/solucion?post=39228"},{"taxonomy":"tipo-de-aplicacion","embeddable":true,"href":"https:\/\/labin.net\/pt-pt\/wp-json\/wp\/v2\/tipo-de-aplicacion?post=39228"},{"taxonomy":"product_brand","embeddable":true,"href":"https:\/\/labin.net\/pt-pt\/wp-json\/wp\/v2\/product_brand?post=39228"},{"taxonomy":"product_cat","embeddable":true,"href":"https:\/\/labin.net\/pt-pt\/wp-json\/wp\/v2\/product_cat?post=39228"},{"taxonomy":"product_tag","embeddable":true,"href":"https:\/\/labin.net\/pt-pt\/wp-json\/wp\/v2\/product_tag?post=39228"}],"curies":[{"name":"wp","href":"https:\/\/api.w.org\/{rel}","templated":true}]}}