{"id":39214,"date":"2025-12-04T16:45:37","date_gmt":"2025-12-04T16:45:37","guid":{"rendered":"https:\/\/labin.net\/producto\/labipack-amadurecimento-da-oliveira\/"},"modified":"2025-12-04T16:45:37","modified_gmt":"2025-12-04T16:45:37","slug":"labipack-amadurecimento-da-oliveira","status":"publish","type":"product","link":"https:\/\/labin.net\/pt-pt\/producto\/labipack-amadurecimento-da-oliveira\/","title":{"rendered":"LABIPACK AMADURECIMENTO DA OLIVEIRA"},"content":{"rendered":"<p>Adubo foliar especialmente concebido para ser aplicado nas <b>oliveiras <\/b>durante o per\u00edodo de <b>crescimento e matura\u00e7\u00e3o dos frutos<\/b>.<\/p>\n<p>\u00c9 um produto <b>COMPLETO<\/b>, que acrescenta \u00e0 sua formula\u00e7\u00e3o, rica em <b>POT\u00c1SSIO<\/b>, <b>microelementos e amino\u00e1cidos <\/b>para conseguir uma maior efic\u00e1cia da a\u00e7\u00e3o do pot\u00e1ssio. Os aportes de POT\u00c1SSIO s\u00e3o essenciais para a <b>forma\u00e7\u00e3o de compostos gordos nos frutos e, portanto, para uma maior produ\u00e7\u00e3o e rendimento<\/b>. O nosso adubo n\u00e3o s\u00f3 fornece este pot\u00e1ssio, como tamb\u00e9m <b>estimula a \u00e1rvore <\/b>a absorv\u00ea-lo melhor, gra\u00e7as \u00e0 sua f\u00f3rmula. Por outro lado, a <b>oliveira<\/b> \u00e9 uma cultura que aproveita muito bem os nutrientes <b>que lhe s\u00e3o aplicados por via foliar<\/b>; podemos aproveitar esta qualidade para conseguir MELHORES RENDIMENTOS, especialmente em <b>per\u00edodos de <\/b><b>seca<\/b><b>.<\/b> Com o <b>LABIPACK MATURA\u00c7\u00c3O DE OLIVEIRA <\/b><b>podemos aumentar a produ\u00e7\u00e3o e o rendimento da explora\u00e7\u00e3o. <\/b>    <\/p>\n","protected":false},"excerpt":{"rendered":"<ul>\n<li><b>Totalmente sol\u00favel<\/b><\/li>\n<li><b>Aumenta a produ\u00e7\u00e3o do teu olival<\/b><\/li>\n<li><b>O pot\u00e1ssio mais completo<\/b><\/li>\n<li><b>Enriquecido com microelementos e AMINO\u00c1CIDOS<\/b><\/li>\n<\/ul>\n","protected":false},"featured_media":39216,"comment_status":"open","ping_status":"closed","template":"","meta":{"_acf_changed":false},"cultivo":[1074],"ecologico":[1132],"medioambiente":[1133],"solucion":[1135,1142,1149,1155],"tipo-de-aplicacion":[1137,1138],"product_brand":[],"product_cat":[1165],"product_tag":[],"class_list":{"0":"post-39214","1":"product","2":"type-product","3":"status-publish","4":"has-post-thumbnail","6":"cultivo-oliveira","7":"ecologico-nao","8":"medioambiente-eficiencia-na-utilizacao-de-nutrientes","9":"solucion-p-deficiencia","10":"solucion-deficiencia-de-k","11":"solucion-deficiencia-de-microscopio","12":"solucion-n-deficiencia","13":"tipo-de-aplicacion-foliar","14":"tipo-de-aplicacion-fertirrigacao","15":"product_cat-especialidades","17":"first","18":"instock","19":"shipping-taxable","20":"product-type-simple"},"acf":[],"_links":{"self":[{"href":"https:\/\/labin.net\/pt-pt\/wp-json\/wp\/v2\/product\/39214","targetHints":{"allow":["GET"]}}],"collection":[{"href":"https:\/\/labin.net\/pt-pt\/wp-json\/wp\/v2\/product"}],"about":[{"href":"https:\/\/labin.net\/pt-pt\/wp-json\/wp\/v2\/types\/product"}],"replies":[{"embeddable":true,"href":"https:\/\/labin.net\/pt-pt\/wp-json\/wp\/v2\/comments?post=39214"}],"wp:featuredmedia":[{"embeddable":true,"href":"https:\/\/labin.net\/pt-pt\/wp-json\/wp\/v2\/media\/39216"}],"wp:attachment":[{"href":"https:\/\/labin.net\/pt-pt\/wp-json\/wp\/v2\/media?parent=39214"}],"wp:term":[{"taxonomy":"cultivo","embeddable":true,"href":"https:\/\/labin.net\/pt-pt\/wp-json\/wp\/v2\/cultivo?post=39214"},{"taxonomy":"ecologico","embeddable":true,"href":"https:\/\/labin.net\/pt-pt\/wp-json\/wp\/v2\/ecologico?post=39214"},{"taxonomy":"medioambiente","embeddable":true,"href":"https:\/\/labin.net\/pt-pt\/wp-json\/wp\/v2\/medioambiente?post=39214"},{"taxonomy":"solucion","embeddable":true,"href":"https:\/\/labin.net\/pt-pt\/wp-json\/wp\/v2\/solucion?post=39214"},{"taxonomy":"tipo-de-aplicacion","embeddable":true,"href":"https:\/\/labin.net\/pt-pt\/wp-json\/wp\/v2\/tipo-de-aplicacion?post=39214"},{"taxonomy":"product_brand","embeddable":true,"href":"https:\/\/labin.net\/pt-pt\/wp-json\/wp\/v2\/product_brand?post=39214"},{"taxonomy":"product_cat","embeddable":true,"href":"https:\/\/labin.net\/pt-pt\/wp-json\/wp\/v2\/product_cat?post=39214"},{"taxonomy":"product_tag","embeddable":true,"href":"https:\/\/labin.net\/pt-pt\/wp-json\/wp\/v2\/product_tag?post=39214"}],"curies":[{"name":"wp","href":"https:\/\/api.w.org\/{rel}","templated":true}]}}