{"id":39209,"date":"2025-11-28T15:18:51","date_gmt":"2025-11-28T15:18:51","guid":{"rendered":"https:\/\/labin.net\/producto\/labinor-n-10\/"},"modified":"2025-11-28T15:18:51","modified_gmt":"2025-11-28T15:18:51","slug":"labinor-n-10","status":"publish","type":"product","link":"https:\/\/labin.net\/pt-pt\/producto\/labinor-n-10\/","title":{"rendered":"LABINOR N-10"},"content":{"rendered":"<p><b>LABINOR N-10<\/b> \u00e9 um <b>adubo org\u00e2nico azotado apresentado em <\/b> <b> <\/b><b>em forma granulada<\/b>, especialmente indicado para satisfazer as necessidades de azoto <b>da <\/b><b>agricultura <\/b><b>biol\u00f3gica<\/b><b>.<\/b><\/p>\n<p>Gra\u00e7as \u00e0 sua uni\u00e3o com a mat\u00e9ria org\u00e2nica, o azoto \u00e9 libertado gradualmente, actuando como um <b>fertilizante natural de liberta\u00e7\u00e3o lenta<\/b><b> e <\/b>evitando as perdas de azoto por lixivia\u00e7\u00e3o.<\/p>\n<p>Devido ao seu <b>elevado teor de azoto <\/b>, \u00e9 adequado para satisfazer as necessidades das <b>culturas biol\u00f3gicas<\/b><b> mais<\/b> <b>exigentes<\/b>. A liberta\u00e7\u00e3o sustentada de azoto org\u00e2nico permite um <b>crescimento<\/b> <b>equilibrado e constante da cultura<\/b>. <\/p>\n<p>&nbsp;<\/p>\n","protected":false},"excerpt":{"rendered":"<ul>\n<li><b>Liberta\u00e7\u00e3o natural sustentada<\/b><\/li>\n<li><b>Maior rendimento de azoto<\/b><\/li>\n<li><b>Forma de gr\u00e2nulos<\/b><b>Facilidade de aplica\u00e7\u00e3o<\/b><\/li>\n<li><b>Melhorar a fertilidade do solo<\/b><\/li>\n<\/ul>\n","protected":false},"featured_media":38960,"comment_status":"open","ping_status":"closed","template":"","meta":{"_acf_changed":false},"cultivo":[1091,1107,1059,1125,1129,1130,1123,1075,1092,1126,1131,1108,1060,1061,1127,1124,1044,1076,1093,1128,1109,1077,1062,1045,1094,1110,1078,1095,1063,1079,1049,1046,1111,1064,1050,1096,1080,1065,1066,1047,1112,1081,1051,1097,1082,1067,1048,1113,1098,1083,1052,1114,1068,1084,1099,1053,1085,1115,1069,1087,1100,1054,1088,1116,1070,1089,1101,1055,1090,1117,1071,1102,1056,1118,1072,1103,1057,1119,1073,1104,1058,1120,1074,1105,1121,1106,1122],"ecologico":[1139],"medioambiente":[1133,1156],"solucion":[1155,1158],"tipo-de-aplicacion":[1159],"product_brand":[],"product_cat":[1157],"product_tag":[],"class_list":{"0":"post-39209","1":"product","2":"type-product","3":"status-publish","4":"has-post-thumbnail","6":"cultivo-pitahaya","7":"cultivo-espinafres","8":"cultivo-kiwi","9":"cultivo-cereais","10":"cultivo-arvores-ornamentais","11":"cultivo-cespedes","12":"cultivo-tomate","13":"cultivo-videira-ornamental","14":"cultivo-tamarindo","15":"cultivo-forragem-e-pastagem","16":"cultivo-flores","17":"cultivo-ervilha","18":"cultivo-limoeiro","19":"cultivo-abacate","20":"cultivo-leguminosas-extensivas","21":"cultivo-cenoura","22":"cultivo-arvores-de-fruto","23":"cultivo-peral","24":"cultivo-cha","25":"cultivo-sementes-oleaginosas","26":"cultivo-feijao-tenro","27":"cultivo-pistachio","28":"cultivo-banana-banana-da-terra","29":"cultivo-tropical","30":"cultivo-mandioca","31":"cultivo-feijao-verde","32":"cultivo-toranja","33":"cultivo-acelga","34":"cultivo-cacau","35":"cultivo-videira","36":"cultivo-damasco","37":"cultivo-horticultura","38":"cultivo-alface","39":"cultivo-cafe","40":"cultivo-amendoeira","41":"cultivo-alho","42":"cultivo-cana-de-acucar","43":"cultivo-carambola","44":"cultivo-lima","45":"cultivo-extensivos","46":"cultivo-melao","47":"cultivo-maca-para-o-creme","48":"cultivo-avela","49":"cultivo-beringela","50":"cultivo-coco","51":"cultivo-mandarino","52":"cultivo-parques-e-jardins","53":"cultivo-nabo","54":"cultivo-batata-doce","55":"cultivo-frutos-vermelhos-bagas","56":"cultivo-caqui","57":"cultivo-batata","58":"cultivo-manzano","59":"cultivo-goiaba","60":"cultivo-brocolos","61":"cultivo-castanha","62":"cultivo-lichia","63":"cultivo-pepino","64":"cultivo-pessego","65":"cultivo-pega-2","66":"cultivo-abobrinha","67":"cultivo-cereja","68":"cultivo-maracuja","69":"cultivo-pimenta","70":"cultivo-membrillero","71":"cultivo-papaia","72":"cultivo-abobora","73":"cultivo-ameixa","74":"cultivo-ananas","75":"cultivo-alho-porro","76":"cultivo-laranjeira","77":"cultivo-cebola","78":"cultivo-clementino","79":"cultivo-rabanete","80":"cultivo-nectarina","81":"cultivo-col","82":"cultivo-roma","83":"cultivo-beterraba","84":"cultivo-noz","85":"cultivo-couves-de-bruxelas","86":"cultivo-higuera","87":"cultivo-rucula","88":"cultivo-oliveira","89":"cultivo-couve-flor","90":"cultivo-melancia","91":"cultivo-endivia","92":"cultivo-soja-verde","93":"ecologico-sim","94":"medioambiente-eficiencia-na-utilizacao-de-nutrientes","95":"medioambiente-reducao-da-pegada-de-co2","96":"solucion-n-deficiencia","97":"solucion-melhorar-a-saude-do-solo","98":"tipo-de-aplicacion-aplicacao-no-solo","99":"product_cat-adubos-granulados-e-microgranulados","101":"first","102":"instock","103":"shipping-taxable","104":"product-type-simple"},"acf":[],"_links":{"self":[{"href":"https:\/\/labin.net\/pt-pt\/wp-json\/wp\/v2\/product\/39209","targetHints":{"allow":["GET"]}}],"collection":[{"href":"https:\/\/labin.net\/pt-pt\/wp-json\/wp\/v2\/product"}],"about":[{"href":"https:\/\/labin.net\/pt-pt\/wp-json\/wp\/v2\/types\/product"}],"replies":[{"embeddable":true,"href":"https:\/\/labin.net\/pt-pt\/wp-json\/wp\/v2\/comments?post=39209"}],"wp:featuredmedia":[{"embeddable":true,"href":"https:\/\/labin.net\/pt-pt\/wp-json\/wp\/v2\/media\/38960"}],"wp:attachment":[{"href":"https:\/\/labin.net\/pt-pt\/wp-json\/wp\/v2\/media?parent=39209"}],"wp:term":[{"taxonomy":"cultivo","embeddable":true,"href":"https:\/\/labin.net\/pt-pt\/wp-json\/wp\/v2\/cultivo?post=39209"},{"taxonomy":"ecologico","embeddable":true,"href":"https:\/\/labin.net\/pt-pt\/wp-json\/wp\/v2\/ecologico?post=39209"},{"taxonomy":"medioambiente","embeddable":true,"href":"https:\/\/labin.net\/pt-pt\/wp-json\/wp\/v2\/medioambiente?post=39209"},{"taxonomy":"solucion","embeddable":true,"href":"https:\/\/labin.net\/pt-pt\/wp-json\/wp\/v2\/solucion?post=39209"},{"taxonomy":"tipo-de-aplicacion","embeddable":true,"href":"https:\/\/labin.net\/pt-pt\/wp-json\/wp\/v2\/tipo-de-aplicacion?post=39209"},{"taxonomy":"product_brand","embeddable":true,"href":"https:\/\/labin.net\/pt-pt\/wp-json\/wp\/v2\/product_brand?post=39209"},{"taxonomy":"product_cat","embeddable":true,"href":"https:\/\/labin.net\/pt-pt\/wp-json\/wp\/v2\/product_cat?post=39209"},{"taxonomy":"product_tag","embeddable":true,"href":"https:\/\/labin.net\/pt-pt\/wp-json\/wp\/v2\/product_tag?post=39209"}],"curies":[{"name":"wp","href":"https:\/\/api.w.org\/{rel}","templated":true}]}}