{"id":39205,"date":"2025-11-28T15:16:21","date_gmt":"2025-11-28T15:16:21","guid":{"rendered":"https:\/\/labin.net\/producto\/labipack-amendoeira\/"},"modified":"2025-11-28T15:16:21","modified_gmt":"2025-11-28T15:16:21","slug":"labipack-amendoeira","status":"publish","type":"product","link":"https:\/\/labin.net\/pt-pt\/producto\/labipack-amendoeira\/","title":{"rendered":"LABIPACK AMENDOEIRA"},"content":{"rendered":"<p>Adubo foliar que fornece os <b>macro, meso e microelementos <\/b>necess\u00e1rios para o desenvolvimento da <b>amendoeira<\/b> em todas as suas fases vegetativas.<\/p>\n<p>Al\u00e9m disso, a incorpora\u00e7\u00e3o de <b>amino\u00e1cidos livres provoca uma estimula\u00e7\u00e3o geral no organismo da \u00e1rvore<\/b> para que assimile e transporte melhor os nutrientes que fornecemos na fertiliza\u00e7\u00e3o. \u00c9 um produto <b>COMPLETO <\/b>que integra numa \u00fanica f\u00f3rmula os nutrientes que costumam ser aplicados separadamente no cultivo da amendoeira. Com <b>LABIPACK AM\u00caNDOA <\/b><b>conseguimos uma forte sinergia entre eles, obtendo melhores resultados. <\/b>Al\u00e9m disso, ganha em comodidade. Adicionamos um \u00fanico produto aos tratamentos, reduzindo assim os custos econ\u00f3micos envolvidos.   <\/p>\n<p>Ganha tamb\u00e9m em efic\u00e1cia. <b>A formula\u00e7\u00e3o do produto consegue uma sinergia muito importante dos seus componentes, pelo que os resultados s\u00e3o melhores do que se os produtos fossem aplicados separadamente. <\/b>Com este produto vamos conseguir melhores rendimentos por hectare, especialmente <b>em per\u00edodos de seca <\/b>.  <\/p>\n","protected":false},"excerpt":{"rendered":"<ul>\n<li><b>Totalmente sol\u00favel<\/b><\/li>\n<li><b>Aumenta a efici\u00eancia e a sinergia  <\/b><\/li>\n<li><b>Fertilizante foliar completo<\/b><\/li>\n<li><b>Tudo num s\u00f3 produto<\/b><\/li>\n<li><b>Enriquecido com amino\u00e1cidos e microelementos<\/b><\/li>\n<\/ul>\n","protected":false},"featured_media":39207,"comment_status":"open","ping_status":"closed","template":"","meta":{"_acf_changed":false},"cultivo":[1050],"ecologico":[1132],"medioambiente":[1133],"solucion":[1155,1135,1142,1149],"tipo-de-aplicacion":[1137,1138],"product_brand":[],"product_cat":[1165],"product_tag":[],"class_list":{"0":"post-39205","1":"product","2":"type-product","3":"status-publish","4":"has-post-thumbnail","6":"cultivo-amendoeira","7":"ecologico-nao","8":"medioambiente-eficiencia-na-utilizacao-de-nutrientes","9":"solucion-n-deficiencia","10":"solucion-p-deficiencia","11":"solucion-deficiencia-de-k","12":"solucion-deficiencia-de-microscopio","13":"tipo-de-aplicacion-foliar","14":"tipo-de-aplicacion-fertirrigacao","15":"product_cat-especialidades","17":"first","18":"instock","19":"shipping-taxable","20":"product-type-simple"},"acf":[],"_links":{"self":[{"href":"https:\/\/labin.net\/pt-pt\/wp-json\/wp\/v2\/product\/39205","targetHints":{"allow":["GET"]}}],"collection":[{"href":"https:\/\/labin.net\/pt-pt\/wp-json\/wp\/v2\/product"}],"about":[{"href":"https:\/\/labin.net\/pt-pt\/wp-json\/wp\/v2\/types\/product"}],"replies":[{"embeddable":true,"href":"https:\/\/labin.net\/pt-pt\/wp-json\/wp\/v2\/comments?post=39205"}],"wp:featuredmedia":[{"embeddable":true,"href":"https:\/\/labin.net\/pt-pt\/wp-json\/wp\/v2\/media\/39207"}],"wp:attachment":[{"href":"https:\/\/labin.net\/pt-pt\/wp-json\/wp\/v2\/media?parent=39205"}],"wp:term":[{"taxonomy":"cultivo","embeddable":true,"href":"https:\/\/labin.net\/pt-pt\/wp-json\/wp\/v2\/cultivo?post=39205"},{"taxonomy":"ecologico","embeddable":true,"href":"https:\/\/labin.net\/pt-pt\/wp-json\/wp\/v2\/ecologico?post=39205"},{"taxonomy":"medioambiente","embeddable":true,"href":"https:\/\/labin.net\/pt-pt\/wp-json\/wp\/v2\/medioambiente?post=39205"},{"taxonomy":"solucion","embeddable":true,"href":"https:\/\/labin.net\/pt-pt\/wp-json\/wp\/v2\/solucion?post=39205"},{"taxonomy":"tipo-de-aplicacion","embeddable":true,"href":"https:\/\/labin.net\/pt-pt\/wp-json\/wp\/v2\/tipo-de-aplicacion?post=39205"},{"taxonomy":"product_brand","embeddable":true,"href":"https:\/\/labin.net\/pt-pt\/wp-json\/wp\/v2\/product_brand?post=39205"},{"taxonomy":"product_cat","embeddable":true,"href":"https:\/\/labin.net\/pt-pt\/wp-json\/wp\/v2\/product_cat?post=39205"},{"taxonomy":"product_tag","embeddable":true,"href":"https:\/\/labin.net\/pt-pt\/wp-json\/wp\/v2\/product_tag?post=39205"}],"curies":[{"name":"wp","href":"https:\/\/api.w.org\/{rel}","templated":true}]}}