{"id":39201,"date":"2025-11-27T15:58:22","date_gmt":"2025-11-27T15:58:22","guid":{"rendered":"https:\/\/labin.net\/producto\/grau-de-labipack\/"},"modified":"2025-11-27T15:58:22","modified_gmt":"2025-11-27T15:58:22","slug":"grau-de-labipack","status":"publish","type":"product","link":"https:\/\/labin.net\/pt-pt\/producto\/grau-de-labipack\/","title":{"rendered":"GRAU DE LABIPACK"},"content":{"rendered":"<p>Adubo foliar especialmente para ser aplicado em <b>VINHEIRAS <\/b>durante o per\u00edodo de <b>crescimento e amadurecimento do fruto<\/b>.<\/p>\n<p>\u00c9 um produto COMPLETO, que acrescenta \u00e0 sua formula\u00e7\u00e3o, rica em <b>POT\u00c1SSIO<\/b>, microelementos e amino\u00e1cidos para conseguir uma maior efic\u00e1cia da a\u00e7\u00e3o do pot\u00e1ssio.<\/p>\n<p>Os aportes de pot\u00e1ssio s\u00e3o essenciais para que a uva acumule <b>A\u00c7\u00daCARES<\/b> e, portanto, tenha um <b>grau superior<\/b>.<\/p>\n<p>O nosso adubo n\u00e3o s\u00f3 fornece este pot\u00e1ssio, como tamb\u00e9m estimula a planta a absorv\u00ea-lo melhor, gra\u00e7as \u00e0 sua f\u00f3rmula.<\/p>\n<p>Com <b>LABIPACK GRADO <\/b><b>conseguimos aumentar o teor de a\u00e7\u00facar da uva <\/b>.  <\/p>\n","protected":false},"excerpt":{"rendered":"<ul>\n<li><b> <\/b><b>Alta solubilidade<\/b><\/li>\n<li><b> <\/b><b>Absor\u00e7\u00e3o foliar r\u00e1pida<\/b><\/li>\n<li><b> <\/b><b>Com microelementos  <\/b><\/li>\n<\/ul>\n","protected":false},"featured_media":39204,"comment_status":"open","ping_status":"closed","template":"","meta":{"_acf_changed":false},"cultivo":[1075,1079],"ecologico":[1132],"medioambiente":[1133],"solucion":[1135,1142,1149,1155],"tipo-de-aplicacion":[1137,1138],"product_brand":[],"product_cat":[1165],"product_tag":[],"class_list":{"0":"post-39201","1":"product","2":"type-product","3":"status-publish","4":"has-post-thumbnail","6":"cultivo-videira-ornamental","7":"cultivo-videira","8":"ecologico-nao","9":"medioambiente-eficiencia-na-utilizacao-de-nutrientes","10":"solucion-p-deficiencia","11":"solucion-deficiencia-de-k","12":"solucion-deficiencia-de-microscopio","13":"solucion-n-deficiencia","14":"tipo-de-aplicacion-foliar","15":"tipo-de-aplicacion-fertirrigacao","16":"product_cat-especialidades","18":"first","19":"instock","20":"shipping-taxable","21":"product-type-simple"},"acf":[],"_links":{"self":[{"href":"https:\/\/labin.net\/pt-pt\/wp-json\/wp\/v2\/product\/39201","targetHints":{"allow":["GET"]}}],"collection":[{"href":"https:\/\/labin.net\/pt-pt\/wp-json\/wp\/v2\/product"}],"about":[{"href":"https:\/\/labin.net\/pt-pt\/wp-json\/wp\/v2\/types\/product"}],"replies":[{"embeddable":true,"href":"https:\/\/labin.net\/pt-pt\/wp-json\/wp\/v2\/comments?post=39201"}],"wp:featuredmedia":[{"embeddable":true,"href":"https:\/\/labin.net\/pt-pt\/wp-json\/wp\/v2\/media\/39204"}],"wp:attachment":[{"href":"https:\/\/labin.net\/pt-pt\/wp-json\/wp\/v2\/media?parent=39201"}],"wp:term":[{"taxonomy":"cultivo","embeddable":true,"href":"https:\/\/labin.net\/pt-pt\/wp-json\/wp\/v2\/cultivo?post=39201"},{"taxonomy":"ecologico","embeddable":true,"href":"https:\/\/labin.net\/pt-pt\/wp-json\/wp\/v2\/ecologico?post=39201"},{"taxonomy":"medioambiente","embeddable":true,"href":"https:\/\/labin.net\/pt-pt\/wp-json\/wp\/v2\/medioambiente?post=39201"},{"taxonomy":"solucion","embeddable":true,"href":"https:\/\/labin.net\/pt-pt\/wp-json\/wp\/v2\/solucion?post=39201"},{"taxonomy":"tipo-de-aplicacion","embeddable":true,"href":"https:\/\/labin.net\/pt-pt\/wp-json\/wp\/v2\/tipo-de-aplicacion?post=39201"},{"taxonomy":"product_brand","embeddable":true,"href":"https:\/\/labin.net\/pt-pt\/wp-json\/wp\/v2\/product_brand?post=39201"},{"taxonomy":"product_cat","embeddable":true,"href":"https:\/\/labin.net\/pt-pt\/wp-json\/wp\/v2\/product_cat?post=39201"},{"taxonomy":"product_tag","embeddable":true,"href":"https:\/\/labin.net\/pt-pt\/wp-json\/wp\/v2\/product_tag?post=39201"}],"curies":[{"name":"wp","href":"https:\/\/api.w.org\/{rel}","templated":true}]}}