{"id":39195,"date":"2025-11-27T15:53:19","date_gmt":"2025-11-27T15:53:19","guid":{"rendered":"https:\/\/labin.net\/producto\/quelabin-fe\/"},"modified":"2025-11-27T15:53:19","modified_gmt":"2025-11-27T15:53:19","slug":"quelabin-fe","status":"publish","type":"product","link":"https:\/\/labin.net\/pt-pt\/producto\/quelabin-fe\/","title":{"rendered":"QUELABIN Fe"},"content":{"rendered":"<p>A gama <b>QUELABIN<\/b> oferece microelementos quelatados e complexados em forma l\u00edquida, tanto para aplica\u00e7\u00e3o foliar como para fertirriga\u00e7\u00e3o. A sua formula\u00e7\u00e3o especial garante uma perfeita assimila\u00e7\u00e3o e solubilidade. <\/p>\n<p>Produto l\u00edquido para aplica\u00e7\u00e3o de ferro por aplica\u00e7\u00e3o foliar, hidroponia ou fertirriga\u00e7\u00e3o. Indicado para a preven\u00e7\u00e3o e\/ou cura r\u00e1pida das car\u00eancias de ferro (clorose f\u00e9rrica). <\/p>\n","protected":false},"excerpt":{"rendered":"<ul>\n<li><b>Ferro quelatado l\u00edquido<\/b><\/li>\n<li><b>  Elevada assimila\u00e7\u00e3o e efic\u00e1cia<\/b><\/li>\n<li><b>  Preventivo e curativo de defici\u00eancias<\/b><\/li>\n<\/ul>\n","protected":false},"featured_media":39199,"comment_status":"open","ping_status":"closed","template":"","meta":{"_acf_changed":false},"cultivo":[1091,1107,1059,1125,1129,1123,1075,1092,1126,1130,1108,1060,1061,1127,1131,1124,1044,1076,1093,1128,1109,1077,1062,1045,1094,1110,1078,1095,1063,1079,1046,1111,1064,1049,1096,1080,1050,1047,1112,1065,1066,1097,1081,1051,1048,1113,1082,1067,1052,1098,1083,1068,1084,1114,1053,1085,1099,1069,1087,1115,1054,1088,1100,1070,1089,1116,1101,1055,1090,1117,1071,1102,1056,1118,1072,1103,1057,1119,1073,1104,1058,1120,1074,1105,1121,1106,1122],"ecologico":[1139],"medioambiente":[1133],"solucion":[1150],"tipo-de-aplicacion":[1137,1144,1145],"product_brand":[],"product_cat":[1178],"product_tag":[],"class_list":{"0":"post-39195","1":"product","2":"type-product","3":"status-publish","4":"has-post-thumbnail","6":"cultivo-pitahaya","7":"cultivo-espinafres","8":"cultivo-kiwi","9":"cultivo-cereais","10":"cultivo-arvores-ornamentais","11":"cultivo-tomate","12":"cultivo-videira-ornamental","13":"cultivo-tamarindo","14":"cultivo-forragem-e-pastagem","15":"cultivo-cespedes","16":"cultivo-ervilha","17":"cultivo-limoeiro","18":"cultivo-abacate","19":"cultivo-leguminosas-extensivas","20":"cultivo-flores","21":"cultivo-cenoura","22":"cultivo-arvores-de-fruto","23":"cultivo-peral","24":"cultivo-cha","25":"cultivo-sementes-oleaginosas","26":"cultivo-feijao-tenro","27":"cultivo-pistachio","28":"cultivo-banana-banana-da-terra","29":"cultivo-tropical","30":"cultivo-mandioca","31":"cultivo-feijao-verde","32":"cultivo-toranja","33":"cultivo-acelga","34":"cultivo-cacau","35":"cultivo-videira","36":"cultivo-horticultura","37":"cultivo-alface","38":"cultivo-cafe","39":"cultivo-damasco","40":"cultivo-alho","41":"cultivo-cana-de-acucar","42":"cultivo-amendoeira","43":"cultivo-extensivos","44":"cultivo-melao","45":"cultivo-carambola","46":"cultivo-lima","47":"cultivo-beringela","48":"cultivo-maca-para-o-creme","49":"cultivo-avela","50":"cultivo-parques-e-jardins","51":"cultivo-nabo","52":"cultivo-coco","53":"cultivo-mandarino","54":"cultivo-caqui","55":"cultivo-batata-doce","56":"cultivo-frutos-vermelhos-bagas","57":"cultivo-manzano","58":"cultivo-goiaba","59":"cultivo-batata","60":"cultivo-castanha","61":"cultivo-lichia","62":"cultivo-brocolos","63":"cultivo-pessego","64":"cultivo-pega-2","65":"cultivo-pepino","66":"cultivo-cereja","67":"cultivo-maracuja","68":"cultivo-abobrinha","69":"cultivo-membrillero","70":"cultivo-papaia","71":"cultivo-pimenta","72":"cultivo-abobora","73":"cultivo-ameixa","74":"cultivo-ananas","75":"cultivo-alho-porro","76":"cultivo-laranjeira","77":"cultivo-cebola","78":"cultivo-clementino","79":"cultivo-rabanete","80":"cultivo-nectarina","81":"cultivo-col","82":"cultivo-roma","83":"cultivo-beterraba","84":"cultivo-noz","85":"cultivo-couves-de-bruxelas","86":"cultivo-higuera","87":"cultivo-rucula","88":"cultivo-oliveira","89":"cultivo-couve-flor","90":"cultivo-melancia","91":"cultivo-endivia","92":"cultivo-soja-verde","93":"ecologico-sim","94":"medioambiente-eficiencia-na-utilizacao-de-nutrientes","95":"solucion-deficiencia-de-fe","96":"tipo-de-aplicacion-foliar","97":"tipo-de-aplicacion-dron","98":"tipo-de-aplicacion-avioes-ligeiros","99":"product_cat-quelatos","101":"first","102":"instock","103":"shipping-taxable","104":"product-type-simple"},"acf":[],"_links":{"self":[{"href":"https:\/\/labin.net\/pt-pt\/wp-json\/wp\/v2\/product\/39195","targetHints":{"allow":["GET"]}}],"collection":[{"href":"https:\/\/labin.net\/pt-pt\/wp-json\/wp\/v2\/product"}],"about":[{"href":"https:\/\/labin.net\/pt-pt\/wp-json\/wp\/v2\/types\/product"}],"replies":[{"embeddable":true,"href":"https:\/\/labin.net\/pt-pt\/wp-json\/wp\/v2\/comments?post=39195"}],"wp:featuredmedia":[{"embeddable":true,"href":"https:\/\/labin.net\/pt-pt\/wp-json\/wp\/v2\/media\/39199"}],"wp:attachment":[{"href":"https:\/\/labin.net\/pt-pt\/wp-json\/wp\/v2\/media?parent=39195"}],"wp:term":[{"taxonomy":"cultivo","embeddable":true,"href":"https:\/\/labin.net\/pt-pt\/wp-json\/wp\/v2\/cultivo?post=39195"},{"taxonomy":"ecologico","embeddable":true,"href":"https:\/\/labin.net\/pt-pt\/wp-json\/wp\/v2\/ecologico?post=39195"},{"taxonomy":"medioambiente","embeddable":true,"href":"https:\/\/labin.net\/pt-pt\/wp-json\/wp\/v2\/medioambiente?post=39195"},{"taxonomy":"solucion","embeddable":true,"href":"https:\/\/labin.net\/pt-pt\/wp-json\/wp\/v2\/solucion?post=39195"},{"taxonomy":"tipo-de-aplicacion","embeddable":true,"href":"https:\/\/labin.net\/pt-pt\/wp-json\/wp\/v2\/tipo-de-aplicacion?post=39195"},{"taxonomy":"product_brand","embeddable":true,"href":"https:\/\/labin.net\/pt-pt\/wp-json\/wp\/v2\/product_brand?post=39195"},{"taxonomy":"product_cat","embeddable":true,"href":"https:\/\/labin.net\/pt-pt\/wp-json\/wp\/v2\/product_cat?post=39195"},{"taxonomy":"product_tag","embeddable":true,"href":"https:\/\/labin.net\/pt-pt\/wp-json\/wp\/v2\/product_tag?post=39195"}],"curies":[{"name":"wp","href":"https:\/\/api.w.org\/{rel}","templated":true}]}}