{"id":39189,"date":"2025-12-04T14:41:20","date_gmt":"2025-12-04T14:41:20","guid":{"rendered":"https:\/\/labin.net\/producto\/labifol-superamino-green\/"},"modified":"2025-12-04T14:41:20","modified_gmt":"2025-12-04T14:41:20","slug":"labifol-superamino-green","status":"publish","type":"product","link":"https:\/\/labin.net\/pt-pt\/producto\/labifol-superamino-green\/","title":{"rendered":"LABIFOL SUPERAMINO GREEN"},"content":{"rendered":"<p><b>LABIFOL<\/b><b>SUPERAMINO<\/b><b> GREEN<\/b> \u00e9 um <b>produto l\u00edquido obtido a partir de prote\u00ednas vegetais<\/b>. A rela\u00e7\u00e3o equilibrada e \u00f3ptima dos <b>amino\u00e1cidos vegetais permite uma assimila\u00e7\u00e3o perfeita<\/b>, tanto nas ra\u00edzes como nas folhas. <\/p>\n<p>Cont\u00e9m 12% de amino\u00e1cidos livres, com <b>um elevado teor de lisina (52%), \u00e1cido glut\u00e2mico (31%) e valina (11%)<\/b>, o que o torna uma fonte altamente funcional e nutritiva. Recomenda-se a sua aplica\u00e7\u00e3o em momentos em que a planta esteja a passar por situa\u00e7\u00f5es adversas, como ap\u00f3s frio e geada, seca, transplante ou aplica\u00e7\u00e3o de produtos fitossanit\u00e1rios. \u00c9 um excelente agente anti-stress que favorece o metabolismo, a recupera\u00e7\u00e3o e o desenvolvimento da planta.  <\/p>\n","protected":false},"excerpt":{"rendered":"<ul>\n<li><b>Rea\u00e7\u00e3o r\u00e1pida em situa\u00e7\u00f5es extremas<\/b><\/li>\n<li><b>Recupera\u00e7\u00e3o altamente eficaz ap\u00f3s geadas e secas<\/b><\/li>\n<li><b>Melhora a fun\u00e7\u00e3o fotossint\u00e9tica<\/b><\/li>\n<li><b>Para os momentos cr\u00edticos: pr\u00e9-flora\u00e7\u00e3o, flora\u00e7\u00e3o, frutifica\u00e7\u00e3o, crescimento e matura\u00e7\u00e3o dos frutos<\/b><\/li>\n<\/ul>\n","protected":false},"featured_media":39191,"comment_status":"open","ping_status":"closed","template":"","meta":{"_acf_changed":false},"cultivo":[1091,1107,1059,1125,1129,1123,1075,1092,1126,1130,1108,1060,1061,1127,1131,1124,1044,1076,1093,1128,1109,1077,1062,1045,1094,1110,1078,1095,1063,1079,1046,1111,1064,1049,1096,1080,1050,1047,1112,1065,1066,1097,1081,1051,1048,1113,1082,1067,1098,1083,1052,1114,1068,1084,1099,1053,1085,1115,1069,1087,1100,1054,1088,1116,1070,1089,1090,1101,1055,1117,1071,1102,1056,1118,1072,1057,1103,1073,1119,1058,1104,1074,1120,1105,1121,1106,1122],"ecologico":[1139],"medioambiente":[1133],"solucion":[1143,1162,1163],"tipo-de-aplicacion":[1137,1138,1144,1145],"product_brand":[],"product_cat":[1161],"product_tag":[],"class_list":{"0":"post-39189","1":"product","2":"type-product","3":"status-publish","4":"has-post-thumbnail","6":"cultivo-pitahaya","7":"cultivo-espinafres","8":"cultivo-kiwi","9":"cultivo-cereais","10":"cultivo-arvores-ornamentais","11":"cultivo-tomate","12":"cultivo-videira-ornamental","13":"cultivo-tamarindo","14":"cultivo-forragem-e-pastagem","15":"cultivo-cespedes","16":"cultivo-ervilha","17":"cultivo-limoeiro","18":"cultivo-abacate","19":"cultivo-leguminosas-extensivas","20":"cultivo-flores","21":"cultivo-cenoura","22":"cultivo-arvores-de-fruto","23":"cultivo-peral","24":"cultivo-cha","25":"cultivo-sementes-oleaginosas","26":"cultivo-feijao-tenro","27":"cultivo-pistachio","28":"cultivo-banana-banana-da-terra","29":"cultivo-tropical","30":"cultivo-mandioca","31":"cultivo-feijao-verde","32":"cultivo-toranja","33":"cultivo-acelga","34":"cultivo-cacau","35":"cultivo-videira","36":"cultivo-horticultura","37":"cultivo-alface","38":"cultivo-cafe","39":"cultivo-damasco","40":"cultivo-alho","41":"cultivo-cana-de-acucar","42":"cultivo-amendoeira","43":"cultivo-extensivos","44":"cultivo-melao","45":"cultivo-carambola","46":"cultivo-lima","47":"cultivo-beringela","48":"cultivo-maca-para-o-creme","49":"cultivo-avela","50":"cultivo-parques-e-jardins","51":"cultivo-nabo","52":"cultivo-coco","53":"cultivo-mandarino","54":"cultivo-batata-doce","55":"cultivo-frutos-vermelhos-bagas","56":"cultivo-caqui","57":"cultivo-batata","58":"cultivo-manzano","59":"cultivo-goiaba","60":"cultivo-brocolos","61":"cultivo-castanha","62":"cultivo-lichia","63":"cultivo-pepino","64":"cultivo-pessego","65":"cultivo-pega-2","66":"cultivo-abobrinha","67":"cultivo-cereja","68":"cultivo-maracuja","69":"cultivo-pimenta","70":"cultivo-membrillero","71":"cultivo-papaia","72":"cultivo-ananas","73":"cultivo-abobora","74":"cultivo-ameixa","75":"cultivo-alho-porro","76":"cultivo-laranjeira","77":"cultivo-cebola","78":"cultivo-clementino","79":"cultivo-rabanete","80":"cultivo-nectarina","81":"cultivo-roma","82":"cultivo-col","83":"cultivo-noz","84":"cultivo-beterraba","85":"cultivo-higuera","86":"cultivo-couves-de-bruxelas","87":"cultivo-oliveira","88":"cultivo-rucula","89":"cultivo-couve-flor","90":"cultivo-melancia","91":"cultivo-endivia","92":"cultivo-soja-verde","93":"ecologico-sim","94":"medioambiente-eficiencia-na-utilizacao-de-nutrientes","95":"solucion-aumenta-a-qualidade-dos-frutos","96":"solucion-stress-abiotico","97":"solucion-melhoria-pos-colheita","98":"tipo-de-aplicacion-foliar","99":"tipo-de-aplicacion-fertirrigacao","100":"tipo-de-aplicacion-dron","101":"tipo-de-aplicacion-avioes-ligeiros","102":"product_cat-bioestimulante","104":"first","105":"instock","106":"shipping-taxable","107":"product-type-simple"},"acf":[],"_links":{"self":[{"href":"https:\/\/labin.net\/pt-pt\/wp-json\/wp\/v2\/product\/39189","targetHints":{"allow":["GET"]}}],"collection":[{"href":"https:\/\/labin.net\/pt-pt\/wp-json\/wp\/v2\/product"}],"about":[{"href":"https:\/\/labin.net\/pt-pt\/wp-json\/wp\/v2\/types\/product"}],"replies":[{"embeddable":true,"href":"https:\/\/labin.net\/pt-pt\/wp-json\/wp\/v2\/comments?post=39189"}],"wp:featuredmedia":[{"embeddable":true,"href":"https:\/\/labin.net\/pt-pt\/wp-json\/wp\/v2\/media\/39191"}],"wp:attachment":[{"href":"https:\/\/labin.net\/pt-pt\/wp-json\/wp\/v2\/media?parent=39189"}],"wp:term":[{"taxonomy":"cultivo","embeddable":true,"href":"https:\/\/labin.net\/pt-pt\/wp-json\/wp\/v2\/cultivo?post=39189"},{"taxonomy":"ecologico","embeddable":true,"href":"https:\/\/labin.net\/pt-pt\/wp-json\/wp\/v2\/ecologico?post=39189"},{"taxonomy":"medioambiente","embeddable":true,"href":"https:\/\/labin.net\/pt-pt\/wp-json\/wp\/v2\/medioambiente?post=39189"},{"taxonomy":"solucion","embeddable":true,"href":"https:\/\/labin.net\/pt-pt\/wp-json\/wp\/v2\/solucion?post=39189"},{"taxonomy":"tipo-de-aplicacion","embeddable":true,"href":"https:\/\/labin.net\/pt-pt\/wp-json\/wp\/v2\/tipo-de-aplicacion?post=39189"},{"taxonomy":"product_brand","embeddable":true,"href":"https:\/\/labin.net\/pt-pt\/wp-json\/wp\/v2\/product_brand?post=39189"},{"taxonomy":"product_cat","embeddable":true,"href":"https:\/\/labin.net\/pt-pt\/wp-json\/wp\/v2\/product_cat?post=39189"},{"taxonomy":"product_tag","embeddable":true,"href":"https:\/\/labin.net\/pt-pt\/wp-json\/wp\/v2\/product_tag?post=39189"}],"curies":[{"name":"wp","href":"https:\/\/api.w.org\/{rel}","templated":true}]}}