{"id":39184,"date":"2025-12-05T11:00:56","date_gmt":"2025-12-05T11:00:56","guid":{"rendered":"https:\/\/labin.net\/producto\/labifol-movical\/"},"modified":"2025-12-05T11:00:56","modified_gmt":"2025-12-05T11:00:56","slug":"labifol-movical","status":"publish","type":"product","link":"https:\/\/labin.net\/pt-pt\/producto\/labifol-movical\/","title":{"rendered":"LABIFOL MOVICAL"},"content":{"rendered":"<p><strong>LABIFOL MOVICAL<\/strong> foi concebido para fornecer c\u00e1lcio atrav\u00e9s de agentes complexantes naturais, 100% reconhec\u00edveis pela planta.<\/p>\n<p>A planta reconhece o complexo de Ca como seu e transporta-o mais rapidamente atrav\u00e9s da seiva. O c\u00e1lcio \u00e9 mais ativo e \u00e9 produzida uma maior concentra\u00e7\u00e3o no fruto. <\/p>\n<p>Isto resulta numa melhoria espetacular do desempenho p\u00f3s-colheita, reduzindo as fisiopatologias como o bitter-pit, a mancha do tomate e a podrid\u00e3o. A resist\u00eancia ao manuseamento tamb\u00e9m \u00e9 melhorada. <\/p>\n","protected":false},"excerpt":{"rendered":"<ul>\n<li>O c\u00e1lcio mais ativo e m\u00f3vel do mercado<\/li>\n<li>Aumento da concentra\u00e7\u00e3o de c\u00e1lcio nos frutos<\/li>\n<li>Aumenta a resist\u00eancia e a firmeza<\/li>\n<li>Melhoria do desempenho p\u00f3s-colheita<\/li>\n<\/ul>\n<p>&nbsp;<\/p>\n","protected":false},"featured_media":39187,"comment_status":"closed","ping_status":"closed","template":"","meta":{"_acf_changed":false},"cultivo":[1129,1091,1107,1059,1125,1126,1130,1123,1075,1092,1061,1127,1131,1108,1060,1128,1124,1044,1076,1093,1077,1062,1109,1045,1094,1110,1078,1095,1063,1079,1046,1111,1064,1049,1096,1080,1050,1047,1112,1065,1066,1097,1081,1051,1048,1113,1082,1067,1098,1083,1052,1114,1068,1084,1099,1053,1085,1115,1069,1087,1100,1054,1088,1116,1070,1089,1101,1055,1090,1117,1071,1102,1056,1118,1072,1103,1057,1119,1073,1104,1058,1120,1074,1105,1121,1106,1122],"ecologico":[1132],"medioambiente":[1133],"solucion":[1143,1163,1168,1136],"tipo-de-aplicacion":[1138,1144,1145,1137],"product_brand":[],"product_cat":[1165,1134],"product_tag":[],"class_list":{"0":"post-39184","1":"product","2":"type-product","3":"status-publish","4":"has-post-thumbnail","6":"cultivo-arvores-ornamentais","7":"cultivo-pitahaya","8":"cultivo-espinafres","9":"cultivo-kiwi","10":"cultivo-cereais","11":"cultivo-forragem-e-pastagem","12":"cultivo-cespedes","13":"cultivo-tomate","14":"cultivo-videira-ornamental","15":"cultivo-tamarindo","16":"cultivo-abacate","17":"cultivo-leguminosas-extensivas","18":"cultivo-flores","19":"cultivo-ervilha","20":"cultivo-limoeiro","21":"cultivo-sementes-oleaginosas","22":"cultivo-cenoura","23":"cultivo-arvores-de-fruto","24":"cultivo-peral","25":"cultivo-cha","26":"cultivo-pistachio","27":"cultivo-banana-banana-da-terra","28":"cultivo-feijao-tenro","29":"cultivo-tropical","30":"cultivo-mandioca","31":"cultivo-feijao-verde","32":"cultivo-toranja","33":"cultivo-acelga","34":"cultivo-cacau","35":"cultivo-videira","36":"cultivo-horticultura","37":"cultivo-alface","38":"cultivo-cafe","39":"cultivo-damasco","40":"cultivo-alho","41":"cultivo-cana-de-acucar","42":"cultivo-amendoeira","43":"cultivo-extensivos","44":"cultivo-melao","45":"cultivo-carambola","46":"cultivo-lima","47":"cultivo-beringela","48":"cultivo-maca-para-o-creme","49":"cultivo-avela","50":"cultivo-parques-e-jardins","51":"cultivo-nabo","52":"cultivo-coco","53":"cultivo-mandarino","54":"cultivo-batata-doce","55":"cultivo-frutos-vermelhos-bagas","56":"cultivo-caqui","57":"cultivo-batata","58":"cultivo-manzano","59":"cultivo-goiaba","60":"cultivo-brocolos","61":"cultivo-castanha","62":"cultivo-lichia","63":"cultivo-pepino","64":"cultivo-pessego","65":"cultivo-pega-2","66":"cultivo-abobrinha","67":"cultivo-cereja","68":"cultivo-maracuja","69":"cultivo-pimenta","70":"cultivo-membrillero","71":"cultivo-papaia","72":"cultivo-abobora","73":"cultivo-ameixa","74":"cultivo-ananas","75":"cultivo-alho-porro","76":"cultivo-laranjeira","77":"cultivo-cebola","78":"cultivo-clementino","79":"cultivo-rabanete","80":"cultivo-nectarina","81":"cultivo-col","82":"cultivo-roma","83":"cultivo-beterraba","84":"cultivo-noz","85":"cultivo-couves-de-bruxelas","86":"cultivo-higuera","87":"cultivo-rucula","88":"cultivo-oliveira","89":"cultivo-couve-flor","90":"cultivo-melancia","91":"cultivo-endivia","92":"cultivo-soja-verde","93":"ecologico-nao","94":"medioambiente-eficiencia-na-utilizacao-de-nutrientes","95":"solucion-aumenta-a-qualidade-dos-frutos","96":"solucion-melhoria-pos-colheita","97":"solucion-deficiencia-de-calcio","98":"solucion-frutos-que-engordam","99":"tipo-de-aplicacion-fertirrigacao","100":"tipo-de-aplicacion-dron","101":"tipo-de-aplicacion-avioes-ligeiros","102":"tipo-de-aplicacion-foliar","103":"product_cat-especialidades","104":"product_cat-corretor-de-deficiencias","106":"first","107":"instock","108":"shipping-taxable","109":"product-type-simple"},"acf":[],"_links":{"self":[{"href":"https:\/\/labin.net\/pt-pt\/wp-json\/wp\/v2\/product\/39184","targetHints":{"allow":["GET"]}}],"collection":[{"href":"https:\/\/labin.net\/pt-pt\/wp-json\/wp\/v2\/product"}],"about":[{"href":"https:\/\/labin.net\/pt-pt\/wp-json\/wp\/v2\/types\/product"}],"replies":[{"embeddable":true,"href":"https:\/\/labin.net\/pt-pt\/wp-json\/wp\/v2\/comments?post=39184"}],"wp:featuredmedia":[{"embeddable":true,"href":"https:\/\/labin.net\/pt-pt\/wp-json\/wp\/v2\/media\/39187"}],"wp:attachment":[{"href":"https:\/\/labin.net\/pt-pt\/wp-json\/wp\/v2\/media?parent=39184"}],"wp:term":[{"taxonomy":"cultivo","embeddable":true,"href":"https:\/\/labin.net\/pt-pt\/wp-json\/wp\/v2\/cultivo?post=39184"},{"taxonomy":"ecologico","embeddable":true,"href":"https:\/\/labin.net\/pt-pt\/wp-json\/wp\/v2\/ecologico?post=39184"},{"taxonomy":"medioambiente","embeddable":true,"href":"https:\/\/labin.net\/pt-pt\/wp-json\/wp\/v2\/medioambiente?post=39184"},{"taxonomy":"solucion","embeddable":true,"href":"https:\/\/labin.net\/pt-pt\/wp-json\/wp\/v2\/solucion?post=39184"},{"taxonomy":"tipo-de-aplicacion","embeddable":true,"href":"https:\/\/labin.net\/pt-pt\/wp-json\/wp\/v2\/tipo-de-aplicacion?post=39184"},{"taxonomy":"product_brand","embeddable":true,"href":"https:\/\/labin.net\/pt-pt\/wp-json\/wp\/v2\/product_brand?post=39184"},{"taxonomy":"product_cat","embeddable":true,"href":"https:\/\/labin.net\/pt-pt\/wp-json\/wp\/v2\/product_cat?post=39184"},{"taxonomy":"product_tag","embeddable":true,"href":"https:\/\/labin.net\/pt-pt\/wp-json\/wp\/v2\/product_tag?post=39184"}],"curies":[{"name":"wp","href":"https:\/\/api.w.org\/{rel}","templated":true}]}}