{"id":39168,"date":"2025-12-05T11:00:56","date_gmt":"2025-12-05T11:00:56","guid":{"rendered":"https:\/\/labin.net\/producto\/labin-maxiroots\/"},"modified":"2025-12-05T11:00:56","modified_gmt":"2025-12-05T11:00:56","slug":"labin-maxiroots","status":"publish","type":"product","link":"https:\/\/labin.net\/pt-pt\/producto\/labin-maxiroots\/","title":{"rendered":"LABIN MAXIROOTS"},"content":{"rendered":"<p><strong>LABIN MAXIROOTS <\/strong>\u00e9 um produto formulado como concentrado sol\u00favel <strong>NPK \u00e0 base de \u00e1cidos h\u00famicos e f\u00falvicos e macronutrientes<\/strong>, que estimula o desenvolvimento e o crescimento de <strong>p\u00ealos radiculares absorventes<\/strong>. As mat\u00e9rias-primas especialmente selecionadas potenciam o crescimento da massa radicular existente e induzem a forma\u00e7\u00e3o de novos p\u00ealos absorventes, conseguindo <strong>um sistema radicular saud\u00e1vel e vigoroso <\/strong>durante todo o ciclo da cultura. Nas plantas estabelecidas, obt\u00e9m-se uma <strong>melhor resposta ao transplante <\/strong>, minimizando os efeitos adversos do stress p\u00f3s-transplante.  <\/p>\n<p><strong>Em estacas, bolbos e estacas <\/strong>, obt\u00e9m-se uma forma\u00e7\u00e3o de ra\u00edzes advent\u00edcias mais r\u00e1pida e mais reactiva, bem como uma <strong>menor taxa de insucesso<\/strong>.<\/p>\n","protected":false},"excerpt":{"rendered":"<ul>\n<li>Estimula\u00e7\u00e3o do desenvolvimento radicular<\/li>\n<li>Recupera\u00e7\u00e3o r\u00e1pida do stress p\u00f3s-transplante<\/li>\n<li>Absorve mais rapidamente a \u00e1gua e os nutrientes<\/li>\n<li>Aumenta a resist\u00eancia ao stress salino<\/li>\n<\/ul>\n","protected":false},"featured_media":39170,"comment_status":"closed","ping_status":"closed","template":"","meta":{"_acf_changed":false},"cultivo":[1107,1129,1123,1130,1108,1131,1124,1109,1110,1095,1046,1111,1096,1112,1097,1048,1113,1098,1114,1099,1115,1100,1116,1101,1117,1102,1118,1103,1119,1104,1120,1105,1121,1106,1122],"ecologico":[1132],"medioambiente":[1133],"solucion":[1135,1148,1177],"tipo-de-aplicacion":[1138],"product_brand":[],"product_cat":[1134],"product_tag":[],"class_list":{"0":"post-39168","1":"product","2":"type-product","3":"status-publish","4":"has-post-thumbnail","6":"cultivo-espinafres","7":"cultivo-arvores-ornamentais","8":"cultivo-tomate","9":"cultivo-cespedes","10":"cultivo-ervilha","11":"cultivo-flores","12":"cultivo-cenoura","13":"cultivo-feijao-tenro","14":"cultivo-feijao-verde","15":"cultivo-acelga","16":"cultivo-horticultura","17":"cultivo-alface","18":"cultivo-alho","19":"cultivo-melao","20":"cultivo-beringela","21":"cultivo-parques-e-jardins","22":"cultivo-nabo","23":"cultivo-batata-doce","24":"cultivo-batata","25":"cultivo-brocolos","26":"cultivo-pepino","27":"cultivo-abobrinha","28":"cultivo-pimenta","29":"cultivo-abobora","30":"cultivo-alho-porro","31":"cultivo-cebola","32":"cultivo-rabanete","33":"cultivo-col","34":"cultivo-beterraba","35":"cultivo-couves-de-bruxelas","36":"cultivo-rucula","37":"cultivo-couve-flor","38":"cultivo-melancia","39":"cultivo-endivia","40":"cultivo-soja-verde","41":"ecologico-nao","42":"medioambiente-eficiencia-na-utilizacao-de-nutrientes","43":"solucion-p-deficiencia","44":"solucion-floracao-e-frutificacao","45":"solucion-agente-de-enraizamento","46":"tipo-de-aplicacion-fertirrigacao","47":"product_cat-corretor-de-deficiencias","49":"first","50":"instock","51":"shipping-taxable","52":"product-type-simple"},"acf":[],"_links":{"self":[{"href":"https:\/\/labin.net\/pt-pt\/wp-json\/wp\/v2\/product\/39168","targetHints":{"allow":["GET"]}}],"collection":[{"href":"https:\/\/labin.net\/pt-pt\/wp-json\/wp\/v2\/product"}],"about":[{"href":"https:\/\/labin.net\/pt-pt\/wp-json\/wp\/v2\/types\/product"}],"replies":[{"embeddable":true,"href":"https:\/\/labin.net\/pt-pt\/wp-json\/wp\/v2\/comments?post=39168"}],"wp:featuredmedia":[{"embeddable":true,"href":"https:\/\/labin.net\/pt-pt\/wp-json\/wp\/v2\/media\/39170"}],"wp:attachment":[{"href":"https:\/\/labin.net\/pt-pt\/wp-json\/wp\/v2\/media?parent=39168"}],"wp:term":[{"taxonomy":"cultivo","embeddable":true,"href":"https:\/\/labin.net\/pt-pt\/wp-json\/wp\/v2\/cultivo?post=39168"},{"taxonomy":"ecologico","embeddable":true,"href":"https:\/\/labin.net\/pt-pt\/wp-json\/wp\/v2\/ecologico?post=39168"},{"taxonomy":"medioambiente","embeddable":true,"href":"https:\/\/labin.net\/pt-pt\/wp-json\/wp\/v2\/medioambiente?post=39168"},{"taxonomy":"solucion","embeddable":true,"href":"https:\/\/labin.net\/pt-pt\/wp-json\/wp\/v2\/solucion?post=39168"},{"taxonomy":"tipo-de-aplicacion","embeddable":true,"href":"https:\/\/labin.net\/pt-pt\/wp-json\/wp\/v2\/tipo-de-aplicacion?post=39168"},{"taxonomy":"product_brand","embeddable":true,"href":"https:\/\/labin.net\/pt-pt\/wp-json\/wp\/v2\/product_brand?post=39168"},{"taxonomy":"product_cat","embeddable":true,"href":"https:\/\/labin.net\/pt-pt\/wp-json\/wp\/v2\/product_cat?post=39168"},{"taxonomy":"product_tag","embeddable":true,"href":"https:\/\/labin.net\/pt-pt\/wp-json\/wp\/v2\/product_tag?post=39168"}],"curies":[{"name":"wp","href":"https:\/\/api.w.org\/{rel}","templated":true}]}}