{"id":39167,"date":"2025-12-05T07:40:50","date_gmt":"2025-12-05T07:40:50","guid":{"rendered":"https:\/\/labin.net\/producto\/labin-15-5-10\/"},"modified":"2025-12-05T07:40:50","modified_gmt":"2025-12-05T07:40:50","slug":"labin-15-5-10","status":"publish","type":"product","link":"https:\/\/labin.net\/pt-pt\/producto\/labin-15-5-10\/","title":{"rendered":"LABIN 15-5-10"},"content":{"rendered":"<p>LABIN 15-5-10 \u00e9 um adubo organomineral granulado indicado para todo o tipo de culturas em aduba\u00e7\u00e3o de fundo.<br \/>\nCom o seu equil\u00edbrio NPK 3-1-2 e gra\u00e7as ao seu conte\u00fado em MAT\u00c9RIA ORG\u00c2NICA, conseguimos fornecer \u00e0 planta os nutrientes necess\u00e1rios para iniciar o seu desenvolvimento, bem como os nutrientes que absorver\u00e1 ao longo do tempo.<br \/>\nA mat\u00e9ria org\u00e2nica incorporada em cada gr\u00e2nulo \u00e9 LIGNITA H\u00daMICA ESPECIAL que, ao combinar-se com os elementos minerais, favorece a assimila\u00e7\u00e3o dos nutrientes, aumentando a efic\u00e1cia da fertiliza\u00e7\u00e3o e evitando lavagens e bloqueios no solo. \u00c9 um adubo granulado especialmente indicado para solos empobrecidos, compactados e com baixo teor de mat\u00e9ria org\u00e2nica. <\/p>\n","protected":false},"excerpt":{"rendered":"<ul>\n<li><b>Gr\u00e2nulos f\u00e1ceis de aplicar<\/b><\/li>\n<li><b>Mat\u00e9ria org\u00e2nica est\u00e1vel<\/b><\/li>\n<li><b>Unidades de fertiliza\u00e7\u00e3o mais eficientes<\/b><\/li>\n<li><b>Melhora a fertilidade do solo<\/b><\/li>\n<\/ul>\n","protected":false},"featured_media":39172,"comment_status":"open","ping_status":"closed","template":"","meta":{"_acf_changed":false},"cultivo":[1091,1107,1059,1129,1123,1075,1092,1130,1108,1060,1061,1131,1124,1076,1093,1044,1109,1077,1062,1094,1110,1045,1078,1095,1063,1079,1111,1046,1064,1049,1096,1080,1050,1112,1065,1066,1097,1081,1051,1048,1113,1082,1067,1098,1083,1052,1114,1068,1084,1099,1053,1085,1115,1069,1087,1100,1054,1088,1116,1070,1089,1101,1055,1090,1117,1071,1102,1056,1118,1072,1103,1057,1119,1073,1058,1104,1074,1120,1105,1121,1106,1122],"ecologico":[1132],"medioambiente":[1133,1156],"solucion":[1135,1142,1155],"tipo-de-aplicacion":[1159],"product_brand":[],"product_cat":[1157],"product_tag":[],"class_list":{"0":"post-39167","1":"product","2":"type-product","3":"status-publish","4":"has-post-thumbnail","6":"cultivo-pitahaya","7":"cultivo-espinafres","8":"cultivo-kiwi","9":"cultivo-arvores-ornamentais","10":"cultivo-tomate","11":"cultivo-videira-ornamental","12":"cultivo-tamarindo","13":"cultivo-cespedes","14":"cultivo-ervilha","15":"cultivo-limoeiro","16":"cultivo-abacate","17":"cultivo-flores","18":"cultivo-cenoura","19":"cultivo-peral","20":"cultivo-cha","21":"cultivo-arvores-de-fruto","22":"cultivo-feijao-tenro","23":"cultivo-pistachio","24":"cultivo-banana-banana-da-terra","25":"cultivo-mandioca","26":"cultivo-feijao-verde","27":"cultivo-tropical","28":"cultivo-toranja","29":"cultivo-acelga","30":"cultivo-cacau","31":"cultivo-videira","32":"cultivo-alface","33":"cultivo-horticultura","34":"cultivo-cafe","35":"cultivo-damasco","36":"cultivo-alho","37":"cultivo-cana-de-acucar","38":"cultivo-amendoeira","39":"cultivo-melao","40":"cultivo-carambola","41":"cultivo-lima","42":"cultivo-beringela","43":"cultivo-maca-para-o-creme","44":"cultivo-avela","45":"cultivo-parques-e-jardins","46":"cultivo-nabo","47":"cultivo-coco","48":"cultivo-mandarino","49":"cultivo-batata-doce","50":"cultivo-frutos-vermelhos-bagas","51":"cultivo-caqui","52":"cultivo-batata","53":"cultivo-manzano","54":"cultivo-goiaba","55":"cultivo-brocolos","56":"cultivo-castanha","57":"cultivo-lichia","58":"cultivo-pepino","59":"cultivo-pessego","60":"cultivo-pega-2","61":"cultivo-abobrinha","62":"cultivo-cereja","63":"cultivo-maracuja","64":"cultivo-pimenta","65":"cultivo-membrillero","66":"cultivo-papaia","67":"cultivo-abobora","68":"cultivo-ameixa","69":"cultivo-ananas","70":"cultivo-alho-porro","71":"cultivo-laranjeira","72":"cultivo-cebola","73":"cultivo-clementino","74":"cultivo-rabanete","75":"cultivo-nectarina","76":"cultivo-col","77":"cultivo-roma","78":"cultivo-beterraba","79":"cultivo-noz","80":"cultivo-higuera","81":"cultivo-couves-de-bruxelas","82":"cultivo-oliveira","83":"cultivo-rucula","84":"cultivo-couve-flor","85":"cultivo-melancia","86":"cultivo-endivia","87":"cultivo-soja-verde","88":"ecologico-nao","89":"medioambiente-eficiencia-na-utilizacao-de-nutrientes","90":"medioambiente-reducao-da-pegada-de-co2","91":"solucion-p-deficiencia","92":"solucion-deficiencia-de-k","93":"solucion-n-deficiencia","94":"tipo-de-aplicacion-aplicacao-no-solo","95":"product_cat-adubos-granulados-e-microgranulados","97":"first","98":"instock","99":"shipping-taxable","100":"product-type-simple"},"acf":[],"_links":{"self":[{"href":"https:\/\/labin.net\/pt-pt\/wp-json\/wp\/v2\/product\/39167","targetHints":{"allow":["GET"]}}],"collection":[{"href":"https:\/\/labin.net\/pt-pt\/wp-json\/wp\/v2\/product"}],"about":[{"href":"https:\/\/labin.net\/pt-pt\/wp-json\/wp\/v2\/types\/product"}],"replies":[{"embeddable":true,"href":"https:\/\/labin.net\/pt-pt\/wp-json\/wp\/v2\/comments?post=39167"}],"wp:featuredmedia":[{"embeddable":true,"href":"https:\/\/labin.net\/pt-pt\/wp-json\/wp\/v2\/media\/39172"}],"wp:attachment":[{"href":"https:\/\/labin.net\/pt-pt\/wp-json\/wp\/v2\/media?parent=39167"}],"wp:term":[{"taxonomy":"cultivo","embeddable":true,"href":"https:\/\/labin.net\/pt-pt\/wp-json\/wp\/v2\/cultivo?post=39167"},{"taxonomy":"ecologico","embeddable":true,"href":"https:\/\/labin.net\/pt-pt\/wp-json\/wp\/v2\/ecologico?post=39167"},{"taxonomy":"medioambiente","embeddable":true,"href":"https:\/\/labin.net\/pt-pt\/wp-json\/wp\/v2\/medioambiente?post=39167"},{"taxonomy":"solucion","embeddable":true,"href":"https:\/\/labin.net\/pt-pt\/wp-json\/wp\/v2\/solucion?post=39167"},{"taxonomy":"tipo-de-aplicacion","embeddable":true,"href":"https:\/\/labin.net\/pt-pt\/wp-json\/wp\/v2\/tipo-de-aplicacion?post=39167"},{"taxonomy":"product_brand","embeddable":true,"href":"https:\/\/labin.net\/pt-pt\/wp-json\/wp\/v2\/product_brand?post=39167"},{"taxonomy":"product_cat","embeddable":true,"href":"https:\/\/labin.net\/pt-pt\/wp-json\/wp\/v2\/product_cat?post=39167"},{"taxonomy":"product_tag","embeddable":true,"href":"https:\/\/labin.net\/pt-pt\/wp-json\/wp\/v2\/product_tag?post=39167"}],"curies":[{"name":"wp","href":"https:\/\/api.w.org\/{rel}","templated":true}]}}