{"id":39164,"date":"2025-12-05T07:37:26","date_gmt":"2025-12-05T07:37:26","guid":{"rendered":"https:\/\/labin.net\/producto\/labina-20-5-5\/"},"modified":"2025-12-05T07:37:26","modified_gmt":"2025-12-05T07:37:26","slug":"labina-20-5-5","status":"publish","type":"product","link":"https:\/\/labin.net\/pt-pt\/producto\/labina-20-5-5\/","title":{"rendered":"LABINA 20-5-5"},"content":{"rendered":"<p>Produto sob a forma de p\u00f3 cristalino de cor rosa, especial para aplica\u00e7\u00e3o em FERTIRRIGA\u00c7\u00c3O, em todas as suas variantes: gota a gota, micro pulveriza\u00e7\u00e3o, exsuda\u00e7\u00e3o, etc.<\/p>\n<p>A sele\u00e7\u00e3o das melhores mat\u00e9rias-primas garante uma elevada solubilidade e a aus\u00eancia de impurezas. Al\u00e9m disso, o seu processo de fabrico especial garante a fluidez do produto e evita a aglomera\u00e7\u00e3o. <\/p>\n<p>LABIN 20-5-5 \u00e9 enriquecido com MICROELEMENTOS QUELADOS para garantir a aus\u00eancia de car\u00eancias e o correto desenvolvimento das culturas. O seu pH \u00e9 moderadamente \u00e1cido para evitar bloqueios e entupimentos, e a sua formula\u00e7\u00e3o n\u00e3o incorpora nenhuma fonte de UREA. Ao ser um fertilizante com baixo teor de cloretos, aumenta a absor\u00e7\u00e3o e assimila\u00e7\u00e3o dos nutrientes pela planta. \u00c9 recomendado para todo o tipo de culturas durante os per\u00edodos de desenvolvimento e crescimento vegetativo, quando \u00e9 necess\u00e1rio um fornecimento significativo de NITROG\u00c9NIO.  <\/p>\n<p>Pode ser aplicado em floricultura, viveiros, \u00e1rvores de fruto, horticultura, vinhas, culturas tropicais, etc.<\/p>\n","protected":false},"excerpt":{"rendered":"<ul>\n<li><strong>Alta solubilidade<\/strong><\/li>\n<li><strong>Absor\u00e7\u00e3o r\u00e1pida<\/strong><\/li>\n<li><strong>Com microelementos<\/strong><\/li>\n<li><strong>N\u00e3o endurece<\/strong><\/li>\n<\/ul>\n","protected":false},"featured_media":38970,"comment_status":"open","ping_status":"closed","template":"","meta":{"_acf_changed":false},"cultivo":[1091,1107,1059,1129,1123,1075,1092,1130,1108,1060,1061,1131,1124,1076,1093,1044,1109,1077,1062,1094,1110,1045,1078,1095,1063,1079,1111,1046,1064,1049,1096,1080,1050,1112,1065,1066,1097,1081,1051,1048,1113,1082,1067,1098,1083,1052,1114,1068,1084,1099,1053,1085,1115,1069,1087,1100,1054,1088,1116,1070,1089,1101,1055,1090,1117,1071,1102,1056,1118,1072,1103,1057,1119,1073,1058,1104,1074,1120,1105,1121,1106,1122],"ecologico":[1132],"medioambiente":[1133],"solucion":[1135,1142,1155],"tipo-de-aplicacion":[1138],"product_brand":[],"product_cat":[1160],"product_tag":[],"class_list":{"0":"post-39164","1":"product","2":"type-product","3":"status-publish","4":"has-post-thumbnail","6":"cultivo-pitahaya","7":"cultivo-espinafres","8":"cultivo-kiwi","9":"cultivo-arvores-ornamentais","10":"cultivo-tomate","11":"cultivo-videira-ornamental","12":"cultivo-tamarindo","13":"cultivo-cespedes","14":"cultivo-ervilha","15":"cultivo-limoeiro","16":"cultivo-abacate","17":"cultivo-flores","18":"cultivo-cenoura","19":"cultivo-peral","20":"cultivo-cha","21":"cultivo-arvores-de-fruto","22":"cultivo-feijao-tenro","23":"cultivo-pistachio","24":"cultivo-banana-banana-da-terra","25":"cultivo-mandioca","26":"cultivo-feijao-verde","27":"cultivo-tropical","28":"cultivo-toranja","29":"cultivo-acelga","30":"cultivo-cacau","31":"cultivo-videira","32":"cultivo-alface","33":"cultivo-horticultura","34":"cultivo-cafe","35":"cultivo-damasco","36":"cultivo-alho","37":"cultivo-cana-de-acucar","38":"cultivo-amendoeira","39":"cultivo-melao","40":"cultivo-carambola","41":"cultivo-lima","42":"cultivo-beringela","43":"cultivo-maca-para-o-creme","44":"cultivo-avela","45":"cultivo-parques-e-jardins","46":"cultivo-nabo","47":"cultivo-coco","48":"cultivo-mandarino","49":"cultivo-batata-doce","50":"cultivo-frutos-vermelhos-bagas","51":"cultivo-caqui","52":"cultivo-batata","53":"cultivo-manzano","54":"cultivo-goiaba","55":"cultivo-brocolos","56":"cultivo-castanha","57":"cultivo-lichia","58":"cultivo-pepino","59":"cultivo-pessego","60":"cultivo-pega-2","61":"cultivo-abobrinha","62":"cultivo-cereja","63":"cultivo-maracuja","64":"cultivo-pimenta","65":"cultivo-membrillero","66":"cultivo-papaia","67":"cultivo-abobora","68":"cultivo-ameixa","69":"cultivo-ananas","70":"cultivo-alho-porro","71":"cultivo-laranjeira","72":"cultivo-cebola","73":"cultivo-clementino","74":"cultivo-rabanete","75":"cultivo-nectarina","76":"cultivo-col","77":"cultivo-roma","78":"cultivo-beterraba","79":"cultivo-noz","80":"cultivo-higuera","81":"cultivo-couves-de-bruxelas","82":"cultivo-oliveira","83":"cultivo-rucula","84":"cultivo-couve-flor","85":"cultivo-melancia","86":"cultivo-endivia","87":"cultivo-soja-verde","88":"ecologico-nao","89":"medioambiente-eficiencia-na-utilizacao-de-nutrientes","90":"solucion-p-deficiencia","91":"solucion-deficiencia-de-k","92":"solucion-n-deficiencia","93":"tipo-de-aplicacion-fertirrigacao","94":"product_cat-npk-soluvel-em-agua","96":"first","97":"instock","98":"shipping-taxable","99":"product-type-simple"},"acf":[],"_links":{"self":[{"href":"https:\/\/labin.net\/pt-pt\/wp-json\/wp\/v2\/product\/39164","targetHints":{"allow":["GET"]}}],"collection":[{"href":"https:\/\/labin.net\/pt-pt\/wp-json\/wp\/v2\/product"}],"about":[{"href":"https:\/\/labin.net\/pt-pt\/wp-json\/wp\/v2\/types\/product"}],"replies":[{"embeddable":true,"href":"https:\/\/labin.net\/pt-pt\/wp-json\/wp\/v2\/comments?post=39164"}],"wp:featuredmedia":[{"embeddable":true,"href":"https:\/\/labin.net\/pt-pt\/wp-json\/wp\/v2\/media\/38970"}],"wp:attachment":[{"href":"https:\/\/labin.net\/pt-pt\/wp-json\/wp\/v2\/media?parent=39164"}],"wp:term":[{"taxonomy":"cultivo","embeddable":true,"href":"https:\/\/labin.net\/pt-pt\/wp-json\/wp\/v2\/cultivo?post=39164"},{"taxonomy":"ecologico","embeddable":true,"href":"https:\/\/labin.net\/pt-pt\/wp-json\/wp\/v2\/ecologico?post=39164"},{"taxonomy":"medioambiente","embeddable":true,"href":"https:\/\/labin.net\/pt-pt\/wp-json\/wp\/v2\/medioambiente?post=39164"},{"taxonomy":"solucion","embeddable":true,"href":"https:\/\/labin.net\/pt-pt\/wp-json\/wp\/v2\/solucion?post=39164"},{"taxonomy":"tipo-de-aplicacion","embeddable":true,"href":"https:\/\/labin.net\/pt-pt\/wp-json\/wp\/v2\/tipo-de-aplicacion?post=39164"},{"taxonomy":"product_brand","embeddable":true,"href":"https:\/\/labin.net\/pt-pt\/wp-json\/wp\/v2\/product_brand?post=39164"},{"taxonomy":"product_cat","embeddable":true,"href":"https:\/\/labin.net\/pt-pt\/wp-json\/wp\/v2\/product_cat?post=39164"},{"taxonomy":"product_tag","embeddable":true,"href":"https:\/\/labin.net\/pt-pt\/wp-json\/wp\/v2\/product_tag?post=39164"}],"curies":[{"name":"wp","href":"https:\/\/api.w.org\/{rel}","templated":true}]}}