{"id":39090,"date":"2025-12-05T11:01:08","date_gmt":"2025-12-05T11:01:08","guid":{"rendered":"https:\/\/labin.net\/producto\/labin-20-20-20\/"},"modified":"2025-12-05T11:01:08","modified_gmt":"2025-12-05T11:01:08","slug":"labin-20-20-20","status":"publish","type":"product","link":"https:\/\/labin.net\/pt-pt\/producto\/labin-20-20-20\/","title":{"rendered":"LABIN 20-20-20"},"content":{"rendered":"<p>Produto sob a forma de p\u00f3 cristalino rosa especialmente concebido para a fertirriga\u00e7\u00e3o, perfeitamente sol\u00favel em \u00e1gua e contendo macro, meso e microelementos. A sele\u00e7\u00e3o das melhores mat\u00e9rias-primas garante uma elevada solubilidade e a aus\u00eancia de impurezas. Al\u00e9m disso, o seu processo especial de fabrico garante a fluidez do produto e evita a aglomera\u00e7\u00e3o.<br \/>\nLABIN 20-20-20 \u00e9 enriquecido com microelementos quelatados para garantir a aus\u00eancia de car\u00eancias e o correto desenvolvimento das culturas. O seu pH \u00e9 ligeiramente \u00e1cido para evitar bloqueios e entupimentos. Ao ser um adubo com baixo teor de cloro, aumenta a absor\u00e7\u00e3o e assimila\u00e7\u00e3o dos nutrientes pela planta.<br \/>\nEspecialmente recomendado para viveiros, floricultura, horticultura, \u00e1rvores de fruto, vinhas, etc., principalmente nos momentos de maior desenvolvimento vegetativo, onde um fornecimento completo e equilibrado facilita o desenvolvimento integral da planta.   <\/p>\n","protected":false},"excerpt":{"rendered":"<ul>\n<li>Alta solubilidade<\/li>\n<li>Absor\u00e7\u00e3o r\u00e1pida<\/li>\n<li>Com microelementos<\/li>\n<li>N\u00e3o endurece<\/li>\n<\/ul>\n","protected":false},"featured_media":38970,"comment_status":"closed","ping_status":"closed","template":"","meta":{"_acf_changed":false},"cultivo":[1091,1107,1059,1129,1123,1075,1092,1130,1108,1060,1061,1131,1124,1076,1093,1044,1109,1077,1062,1094,1110,1045,1078,1095,1063,1079,1111,1046,1064,1049,1096,1080,1050,1112,1065,1066,1097,1081,1051,1048,1113,1082,1067,1098,1083,1052,1114,1068,1084,1099,1053,1085,1087,1115,1069,1054,1088,1100,1070,1089,1116,1055,1090,1101,1071,1117,1056,1102,1072,1118,1103,1057,1119,1073,1104,1058,1120,1074,1105,1121,1106,1122],"ecologico":[1132],"medioambiente":[1151],"solucion":[1135,1142,1155],"tipo-de-aplicacion":[1138],"product_brand":[],"product_cat":[1160],"product_tag":[],"class_list":{"0":"post-39090","1":"product","2":"type-product","3":"status-publish","4":"has-post-thumbnail","6":"cultivo-pitahaya","7":"cultivo-espinafres","8":"cultivo-kiwi","9":"cultivo-arvores-ornamentais","10":"cultivo-tomate","11":"cultivo-videira-ornamental","12":"cultivo-tamarindo","13":"cultivo-cespedes","14":"cultivo-ervilha","15":"cultivo-limoeiro","16":"cultivo-abacate","17":"cultivo-flores","18":"cultivo-cenoura","19":"cultivo-peral","20":"cultivo-cha","21":"cultivo-arvores-de-fruto","22":"cultivo-feijao-tenro","23":"cultivo-pistachio","24":"cultivo-banana-banana-da-terra","25":"cultivo-mandioca","26":"cultivo-feijao-verde","27":"cultivo-tropical","28":"cultivo-toranja","29":"cultivo-acelga","30":"cultivo-cacau","31":"cultivo-videira","32":"cultivo-alface","33":"cultivo-horticultura","34":"cultivo-cafe","35":"cultivo-damasco","36":"cultivo-alho","37":"cultivo-cana-de-acucar","38":"cultivo-amendoeira","39":"cultivo-melao","40":"cultivo-carambola","41":"cultivo-lima","42":"cultivo-beringela","43":"cultivo-maca-para-o-creme","44":"cultivo-avela","45":"cultivo-parques-e-jardins","46":"cultivo-nabo","47":"cultivo-coco","48":"cultivo-mandarino","49":"cultivo-batata-doce","50":"cultivo-frutos-vermelhos-bagas","51":"cultivo-caqui","52":"cultivo-batata","53":"cultivo-manzano","54":"cultivo-goiaba","55":"cultivo-brocolos","56":"cultivo-castanha","57":"cultivo-lichia","58":"cultivo-pega-2","59":"cultivo-pepino","60":"cultivo-pessego","61":"cultivo-cereja","62":"cultivo-maracuja","63":"cultivo-abobrinha","64":"cultivo-membrillero","65":"cultivo-papaia","66":"cultivo-pimenta","67":"cultivo-ameixa","68":"cultivo-ananas","69":"cultivo-abobora","70":"cultivo-laranjeira","71":"cultivo-alho-porro","72":"cultivo-clementino","73":"cultivo-cebola","74":"cultivo-nectarina","75":"cultivo-rabanete","76":"cultivo-col","77":"cultivo-roma","78":"cultivo-beterraba","79":"cultivo-noz","80":"cultivo-couves-de-bruxelas","81":"cultivo-higuera","82":"cultivo-rucula","83":"cultivo-oliveira","84":"cultivo-couve-flor","85":"cultivo-melancia","86":"cultivo-endivia","87":"cultivo-soja-verde","88":"ecologico-nao","89":"medioambiente-nada","90":"solucion-p-deficiencia","91":"solucion-deficiencia-de-k","92":"solucion-n-deficiencia","93":"tipo-de-aplicacion-fertirrigacao","94":"product_cat-npk-soluvel-em-agua","96":"first","97":"instock","98":"shipping-taxable","99":"product-type-simple"},"acf":[],"_links":{"self":[{"href":"https:\/\/labin.net\/pt-pt\/wp-json\/wp\/v2\/product\/39090","targetHints":{"allow":["GET"]}}],"collection":[{"href":"https:\/\/labin.net\/pt-pt\/wp-json\/wp\/v2\/product"}],"about":[{"href":"https:\/\/labin.net\/pt-pt\/wp-json\/wp\/v2\/types\/product"}],"replies":[{"embeddable":true,"href":"https:\/\/labin.net\/pt-pt\/wp-json\/wp\/v2\/comments?post=39090"}],"wp:featuredmedia":[{"embeddable":true,"href":"https:\/\/labin.net\/pt-pt\/wp-json\/wp\/v2\/media\/38970"}],"wp:attachment":[{"href":"https:\/\/labin.net\/pt-pt\/wp-json\/wp\/v2\/media?parent=39090"}],"wp:term":[{"taxonomy":"cultivo","embeddable":true,"href":"https:\/\/labin.net\/pt-pt\/wp-json\/wp\/v2\/cultivo?post=39090"},{"taxonomy":"ecologico","embeddable":true,"href":"https:\/\/labin.net\/pt-pt\/wp-json\/wp\/v2\/ecologico?post=39090"},{"taxonomy":"medioambiente","embeddable":true,"href":"https:\/\/labin.net\/pt-pt\/wp-json\/wp\/v2\/medioambiente?post=39090"},{"taxonomy":"solucion","embeddable":true,"href":"https:\/\/labin.net\/pt-pt\/wp-json\/wp\/v2\/solucion?post=39090"},{"taxonomy":"tipo-de-aplicacion","embeddable":true,"href":"https:\/\/labin.net\/pt-pt\/wp-json\/wp\/v2\/tipo-de-aplicacion?post=39090"},{"taxonomy":"product_brand","embeddable":true,"href":"https:\/\/labin.net\/pt-pt\/wp-json\/wp\/v2\/product_brand?post=39090"},{"taxonomy":"product_cat","embeddable":true,"href":"https:\/\/labin.net\/pt-pt\/wp-json\/wp\/v2\/product_cat?post=39090"},{"taxonomy":"product_tag","embeddable":true,"href":"https:\/\/labin.net\/pt-pt\/wp-json\/wp\/v2\/product_tag?post=39090"}],"curies":[{"name":"wp","href":"https:\/\/api.w.org\/{rel}","templated":true}]}}