{"id":39088,"date":"2025-12-05T11:01:18","date_gmt":"2025-12-05T11:01:18","guid":{"rendered":"https:\/\/labin.net\/producto\/labin-energy-fruit\/"},"modified":"2025-12-05T11:01:18","modified_gmt":"2025-12-05T11:01:18","slug":"labin-energy-fruit","status":"publish","type":"product","link":"https:\/\/labin.net\/pt-pt\/producto\/labin-energy-fruit\/","title":{"rendered":"LABIN ENERGY FRUIT"},"content":{"rendered":"<p>Fertilizante foliar NPK rico em pot\u00e1ssio, indicado para o crescimento e engorda dos frutos. Este produto incorpora o efeito LABIN ENERGY que potencia e aumenta a efic\u00e1cia do tratamento foliar. <\/p>\n<p><strong>LABIN ENERGY FRUIT<\/strong> incorpora um grupo de subst\u00e2ncias estimulantes, cujo principal componente s\u00e3o as BETAINAS, e que inclui amino\u00e1cidos e microelementos. As condi\u00e7\u00f5es ambientais adversas t\u00eam uma influ\u00eancia importante no desenvolvimento, crescimento e produtividade de uma cultura. Estas podem provocar o que chamamos de stress abi\u00f3tico, quando s\u00e3o causadas por d\u00e9fice h\u00eddrico, salinidade, frio, calor, irradia\u00e7\u00e3o luminosa, etc. As BETAINS actuam produzindo um efeito osmoprotector a n\u00edvel celular na planta e reduzem este stress.   <\/p>\n","protected":false},"excerpt":{"rendered":"<ul>\n<li>Para a fase de crescimento e de engorda do fruto<\/li>\n<li>Com amino\u00e1cidos, microelementos e BETAINS<\/li>\n<li>Actua como um protetor osm\u00f3tico<\/li>\n<\/ul>\n","protected":false},"featured_media":39092,"comment_status":"closed","ping_status":"closed","template":"","meta":{"_acf_changed":false},"cultivo":[1091,1107,1059,1125,1129,1123,1075,1092,1126,1130,1108,1060,1061,1127,1131,1124,1044,1076,1093,1128,1109,1077,1062,1045,1094,1110,1078,1095,1063,1079,1046,1111,1064,1049,1096,1080,1050,1047,1112,1065,1066,1097,1081,1051,1048,1113,1082,1067,1098,1083,1052,1114,1068,1084,1053,1085,1099,1069,1087,1115,1054,1088,1100,1070,1089,1116,1055,1090,1101,1071,1117,1102,1056,1118,1072,1103,1057,1119,1073,1104,1058,1120,1074,1105,1121,1106,1122],"ecologico":[1132],"medioambiente":[1133],"solucion":[1135,1142,1155],"tipo-de-aplicacion":[1137,1138,1144,1145],"product_brand":[],"product_cat":[1154,1165],"product_tag":[],"class_list":{"0":"post-39088","1":"product","2":"type-product","3":"status-publish","4":"has-post-thumbnail","6":"cultivo-pitahaya","7":"cultivo-espinafres","8":"cultivo-kiwi","9":"cultivo-cereais","10":"cultivo-arvores-ornamentais","11":"cultivo-tomate","12":"cultivo-videira-ornamental","13":"cultivo-tamarindo","14":"cultivo-forragem-e-pastagem","15":"cultivo-cespedes","16":"cultivo-ervilha","17":"cultivo-limoeiro","18":"cultivo-abacate","19":"cultivo-leguminosas-extensivas","20":"cultivo-flores","21":"cultivo-cenoura","22":"cultivo-arvores-de-fruto","23":"cultivo-peral","24":"cultivo-cha","25":"cultivo-sementes-oleaginosas","26":"cultivo-feijao-tenro","27":"cultivo-pistachio","28":"cultivo-banana-banana-da-terra","29":"cultivo-tropical","30":"cultivo-mandioca","31":"cultivo-feijao-verde","32":"cultivo-toranja","33":"cultivo-acelga","34":"cultivo-cacau","35":"cultivo-videira","36":"cultivo-horticultura","37":"cultivo-alface","38":"cultivo-cafe","39":"cultivo-damasco","40":"cultivo-alho","41":"cultivo-cana-de-acucar","42":"cultivo-amendoeira","43":"cultivo-extensivos","44":"cultivo-melao","45":"cultivo-carambola","46":"cultivo-lima","47":"cultivo-beringela","48":"cultivo-maca-para-o-creme","49":"cultivo-avela","50":"cultivo-parques-e-jardins","51":"cultivo-nabo","52":"cultivo-coco","53":"cultivo-mandarino","54":"cultivo-batata-doce","55":"cultivo-frutos-vermelhos-bagas","56":"cultivo-caqui","57":"cultivo-batata","58":"cultivo-manzano","59":"cultivo-goiaba","60":"cultivo-castanha","61":"cultivo-lichia","62":"cultivo-brocolos","63":"cultivo-pessego","64":"cultivo-pega-2","65":"cultivo-pepino","66":"cultivo-cereja","67":"cultivo-maracuja","68":"cultivo-abobrinha","69":"cultivo-membrillero","70":"cultivo-papaia","71":"cultivo-pimenta","72":"cultivo-ameixa","73":"cultivo-ananas","74":"cultivo-abobora","75":"cultivo-laranjeira","76":"cultivo-alho-porro","77":"cultivo-cebola","78":"cultivo-clementino","79":"cultivo-rabanete","80":"cultivo-nectarina","81":"cultivo-col","82":"cultivo-roma","83":"cultivo-beterraba","84":"cultivo-noz","85":"cultivo-couves-de-bruxelas","86":"cultivo-higuera","87":"cultivo-rucula","88":"cultivo-oliveira","89":"cultivo-couve-flor","90":"cultivo-melancia","91":"cultivo-endivia","92":"cultivo-soja-verde","93":"ecologico-nao","94":"medioambiente-eficiencia-na-utilizacao-de-nutrientes","95":"solucion-p-deficiencia","96":"solucion-deficiencia-de-k","97":"solucion-n-deficiencia","98":"tipo-de-aplicacion-foliar","99":"tipo-de-aplicacion-fertirrigacao","100":"tipo-de-aplicacion-dron","101":"tipo-de-aplicacion-avioes-ligeiros","102":"product_cat-npks-foliares","103":"product_cat-especialidades","105":"first","106":"instock","107":"shipping-taxable","108":"product-type-simple"},"acf":[],"_links":{"self":[{"href":"https:\/\/labin.net\/pt-pt\/wp-json\/wp\/v2\/product\/39088","targetHints":{"allow":["GET"]}}],"collection":[{"href":"https:\/\/labin.net\/pt-pt\/wp-json\/wp\/v2\/product"}],"about":[{"href":"https:\/\/labin.net\/pt-pt\/wp-json\/wp\/v2\/types\/product"}],"replies":[{"embeddable":true,"href":"https:\/\/labin.net\/pt-pt\/wp-json\/wp\/v2\/comments?post=39088"}],"wp:featuredmedia":[{"embeddable":true,"href":"https:\/\/labin.net\/pt-pt\/wp-json\/wp\/v2\/media\/39092"}],"wp:attachment":[{"href":"https:\/\/labin.net\/pt-pt\/wp-json\/wp\/v2\/media?parent=39088"}],"wp:term":[{"taxonomy":"cultivo","embeddable":true,"href":"https:\/\/labin.net\/pt-pt\/wp-json\/wp\/v2\/cultivo?post=39088"},{"taxonomy":"ecologico","embeddable":true,"href":"https:\/\/labin.net\/pt-pt\/wp-json\/wp\/v2\/ecologico?post=39088"},{"taxonomy":"medioambiente","embeddable":true,"href":"https:\/\/labin.net\/pt-pt\/wp-json\/wp\/v2\/medioambiente?post=39088"},{"taxonomy":"solucion","embeddable":true,"href":"https:\/\/labin.net\/pt-pt\/wp-json\/wp\/v2\/solucion?post=39088"},{"taxonomy":"tipo-de-aplicacion","embeddable":true,"href":"https:\/\/labin.net\/pt-pt\/wp-json\/wp\/v2\/tipo-de-aplicacion?post=39088"},{"taxonomy":"product_brand","embeddable":true,"href":"https:\/\/labin.net\/pt-pt\/wp-json\/wp\/v2\/product_brand?post=39088"},{"taxonomy":"product_cat","embeddable":true,"href":"https:\/\/labin.net\/pt-pt\/wp-json\/wp\/v2\/product_cat?post=39088"},{"taxonomy":"product_tag","embeddable":true,"href":"https:\/\/labin.net\/pt-pt\/wp-json\/wp\/v2\/product_tag?post=39088"}],"curies":[{"name":"wp","href":"https:\/\/api.w.org\/{rel}","templated":true}]}}