{"id":39064,"date":"2025-12-05T11:01:08","date_gmt":"2025-12-05T11:01:08","guid":{"rendered":"https:\/\/labin.net\/producto\/biochar-labinor\/"},"modified":"2025-12-05T11:01:08","modified_gmt":"2025-12-05T11:01:08","slug":"biochar-labinor","status":"publish","type":"product","link":"https:\/\/labin.net\/pt-pt\/producto\/biochar-labinor\/","title":{"rendered":"BIOCHAR LABINOR"},"content":{"rendered":"<p><strong>O LABINOR BIOCHAR<\/strong>, desenvolvido com carv\u00e3o de argila, aprovado como subst\u00e2ncia de base, tem um efeito protetor contra as brasas. Al\u00e9m disso, o carv\u00e3o de argila tem a capacidade de desintoxicar o solo de metais pesados e outros poluentes, e tem um efeito positivo no aquecimento global, dada a sua capacidade de fixar<sub>CO2<\/sub> no solo. <\/p>\n<p><strong>LABINOR BIOCHAR <\/strong>limita a esporula\u00e7\u00e3o dos fungos que provocam o tinder e ret\u00e9m as suas toxinas. Por ser um produto granulado, pode ser aplicado com qualquer tipo de espalhador de fertilizantes e pode ser aplicado diretamente no solo ou enterrado. No in\u00edcio do crescimento vegetativo, para que possas usufruir de todos os seus benef\u00edcios no controlo da doen\u00e7a.  <\/p>\n","protected":false},"excerpt":{"rendered":"<ul>\n<li>Carv\u00e3o de argila granulada<\/li>\n<li>Subst\u00e2ncia de base para o controlo de tinder<\/li>\n<li>Estimula\u00e7\u00e3o do metabolismo das plantas<\/li>\n<\/ul>\n","protected":false},"featured_media":39068,"comment_status":"closed","ping_status":"closed","template":"","meta":{"_acf_changed":false},"cultivo":[1129,1091,1107,1059,1125,1130,1123,1075,1092,1126,1127,1131,1108,1060,1061,1128,1124,1044,1076,1093,1062,1109,1077,1078,1045,1094,1110,1095,1063,1079,1046,1111,1064,1049,1096,1080,1050,1047,1112,1065,1066,1097,1081,1051,1048,1113,1082,1067,1098,1083,1052,1114,1068,1084,1099,1053,1085,1115,1069,1087,1100,1054,1088,1116,1070,1089,1101,1055,1090,1117,1071,1102,1056,1118,1072,1103,1057,1119,1073,1104,1058,1120,1074,1105,1121,1106,1122],"ecologico":[1132],"medioambiente":[1133,1156],"solucion":[1153,1158],"tipo-de-aplicacion":[1159],"product_brand":[],"product_cat":[1152,1157],"product_tag":[],"class_list":{"0":"post-39064","1":"product","2":"type-product","3":"status-publish","4":"has-post-thumbnail","6":"cultivo-arvores-ornamentais","7":"cultivo-pitahaya","8":"cultivo-espinafres","9":"cultivo-kiwi","10":"cultivo-cereais","11":"cultivo-cespedes","12":"cultivo-tomate","13":"cultivo-videira-ornamental","14":"cultivo-tamarindo","15":"cultivo-forragem-e-pastagem","16":"cultivo-leguminosas-extensivas","17":"cultivo-flores","18":"cultivo-ervilha","19":"cultivo-limoeiro","20":"cultivo-abacate","21":"cultivo-sementes-oleaginosas","22":"cultivo-cenoura","23":"cultivo-arvores-de-fruto","24":"cultivo-peral","25":"cultivo-cha","26":"cultivo-banana-banana-da-terra","27":"cultivo-feijao-tenro","28":"cultivo-pistachio","29":"cultivo-toranja","30":"cultivo-tropical","31":"cultivo-mandioca","32":"cultivo-feijao-verde","33":"cultivo-acelga","34":"cultivo-cacau","35":"cultivo-videira","36":"cultivo-horticultura","37":"cultivo-alface","38":"cultivo-cafe","39":"cultivo-damasco","40":"cultivo-alho","41":"cultivo-cana-de-acucar","42":"cultivo-amendoeira","43":"cultivo-extensivos","44":"cultivo-melao","45":"cultivo-carambola","46":"cultivo-lima","47":"cultivo-beringela","48":"cultivo-maca-para-o-creme","49":"cultivo-avela","50":"cultivo-parques-e-jardins","51":"cultivo-nabo","52":"cultivo-coco","53":"cultivo-mandarino","54":"cultivo-batata-doce","55":"cultivo-frutos-vermelhos-bagas","56":"cultivo-caqui","57":"cultivo-batata","58":"cultivo-manzano","59":"cultivo-goiaba","60":"cultivo-brocolos","61":"cultivo-castanha","62":"cultivo-lichia","63":"cultivo-pepino","64":"cultivo-pessego","65":"cultivo-pega-2","66":"cultivo-abobrinha","67":"cultivo-cereja","68":"cultivo-maracuja","69":"cultivo-pimenta","70":"cultivo-membrillero","71":"cultivo-papaia","72":"cultivo-abobora","73":"cultivo-ameixa","74":"cultivo-ananas","75":"cultivo-alho-porro","76":"cultivo-laranjeira","77":"cultivo-cebola","78":"cultivo-clementino","79":"cultivo-rabanete","80":"cultivo-nectarina","81":"cultivo-col","82":"cultivo-roma","83":"cultivo-beterraba","84":"cultivo-noz","85":"cultivo-couves-de-bruxelas","86":"cultivo-higuera","87":"cultivo-rucula","88":"cultivo-oliveira","89":"cultivo-couve-flor","90":"cultivo-melancia","91":"cultivo-endivia","92":"cultivo-soja-verde","93":"ecologico-nao","94":"medioambiente-eficiencia-na-utilizacao-de-nutrientes","95":"medioambiente-reducao-da-pegada-de-co2","96":"solucion-prevencao","97":"solucion-melhorar-a-saude-do-solo","98":"tipo-de-aplicacion-aplicacao-no-solo","99":"product_cat-substancias-de-base","100":"product_cat-adubos-granulados-e-microgranulados","102":"first","103":"instock","104":"shipping-taxable","105":"product-type-simple"},"acf":[],"_links":{"self":[{"href":"https:\/\/labin.net\/pt-pt\/wp-json\/wp\/v2\/product\/39064","targetHints":{"allow":["GET"]}}],"collection":[{"href":"https:\/\/labin.net\/pt-pt\/wp-json\/wp\/v2\/product"}],"about":[{"href":"https:\/\/labin.net\/pt-pt\/wp-json\/wp\/v2\/types\/product"}],"replies":[{"embeddable":true,"href":"https:\/\/labin.net\/pt-pt\/wp-json\/wp\/v2\/comments?post=39064"}],"wp:featuredmedia":[{"embeddable":true,"href":"https:\/\/labin.net\/pt-pt\/wp-json\/wp\/v2\/media\/39068"}],"wp:attachment":[{"href":"https:\/\/labin.net\/pt-pt\/wp-json\/wp\/v2\/media?parent=39064"}],"wp:term":[{"taxonomy":"cultivo","embeddable":true,"href":"https:\/\/labin.net\/pt-pt\/wp-json\/wp\/v2\/cultivo?post=39064"},{"taxonomy":"ecologico","embeddable":true,"href":"https:\/\/labin.net\/pt-pt\/wp-json\/wp\/v2\/ecologico?post=39064"},{"taxonomy":"medioambiente","embeddable":true,"href":"https:\/\/labin.net\/pt-pt\/wp-json\/wp\/v2\/medioambiente?post=39064"},{"taxonomy":"solucion","embeddable":true,"href":"https:\/\/labin.net\/pt-pt\/wp-json\/wp\/v2\/solucion?post=39064"},{"taxonomy":"tipo-de-aplicacion","embeddable":true,"href":"https:\/\/labin.net\/pt-pt\/wp-json\/wp\/v2\/tipo-de-aplicacion?post=39064"},{"taxonomy":"product_brand","embeddable":true,"href":"https:\/\/labin.net\/pt-pt\/wp-json\/wp\/v2\/product_brand?post=39064"},{"taxonomy":"product_cat","embeddable":true,"href":"https:\/\/labin.net\/pt-pt\/wp-json\/wp\/v2\/product_cat?post=39064"},{"taxonomy":"product_tag","embeddable":true,"href":"https:\/\/labin.net\/pt-pt\/wp-json\/wp\/v2\/product_tag?post=39064"}],"curies":[{"name":"wp","href":"https:\/\/api.w.org\/{rel}","templated":true}]}}