{"id":39055,"date":"2025-12-05T11:00:56","date_gmt":"2025-12-05T11:00:56","guid":{"rendered":"https:\/\/labin.net\/producto\/materia-organica-labinor\/"},"modified":"2025-12-05T11:00:56","modified_gmt":"2025-12-05T11:00:56","slug":"materia-organica-labinor","status":"publish","type":"product","link":"https:\/\/labin.net\/pt-pt\/producto\/materia-organica-labinor\/","title":{"rendered":"MAT\u00c9RIA ORG\u00c2NICA LABINOR"},"content":{"rendered":"<p>Mat\u00e9ria org\u00e2nica l\u00edquida especificamente desenvolvida para complementar a fertirriga\u00e7\u00e3o mineral.<\/p>\n<p><strong>LABINOR MATERIA ORGANICA<\/strong> consegue melhorar as condi\u00e7\u00f5es de fertilidade dos solos, que s\u00e3o muito explorados em culturas intensivas. Consegue-se uma maior assimila\u00e7\u00e3o dos nutrientes e um maior rendimento do fertilizante. Tamb\u00e9m se eliminam as obstru\u00e7\u00f5es e reduz-se a salinidade.  <\/p>\n","protected":false},"excerpt":{"rendered":"<ul>\n<li>Mat\u00e9ria org\u00e2nica de alta qualidade<\/li>\n<li>Melhorar o desempenho da fertirriga\u00e7\u00e3o<\/li>\n<li>Utiliz\u00e1vel na agricultura biol\u00f3gica<\/li>\n<\/ul>\n","protected":false},"featured_media":39059,"comment_status":"closed","ping_status":"closed","template":"","meta":{"_acf_changed":false},"cultivo":[1125,1129,1091,1107,1059,1126,1130,1123,1075,1092,1060,1061,1127,1131,1108,1044,1076,1093,1128,1124,1109,1077,1062,1045,1094,1110,1078,1095,1063,1079,1046,1111,1064,1049,1096,1080,1050,1047,1112,1065,1066,1097,1081,1051,1048,1113,1082,1067,1098,1083,1052,1114,1068,1084,1099,1053,1085,1115,1069,1087,1100,1054,1088,1116,1070,1089,1101,1055,1090,1117,1071,1102,1056,1118,1072,1103,1057,1119,1073,1104,1058,1120,1074,1105,1121,1106,1122],"ecologico":[1139],"medioambiente":[1133,1156],"solucion":[1158],"tipo-de-aplicacion":[1138,1159],"product_brand":[],"product_cat":[1169],"product_tag":[],"class_list":{"0":"post-39055","1":"product","2":"type-product","3":"status-publish","4":"has-post-thumbnail","6":"cultivo-cereais","7":"cultivo-arvores-ornamentais","8":"cultivo-pitahaya","9":"cultivo-espinafres","10":"cultivo-kiwi","11":"cultivo-forragem-e-pastagem","12":"cultivo-cespedes","13":"cultivo-tomate","14":"cultivo-videira-ornamental","15":"cultivo-tamarindo","16":"cultivo-limoeiro","17":"cultivo-abacate","18":"cultivo-leguminosas-extensivas","19":"cultivo-flores","20":"cultivo-ervilha","21":"cultivo-arvores-de-fruto","22":"cultivo-peral","23":"cultivo-cha","24":"cultivo-sementes-oleaginosas","25":"cultivo-cenoura","26":"cultivo-feijao-tenro","27":"cultivo-pistachio","28":"cultivo-banana-banana-da-terra","29":"cultivo-tropical","30":"cultivo-mandioca","31":"cultivo-feijao-verde","32":"cultivo-toranja","33":"cultivo-acelga","34":"cultivo-cacau","35":"cultivo-videira","36":"cultivo-horticultura","37":"cultivo-alface","38":"cultivo-cafe","39":"cultivo-damasco","40":"cultivo-alho","41":"cultivo-cana-de-acucar","42":"cultivo-amendoeira","43":"cultivo-extensivos","44":"cultivo-melao","45":"cultivo-carambola","46":"cultivo-lima","47":"cultivo-beringela","48":"cultivo-maca-para-o-creme","49":"cultivo-avela","50":"cultivo-parques-e-jardins","51":"cultivo-nabo","52":"cultivo-coco","53":"cultivo-mandarino","54":"cultivo-batata-doce","55":"cultivo-frutos-vermelhos-bagas","56":"cultivo-caqui","57":"cultivo-batata","58":"cultivo-manzano","59":"cultivo-goiaba","60":"cultivo-brocolos","61":"cultivo-castanha","62":"cultivo-lichia","63":"cultivo-pepino","64":"cultivo-pessego","65":"cultivo-pega-2","66":"cultivo-abobrinha","67":"cultivo-cereja","68":"cultivo-maracuja","69":"cultivo-pimenta","70":"cultivo-membrillero","71":"cultivo-papaia","72":"cultivo-abobora","73":"cultivo-ameixa","74":"cultivo-ananas","75":"cultivo-alho-porro","76":"cultivo-laranjeira","77":"cultivo-cebola","78":"cultivo-clementino","79":"cultivo-rabanete","80":"cultivo-nectarina","81":"cultivo-col","82":"cultivo-roma","83":"cultivo-beterraba","84":"cultivo-noz","85":"cultivo-couves-de-bruxelas","86":"cultivo-higuera","87":"cultivo-rucula","88":"cultivo-oliveira","89":"cultivo-couve-flor","90":"cultivo-melancia","91":"cultivo-endivia","92":"cultivo-soja-verde","93":"ecologico-sim","94":"medioambiente-eficiencia-na-utilizacao-de-nutrientes","95":"medioambiente-reducao-da-pegada-de-co2","96":"solucion-melhorar-a-saude-do-solo","97":"tipo-de-aplicacion-fertirrigacao","98":"tipo-de-aplicacion-aplicacao-no-solo","99":"product_cat-condicionadores-de-pavimentos","101":"first","102":"instock","103":"shipping-taxable","104":"product-type-simple"},"acf":[],"_links":{"self":[{"href":"https:\/\/labin.net\/pt-pt\/wp-json\/wp\/v2\/product\/39055","targetHints":{"allow":["GET"]}}],"collection":[{"href":"https:\/\/labin.net\/pt-pt\/wp-json\/wp\/v2\/product"}],"about":[{"href":"https:\/\/labin.net\/pt-pt\/wp-json\/wp\/v2\/types\/product"}],"replies":[{"embeddable":true,"href":"https:\/\/labin.net\/pt-pt\/wp-json\/wp\/v2\/comments?post=39055"}],"wp:featuredmedia":[{"embeddable":true,"href":"https:\/\/labin.net\/pt-pt\/wp-json\/wp\/v2\/media\/39059"}],"wp:attachment":[{"href":"https:\/\/labin.net\/pt-pt\/wp-json\/wp\/v2\/media?parent=39055"}],"wp:term":[{"taxonomy":"cultivo","embeddable":true,"href":"https:\/\/labin.net\/pt-pt\/wp-json\/wp\/v2\/cultivo?post=39055"},{"taxonomy":"ecologico","embeddable":true,"href":"https:\/\/labin.net\/pt-pt\/wp-json\/wp\/v2\/ecologico?post=39055"},{"taxonomy":"medioambiente","embeddable":true,"href":"https:\/\/labin.net\/pt-pt\/wp-json\/wp\/v2\/medioambiente?post=39055"},{"taxonomy":"solucion","embeddable":true,"href":"https:\/\/labin.net\/pt-pt\/wp-json\/wp\/v2\/solucion?post=39055"},{"taxonomy":"tipo-de-aplicacion","embeddable":true,"href":"https:\/\/labin.net\/pt-pt\/wp-json\/wp\/v2\/tipo-de-aplicacion?post=39055"},{"taxonomy":"product_brand","embeddable":true,"href":"https:\/\/labin.net\/pt-pt\/wp-json\/wp\/v2\/product_brand?post=39055"},{"taxonomy":"product_cat","embeddable":true,"href":"https:\/\/labin.net\/pt-pt\/wp-json\/wp\/v2\/product_cat?post=39055"},{"taxonomy":"product_tag","embeddable":true,"href":"https:\/\/labin.net\/pt-pt\/wp-json\/wp\/v2\/product_tag?post=39055"}],"curies":[{"name":"wp","href":"https:\/\/api.w.org\/{rel}","templated":true}]}}