{"id":39049,"date":"2025-12-05T11:00:56","date_gmt":"2025-12-05T11:00:56","guid":{"rendered":"https:\/\/labin.net\/producto\/labin-humipower\/"},"modified":"2025-12-05T11:00:56","modified_gmt":"2025-12-05T11:00:56","slug":"labin-humipower","status":"publish","type":"product","link":"https:\/\/labin.net\/pt-pt\/producto\/labin-humipower\/","title":{"rendered":"LABIN HUMIPOWER"},"content":{"rendered":"<p>Produto s\u00f3lido \u00e0 base de um concentrado de \u00e1cidos h\u00famicos extra\u00eddos de leonardites jovens e activas.<\/p>\n<p>Tem a vantagem de resistir \u00e0 \u00e1gua dura, controlando o aparecimento de flocos e dep\u00f3sitos na solu\u00e7\u00e3o nutritiva. O seu baixo peso molecular favorece a sua capacidade de formar complexos e a sua absor\u00e7\u00e3o pela planta. <\/p>\n<p>Gra\u00e7as a este teor de subst\u00e2ncias h\u00famicas, \u00e9 particularmente adequado para melhorar a fertilidade do solo em todos os tipos de culturas.<\/p>\n","protected":false},"excerpt":{"rendered":"<ul>\n<li>Alta solubilidade<\/li>\n<li>Melhora a fertilidade do solo<\/li>\n<li>Aumento do reservat\u00f3rio de nutrientes e da capacidade de troca cati\u00f3nica<\/li>\n<\/ul>\n","protected":false},"featured_media":38958,"comment_status":"closed","ping_status":"closed","template":"","meta":{"_acf_changed":false},"cultivo":[1129,1091,1107,1059,1125,1126,1130,1123,1075,1092,1061,1127,1131,1108,1060,1128,1124,1044,1076,1093,1077,1062,1109,1045,1094,1110,1078,1095,1063,1079,1046,1111,1064,1049,1096,1080,1050,1047,1112,1065,1066,1097,1081,1051,1048,1113,1082,1067,1098,1083,1052,1114,1068,1084,1099,1053,1085,1115,1069,1087,1100,1054,1088,1116,1070,1089,1101,1055,1090,1117,1071,1102,1056,1118,1072,1103,1057,1119,1073,1104,1058,1120,1074,1105,1121,1106,1122],"ecologico":[1139],"medioambiente":[1133],"solucion":[1158,1143],"tipo-de-aplicacion":[1138],"product_brand":[],"product_cat":[1169],"product_tag":[],"class_list":{"0":"post-39049","1":"product","2":"type-product","3":"status-publish","4":"has-post-thumbnail","6":"cultivo-arvores-ornamentais","7":"cultivo-pitahaya","8":"cultivo-espinafres","9":"cultivo-kiwi","10":"cultivo-cereais","11":"cultivo-forragem-e-pastagem","12":"cultivo-cespedes","13":"cultivo-tomate","14":"cultivo-videira-ornamental","15":"cultivo-tamarindo","16":"cultivo-abacate","17":"cultivo-leguminosas-extensivas","18":"cultivo-flores","19":"cultivo-ervilha","20":"cultivo-limoeiro","21":"cultivo-sementes-oleaginosas","22":"cultivo-cenoura","23":"cultivo-arvores-de-fruto","24":"cultivo-peral","25":"cultivo-cha","26":"cultivo-pistachio","27":"cultivo-banana-banana-da-terra","28":"cultivo-feijao-tenro","29":"cultivo-tropical","30":"cultivo-mandioca","31":"cultivo-feijao-verde","32":"cultivo-toranja","33":"cultivo-acelga","34":"cultivo-cacau","35":"cultivo-videira","36":"cultivo-horticultura","37":"cultivo-alface","38":"cultivo-cafe","39":"cultivo-damasco","40":"cultivo-alho","41":"cultivo-cana-de-acucar","42":"cultivo-amendoeira","43":"cultivo-extensivos","44":"cultivo-melao","45":"cultivo-carambola","46":"cultivo-lima","47":"cultivo-beringela","48":"cultivo-maca-para-o-creme","49":"cultivo-avela","50":"cultivo-parques-e-jardins","51":"cultivo-nabo","52":"cultivo-coco","53":"cultivo-mandarino","54":"cultivo-batata-doce","55":"cultivo-frutos-vermelhos-bagas","56":"cultivo-caqui","57":"cultivo-batata","58":"cultivo-manzano","59":"cultivo-goiaba","60":"cultivo-brocolos","61":"cultivo-castanha","62":"cultivo-lichia","63":"cultivo-pepino","64":"cultivo-pessego","65":"cultivo-pega-2","66":"cultivo-abobrinha","67":"cultivo-cereja","68":"cultivo-maracuja","69":"cultivo-pimenta","70":"cultivo-membrillero","71":"cultivo-papaia","72":"cultivo-abobora","73":"cultivo-ameixa","74":"cultivo-ananas","75":"cultivo-alho-porro","76":"cultivo-laranjeira","77":"cultivo-cebola","78":"cultivo-clementino","79":"cultivo-rabanete","80":"cultivo-nectarina","81":"cultivo-col","82":"cultivo-roma","83":"cultivo-beterraba","84":"cultivo-noz","85":"cultivo-couves-de-bruxelas","86":"cultivo-higuera","87":"cultivo-rucula","88":"cultivo-oliveira","89":"cultivo-couve-flor","90":"cultivo-melancia","91":"cultivo-endivia","92":"cultivo-soja-verde","93":"ecologico-sim","94":"medioambiente-eficiencia-na-utilizacao-de-nutrientes","95":"solucion-melhorar-a-saude-do-solo","96":"solucion-aumenta-a-qualidade-dos-frutos","97":"tipo-de-aplicacion-fertirrigacao","98":"product_cat-condicionadores-de-pavimentos","100":"first","101":"instock","102":"shipping-taxable","103":"product-type-simple"},"acf":[],"_links":{"self":[{"href":"https:\/\/labin.net\/pt-pt\/wp-json\/wp\/v2\/product\/39049","targetHints":{"allow":["GET"]}}],"collection":[{"href":"https:\/\/labin.net\/pt-pt\/wp-json\/wp\/v2\/product"}],"about":[{"href":"https:\/\/labin.net\/pt-pt\/wp-json\/wp\/v2\/types\/product"}],"replies":[{"embeddable":true,"href":"https:\/\/labin.net\/pt-pt\/wp-json\/wp\/v2\/comments?post=39049"}],"wp:featuredmedia":[{"embeddable":true,"href":"https:\/\/labin.net\/pt-pt\/wp-json\/wp\/v2\/media\/38958"}],"wp:attachment":[{"href":"https:\/\/labin.net\/pt-pt\/wp-json\/wp\/v2\/media?parent=39049"}],"wp:term":[{"taxonomy":"cultivo","embeddable":true,"href":"https:\/\/labin.net\/pt-pt\/wp-json\/wp\/v2\/cultivo?post=39049"},{"taxonomy":"ecologico","embeddable":true,"href":"https:\/\/labin.net\/pt-pt\/wp-json\/wp\/v2\/ecologico?post=39049"},{"taxonomy":"medioambiente","embeddable":true,"href":"https:\/\/labin.net\/pt-pt\/wp-json\/wp\/v2\/medioambiente?post=39049"},{"taxonomy":"solucion","embeddable":true,"href":"https:\/\/labin.net\/pt-pt\/wp-json\/wp\/v2\/solucion?post=39049"},{"taxonomy":"tipo-de-aplicacion","embeddable":true,"href":"https:\/\/labin.net\/pt-pt\/wp-json\/wp\/v2\/tipo-de-aplicacion?post=39049"},{"taxonomy":"product_brand","embeddable":true,"href":"https:\/\/labin.net\/pt-pt\/wp-json\/wp\/v2\/product_brand?post=39049"},{"taxonomy":"product_cat","embeddable":true,"href":"https:\/\/labin.net\/pt-pt\/wp-json\/wp\/v2\/product_cat?post=39049"},{"taxonomy":"product_tag","embeddable":true,"href":"https:\/\/labin.net\/pt-pt\/wp-json\/wp\/v2\/product_tag?post=39049"}],"curies":[{"name":"wp","href":"https:\/\/api.w.org\/{rel}","templated":true}]}}