{"id":39043,"date":"2025-12-05T11:01:08","date_gmt":"2025-12-05T11:01:08","guid":{"rendered":"https:\/\/labin.net\/producto\/micro-10-43-0\/"},"modified":"2025-12-05T11:01:08","modified_gmt":"2025-12-05T11:01:08","slug":"micro-10-43-0","status":"publish","type":"product","link":"https:\/\/labin.net\/pt-pt\/producto\/micro-10-43-0\/","title":{"rendered":"MICRO 10-43-0"},"content":{"rendered":"<p><strong>LABIN MICRO 10-43-0 <\/strong>\u00e9 um adubo complexo microgranulado com uma granulometria de 1 a 1,5 mm, especialmente indicado para obter um elevado rendimento na fertiliza\u00e7\u00e3o do solo no momento da sementeira.<\/p>\n<p>A sua forma microgranulada permite uma distribui\u00e7\u00e3o mais uniforme e ultra-localizada dos nutrientes, o que se traduz numa maior efic\u00e1cia no desenvolvimento de todo o sistema radicular e na germina\u00e7\u00e3o da cultura. A forma totalmente sol\u00favel do f\u00f3sforo fornecido com o produto garante a sua completa assimila\u00e7\u00e3o pela planta. \u00c9 ideal para culturas sens\u00edveis a car\u00eancias de Zinco. Al\u00e9m disso, o fornecimento de ferro confere \u00e0 planta um aspeto vigoroso.   <\/p>\n","protected":false},"excerpt":{"rendered":"<ul>\n<li>Adubo NP microgranulado com elevado teor de f\u00f3sforo<\/li>\n<li>Adequado para fertilizante de fundo e iniciador de sementes.<\/li>\n<li>Aumenta o desenvolvimento do sistema radicular da planta<\/li>\n<li>Com ferro e zinco<\/li>\n<\/ul>\n","protected":false},"featured_media":39045,"comment_status":"closed","ping_status":"closed","template":"","meta":{"_acf_changed":false},"cultivo":[1125,1129,1126,1130,1127,1131,1128,1047,1048],"ecologico":[1132],"medioambiente":[1133],"solucion":[1158],"tipo-de-aplicacion":[1159],"product_brand":[],"product_cat":[1157],"product_tag":[],"class_list":{"0":"post-39043","1":"product","2":"type-product","3":"status-publish","4":"has-post-thumbnail","6":"cultivo-cereais","7":"cultivo-arvores-ornamentais","8":"cultivo-forragem-e-pastagem","9":"cultivo-cespedes","10":"cultivo-leguminosas-extensivas","11":"cultivo-flores","12":"cultivo-sementes-oleaginosas","13":"cultivo-extensivos","14":"cultivo-parques-e-jardins","15":"ecologico-nao","16":"medioambiente-eficiencia-na-utilizacao-de-nutrientes","17":"solucion-melhorar-a-saude-do-solo","18":"tipo-de-aplicacion-aplicacao-no-solo","19":"product_cat-adubos-granulados-e-microgranulados","21":"first","22":"instock","23":"shipping-taxable","24":"product-type-simple"},"acf":[],"_links":{"self":[{"href":"https:\/\/labin.net\/pt-pt\/wp-json\/wp\/v2\/product\/39043","targetHints":{"allow":["GET"]}}],"collection":[{"href":"https:\/\/labin.net\/pt-pt\/wp-json\/wp\/v2\/product"}],"about":[{"href":"https:\/\/labin.net\/pt-pt\/wp-json\/wp\/v2\/types\/product"}],"replies":[{"embeddable":true,"href":"https:\/\/labin.net\/pt-pt\/wp-json\/wp\/v2\/comments?post=39043"}],"wp:featuredmedia":[{"embeddable":true,"href":"https:\/\/labin.net\/pt-pt\/wp-json\/wp\/v2\/media\/39045"}],"wp:attachment":[{"href":"https:\/\/labin.net\/pt-pt\/wp-json\/wp\/v2\/media?parent=39043"}],"wp:term":[{"taxonomy":"cultivo","embeddable":true,"href":"https:\/\/labin.net\/pt-pt\/wp-json\/wp\/v2\/cultivo?post=39043"},{"taxonomy":"ecologico","embeddable":true,"href":"https:\/\/labin.net\/pt-pt\/wp-json\/wp\/v2\/ecologico?post=39043"},{"taxonomy":"medioambiente","embeddable":true,"href":"https:\/\/labin.net\/pt-pt\/wp-json\/wp\/v2\/medioambiente?post=39043"},{"taxonomy":"solucion","embeddable":true,"href":"https:\/\/labin.net\/pt-pt\/wp-json\/wp\/v2\/solucion?post=39043"},{"taxonomy":"tipo-de-aplicacion","embeddable":true,"href":"https:\/\/labin.net\/pt-pt\/wp-json\/wp\/v2\/tipo-de-aplicacion?post=39043"},{"taxonomy":"product_brand","embeddable":true,"href":"https:\/\/labin.net\/pt-pt\/wp-json\/wp\/v2\/product_brand?post=39043"},{"taxonomy":"product_cat","embeddable":true,"href":"https:\/\/labin.net\/pt-pt\/wp-json\/wp\/v2\/product_cat?post=39043"},{"taxonomy":"product_tag","embeddable":true,"href":"https:\/\/labin.net\/pt-pt\/wp-json\/wp\/v2\/product_tag?post=39043"}],"curies":[{"name":"wp","href":"https:\/\/api.w.org\/{rel}","templated":true}]}}