{"id":39031,"date":"2025-12-05T11:00:56","date_gmt":"2025-12-05T11:00:56","guid":{"rendered":"https:\/\/labin.net\/producto\/labifol-superamino\/"},"modified":"2025-12-05T11:00:56","modified_gmt":"2025-12-05T11:00:56","slug":"labifol-superamino","status":"publish","type":"product","link":"https:\/\/labin.net\/pt-pt\/producto\/labifol-superamino\/","title":{"rendered":"LABIFOL SUPERAMINO"},"content":{"rendered":"<p><strong>LABIFOL SUPERAMINO<\/strong> \u00e9 uma formula\u00e7\u00e3o concebida com amino\u00e1cidos livres de baixo peso molecular que actuam eficazmente contra situa\u00e7\u00f5es de stress, tanto bi\u00f3tico como abi\u00f3tico.<br \/>\n\u00c9 o equil\u00edbrio perfeito entre a efic\u00e1cia dos amino\u00e1cidos animais e a elevada assimila\u00e7\u00e3o dos amino\u00e1cidos vegetais.<br \/>\nEm compara\u00e7\u00e3o com outros produtos \u00e0 base de amino\u00e1cidos que podemos encontrar no mercado, LABIFOL SUPERAMINO tem um peso molecular m\u00e9dio realmente baixo, de 1000 daltons. Este facto significa que os amino\u00e1cidos s\u00e3o altamente assimil\u00e1veis pela planta e que esta consome menos energia na s\u00edntese das suas pr\u00f3prias prote\u00ednas e mol\u00e9culas org\u00e2nicas no seu sistema. <\/p>\n<p>Principalmente, a planta utilizar\u00e1 os amino\u00e1cidos que incorporamos no produto para obter energia, utilizar\u00e1 o carbono para a sua estrutura vegetal, complexar\u00e1 outros nutrientes permitindo a sua assimila\u00e7\u00e3o, atrasar\u00e1 a senesc\u00eancia e desintoxicar\u00e1 as c\u00e9lulas.<br \/>\nA planta enviar\u00e1 estes L-amino\u00e1cidos atrav\u00e9s do floema para os pontos fracos, pelo que os acumular\u00e1 onde os necessite.<br \/>\nA sua formula\u00e7\u00e3o incorpora uma alta percentagem dos seguintes amino\u00e1cidos: glicina, prolina e \u00e1cido glut\u00e2mico.<br \/>\nAplica LABIFOL SUPERAMINO em momentos de forte stress ap\u00f3s frio, geada, seca, stress t\u00e9rmico, transplante, etc. A sua aplica\u00e7\u00e3o regular proporciona \u00e0 planta uma maior resist\u00eancia e uma melhor sa\u00fade vegetativa. Al\u00e9m disso, em momentos de alta demanda energ\u00e9tica como a flora\u00e7\u00e3o, a frutifica\u00e7\u00e3o ou a matura\u00e7\u00e3o dos frutos.  <\/p>\n","protected":false},"excerpt":{"rendered":"<ul>\n<li>Recupera\u00e7\u00e3o r\u00e1pida em situa\u00e7\u00f5es extremas<\/li>\n<li>Melhora a fun\u00e7\u00e3o fotossint\u00e9tica<\/li>\n<li>Aplica nos per\u00edodos cr\u00edticos: flora\u00e7\u00e3o, frutifica\u00e7\u00e3o e matura\u00e7\u00e3o dos frutos,&#8230;<\/li>\n<\/ul>\n","protected":false},"featured_media":39036,"comment_status":"closed","ping_status":"closed","template":"","meta":{"_acf_changed":false},"cultivo":[1091,1107,1059,1125,1129,1130,1123,1075,1092,1126,1131,1108,1060,1061,1127,1124,1044,1076,1093,1128,1109,1077,1062,1045,1094,1110,1078,1095,1063,1079,1049,1046,1111,1064,1050,1096,1080,1065,1066,1047,1112,1081,1051,1097,1082,1067,1048,1113,1098,1083,1052,1114,1068,1084,1099,1053,1085,1115,1069,1087,1100,1054,1088,1116,1070,1089,1101,1055,1090,1117,1071,1102,1056,1118,1072,1103,1057,1119,1073,1104,1058,1120,1074,1105,1121,1106,1122],"ecologico":[1139],"medioambiente":[1133],"solucion":[1143,1162,1163],"tipo-de-aplicacion":[1137,1138,1144,1145],"product_brand":[],"product_cat":[1161,1165],"product_tag":[],"class_list":{"0":"post-39031","1":"product","2":"type-product","3":"status-publish","4":"has-post-thumbnail","6":"cultivo-pitahaya","7":"cultivo-espinafres","8":"cultivo-kiwi","9":"cultivo-cereais","10":"cultivo-arvores-ornamentais","11":"cultivo-cespedes","12":"cultivo-tomate","13":"cultivo-videira-ornamental","14":"cultivo-tamarindo","15":"cultivo-forragem-e-pastagem","16":"cultivo-flores","17":"cultivo-ervilha","18":"cultivo-limoeiro","19":"cultivo-abacate","20":"cultivo-leguminosas-extensivas","21":"cultivo-cenoura","22":"cultivo-arvores-de-fruto","23":"cultivo-peral","24":"cultivo-cha","25":"cultivo-sementes-oleaginosas","26":"cultivo-feijao-tenro","27":"cultivo-pistachio","28":"cultivo-banana-banana-da-terra","29":"cultivo-tropical","30":"cultivo-mandioca","31":"cultivo-feijao-verde","32":"cultivo-toranja","33":"cultivo-acelga","34":"cultivo-cacau","35":"cultivo-videira","36":"cultivo-damasco","37":"cultivo-horticultura","38":"cultivo-alface","39":"cultivo-cafe","40":"cultivo-amendoeira","41":"cultivo-alho","42":"cultivo-cana-de-acucar","43":"cultivo-carambola","44":"cultivo-lima","45":"cultivo-extensivos","46":"cultivo-melao","47":"cultivo-maca-para-o-creme","48":"cultivo-avela","49":"cultivo-beringela","50":"cultivo-coco","51":"cultivo-mandarino","52":"cultivo-parques-e-jardins","53":"cultivo-nabo","54":"cultivo-batata-doce","55":"cultivo-frutos-vermelhos-bagas","56":"cultivo-caqui","57":"cultivo-batata","58":"cultivo-manzano","59":"cultivo-goiaba","60":"cultivo-brocolos","61":"cultivo-castanha","62":"cultivo-lichia","63":"cultivo-pepino","64":"cultivo-pessego","65":"cultivo-pega-2","66":"cultivo-abobrinha","67":"cultivo-cereja","68":"cultivo-maracuja","69":"cultivo-pimenta","70":"cultivo-membrillero","71":"cultivo-papaia","72":"cultivo-abobora","73":"cultivo-ameixa","74":"cultivo-ananas","75":"cultivo-alho-porro","76":"cultivo-laranjeira","77":"cultivo-cebola","78":"cultivo-clementino","79":"cultivo-rabanete","80":"cultivo-nectarina","81":"cultivo-col","82":"cultivo-roma","83":"cultivo-beterraba","84":"cultivo-noz","85":"cultivo-couves-de-bruxelas","86":"cultivo-higuera","87":"cultivo-rucula","88":"cultivo-oliveira","89":"cultivo-couve-flor","90":"cultivo-melancia","91":"cultivo-endivia","92":"cultivo-soja-verde","93":"ecologico-sim","94":"medioambiente-eficiencia-na-utilizacao-de-nutrientes","95":"solucion-aumenta-a-qualidade-dos-frutos","96":"solucion-stress-abiotico","97":"solucion-melhoria-pos-colheita","98":"tipo-de-aplicacion-foliar","99":"tipo-de-aplicacion-fertirrigacao","100":"tipo-de-aplicacion-dron","101":"tipo-de-aplicacion-avioes-ligeiros","102":"product_cat-bioestimulante","103":"product_cat-especialidades","105":"first","106":"instock","107":"shipping-taxable","108":"product-type-simple"},"acf":[],"_links":{"self":[{"href":"https:\/\/labin.net\/pt-pt\/wp-json\/wp\/v2\/product\/39031","targetHints":{"allow":["GET"]}}],"collection":[{"href":"https:\/\/labin.net\/pt-pt\/wp-json\/wp\/v2\/product"}],"about":[{"href":"https:\/\/labin.net\/pt-pt\/wp-json\/wp\/v2\/types\/product"}],"replies":[{"embeddable":true,"href":"https:\/\/labin.net\/pt-pt\/wp-json\/wp\/v2\/comments?post=39031"}],"wp:featuredmedia":[{"embeddable":true,"href":"https:\/\/labin.net\/pt-pt\/wp-json\/wp\/v2\/media\/39036"}],"wp:attachment":[{"href":"https:\/\/labin.net\/pt-pt\/wp-json\/wp\/v2\/media?parent=39031"}],"wp:term":[{"taxonomy":"cultivo","embeddable":true,"href":"https:\/\/labin.net\/pt-pt\/wp-json\/wp\/v2\/cultivo?post=39031"},{"taxonomy":"ecologico","embeddable":true,"href":"https:\/\/labin.net\/pt-pt\/wp-json\/wp\/v2\/ecologico?post=39031"},{"taxonomy":"medioambiente","embeddable":true,"href":"https:\/\/labin.net\/pt-pt\/wp-json\/wp\/v2\/medioambiente?post=39031"},{"taxonomy":"solucion","embeddable":true,"href":"https:\/\/labin.net\/pt-pt\/wp-json\/wp\/v2\/solucion?post=39031"},{"taxonomy":"tipo-de-aplicacion","embeddable":true,"href":"https:\/\/labin.net\/pt-pt\/wp-json\/wp\/v2\/tipo-de-aplicacion?post=39031"},{"taxonomy":"product_brand","embeddable":true,"href":"https:\/\/labin.net\/pt-pt\/wp-json\/wp\/v2\/product_brand?post=39031"},{"taxonomy":"product_cat","embeddable":true,"href":"https:\/\/labin.net\/pt-pt\/wp-json\/wp\/v2\/product_cat?post=39031"},{"taxonomy":"product_tag","embeddable":true,"href":"https:\/\/labin.net\/pt-pt\/wp-json\/wp\/v2\/product_tag?post=39031"}],"curies":[{"name":"wp","href":"https:\/\/api.w.org\/{rel}","templated":true}]}}