{"id":39026,"date":"2025-12-05T11:00:56","date_gmt":"2025-12-05T11:00:56","guid":{"rendered":"https:\/\/labin.net\/producto\/labin-aminoacidos-24\/"},"modified":"2025-12-05T11:00:56","modified_gmt":"2025-12-05T11:00:56","slug":"labin-aminoacidos-24","status":"publish","type":"product","link":"https:\/\/labin.net\/pt-pt\/producto\/labin-aminoacidos-24\/","title":{"rendered":"LABIN AMINO\u00c1CIDOS 24"},"content":{"rendered":"<p><strong>LABIN AMINO\u00c1CIDOS 24%<\/strong> \u00e9 um produto l\u00edquido de cor escura, resultante da hidr\u00f3lise controlada de prote\u00ednas naturais, preparado para uma perfeita assimila\u00e7\u00e3o foliar.<br \/>\nDevido ao seu processo de fabrico, \u00e9 rico em amino\u00e1cidos livres e p\u00e9ptidos, de baixo peso molecular, que s\u00e3o os mais activos.<br \/>\nEste produto est\u00e1 indicado para os momentos fenol\u00f3gicos em que se necessita energia extra: transplante, flora\u00e7\u00e3o, frutifica\u00e7\u00e3o,&#8230;<br \/>\n\u00c9 uma ajuda importante para superar o stress provocado por geadas, secas, pragas, doen\u00e7as e tratamentos fitossanit\u00e1rios.<\/p>\n<p>O seu elevado teor de \u00e1cido glut\u00e2mico fornece \u00e0 planta os seguintes factores de produ\u00e7\u00e3o:<\/p>\n<ul>\n<li>Estimula o crescimento do corpo vegetativo.<\/li>\n<li>Melhora a flora\u00e7\u00e3o e a frutifica\u00e7\u00e3o dos futuros frutos.<\/li>\n<li>Promove a absor\u00e7\u00e3o de outros amino\u00e1cidos.<\/li>\n<\/ul>\n<p>Quanto maior for a concentra\u00e7\u00e3o de \u00e1cido glut\u00e2mico no estigma e no estilete, maior ser\u00e1 a promo\u00e7\u00e3o de Boro e Zinco, resultando numa maior germina\u00e7\u00e3o dos gr\u00e3os de p\u00f3len e num maior vigor e frutifica\u00e7\u00e3o.<\/p>\n","protected":false},"excerpt":{"rendered":"<ul>\n<li>Aplica em situa\u00e7\u00f5es de stress<\/li>\n<li>Para venceres as geadas e a seca<\/li>\n<li>Ajuda em alturas de grande necessidade de energia, como a transplanta\u00e7\u00e3o, a flora\u00e7\u00e3o e a frutifica\u00e7\u00e3o.<\/li>\n<\/ul>\n","protected":false},"featured_media":39029,"comment_status":"closed","ping_status":"closed","template":"","meta":{"_acf_changed":false},"cultivo":[1125,1129,1091,1107,1059,1126,1130,1123,1075,1092,1060,1061,1127,1131,1108,1044,1076,1093,1128,1124,1109,1077,1062,1045,1094,1110,1078,1095,1063,1079,1046,1111,1064,1049,1096,1080,1050,1047,1112,1065,1066,1097,1081,1051,1048,1113,1082,1067,1098,1083,1052,1114,1068,1084,1099,1053,1085,1115,1069,1087,1100,1054,1088,1116,1070,1089,1101,1055,1090,1117,1071,1102,1056,1118,1072,1103,1057,1119,1073,1104,1058,1120,1074,1105,1121,1106,1122],"ecologico":[1132],"medioambiente":[1133],"solucion":[1143,1162,1163],"tipo-de-aplicacion":[1137,1138,1144,1145],"product_brand":[],"product_cat":[1161],"product_tag":[],"class_list":{"0":"post-39026","1":"product","2":"type-product","3":"status-publish","4":"has-post-thumbnail","6":"cultivo-cereais","7":"cultivo-arvores-ornamentais","8":"cultivo-pitahaya","9":"cultivo-espinafres","10":"cultivo-kiwi","11":"cultivo-forragem-e-pastagem","12":"cultivo-cespedes","13":"cultivo-tomate","14":"cultivo-videira-ornamental","15":"cultivo-tamarindo","16":"cultivo-limoeiro","17":"cultivo-abacate","18":"cultivo-leguminosas-extensivas","19":"cultivo-flores","20":"cultivo-ervilha","21":"cultivo-arvores-de-fruto","22":"cultivo-peral","23":"cultivo-cha","24":"cultivo-sementes-oleaginosas","25":"cultivo-cenoura","26":"cultivo-feijao-tenro","27":"cultivo-pistachio","28":"cultivo-banana-banana-da-terra","29":"cultivo-tropical","30":"cultivo-mandioca","31":"cultivo-feijao-verde","32":"cultivo-toranja","33":"cultivo-acelga","34":"cultivo-cacau","35":"cultivo-videira","36":"cultivo-horticultura","37":"cultivo-alface","38":"cultivo-cafe","39":"cultivo-damasco","40":"cultivo-alho","41":"cultivo-cana-de-acucar","42":"cultivo-amendoeira","43":"cultivo-extensivos","44":"cultivo-melao","45":"cultivo-carambola","46":"cultivo-lima","47":"cultivo-beringela","48":"cultivo-maca-para-o-creme","49":"cultivo-avela","50":"cultivo-parques-e-jardins","51":"cultivo-nabo","52":"cultivo-coco","53":"cultivo-mandarino","54":"cultivo-batata-doce","55":"cultivo-frutos-vermelhos-bagas","56":"cultivo-caqui","57":"cultivo-batata","58":"cultivo-manzano","59":"cultivo-goiaba","60":"cultivo-brocolos","61":"cultivo-castanha","62":"cultivo-lichia","63":"cultivo-pepino","64":"cultivo-pessego","65":"cultivo-pega-2","66":"cultivo-abobrinha","67":"cultivo-cereja","68":"cultivo-maracuja","69":"cultivo-pimenta","70":"cultivo-membrillero","71":"cultivo-papaia","72":"cultivo-abobora","73":"cultivo-ameixa","74":"cultivo-ananas","75":"cultivo-alho-porro","76":"cultivo-laranjeira","77":"cultivo-cebola","78":"cultivo-clementino","79":"cultivo-rabanete","80":"cultivo-nectarina","81":"cultivo-col","82":"cultivo-roma","83":"cultivo-beterraba","84":"cultivo-noz","85":"cultivo-couves-de-bruxelas","86":"cultivo-higuera","87":"cultivo-rucula","88":"cultivo-oliveira","89":"cultivo-couve-flor","90":"cultivo-melancia","91":"cultivo-endivia","92":"cultivo-soja-verde","93":"ecologico-nao","94":"medioambiente-eficiencia-na-utilizacao-de-nutrientes","95":"solucion-aumenta-a-qualidade-dos-frutos","96":"solucion-stress-abiotico","97":"solucion-melhoria-pos-colheita","98":"tipo-de-aplicacion-foliar","99":"tipo-de-aplicacion-fertirrigacao","100":"tipo-de-aplicacion-dron","101":"tipo-de-aplicacion-avioes-ligeiros","102":"product_cat-bioestimulante","104":"first","105":"instock","106":"shipping-taxable","107":"product-type-simple"},"acf":[],"_links":{"self":[{"href":"https:\/\/labin.net\/pt-pt\/wp-json\/wp\/v2\/product\/39026","targetHints":{"allow":["GET"]}}],"collection":[{"href":"https:\/\/labin.net\/pt-pt\/wp-json\/wp\/v2\/product"}],"about":[{"href":"https:\/\/labin.net\/pt-pt\/wp-json\/wp\/v2\/types\/product"}],"replies":[{"embeddable":true,"href":"https:\/\/labin.net\/pt-pt\/wp-json\/wp\/v2\/comments?post=39026"}],"wp:featuredmedia":[{"embeddable":true,"href":"https:\/\/labin.net\/pt-pt\/wp-json\/wp\/v2\/media\/39029"}],"wp:attachment":[{"href":"https:\/\/labin.net\/pt-pt\/wp-json\/wp\/v2\/media?parent=39026"}],"wp:term":[{"taxonomy":"cultivo","embeddable":true,"href":"https:\/\/labin.net\/pt-pt\/wp-json\/wp\/v2\/cultivo?post=39026"},{"taxonomy":"ecologico","embeddable":true,"href":"https:\/\/labin.net\/pt-pt\/wp-json\/wp\/v2\/ecologico?post=39026"},{"taxonomy":"medioambiente","embeddable":true,"href":"https:\/\/labin.net\/pt-pt\/wp-json\/wp\/v2\/medioambiente?post=39026"},{"taxonomy":"solucion","embeddable":true,"href":"https:\/\/labin.net\/pt-pt\/wp-json\/wp\/v2\/solucion?post=39026"},{"taxonomy":"tipo-de-aplicacion","embeddable":true,"href":"https:\/\/labin.net\/pt-pt\/wp-json\/wp\/v2\/tipo-de-aplicacion?post=39026"},{"taxonomy":"product_brand","embeddable":true,"href":"https:\/\/labin.net\/pt-pt\/wp-json\/wp\/v2\/product_brand?post=39026"},{"taxonomy":"product_cat","embeddable":true,"href":"https:\/\/labin.net\/pt-pt\/wp-json\/wp\/v2\/product_cat?post=39026"},{"taxonomy":"product_tag","embeddable":true,"href":"https:\/\/labin.net\/pt-pt\/wp-json\/wp\/v2\/product_tag?post=39026"}],"curies":[{"name":"wp","href":"https:\/\/api.w.org\/{rel}","templated":true}]}}