{"id":39020,"date":"2025-12-05T11:00:56","date_gmt":"2025-12-05T11:00:56","guid":{"rendered":"https:\/\/labin.net\/producto\/labicuper\/"},"modified":"2026-03-16T14:32:50","modified_gmt":"2026-03-16T14:32:50","slug":"labicuper","status":"publish","type":"product","link":"https:\/\/labin.net\/pt-pt\/producto\/labicuper\/","title":{"rendered":"LABICUPER"},"content":{"rendered":"<p><strong>LABICUPER <\/strong>\u00e9 tecnologia e design ao servi\u00e7o de uma f\u00f3rmula que fornece <strong>cobre nutricional complexado.<\/strong><\/p>\n<p><strong>O cobre \u00e9 um microelemento essencial <\/strong>para o crescimento e desenvolvimento normal das plantas, participando em numerosos processos fisiol\u00f3gicos como <strong>a fotoss\u00edntese, a respira\u00e7\u00e3o celular, o stress oxidativo e o metabolismo <\/strong>ao n\u00edvel da folha.<\/p>\n<p>Tal como corroborado por v\u00e1rios estudos, est\u00e1 tamb\u00e9m diretamente relacionado com a <strong>melhoria do rendimento <\/strong>de v\u00e1rias culturas hort\u00edcolas. A manuten\u00e7\u00e3o de n\u00edveis \u00f3ptimos de cobre em todos os tecidos da planta traz <strong>vantagens para a produ\u00e7\u00e3o<\/strong>. <strong>LABICUPER <\/strong>consegue uma <strong>transloca\u00e7\u00e3o perfeita e<\/strong> uma <strong>distribui\u00e7\u00e3o uniforme do nutriente cobre<\/strong>.<\/p>\n<p><iframe id=\"player\" src=\"https:\/\/www.youtube.com\/embed\/yUdl47cCE2M?si=eFmja1W_2fSCb0AQ\" width=\"640\" height=\"390\" frameborder=\"0\"><span data-mce-type=\"bookmark\" style=\"display: inline-block; width: 0px; overflow: hidden; line-height: 0;\" class=\"mce_SELRES_start\">\ufeff<\/span><\/iframe><\/p>\n","protected":false},"excerpt":{"rendered":"<ul>\n<li>Microelemento essencial para o crescimento e desenvolvimento das plantas<\/li>\n<li>Melhoria da produ\u00e7\u00e3o em diferentes culturas<\/li>\n<li>Distribui\u00e7\u00e3o uniforme do nutriente cobre<\/li>\n<\/ul>\n","protected":false},"featured_media":39024,"comment_status":"closed","ping_status":"closed","template":"","meta":{"_acf_changed":false},"cultivo":[1091,1107,1059,1125,1129,1123,1075,1092,1126,1130,1108,1060,1061,1127,1131,1124,1044,1076,1093,1128,1109,1077,1062,1045,1094,1110,1078,1095,1063,1079,1046,1111,1064,1049,1096,1080,1050,1047,1112,1065,1066,1097,1081,1051,1048,1113,1082,1067,1098,1083,1052,1114,1068,1084,1053,1085,1099,1069,1087,1115,1054,1088,1100,1070,1089,1116,1055,1090,1101,1071,1117,1102,1056,1118,1072,1103,1057,1119,1073,1104,1058,1120,1074,1105,1121,1106,1122],"ecologico":[1139],"medioambiente":[1133],"solucion":[1153,1166,1167],"tipo-de-aplicacion":[1137,1138,1144,1145],"product_brand":[],"product_cat":[1161,1165],"product_tag":[],"class_list":{"0":"post-39020","1":"product","2":"type-product","3":"status-publish","4":"has-post-thumbnail","6":"cultivo-pitahaya","7":"cultivo-espinafres","8":"cultivo-kiwi","9":"cultivo-cereais","10":"cultivo-arvores-ornamentais","11":"cultivo-tomate","12":"cultivo-videira-ornamental","13":"cultivo-tamarindo","14":"cultivo-forragem-e-pastagem","15":"cultivo-cespedes","16":"cultivo-ervilha","17":"cultivo-limoeiro","18":"cultivo-abacate","19":"cultivo-leguminosas-extensivas","20":"cultivo-flores","21":"cultivo-cenoura","22":"cultivo-arvores-de-fruto","23":"cultivo-peral","24":"cultivo-cha","25":"cultivo-sementes-oleaginosas","26":"cultivo-feijao-tenro","27":"cultivo-pistachio","28":"cultivo-banana-banana-da-terra","29":"cultivo-tropical","30":"cultivo-mandioca","31":"cultivo-feijao-verde","32":"cultivo-toranja","33":"cultivo-acelga","34":"cultivo-cacau","35":"cultivo-videira","36":"cultivo-horticultura","37":"cultivo-alface","38":"cultivo-cafe","39":"cultivo-damasco","40":"cultivo-alho","41":"cultivo-cana-de-acucar","42":"cultivo-amendoeira","43":"cultivo-extensivos","44":"cultivo-melao","45":"cultivo-carambola","46":"cultivo-lima","47":"cultivo-beringela","48":"cultivo-maca-para-o-creme","49":"cultivo-avela","50":"cultivo-parques-e-jardins","51":"cultivo-nabo","52":"cultivo-coco","53":"cultivo-mandarino","54":"cultivo-batata-doce","55":"cultivo-frutos-vermelhos-bagas","56":"cultivo-caqui","57":"cultivo-batata","58":"cultivo-manzano","59":"cultivo-goiaba","60":"cultivo-castanha","61":"cultivo-lichia","62":"cultivo-brocolos","63":"cultivo-pessego","64":"cultivo-pega-2","65":"cultivo-pepino","66":"cultivo-cereja","67":"cultivo-maracuja","68":"cultivo-abobrinha","69":"cultivo-membrillero","70":"cultivo-papaia","71":"cultivo-pimenta","72":"cultivo-ameixa","73":"cultivo-ananas","74":"cultivo-abobora","75":"cultivo-laranjeira","76":"cultivo-alho-porro","77":"cultivo-cebola","78":"cultivo-clementino","79":"cultivo-rabanete","80":"cultivo-nectarina","81":"cultivo-col","82":"cultivo-roma","83":"cultivo-beterraba","84":"cultivo-noz","85":"cultivo-couves-de-bruxelas","86":"cultivo-higuera","87":"cultivo-rucula","88":"cultivo-oliveira","89":"cultivo-couve-flor","90":"cultivo-melancia","91":"cultivo-endivia","92":"cultivo-soja-verde","93":"ecologico-sim","94":"medioambiente-eficiencia-na-utilizacao-de-nutrientes","95":"solucion-prevencao","96":"solucion-deficiencia-de-cu","97":"solucion-vigor-verdura-e-saude","98":"tipo-de-aplicacion-foliar","99":"tipo-de-aplicacion-fertirrigacao","100":"tipo-de-aplicacion-dron","101":"tipo-de-aplicacion-avioes-ligeiros","102":"product_cat-bioestimulante","103":"product_cat-especialidades","105":"first","106":"instock","107":"shipping-taxable","108":"product-type-simple"},"acf":[],"_links":{"self":[{"href":"https:\/\/labin.net\/pt-pt\/wp-json\/wp\/v2\/product\/39020","targetHints":{"allow":["GET"]}}],"collection":[{"href":"https:\/\/labin.net\/pt-pt\/wp-json\/wp\/v2\/product"}],"about":[{"href":"https:\/\/labin.net\/pt-pt\/wp-json\/wp\/v2\/types\/product"}],"replies":[{"embeddable":true,"href":"https:\/\/labin.net\/pt-pt\/wp-json\/wp\/v2\/comments?post=39020"}],"wp:featuredmedia":[{"embeddable":true,"href":"https:\/\/labin.net\/pt-pt\/wp-json\/wp\/v2\/media\/39024"}],"wp:attachment":[{"href":"https:\/\/labin.net\/pt-pt\/wp-json\/wp\/v2\/media?parent=39020"}],"wp:term":[{"taxonomy":"cultivo","embeddable":true,"href":"https:\/\/labin.net\/pt-pt\/wp-json\/wp\/v2\/cultivo?post=39020"},{"taxonomy":"ecologico","embeddable":true,"href":"https:\/\/labin.net\/pt-pt\/wp-json\/wp\/v2\/ecologico?post=39020"},{"taxonomy":"medioambiente","embeddable":true,"href":"https:\/\/labin.net\/pt-pt\/wp-json\/wp\/v2\/medioambiente?post=39020"},{"taxonomy":"solucion","embeddable":true,"href":"https:\/\/labin.net\/pt-pt\/wp-json\/wp\/v2\/solucion?post=39020"},{"taxonomy":"tipo-de-aplicacion","embeddable":true,"href":"https:\/\/labin.net\/pt-pt\/wp-json\/wp\/v2\/tipo-de-aplicacion?post=39020"},{"taxonomy":"product_brand","embeddable":true,"href":"https:\/\/labin.net\/pt-pt\/wp-json\/wp\/v2\/product_brand?post=39020"},{"taxonomy":"product_cat","embeddable":true,"href":"https:\/\/labin.net\/pt-pt\/wp-json\/wp\/v2\/product_cat?post=39020"},{"taxonomy":"product_tag","embeddable":true,"href":"https:\/\/labin.net\/pt-pt\/wp-json\/wp\/v2\/product_tag?post=39020"}],"curies":[{"name":"wp","href":"https:\/\/api.w.org\/{rel}","templated":true}]}}