{"id":39019,"date":"2025-12-05T11:00:56","date_gmt":"2025-12-05T11:00:56","guid":{"rendered":"https:\/\/labin.net\/producto\/labiquantium\/"},"modified":"2025-12-05T11:00:56","modified_gmt":"2025-12-05T11:00:56","slug":"labiquantium","status":"publish","type":"product","link":"https:\/\/labin.net\/pt-pt\/producto\/labiquantium\/","title":{"rendered":"LABIQUANTIUM"},"content":{"rendered":"<p><strong>LABIQUANTIUM<\/strong><strong>, <\/strong>A efic\u00e1cia da melhor <strong>alga marinha<\/strong>, <em>Ascophyllum nodosum<\/em>, ao servi\u00e7o de uma formula\u00e7\u00e3o concebida para minimizar <strong>as situa\u00e7\u00f5es de stress<\/strong>, <strong>os bloqueios <\/strong>nutricionais e favorecer <strong>a s\u00edntese de subst\u00e2ncias de autodefesa (fitolexinas<\/strong>). A sua composi\u00e7\u00e3o \u00e9 uma combina\u00e7\u00e3o de <strong>algas e polissac\u00e1ridos<\/strong>, obtendo uma sinergia vegetal para as tuas culturas. <strong>Os polissac\u00e1ridos <\/strong>t\u00eam a fun\u00e7\u00e3o de nutrir a planta e fornecer-lhe a energia necess\u00e1ria para o processo vital da fotoss\u00edntese. Sem a\u00e7\u00facares, a planta n\u00e3o poder\u00e1 sobreviver quando se desenvolve vegetativamente. Se fornecermos polissac\u00e1ridos \u00e0 planta, os cloroplastos activar\u00e3o o processo de fotoss\u00edntese, equilibrando o metabolismo da planta. Isto ser\u00e1 acompanhado pela aplica\u00e7\u00e3o de <strong>LABIQUANTIUM, <\/strong>j\u00e1 que tamb\u00e9m fornecemos <strong>algas <\/strong>como um excelente bioestimulante para as plantas. Proporcionar\u00e3o \u00e0 tua cultura uma perfeita adapta\u00e7\u00e3o a <strong>qualquer tipo de stress e um equil\u00edbrio celular h\u00eddrico e osmoprotector<\/strong>, protegendo as c\u00e9lulas vegetais dos efeitos negativos derivados do stress h\u00eddrico gra\u00e7as ao manitol presente no extrato de <strong><em>Ascophyllum nodosum<\/em><\/strong>.     <\/p>\n<p><strong>LABIQUANTIUM <\/strong>\u00e9 ideal para <strong>bioactivar e bioestimular <\/strong>a maioria dos mecanismos metab\u00f3licos envolvidos nos momentos-chave da cultura: flora\u00e7\u00e3o, vingamento, transplante, etc.<\/p>\n<p>Especialmente indicado para aplica\u00e7\u00e3o durante a flora\u00e7\u00e3o, a frutifica\u00e7\u00e3o, a transplanta\u00e7\u00e3o, em per\u00edodos de doen\u00e7a e de stress, e em conjunto com tratamentos fitossanit\u00e1rios.<\/p>\n","protected":false},"excerpt":{"rendered":"<ul>\n<li>Estimula a flora\u00e7\u00e3o e a frutifica\u00e7\u00e3o<\/li>\n<li>Alta resist\u00eancia a situa\u00e7\u00f5es de stress<\/li>\n<li>A\u00e7\u00e3o enraizante e estimulante das ra\u00edzes. Melhores resultados na transplanta\u00e7\u00e3o <\/li>\n<li>Melhorar a efic\u00e1cia e reduzir o stress dos tratamentos fitossanit\u00e1rios<\/li>\n<li>Produto utiliz\u00e1vel na agricultura biol\u00f3gica<\/li>\n<\/ul>\n","protected":false},"featured_media":39023,"comment_status":"closed","ping_status":"closed","template":"","meta":{"_acf_changed":false},"cultivo":[1125,1129,1091,1107,1059,1126,1130,1123,1075,1092,1060,1061,1127,1131,1108,1044,1076,1093,1128,1124,1109,1077,1062,1045,1094,1110,1078,1095,1063,1079,1046,1111,1064,1049,1096,1080,1050,1047,1112,1065,1066,1097,1081,1051,1048,1113,1082,1067,1098,1083,1052,1114,1068,1084,1099,1053,1085,1115,1069,1087,1100,1054,1088,1116,1070,1089,1101,1055,1090,1117,1071,1102,1056,1118,1072,1103,1057,1119,1073,1104,1058,1120,1074,1105,1121,1106,1122],"ecologico":[1139],"medioambiente":[1133],"solucion":[1143,1147,1148,1162,1163],"tipo-de-aplicacion":[1137,1138],"product_brand":[],"product_cat":[1161],"product_tag":[],"class_list":{"0":"post-39019","1":"product","2":"type-product","3":"status-publish","4":"has-post-thumbnail","6":"cultivo-cereais","7":"cultivo-arvores-ornamentais","8":"cultivo-pitahaya","9":"cultivo-espinafres","10":"cultivo-kiwi","11":"cultivo-forragem-e-pastagem","12":"cultivo-cespedes","13":"cultivo-tomate","14":"cultivo-videira-ornamental","15":"cultivo-tamarindo","16":"cultivo-limoeiro","17":"cultivo-abacate","18":"cultivo-leguminosas-extensivas","19":"cultivo-flores","20":"cultivo-ervilha","21":"cultivo-arvores-de-fruto","22":"cultivo-peral","23":"cultivo-cha","24":"cultivo-sementes-oleaginosas","25":"cultivo-cenoura","26":"cultivo-feijao-tenro","27":"cultivo-pistachio","28":"cultivo-banana-banana-da-terra","29":"cultivo-tropical","30":"cultivo-mandioca","31":"cultivo-feijao-verde","32":"cultivo-toranja","33":"cultivo-acelga","34":"cultivo-cacau","35":"cultivo-videira","36":"cultivo-horticultura","37":"cultivo-alface","38":"cultivo-cafe","39":"cultivo-damasco","40":"cultivo-alho","41":"cultivo-cana-de-acucar","42":"cultivo-amendoeira","43":"cultivo-extensivos","44":"cultivo-melao","45":"cultivo-carambola","46":"cultivo-lima","47":"cultivo-beringela","48":"cultivo-maca-para-o-creme","49":"cultivo-avela","50":"cultivo-parques-e-jardins","51":"cultivo-nabo","52":"cultivo-coco","53":"cultivo-mandarino","54":"cultivo-batata-doce","55":"cultivo-frutos-vermelhos-bagas","56":"cultivo-caqui","57":"cultivo-batata","58":"cultivo-manzano","59":"cultivo-goiaba","60":"cultivo-brocolos","61":"cultivo-castanha","62":"cultivo-lichia","63":"cultivo-pepino","64":"cultivo-pessego","65":"cultivo-pega-2","66":"cultivo-abobrinha","67":"cultivo-cereja","68":"cultivo-maracuja","69":"cultivo-pimenta","70":"cultivo-membrillero","71":"cultivo-papaia","72":"cultivo-abobora","73":"cultivo-ameixa","74":"cultivo-ananas","75":"cultivo-alho-porro","76":"cultivo-laranjeira","77":"cultivo-cebola","78":"cultivo-clementino","79":"cultivo-rabanete","80":"cultivo-nectarina","81":"cultivo-col","82":"cultivo-roma","83":"cultivo-beterraba","84":"cultivo-noz","85":"cultivo-couves-de-bruxelas","86":"cultivo-higuera","87":"cultivo-rucula","88":"cultivo-oliveira","89":"cultivo-couve-flor","90":"cultivo-melancia","91":"cultivo-endivia","92":"cultivo-soja-verde","93":"ecologico-sim","94":"medioambiente-eficiencia-na-utilizacao-de-nutrientes","95":"solucion-aumenta-a-qualidade-dos-frutos","96":"solucion-deficiencia-b","97":"solucion-floracao-e-frutificacao","98":"solucion-stress-abiotico","99":"solucion-melhoria-pos-colheita","100":"tipo-de-aplicacion-foliar","101":"tipo-de-aplicacion-fertirrigacao","102":"product_cat-bioestimulante","104":"first","105":"instock","106":"shipping-taxable","107":"product-type-simple"},"acf":[],"_links":{"self":[{"href":"https:\/\/labin.net\/pt-pt\/wp-json\/wp\/v2\/product\/39019","targetHints":{"allow":["GET"]}}],"collection":[{"href":"https:\/\/labin.net\/pt-pt\/wp-json\/wp\/v2\/product"}],"about":[{"href":"https:\/\/labin.net\/pt-pt\/wp-json\/wp\/v2\/types\/product"}],"replies":[{"embeddable":true,"href":"https:\/\/labin.net\/pt-pt\/wp-json\/wp\/v2\/comments?post=39019"}],"wp:featuredmedia":[{"embeddable":true,"href":"https:\/\/labin.net\/pt-pt\/wp-json\/wp\/v2\/media\/39023"}],"wp:attachment":[{"href":"https:\/\/labin.net\/pt-pt\/wp-json\/wp\/v2\/media?parent=39019"}],"wp:term":[{"taxonomy":"cultivo","embeddable":true,"href":"https:\/\/labin.net\/pt-pt\/wp-json\/wp\/v2\/cultivo?post=39019"},{"taxonomy":"ecologico","embeddable":true,"href":"https:\/\/labin.net\/pt-pt\/wp-json\/wp\/v2\/ecologico?post=39019"},{"taxonomy":"medioambiente","embeddable":true,"href":"https:\/\/labin.net\/pt-pt\/wp-json\/wp\/v2\/medioambiente?post=39019"},{"taxonomy":"solucion","embeddable":true,"href":"https:\/\/labin.net\/pt-pt\/wp-json\/wp\/v2\/solucion?post=39019"},{"taxonomy":"tipo-de-aplicacion","embeddable":true,"href":"https:\/\/labin.net\/pt-pt\/wp-json\/wp\/v2\/tipo-de-aplicacion?post=39019"},{"taxonomy":"product_brand","embeddable":true,"href":"https:\/\/labin.net\/pt-pt\/wp-json\/wp\/v2\/product_brand?post=39019"},{"taxonomy":"product_cat","embeddable":true,"href":"https:\/\/labin.net\/pt-pt\/wp-json\/wp\/v2\/product_cat?post=39019"},{"taxonomy":"product_tag","embeddable":true,"href":"https:\/\/labin.net\/pt-pt\/wp-json\/wp\/v2\/product_tag?post=39019"}],"curies":[{"name":"wp","href":"https:\/\/api.w.org\/{rel}","templated":true}]}}