{"id":38962,"date":"2025-12-05T11:01:27","date_gmt":"2025-12-05T11:01:27","guid":{"rendered":"https:\/\/labin.net\/producto\/labin-ecocomplet\/"},"modified":"2025-12-05T11:01:27","modified_gmt":"2025-12-05T11:01:27","slug":"labin-ecocomplet","status":"publish","type":"product","link":"https:\/\/labin.net\/pt-pt\/producto\/labin-ecocomplet\/","title":{"rendered":"LABIN ECOCOMPLET"},"content":{"rendered":"<p><strong>LABIN ECOCOMPLET<\/strong> \u00e9 um adubo l\u00edquido NPK com mat\u00e9ria org\u00e2nica e amino\u00e1cidos. Devido ao seu teor de NPK 3-5-5, \u00e9 ideal para as fases fenol\u00f3gicas que requerem mais f\u00f3sforo e pot\u00e1ssio, como o enraizamento das culturas, a flora\u00e7\u00e3o, a frutifica\u00e7\u00e3o e o desenvolvimento e matura\u00e7\u00e3o dos frutos. <\/p>\n<p>\u00c9 uma importante fonte ecol\u00f3gica de f\u00f3sforo.<\/p>\n<p>Com a aplica\u00e7\u00e3o do produto, conseguir\u00e1s os seguintes pontos na tua cultura:<\/p>\n<ul>\n<li>Aumenta a flora\u00e7\u00e3o e reduz a queda de frutos\/aborto da frutifica\u00e7\u00e3o.<\/li>\n<li>Estimula o crescimento das plantas, melhorando a s\u00edntese das mol\u00e9culas de clorofila.<\/li>\n<li>Promove a resist\u00eancia da planta ao stress das baixas temperaturas.<\/li>\n<\/ul>\n","protected":false},"excerpt":{"rendered":"<ul>\n<li>NPK com amino\u00e1cidos e mat\u00e9ria org\u00e2nica<\/li>\n<li>Fonte de f\u00f3sforo org\u00e2nico l\u00edquido<\/li>\n<li>Melhora a frutifica\u00e7\u00e3o e evita a abscis\u00e3o dos frutos<\/li>\n<li>Promove a vida microbiana do solo<\/li>\n<li>Utiliz\u00e1vel na agricultura biol\u00f3gica<\/li>\n<\/ul>\n","protected":false},"featured_media":38966,"comment_status":"closed","ping_status":"closed","template":"","meta":{"_acf_changed":false},"cultivo":[1091,1107,1059,1125,1129,1123,1075,1092,1126,1130,1131,1108,1060,1061,1127,1124,1044,1076,1093,1128,1109,1077,1062,1045,1094,1110,1078,1095,1063,1079,1046,1111,1064,1049,1050,1096,1080,1066,1047,1112,1065,1051,1097,1081,1082,1067,1048,1113,1083,1052,1098,1068,1084,1114,1099,1053,1085,1115,1069,1087,1100,1054,1088,1116,1070,1089,1101,1055,1090,1117,1071,1102,1056,1118,1072,1103,1057,1119,1073,1104,1058,1120,1074,1105,1121,1106,1122],"ecologico":[1139],"medioambiente":[1133],"solucion":[1143,1162,1163],"tipo-de-aplicacion":[1137,1138,1144,1145],"product_brand":[],"product_cat":[1161],"product_tag":[],"class_list":{"0":"post-38962","1":"product","2":"type-product","3":"status-publish","4":"has-post-thumbnail","6":"cultivo-pitahaya","7":"cultivo-espinafres","8":"cultivo-kiwi","9":"cultivo-cereais","10":"cultivo-arvores-ornamentais","11":"cultivo-tomate","12":"cultivo-videira-ornamental","13":"cultivo-tamarindo","14":"cultivo-forragem-e-pastagem","15":"cultivo-cespedes","16":"cultivo-flores","17":"cultivo-ervilha","18":"cultivo-limoeiro","19":"cultivo-abacate","20":"cultivo-leguminosas-extensivas","21":"cultivo-cenoura","22":"cultivo-arvores-de-fruto","23":"cultivo-peral","24":"cultivo-cha","25":"cultivo-sementes-oleaginosas","26":"cultivo-feijao-tenro","27":"cultivo-pistachio","28":"cultivo-banana-banana-da-terra","29":"cultivo-tropical","30":"cultivo-mandioca","31":"cultivo-feijao-verde","32":"cultivo-toranja","33":"cultivo-acelga","34":"cultivo-cacau","35":"cultivo-videira","36":"cultivo-horticultura","37":"cultivo-alface","38":"cultivo-cafe","39":"cultivo-damasco","40":"cultivo-amendoeira","41":"cultivo-alho","42":"cultivo-cana-de-acucar","43":"cultivo-lima","44":"cultivo-extensivos","45":"cultivo-melao","46":"cultivo-carambola","47":"cultivo-avela","48":"cultivo-beringela","49":"cultivo-maca-para-o-creme","50":"cultivo-coco","51":"cultivo-mandarino","52":"cultivo-parques-e-jardins","53":"cultivo-nabo","54":"cultivo-frutos-vermelhos-bagas","55":"cultivo-caqui","56":"cultivo-batata-doce","57":"cultivo-manzano","58":"cultivo-goiaba","59":"cultivo-batata","60":"cultivo-brocolos","61":"cultivo-castanha","62":"cultivo-lichia","63":"cultivo-pepino","64":"cultivo-pessego","65":"cultivo-pega-2","66":"cultivo-abobrinha","67":"cultivo-cereja","68":"cultivo-maracuja","69":"cultivo-pimenta","70":"cultivo-membrillero","71":"cultivo-papaia","72":"cultivo-abobora","73":"cultivo-ameixa","74":"cultivo-ananas","75":"cultivo-alho-porro","76":"cultivo-laranjeira","77":"cultivo-cebola","78":"cultivo-clementino","79":"cultivo-rabanete","80":"cultivo-nectarina","81":"cultivo-col","82":"cultivo-roma","83":"cultivo-beterraba","84":"cultivo-noz","85":"cultivo-couves-de-bruxelas","86":"cultivo-higuera","87":"cultivo-rucula","88":"cultivo-oliveira","89":"cultivo-couve-flor","90":"cultivo-melancia","91":"cultivo-endivia","92":"cultivo-soja-verde","93":"ecologico-sim","94":"medioambiente-eficiencia-na-utilizacao-de-nutrientes","95":"solucion-aumenta-a-qualidade-dos-frutos","96":"solucion-stress-abiotico","97":"solucion-melhoria-pos-colheita","98":"tipo-de-aplicacion-foliar","99":"tipo-de-aplicacion-fertirrigacao","100":"tipo-de-aplicacion-dron","101":"tipo-de-aplicacion-avioes-ligeiros","102":"product_cat-bioestimulante","104":"first","105":"instock","106":"shipping-taxable","107":"product-type-simple"},"acf":[],"_links":{"self":[{"href":"https:\/\/labin.net\/pt-pt\/wp-json\/wp\/v2\/product\/38962","targetHints":{"allow":["GET"]}}],"collection":[{"href":"https:\/\/labin.net\/pt-pt\/wp-json\/wp\/v2\/product"}],"about":[{"href":"https:\/\/labin.net\/pt-pt\/wp-json\/wp\/v2\/types\/product"}],"replies":[{"embeddable":true,"href":"https:\/\/labin.net\/pt-pt\/wp-json\/wp\/v2\/comments?post=38962"}],"wp:featuredmedia":[{"embeddable":true,"href":"https:\/\/labin.net\/pt-pt\/wp-json\/wp\/v2\/media\/38966"}],"wp:attachment":[{"href":"https:\/\/labin.net\/pt-pt\/wp-json\/wp\/v2\/media?parent=38962"}],"wp:term":[{"taxonomy":"cultivo","embeddable":true,"href":"https:\/\/labin.net\/pt-pt\/wp-json\/wp\/v2\/cultivo?post=38962"},{"taxonomy":"ecologico","embeddable":true,"href":"https:\/\/labin.net\/pt-pt\/wp-json\/wp\/v2\/ecologico?post=38962"},{"taxonomy":"medioambiente","embeddable":true,"href":"https:\/\/labin.net\/pt-pt\/wp-json\/wp\/v2\/medioambiente?post=38962"},{"taxonomy":"solucion","embeddable":true,"href":"https:\/\/labin.net\/pt-pt\/wp-json\/wp\/v2\/solucion?post=38962"},{"taxonomy":"tipo-de-aplicacion","embeddable":true,"href":"https:\/\/labin.net\/pt-pt\/wp-json\/wp\/v2\/tipo-de-aplicacion?post=38962"},{"taxonomy":"product_brand","embeddable":true,"href":"https:\/\/labin.net\/pt-pt\/wp-json\/wp\/v2\/product_brand?post=38962"},{"taxonomy":"product_cat","embeddable":true,"href":"https:\/\/labin.net\/pt-pt\/wp-json\/wp\/v2\/product_cat?post=38962"},{"taxonomy":"product_tag","embeddable":true,"href":"https:\/\/labin.net\/pt-pt\/wp-json\/wp\/v2\/product_tag?post=38962"}],"curies":[{"name":"wp","href":"https:\/\/api.w.org\/{rel}","templated":true}]}}