{"id":38950,"date":"2025-12-05T11:01:27","date_gmt":"2025-12-05T11:01:27","guid":{"rendered":"https:\/\/labin.net\/producto\/labin-urtica\/"},"modified":"2025-12-05T11:01:27","modified_gmt":"2025-12-05T11:01:27","slug":"labin-urtica","status":"publish","type":"product","link":"https:\/\/labin.net\/pt-pt\/producto\/labin-urtica\/","title":{"rendered":"LABIN URTICA"},"content":{"rendered":"<p>Concentrado dispers\u00edvel de extrato de <em>Urtica spp.<\/em> obtido por macera\u00e7\u00e3o da parte a\u00e9rea das plantas secas de <em>Urtica dioica<\/em>. \u00c9 uma subst\u00e2ncia b\u00e1sica com a\u00e7\u00e3o BIO-ESTIMULANTE, ACARICIDA, INSECTICIDA e FUNGICIDA. De todos os extractos de plantas, o extrato de urtiga \u00e9 um dos mais completos. A urtiga cont\u00e9m uma mistura muito complexa de princ\u00edpios. Fornece tamb\u00e9m hormonas naturais, que contribuem para a vitalidade da planta onde o extrato \u00e9 aplicado. Ao mesmo tempo, \u00e9 rica em \u00e1cidos f\u00f3rmico e histam\u00ednico, que, quando libertados por infus\u00e3o a baixa temperatura ou macera\u00e7\u00e3o a frio, actuam como insecticidas, acaricidas e fungicidas.      <\/p>\n","protected":false},"excerpt":{"rendered":"<ul>\n<li>100% <em>Urtica dioica<\/em><\/li>\n<li>Aplica\u00e7\u00e3o foliar<\/li>\n<li>Melhoria das propriedades qu\u00edmicas e biol\u00f3gicas do solo<\/li>\n<li>Aprovado com a\u00e7\u00e3o ACARICIDA, INSECTICIDA e FUNGICIDA<\/li>\n<li>Utiliz\u00e1vel na agricultura biol\u00f3gica<\/li>\n<\/ul>\n","protected":false},"featured_media":38954,"comment_status":"closed","ping_status":"closed","template":"","meta":{"_acf_changed":false},"cultivo":[1129,1091,1107,1059,1125,1126,1130,1123,1075,1092,1061,1127,1131,1108,1060,1128,1124,1044,1076,1093,1077,1062,1109,1045,1094,1110,1078,1095,1063,1079,1046,1111,1064,1049,1096,1080,1050,1047,1112,1065,1066,1097,1081,1051,1048,1113,1082,1067,1098,1083,1052,1114,1068,1084,1099,1053,1085,1115,1069,1087,1100,1054,1088,1116,1070,1089,1101,1055,1090,1117,1071,1102,1056,1118,1072,1103,1057,1119,1073,1104,1058,1120,1074,1105,1121,1106,1122],"ecologico":[1139],"medioambiente":[1151],"solucion":[1153],"tipo-de-aplicacion":[1138,1144,1145,1137],"product_brand":[],"product_cat":[1152],"product_tag":[],"class_list":{"0":"post-38950","1":"product","2":"type-product","3":"status-publish","4":"has-post-thumbnail","6":"cultivo-arvores-ornamentais","7":"cultivo-pitahaya","8":"cultivo-espinafres","9":"cultivo-kiwi","10":"cultivo-cereais","11":"cultivo-forragem-e-pastagem","12":"cultivo-cespedes","13":"cultivo-tomate","14":"cultivo-videira-ornamental","15":"cultivo-tamarindo","16":"cultivo-abacate","17":"cultivo-leguminosas-extensivas","18":"cultivo-flores","19":"cultivo-ervilha","20":"cultivo-limoeiro","21":"cultivo-sementes-oleaginosas","22":"cultivo-cenoura","23":"cultivo-arvores-de-fruto","24":"cultivo-peral","25":"cultivo-cha","26":"cultivo-pistachio","27":"cultivo-banana-banana-da-terra","28":"cultivo-feijao-tenro","29":"cultivo-tropical","30":"cultivo-mandioca","31":"cultivo-feijao-verde","32":"cultivo-toranja","33":"cultivo-acelga","34":"cultivo-cacau","35":"cultivo-videira","36":"cultivo-horticultura","37":"cultivo-alface","38":"cultivo-cafe","39":"cultivo-damasco","40":"cultivo-alho","41":"cultivo-cana-de-acucar","42":"cultivo-amendoeira","43":"cultivo-extensivos","44":"cultivo-melao","45":"cultivo-carambola","46":"cultivo-lima","47":"cultivo-beringela","48":"cultivo-maca-para-o-creme","49":"cultivo-avela","50":"cultivo-parques-e-jardins","51":"cultivo-nabo","52":"cultivo-coco","53":"cultivo-mandarino","54":"cultivo-batata-doce","55":"cultivo-frutos-vermelhos-bagas","56":"cultivo-caqui","57":"cultivo-batata","58":"cultivo-manzano","59":"cultivo-goiaba","60":"cultivo-brocolos","61":"cultivo-castanha","62":"cultivo-lichia","63":"cultivo-pepino","64":"cultivo-pessego","65":"cultivo-pega-2","66":"cultivo-abobrinha","67":"cultivo-cereja","68":"cultivo-maracuja","69":"cultivo-pimenta","70":"cultivo-membrillero","71":"cultivo-papaia","72":"cultivo-abobora","73":"cultivo-ameixa","74":"cultivo-ananas","75":"cultivo-alho-porro","76":"cultivo-laranjeira","77":"cultivo-cebola","78":"cultivo-clementino","79":"cultivo-rabanete","80":"cultivo-nectarina","81":"cultivo-col","82":"cultivo-roma","83":"cultivo-beterraba","84":"cultivo-noz","85":"cultivo-couves-de-bruxelas","86":"cultivo-higuera","87":"cultivo-rucula","88":"cultivo-oliveira","89":"cultivo-couve-flor","90":"cultivo-melancia","91":"cultivo-endivia","92":"cultivo-soja-verde","93":"ecologico-sim","94":"medioambiente-nada","95":"solucion-prevencao","96":"tipo-de-aplicacion-fertirrigacao","97":"tipo-de-aplicacion-dron","98":"tipo-de-aplicacion-avioes-ligeiros","99":"tipo-de-aplicacion-foliar","100":"product_cat-substancias-de-base","102":"first","103":"instock","104":"shipping-taxable","105":"product-type-simple"},"acf":[],"_links":{"self":[{"href":"https:\/\/labin.net\/pt-pt\/wp-json\/wp\/v2\/product\/38950","targetHints":{"allow":["GET"]}}],"collection":[{"href":"https:\/\/labin.net\/pt-pt\/wp-json\/wp\/v2\/product"}],"about":[{"href":"https:\/\/labin.net\/pt-pt\/wp-json\/wp\/v2\/types\/product"}],"replies":[{"embeddable":true,"href":"https:\/\/labin.net\/pt-pt\/wp-json\/wp\/v2\/comments?post=38950"}],"wp:featuredmedia":[{"embeddable":true,"href":"https:\/\/labin.net\/pt-pt\/wp-json\/wp\/v2\/media\/38954"}],"wp:attachment":[{"href":"https:\/\/labin.net\/pt-pt\/wp-json\/wp\/v2\/media?parent=38950"}],"wp:term":[{"taxonomy":"cultivo","embeddable":true,"href":"https:\/\/labin.net\/pt-pt\/wp-json\/wp\/v2\/cultivo?post=38950"},{"taxonomy":"ecologico","embeddable":true,"href":"https:\/\/labin.net\/pt-pt\/wp-json\/wp\/v2\/ecologico?post=38950"},{"taxonomy":"medioambiente","embeddable":true,"href":"https:\/\/labin.net\/pt-pt\/wp-json\/wp\/v2\/medioambiente?post=38950"},{"taxonomy":"solucion","embeddable":true,"href":"https:\/\/labin.net\/pt-pt\/wp-json\/wp\/v2\/solucion?post=38950"},{"taxonomy":"tipo-de-aplicacion","embeddable":true,"href":"https:\/\/labin.net\/pt-pt\/wp-json\/wp\/v2\/tipo-de-aplicacion?post=38950"},{"taxonomy":"product_brand","embeddable":true,"href":"https:\/\/labin.net\/pt-pt\/wp-json\/wp\/v2\/product_brand?post=38950"},{"taxonomy":"product_cat","embeddable":true,"href":"https:\/\/labin.net\/pt-pt\/wp-json\/wp\/v2\/product_cat?post=38950"},{"taxonomy":"product_tag","embeddable":true,"href":"https:\/\/labin.net\/pt-pt\/wp-json\/wp\/v2\/product_tag?post=38950"}],"curies":[{"name":"wp","href":"https:\/\/api.w.org\/{rel}","templated":true}]}}