{"id":38943,"date":"2025-12-05T11:01:18","date_gmt":"2025-12-05T11:01:18","guid":{"rendered":"https:\/\/labin.net\/producto\/labin-micromix-6\/"},"modified":"2025-12-05T11:01:18","modified_gmt":"2025-12-05T11:01:18","slug":"labin-micromix-6","status":"publish","type":"product","link":"https:\/\/labin.net\/pt-pt\/producto\/labin-micromix-6\/","title":{"rendered":"LABIN MICROMIX 6"},"content":{"rendered":"<p>Produto que fornece uma gama completa de microelementos, em forma quelatada e, portanto, totalmente assimil\u00e1vel, para satisfazer as necessidades das culturas hort\u00edcolas intensivas e de alto rendimento.<\/p>\n<p>Embora possa ser utilizado em numerosas culturas, tem a propor\u00e7\u00e3o exacta dos diferentes oligoelementos para que as culturas de morango obtenham os melhores rendimentos e a melhor qualidade das suas colheitas.<\/p>\n<p>Pode ser utilizado tanto por via radicular, em fertirriga\u00e7\u00e3o, como em aplica\u00e7\u00f5es foliares.<\/p>\n","protected":false},"excerpt":{"rendered":"<ul>\n<li>Microelementos quelatados<\/li>\n<li>Fertirriga\u00e7\u00e3o e aplica\u00e7\u00e3o foliar<\/li>\n<li>Para todos os tipos de culturas intensivas<\/li>\n<li>Absor\u00e7\u00e3o elevada<\/li>\n<\/ul>\n","protected":false},"featured_media":38945,"comment_status":"closed","ping_status":"closed","template":"","meta":{"_acf_changed":false},"cultivo":[1091,1107,1059,1125,1129,1130,1123,1092,1075,1126,1131,1108,1060,1061,1127,1124,1093,1044,1076,1128,1109,1077,1062,1094,1110,1045,1095,1079,1063,1064,1049,1111,1046,1050,1096,1080,1065,1066,1112,1047,1081,1051,1097,1048,1082,1067,1113,1098,1083,1052,1114,1084,1068,1099,1085,1053,1115,1069,1087,1100,1054,1088,1116,1070,1089,1101,1055,1090,1117,1071,1102,1056,1118,1072,1103,1057,1119,1073,1104,1058,1120,1074,1105,1121,1106,1122],"ecologico":[],"medioambiente":[1133],"solucion":[1149,1150],"tipo-de-aplicacion":[1137,1138],"product_brand":[],"product_cat":[1134],"product_tag":[],"class_list":{"0":"post-38943","1":"product","2":"type-product","3":"status-publish","4":"has-post-thumbnail","6":"cultivo-pitahaya","7":"cultivo-espinafres","8":"cultivo-kiwi","9":"cultivo-cereais","10":"cultivo-arvores-ornamentais","11":"cultivo-cespedes","12":"cultivo-tomate","13":"cultivo-tamarindo","14":"cultivo-videira-ornamental","15":"cultivo-forragem-e-pastagem","16":"cultivo-flores","17":"cultivo-ervilha","18":"cultivo-limoeiro","19":"cultivo-abacate","20":"cultivo-leguminosas-extensivas","21":"cultivo-cenoura","22":"cultivo-cha","23":"cultivo-arvores-de-fruto","24":"cultivo-peral","25":"cultivo-sementes-oleaginosas","26":"cultivo-feijao-tenro","27":"cultivo-pistachio","28":"cultivo-banana-banana-da-terra","29":"cultivo-mandioca","30":"cultivo-feijao-verde","31":"cultivo-tropical","32":"cultivo-acelga","33":"cultivo-videira","34":"cultivo-cacau","35":"cultivo-cafe","36":"cultivo-damasco","37":"cultivo-alface","38":"cultivo-horticultura","39":"cultivo-amendoeira","40":"cultivo-alho","41":"cultivo-cana-de-acucar","42":"cultivo-carambola","43":"cultivo-lima","44":"cultivo-melao","45":"cultivo-extensivos","46":"cultivo-maca-para-o-creme","47":"cultivo-avela","48":"cultivo-beringela","49":"cultivo-parques-e-jardins","50":"cultivo-coco","51":"cultivo-mandarino","52":"cultivo-nabo","53":"cultivo-batata-doce","54":"cultivo-frutos-vermelhos-bagas","55":"cultivo-caqui","56":"cultivo-batata","57":"cultivo-goiaba","58":"cultivo-manzano","59":"cultivo-brocolos","60":"cultivo-lichia","61":"cultivo-castanha","62":"cultivo-pepino","63":"cultivo-pessego","64":"cultivo-pega-2","65":"cultivo-abobrinha","66":"cultivo-cereja","67":"cultivo-maracuja","68":"cultivo-pimenta","69":"cultivo-membrillero","70":"cultivo-papaia","71":"cultivo-abobora","72":"cultivo-ameixa","73":"cultivo-ananas","74":"cultivo-alho-porro","75":"cultivo-laranjeira","76":"cultivo-cebola","77":"cultivo-clementino","78":"cultivo-rabanete","79":"cultivo-nectarina","80":"cultivo-col","81":"cultivo-roma","82":"cultivo-beterraba","83":"cultivo-noz","84":"cultivo-couves-de-bruxelas","85":"cultivo-higuera","86":"cultivo-rucula","87":"cultivo-oliveira","88":"cultivo-couve-flor","89":"cultivo-melancia","90":"cultivo-endivia","91":"cultivo-soja-verde","92":"medioambiente-eficiencia-na-utilizacao-de-nutrientes","93":"solucion-deficiencia-de-microscopio","94":"solucion-deficiencia-de-fe","95":"tipo-de-aplicacion-foliar","96":"tipo-de-aplicacion-fertirrigacao","97":"product_cat-corretor-de-deficiencias","99":"first","100":"instock","101":"shipping-taxable","102":"product-type-simple"},"acf":[],"_links":{"self":[{"href":"https:\/\/labin.net\/pt-pt\/wp-json\/wp\/v2\/product\/38943","targetHints":{"allow":["GET"]}}],"collection":[{"href":"https:\/\/labin.net\/pt-pt\/wp-json\/wp\/v2\/product"}],"about":[{"href":"https:\/\/labin.net\/pt-pt\/wp-json\/wp\/v2\/types\/product"}],"replies":[{"embeddable":true,"href":"https:\/\/labin.net\/pt-pt\/wp-json\/wp\/v2\/comments?post=38943"}],"wp:featuredmedia":[{"embeddable":true,"href":"https:\/\/labin.net\/pt-pt\/wp-json\/wp\/v2\/media\/38945"}],"wp:attachment":[{"href":"https:\/\/labin.net\/pt-pt\/wp-json\/wp\/v2\/media?parent=38943"}],"wp:term":[{"taxonomy":"cultivo","embeddable":true,"href":"https:\/\/labin.net\/pt-pt\/wp-json\/wp\/v2\/cultivo?post=38943"},{"taxonomy":"ecologico","embeddable":true,"href":"https:\/\/labin.net\/pt-pt\/wp-json\/wp\/v2\/ecologico?post=38943"},{"taxonomy":"medioambiente","embeddable":true,"href":"https:\/\/labin.net\/pt-pt\/wp-json\/wp\/v2\/medioambiente?post=38943"},{"taxonomy":"solucion","embeddable":true,"href":"https:\/\/labin.net\/pt-pt\/wp-json\/wp\/v2\/solucion?post=38943"},{"taxonomy":"tipo-de-aplicacion","embeddable":true,"href":"https:\/\/labin.net\/pt-pt\/wp-json\/wp\/v2\/tipo-de-aplicacion?post=38943"},{"taxonomy":"product_brand","embeddable":true,"href":"https:\/\/labin.net\/pt-pt\/wp-json\/wp\/v2\/product_brand?post=38943"},{"taxonomy":"product_cat","embeddable":true,"href":"https:\/\/labin.net\/pt-pt\/wp-json\/wp\/v2\/product_cat?post=38943"},{"taxonomy":"product_tag","embeddable":true,"href":"https:\/\/labin.net\/pt-pt\/wp-json\/wp\/v2\/product_tag?post=38943"}],"curies":[{"name":"wp","href":"https:\/\/api.w.org\/{rel}","templated":true}]}}