{"id":38939,"date":"2025-12-05T11:01:18","date_gmt":"2025-12-05T11:01:18","guid":{"rendered":"https:\/\/labin.net\/producto\/labifol-boro-15\/"},"modified":"2025-12-05T11:01:18","modified_gmt":"2025-12-05T11:01:18","slug":"labifol-boro-15","status":"publish","type":"product","link":"https:\/\/labin.net\/pt-pt\/producto\/labifol-boro-15\/","title":{"rendered":"LABIFOL BORO 15%."},"content":{"rendered":"<p><strong>LABIFOL BORO 15%<\/strong> \u00e9 um adubo l\u00edquido que fornece boro totalmente sol\u00favel e assimil\u00e1vel. O boro \u00e9 um elemento essencial em muitas culturas, pois est\u00e1 envolvido num grande n\u00famero de processos metab\u00f3licos e a sua car\u00eancia pode provocar redu\u00e7\u00f5es significativas na produ\u00e7\u00e3o, uma vez que \u00e9 o elemento essencial para o alongamento do tubo pol\u00ednico e para a germina\u00e7\u00e3o do p\u00f3len. <\/p>\n<p><strong>LABIFOL BORO 15%<\/strong> cont\u00e9m boro complexado. Os agentes complexantes e outros co-formulantes s\u00e3o respons\u00e1veis pela r\u00e1pida absor\u00e7\u00e3o e transloca\u00e7\u00e3o do boro. <\/p>\n","protected":false},"excerpt":{"rendered":"<ul>\n<li>Boro complexado com etanolamina para aplica\u00e7\u00e3o foliar<\/li>\n<li>Elevada assimila\u00e7\u00e3o e transloca\u00e7\u00e3o<\/li>\n<li>Excelentes resultados em culturas sens\u00edveis<\/li>\n<li>Promove a flora\u00e7\u00e3o e aumenta a produtividade<\/li>\n<\/ul>\n","protected":false},"featured_media":38942,"comment_status":"closed","ping_status":"closed","template":"","meta":{"_acf_changed":false},"cultivo":[1091,1107,1059,1125,1129,1123,1075,1092,1126,1130,1108,1060,1061,1127,1131,1124,1044,1076,1093,1128,1109,1077,1062,1045,1094,1110,1078,1095,1063,1079,1046,1111,1064,1049,1096,1080,1050,1047,1112,1065,1066,1097,1081,1051,1048,1113,1082,1067,1098,1083,1052,1114,1068,1084,1099,1053,1085,1087,1115,1069,1054,1088,1100,1070,1089,1116,1055,1090,1101,1071,1117,1056,1102,1072,1118,1103,1057,1119,1073,1104,1058,1120,1074,1105,1121,1106,1122],"ecologico":[1139],"medioambiente":[1133],"solucion":[1143,1147,1148],"tipo-de-aplicacion":[1137,1138,1144,1145],"product_brand":[],"product_cat":[1134],"product_tag":[],"class_list":{"0":"post-38939","1":"product","2":"type-product","3":"status-publish","4":"has-post-thumbnail","6":"cultivo-pitahaya","7":"cultivo-espinafres","8":"cultivo-kiwi","9":"cultivo-cereais","10":"cultivo-arvores-ornamentais","11":"cultivo-tomate","12":"cultivo-videira-ornamental","13":"cultivo-tamarindo","14":"cultivo-forragem-e-pastagem","15":"cultivo-cespedes","16":"cultivo-ervilha","17":"cultivo-limoeiro","18":"cultivo-abacate","19":"cultivo-leguminosas-extensivas","20":"cultivo-flores","21":"cultivo-cenoura","22":"cultivo-arvores-de-fruto","23":"cultivo-peral","24":"cultivo-cha","25":"cultivo-sementes-oleaginosas","26":"cultivo-feijao-tenro","27":"cultivo-pistachio","28":"cultivo-banana-banana-da-terra","29":"cultivo-tropical","30":"cultivo-mandioca","31":"cultivo-feijao-verde","32":"cultivo-toranja","33":"cultivo-acelga","34":"cultivo-cacau","35":"cultivo-videira","36":"cultivo-horticultura","37":"cultivo-alface","38":"cultivo-cafe","39":"cultivo-damasco","40":"cultivo-alho","41":"cultivo-cana-de-acucar","42":"cultivo-amendoeira","43":"cultivo-extensivos","44":"cultivo-melao","45":"cultivo-carambola","46":"cultivo-lima","47":"cultivo-beringela","48":"cultivo-maca-para-o-creme","49":"cultivo-avela","50":"cultivo-parques-e-jardins","51":"cultivo-nabo","52":"cultivo-coco","53":"cultivo-mandarino","54":"cultivo-batata-doce","55":"cultivo-frutos-vermelhos-bagas","56":"cultivo-caqui","57":"cultivo-batata","58":"cultivo-manzano","59":"cultivo-goiaba","60":"cultivo-brocolos","61":"cultivo-castanha","62":"cultivo-lichia","63":"cultivo-pega-2","64":"cultivo-pepino","65":"cultivo-pessego","66":"cultivo-cereja","67":"cultivo-maracuja","68":"cultivo-abobrinha","69":"cultivo-membrillero","70":"cultivo-papaia","71":"cultivo-pimenta","72":"cultivo-ameixa","73":"cultivo-ananas","74":"cultivo-abobora","75":"cultivo-laranjeira","76":"cultivo-alho-porro","77":"cultivo-clementino","78":"cultivo-cebola","79":"cultivo-nectarina","80":"cultivo-rabanete","81":"cultivo-col","82":"cultivo-roma","83":"cultivo-beterraba","84":"cultivo-noz","85":"cultivo-couves-de-bruxelas","86":"cultivo-higuera","87":"cultivo-rucula","88":"cultivo-oliveira","89":"cultivo-couve-flor","90":"cultivo-melancia","91":"cultivo-endivia","92":"cultivo-soja-verde","93":"ecologico-sim","94":"medioambiente-eficiencia-na-utilizacao-de-nutrientes","95":"solucion-aumenta-a-qualidade-dos-frutos","96":"solucion-deficiencia-b","97":"solucion-floracao-e-frutificacao","98":"tipo-de-aplicacion-foliar","99":"tipo-de-aplicacion-fertirrigacao","100":"tipo-de-aplicacion-dron","101":"tipo-de-aplicacion-avioes-ligeiros","102":"product_cat-corretor-de-deficiencias","104":"first","105":"instock","106":"shipping-taxable","107":"product-type-simple"},"acf":[],"_links":{"self":[{"href":"https:\/\/labin.net\/pt-pt\/wp-json\/wp\/v2\/product\/38939","targetHints":{"allow":["GET"]}}],"collection":[{"href":"https:\/\/labin.net\/pt-pt\/wp-json\/wp\/v2\/product"}],"about":[{"href":"https:\/\/labin.net\/pt-pt\/wp-json\/wp\/v2\/types\/product"}],"replies":[{"embeddable":true,"href":"https:\/\/labin.net\/pt-pt\/wp-json\/wp\/v2\/comments?post=38939"}],"wp:featuredmedia":[{"embeddable":true,"href":"https:\/\/labin.net\/pt-pt\/wp-json\/wp\/v2\/media\/38942"}],"wp:attachment":[{"href":"https:\/\/labin.net\/pt-pt\/wp-json\/wp\/v2\/media?parent=38939"}],"wp:term":[{"taxonomy":"cultivo","embeddable":true,"href":"https:\/\/labin.net\/pt-pt\/wp-json\/wp\/v2\/cultivo?post=38939"},{"taxonomy":"ecologico","embeddable":true,"href":"https:\/\/labin.net\/pt-pt\/wp-json\/wp\/v2\/ecologico?post=38939"},{"taxonomy":"medioambiente","embeddable":true,"href":"https:\/\/labin.net\/pt-pt\/wp-json\/wp\/v2\/medioambiente?post=38939"},{"taxonomy":"solucion","embeddable":true,"href":"https:\/\/labin.net\/pt-pt\/wp-json\/wp\/v2\/solucion?post=38939"},{"taxonomy":"tipo-de-aplicacion","embeddable":true,"href":"https:\/\/labin.net\/pt-pt\/wp-json\/wp\/v2\/tipo-de-aplicacion?post=38939"},{"taxonomy":"product_brand","embeddable":true,"href":"https:\/\/labin.net\/pt-pt\/wp-json\/wp\/v2\/product_brand?post=38939"},{"taxonomy":"product_cat","embeddable":true,"href":"https:\/\/labin.net\/pt-pt\/wp-json\/wp\/v2\/product_cat?post=38939"},{"taxonomy":"product_tag","embeddable":true,"href":"https:\/\/labin.net\/pt-pt\/wp-json\/wp\/v2\/product_tag?post=38939"}],"curies":[{"name":"wp","href":"https:\/\/api.w.org\/{rel}","templated":true}]}}