{"id":38938,"date":"2025-12-05T11:01:18","date_gmt":"2025-12-05T11:01:18","guid":{"rendered":"https:\/\/labin.net\/producto\/labin-k\/"},"modified":"2025-12-05T11:01:18","modified_gmt":"2025-12-05T11:01:18","slug":"labin-k","status":"publish","type":"product","link":"https:\/\/labin.net\/pt-pt\/producto\/labin-k\/","title":{"rendered":"LABIN K+"},"content":{"rendered":"<p><strong>LABIN K+ <\/strong>\u00e9 um produto s\u00f3lido, totalmente sol\u00favel, especialmente indicado para o fornecimento de <strong>POT\u00c1SSIO <\/strong>nos momentos fenol\u00f3gicos de maior exig\u00eancia da tua cultura.<\/p>\n<p><strong>Os \u00e1cidos carbox\u00edlicos <\/strong>presentes na sua formula\u00e7\u00e3o actuam como activadores, melhorando a solubilidade do sal de pot\u00e1ssio e favorecendo a <strong>transloca\u00e7\u00e3o e a atividade do pot\u00e1ssio<\/strong>. O resultado \u00e9 uma melhoria de todos os par\u00e2metros relacionados com o processo de matura\u00e7\u00e3o dos frutos: <strong>teor de a\u00e7\u00facar, colora\u00e7\u00e3o, tamanho, etc. <\/strong>  <\/p>\n<p>\u00c9 especialmente recomendado para culturas como a vinha, \u00e1rvores de fruto, citrinos, hort\u00edcolas, etc., nas <strong>fases de crescimento e matura\u00e7\u00e3o do fruto<\/strong>. Tamb\u00e9m \u00e9 utilizado em olivais para conseguir uma maior produ\u00e7\u00e3o e, sobretudo, um maior rendimento. <\/p>\n","protected":false},"excerpt":{"rendered":"<ul>\n<li>Aplica\u00e7\u00e3o foliar e por fertirriga\u00e7\u00e3o<\/li>\n<li>S\u00f3lido altamente sol\u00favel<\/li>\n<li>Indicado para processos de engorda e matura\u00e7\u00e3o.<\/li>\n<li>Utiliz\u00e1vel na agricultura biol\u00f3gica<\/li>\n<\/ul>\n","protected":false},"featured_media":38931,"comment_status":"closed","ping_status":"closed","template":"","meta":{"_acf_changed":false},"cultivo":[1091,1107,1059,1125,1129,1130,1123,1075,1092,1126,1131,1108,1060,1061,1127,1124,1044,1076,1093,1128,1109,1077,1062,1045,1094,1110,1078,1095,1063,1079,1049,1046,1111,1064,1050,1096,1080,1065,1066,1047,1112,1081,1051,1097,1082,1067,1048,1113,1098,1083,1052,1114,1068,1084,1099,1053,1085,1115,1069,1087,1100,1054,1088,1116,1070,1089,1101,1055,1090,1117,1071,1102,1056,1118,1072,1103,1057,1119,1073,1104,1058,1120,1074,1105,1121,1106,1122],"ecologico":[1139],"medioambiente":[1133],"solucion":[1142],"tipo-de-aplicacion":[1137,1138],"product_brand":[],"product_cat":[1134],"product_tag":[],"class_list":{"0":"post-38938","1":"product","2":"type-product","3":"status-publish","4":"has-post-thumbnail","6":"cultivo-pitahaya","7":"cultivo-espinafres","8":"cultivo-kiwi","9":"cultivo-cereais","10":"cultivo-arvores-ornamentais","11":"cultivo-cespedes","12":"cultivo-tomate","13":"cultivo-videira-ornamental","14":"cultivo-tamarindo","15":"cultivo-forragem-e-pastagem","16":"cultivo-flores","17":"cultivo-ervilha","18":"cultivo-limoeiro","19":"cultivo-abacate","20":"cultivo-leguminosas-extensivas","21":"cultivo-cenoura","22":"cultivo-arvores-de-fruto","23":"cultivo-peral","24":"cultivo-cha","25":"cultivo-sementes-oleaginosas","26":"cultivo-feijao-tenro","27":"cultivo-pistachio","28":"cultivo-banana-banana-da-terra","29":"cultivo-tropical","30":"cultivo-mandioca","31":"cultivo-feijao-verde","32":"cultivo-toranja","33":"cultivo-acelga","34":"cultivo-cacau","35":"cultivo-videira","36":"cultivo-damasco","37":"cultivo-horticultura","38":"cultivo-alface","39":"cultivo-cafe","40":"cultivo-amendoeira","41":"cultivo-alho","42":"cultivo-cana-de-acucar","43":"cultivo-carambola","44":"cultivo-lima","45":"cultivo-extensivos","46":"cultivo-melao","47":"cultivo-maca-para-o-creme","48":"cultivo-avela","49":"cultivo-beringela","50":"cultivo-coco","51":"cultivo-mandarino","52":"cultivo-parques-e-jardins","53":"cultivo-nabo","54":"cultivo-batata-doce","55":"cultivo-frutos-vermelhos-bagas","56":"cultivo-caqui","57":"cultivo-batata","58":"cultivo-manzano","59":"cultivo-goiaba","60":"cultivo-brocolos","61":"cultivo-castanha","62":"cultivo-lichia","63":"cultivo-pepino","64":"cultivo-pessego","65":"cultivo-pega-2","66":"cultivo-abobrinha","67":"cultivo-cereja","68":"cultivo-maracuja","69":"cultivo-pimenta","70":"cultivo-membrillero","71":"cultivo-papaia","72":"cultivo-abobora","73":"cultivo-ameixa","74":"cultivo-ananas","75":"cultivo-alho-porro","76":"cultivo-laranjeira","77":"cultivo-cebola","78":"cultivo-clementino","79":"cultivo-rabanete","80":"cultivo-nectarina","81":"cultivo-col","82":"cultivo-roma","83":"cultivo-beterraba","84":"cultivo-noz","85":"cultivo-couves-de-bruxelas","86":"cultivo-higuera","87":"cultivo-rucula","88":"cultivo-oliveira","89":"cultivo-couve-flor","90":"cultivo-melancia","91":"cultivo-endivia","92":"cultivo-soja-verde","93":"ecologico-sim","94":"medioambiente-eficiencia-na-utilizacao-de-nutrientes","95":"solucion-deficiencia-de-k","96":"tipo-de-aplicacion-foliar","97":"tipo-de-aplicacion-fertirrigacao","98":"product_cat-corretor-de-deficiencias","100":"first","101":"instock","102":"shipping-taxable","103":"product-type-simple"},"acf":[],"_links":{"self":[{"href":"https:\/\/labin.net\/pt-pt\/wp-json\/wp\/v2\/product\/38938","targetHints":{"allow":["GET"]}}],"collection":[{"href":"https:\/\/labin.net\/pt-pt\/wp-json\/wp\/v2\/product"}],"about":[{"href":"https:\/\/labin.net\/pt-pt\/wp-json\/wp\/v2\/types\/product"}],"replies":[{"embeddable":true,"href":"https:\/\/labin.net\/pt-pt\/wp-json\/wp\/v2\/comments?post=38938"}],"wp:featuredmedia":[{"embeddable":true,"href":"https:\/\/labin.net\/pt-pt\/wp-json\/wp\/v2\/media\/38931"}],"wp:attachment":[{"href":"https:\/\/labin.net\/pt-pt\/wp-json\/wp\/v2\/media?parent=38938"}],"wp:term":[{"taxonomy":"cultivo","embeddable":true,"href":"https:\/\/labin.net\/pt-pt\/wp-json\/wp\/v2\/cultivo?post=38938"},{"taxonomy":"ecologico","embeddable":true,"href":"https:\/\/labin.net\/pt-pt\/wp-json\/wp\/v2\/ecologico?post=38938"},{"taxonomy":"medioambiente","embeddable":true,"href":"https:\/\/labin.net\/pt-pt\/wp-json\/wp\/v2\/medioambiente?post=38938"},{"taxonomy":"solucion","embeddable":true,"href":"https:\/\/labin.net\/pt-pt\/wp-json\/wp\/v2\/solucion?post=38938"},{"taxonomy":"tipo-de-aplicacion","embeddable":true,"href":"https:\/\/labin.net\/pt-pt\/wp-json\/wp\/v2\/tipo-de-aplicacion?post=38938"},{"taxonomy":"product_brand","embeddable":true,"href":"https:\/\/labin.net\/pt-pt\/wp-json\/wp\/v2\/product_brand?post=38938"},{"taxonomy":"product_cat","embeddable":true,"href":"https:\/\/labin.net\/pt-pt\/wp-json\/wp\/v2\/product_cat?post=38938"},{"taxonomy":"product_tag","embeddable":true,"href":"https:\/\/labin.net\/pt-pt\/wp-json\/wp\/v2\/product_tag?post=38938"}],"curies":[{"name":"wp","href":"https:\/\/api.w.org\/{rel}","templated":true}]}}