{"id":38932,"date":"2025-12-05T11:01:18","date_gmt":"2025-12-05T11:01:18","guid":{"rendered":"https:\/\/labin.net\/producto\/labin-eco-k\/"},"modified":"2025-12-05T11:01:18","modified_gmt":"2025-12-05T11:01:18","slug":"labin-eco-k","status":"publish","type":"product","link":"https:\/\/labin.net\/pt-pt\/producto\/labin-eco-k\/","title":{"rendered":"LABIN ECO-K"},"content":{"rendered":"<p><strong>LABIN ECO-K <\/strong>incorpora <strong>POT\u00c1SSIO <\/strong>sob a forma de um complexo org\u00e2nico natural que proporciona uma maior atividade e capacidade de assimila\u00e7\u00e3o, juntamente com <strong>AMINO\u00c1CIDOS<\/strong>, que interv\u00eam diretamente nas fun\u00e7\u00f5es metab\u00f3licas relacionadas com a divis\u00e3o celular e a s\u00edntese de a\u00e7\u00facares.<\/p>\n<p>Pode ser aplicado por <strong>FOLIAR e FERTIRRIGA\u00c7\u00c3O<\/strong>, durante as fases <strong>de crescimento e matura\u00e7\u00e3o dos frutos<\/strong>. Tamb\u00e9m \u00e9 aconselh\u00e1vel aplic\u00e1-lo ap\u00f3s a colheita, se os rendimentos forem elevados, para <strong>recuperar as extrac\u00e7\u00f5es de pot\u00e1ssio e conseguir uma melhor predisposi\u00e7\u00e3o para as campanhas futuras<\/strong>. <\/p>\n<p>Com a sua aplica\u00e7\u00e3o, consegue:<\/p>\n<ul>\n<li><strong>Melhora <\/strong>o tamanho, a homogeneidade e a colora\u00e7\u00e3o dos frutos.<\/li>\n<li><strong>Melhora <\/strong>o rendimento de culturas exigentes, como o olival.<\/li>\n<li><strong>Aumenta <\/strong>a resist\u00eancia e <strong>melhora a conserva\u00e7\u00e3o p\u00f3s-colheita<\/strong>.<\/li>\n<\/ul>\n","protected":false},"excerpt":{"rendered":"<ul>\n<li>Aplica\u00e7\u00e3o foliar e radicular<\/li>\n<li>Aumenta a cor e o tamanho dos frutos<\/li>\n<li>Utiliz\u00e1vel na agricultura biol\u00f3gica<\/li>\n<li>Excelente compatibilidade<\/li>\n<\/ul>\n","protected":false},"featured_media":38935,"comment_status":"closed","ping_status":"closed","template":"","meta":{"_acf_changed":false},"cultivo":[1129,1091,1107,1059,1125,1126,1130,1123,1075,1092,1061,1127,1131,1108,1060,1128,1124,1044,1076,1093,1077,1062,1109,1045,1094,1110,1078,1095,1063,1079,1046,1111,1064,1049,1096,1080,1050,1047,1112,1065,1066,1097,1081,1051,1048,1113,1082,1067,1098,1083,1052,1114,1068,1084,1099,1053,1085,1115,1069,1087,1100,1054,1088,1116,1070,1089,1101,1055,1090,1117,1071,1102,1056,1118,1072,1103,1057,1119,1073,1104,1058,1120,1074,1105,1121,1106,1122],"ecologico":[1139],"medioambiente":[1133],"solucion":[1142,1143,1136],"tipo-de-aplicacion":[1138,1137],"product_brand":[],"product_cat":[1134],"product_tag":[],"class_list":{"0":"post-38932","1":"product","2":"type-product","3":"status-publish","4":"has-post-thumbnail","6":"cultivo-arvores-ornamentais","7":"cultivo-pitahaya","8":"cultivo-espinafres","9":"cultivo-kiwi","10":"cultivo-cereais","11":"cultivo-forragem-e-pastagem","12":"cultivo-cespedes","13":"cultivo-tomate","14":"cultivo-videira-ornamental","15":"cultivo-tamarindo","16":"cultivo-abacate","17":"cultivo-leguminosas-extensivas","18":"cultivo-flores","19":"cultivo-ervilha","20":"cultivo-limoeiro","21":"cultivo-sementes-oleaginosas","22":"cultivo-cenoura","23":"cultivo-arvores-de-fruto","24":"cultivo-peral","25":"cultivo-cha","26":"cultivo-pistachio","27":"cultivo-banana-banana-da-terra","28":"cultivo-feijao-tenro","29":"cultivo-tropical","30":"cultivo-mandioca","31":"cultivo-feijao-verde","32":"cultivo-toranja","33":"cultivo-acelga","34":"cultivo-cacau","35":"cultivo-videira","36":"cultivo-horticultura","37":"cultivo-alface","38":"cultivo-cafe","39":"cultivo-damasco","40":"cultivo-alho","41":"cultivo-cana-de-acucar","42":"cultivo-amendoeira","43":"cultivo-extensivos","44":"cultivo-melao","45":"cultivo-carambola","46":"cultivo-lima","47":"cultivo-beringela","48":"cultivo-maca-para-o-creme","49":"cultivo-avela","50":"cultivo-parques-e-jardins","51":"cultivo-nabo","52":"cultivo-coco","53":"cultivo-mandarino","54":"cultivo-batata-doce","55":"cultivo-frutos-vermelhos-bagas","56":"cultivo-caqui","57":"cultivo-batata","58":"cultivo-manzano","59":"cultivo-goiaba","60":"cultivo-brocolos","61":"cultivo-castanha","62":"cultivo-lichia","63":"cultivo-pepino","64":"cultivo-pessego","65":"cultivo-pega-2","66":"cultivo-abobrinha","67":"cultivo-cereja","68":"cultivo-maracuja","69":"cultivo-pimenta","70":"cultivo-membrillero","71":"cultivo-papaia","72":"cultivo-abobora","73":"cultivo-ameixa","74":"cultivo-ananas","75":"cultivo-alho-porro","76":"cultivo-laranjeira","77":"cultivo-cebola","78":"cultivo-clementino","79":"cultivo-rabanete","80":"cultivo-nectarina","81":"cultivo-col","82":"cultivo-roma","83":"cultivo-beterraba","84":"cultivo-noz","85":"cultivo-couves-de-bruxelas","86":"cultivo-higuera","87":"cultivo-rucula","88":"cultivo-oliveira","89":"cultivo-couve-flor","90":"cultivo-melancia","91":"cultivo-endivia","92":"cultivo-soja-verde","93":"ecologico-sim","94":"medioambiente-eficiencia-na-utilizacao-de-nutrientes","95":"solucion-deficiencia-de-k","96":"solucion-aumenta-a-qualidade-dos-frutos","97":"solucion-frutos-que-engordam","98":"tipo-de-aplicacion-fertirrigacao","99":"tipo-de-aplicacion-foliar","100":"product_cat-corretor-de-deficiencias","102":"first","103":"instock","104":"shipping-taxable","105":"product-type-simple"},"acf":[],"_links":{"self":[{"href":"https:\/\/labin.net\/pt-pt\/wp-json\/wp\/v2\/product\/38932","targetHints":{"allow":["GET"]}}],"collection":[{"href":"https:\/\/labin.net\/pt-pt\/wp-json\/wp\/v2\/product"}],"about":[{"href":"https:\/\/labin.net\/pt-pt\/wp-json\/wp\/v2\/types\/product"}],"replies":[{"embeddable":true,"href":"https:\/\/labin.net\/pt-pt\/wp-json\/wp\/v2\/comments?post=38932"}],"wp:featuredmedia":[{"embeddable":true,"href":"https:\/\/labin.net\/pt-pt\/wp-json\/wp\/v2\/media\/38935"}],"wp:attachment":[{"href":"https:\/\/labin.net\/pt-pt\/wp-json\/wp\/v2\/media?parent=38932"}],"wp:term":[{"taxonomy":"cultivo","embeddable":true,"href":"https:\/\/labin.net\/pt-pt\/wp-json\/wp\/v2\/cultivo?post=38932"},{"taxonomy":"ecologico","embeddable":true,"href":"https:\/\/labin.net\/pt-pt\/wp-json\/wp\/v2\/ecologico?post=38932"},{"taxonomy":"medioambiente","embeddable":true,"href":"https:\/\/labin.net\/pt-pt\/wp-json\/wp\/v2\/medioambiente?post=38932"},{"taxonomy":"solucion","embeddable":true,"href":"https:\/\/labin.net\/pt-pt\/wp-json\/wp\/v2\/solucion?post=38932"},{"taxonomy":"tipo-de-aplicacion","embeddable":true,"href":"https:\/\/labin.net\/pt-pt\/wp-json\/wp\/v2\/tipo-de-aplicacion?post=38932"},{"taxonomy":"product_brand","embeddable":true,"href":"https:\/\/labin.net\/pt-pt\/wp-json\/wp\/v2\/product_brand?post=38932"},{"taxonomy":"product_cat","embeddable":true,"href":"https:\/\/labin.net\/pt-pt\/wp-json\/wp\/v2\/product_cat?post=38932"},{"taxonomy":"product_tag","embeddable":true,"href":"https:\/\/labin.net\/pt-pt\/wp-json\/wp\/v2\/product_tag?post=38932"}],"curies":[{"name":"wp","href":"https:\/\/api.w.org\/{rel}","templated":true}]}}