{"id":38927,"date":"2025-12-05T11:01:18","date_gmt":"2025-12-05T11:01:18","guid":{"rendered":"https:\/\/labin.net\/producto\/labifol-potassio-50-v\/"},"modified":"2025-12-05T11:01:18","modified_gmt":"2025-12-05T11:01:18","slug":"labifol-potassio-50-v","status":"publish","type":"product","link":"https:\/\/labin.net\/pt-pt\/producto\/labifol-potassio-50-v\/","title":{"rendered":"LABIFOL POT\u00c1SSIO 50 V"},"content":{"rendered":"<p>Adubo l\u00edquido esverdeado com elevado teor de pot\u00e1ssio, misc\u00edvel com a \u00e1gua e totalmente assimil\u00e1vel, especialmente indicado para os per\u00edodos de crescimento e matura\u00e7\u00e3o dos frutos.<br \/>\n<strong>LABIFOL POT\u00c1SSIO 50 V<\/strong> \u00e9 enriquecido com amino\u00e1cidos e cobre para tornar o pot\u00e1ssio mais ativo, eficaz e transloc\u00e1vel na planta.<br \/>\nCom este produto conseguimos aumentar o tamanho e o teor de a\u00e7\u00facares, facilitando uma correta matura\u00e7\u00e3o e melhorando as carater\u00edsticas organol\u00e9pticas do fruto.<br \/>\nNo caso da oliveira, tamb\u00e9m aumenta o teor de gordura e, portanto, o rendimento da colheita.<\/p>\n","protected":false},"excerpt":{"rendered":"<ul>\n<li>Alto teor de pot\u00e1ssio (50% p\/v)<\/li>\n<li>Aumenta a assimila\u00e7\u00e3o e a transloca\u00e7\u00e3o<\/li>\n<li>Melhoria da matura\u00e7\u00e3o e da engorda<\/li>\n<li>Maior teor de a\u00e7\u00facar<\/li>\n<li>Aplic\u00e1vel por aplica\u00e7\u00e3o foliar e radicular<\/li>\n<\/ul>\n","protected":false},"featured_media":38929,"comment_status":"closed","ping_status":"closed","template":"","meta":{"_acf_changed":false},"cultivo":[1091,1107,1059,1125,1129,1123,1075,1092,1126,1130,1108,1060,1061,1127,1131,1124,1044,1076,1093,1128,1109,1077,1062,1045,1094,1110,1078,1095,1063,1079,1046,1111,1064,1049,1096,1080,1050,1047,1112,1065,1066,1051,1097,1081,1067,1048,1113,1082,1083,1052,1098,1068,1084,1114,1053,1085,1099,1069,1087,1115,1100,1054,1088,1116,1070,1089,1101,1055,1090,1117,1071,1102,1056,1118,1072,1103,1057,1119,1073,1104,1058,1120,1074,1105,1121,1106,1122],"ecologico":[1132],"medioambiente":[1133],"solucion":[1135,1136],"tipo-de-aplicacion":[1137,1138],"product_brand":[],"product_cat":[1134],"product_tag":[],"class_list":{"0":"post-38927","1":"product","2":"type-product","3":"status-publish","4":"has-post-thumbnail","6":"cultivo-pitahaya","7":"cultivo-espinafres","8":"cultivo-kiwi","9":"cultivo-cereais","10":"cultivo-arvores-ornamentais","11":"cultivo-tomate","12":"cultivo-videira-ornamental","13":"cultivo-tamarindo","14":"cultivo-forragem-e-pastagem","15":"cultivo-cespedes","16":"cultivo-ervilha","17":"cultivo-limoeiro","18":"cultivo-abacate","19":"cultivo-leguminosas-extensivas","20":"cultivo-flores","21":"cultivo-cenoura","22":"cultivo-arvores-de-fruto","23":"cultivo-peral","24":"cultivo-cha","25":"cultivo-sementes-oleaginosas","26":"cultivo-feijao-tenro","27":"cultivo-pistachio","28":"cultivo-banana-banana-da-terra","29":"cultivo-tropical","30":"cultivo-mandioca","31":"cultivo-feijao-verde","32":"cultivo-toranja","33":"cultivo-acelga","34":"cultivo-cacau","35":"cultivo-videira","36":"cultivo-horticultura","37":"cultivo-alface","38":"cultivo-cafe","39":"cultivo-damasco","40":"cultivo-alho","41":"cultivo-cana-de-acucar","42":"cultivo-amendoeira","43":"cultivo-extensivos","44":"cultivo-melao","45":"cultivo-carambola","46":"cultivo-lima","47":"cultivo-avela","48":"cultivo-beringela","49":"cultivo-maca-para-o-creme","50":"cultivo-mandarino","51":"cultivo-parques-e-jardins","52":"cultivo-nabo","53":"cultivo-coco","54":"cultivo-frutos-vermelhos-bagas","55":"cultivo-caqui","56":"cultivo-batata-doce","57":"cultivo-manzano","58":"cultivo-goiaba","59":"cultivo-batata","60":"cultivo-castanha","61":"cultivo-lichia","62":"cultivo-brocolos","63":"cultivo-pessego","64":"cultivo-pega-2","65":"cultivo-pepino","66":"cultivo-abobrinha","67":"cultivo-cereja","68":"cultivo-maracuja","69":"cultivo-pimenta","70":"cultivo-membrillero","71":"cultivo-papaia","72":"cultivo-abobora","73":"cultivo-ameixa","74":"cultivo-ananas","75":"cultivo-alho-porro","76":"cultivo-laranjeira","77":"cultivo-cebola","78":"cultivo-clementino","79":"cultivo-rabanete","80":"cultivo-nectarina","81":"cultivo-col","82":"cultivo-roma","83":"cultivo-beterraba","84":"cultivo-noz","85":"cultivo-couves-de-bruxelas","86":"cultivo-higuera","87":"cultivo-rucula","88":"cultivo-oliveira","89":"cultivo-couve-flor","90":"cultivo-melancia","91":"cultivo-endivia","92":"cultivo-soja-verde","93":"ecologico-nao","94":"medioambiente-eficiencia-na-utilizacao-de-nutrientes","95":"solucion-p-deficiencia","96":"solucion-frutos-que-engordam","97":"tipo-de-aplicacion-foliar","98":"tipo-de-aplicacion-fertirrigacao","99":"product_cat-corretor-de-deficiencias","101":"first","102":"instock","103":"shipping-taxable","104":"product-type-simple"},"acf":[],"_links":{"self":[{"href":"https:\/\/labin.net\/pt-pt\/wp-json\/wp\/v2\/product\/38927","targetHints":{"allow":["GET"]}}],"collection":[{"href":"https:\/\/labin.net\/pt-pt\/wp-json\/wp\/v2\/product"}],"about":[{"href":"https:\/\/labin.net\/pt-pt\/wp-json\/wp\/v2\/types\/product"}],"replies":[{"embeddable":true,"href":"https:\/\/labin.net\/pt-pt\/wp-json\/wp\/v2\/comments?post=38927"}],"wp:featuredmedia":[{"embeddable":true,"href":"https:\/\/labin.net\/pt-pt\/wp-json\/wp\/v2\/media\/38929"}],"wp:attachment":[{"href":"https:\/\/labin.net\/pt-pt\/wp-json\/wp\/v2\/media?parent=38927"}],"wp:term":[{"taxonomy":"cultivo","embeddable":true,"href":"https:\/\/labin.net\/pt-pt\/wp-json\/wp\/v2\/cultivo?post=38927"},{"taxonomy":"ecologico","embeddable":true,"href":"https:\/\/labin.net\/pt-pt\/wp-json\/wp\/v2\/ecologico?post=38927"},{"taxonomy":"medioambiente","embeddable":true,"href":"https:\/\/labin.net\/pt-pt\/wp-json\/wp\/v2\/medioambiente?post=38927"},{"taxonomy":"solucion","embeddable":true,"href":"https:\/\/labin.net\/pt-pt\/wp-json\/wp\/v2\/solucion?post=38927"},{"taxonomy":"tipo-de-aplicacion","embeddable":true,"href":"https:\/\/labin.net\/pt-pt\/wp-json\/wp\/v2\/tipo-de-aplicacion?post=38927"},{"taxonomy":"product_brand","embeddable":true,"href":"https:\/\/labin.net\/pt-pt\/wp-json\/wp\/v2\/product_brand?post=38927"},{"taxonomy":"product_cat","embeddable":true,"href":"https:\/\/labin.net\/pt-pt\/wp-json\/wp\/v2\/product_cat?post=38927"},{"taxonomy":"product_tag","embeddable":true,"href":"https:\/\/labin.net\/pt-pt\/wp-json\/wp\/v2\/product_tag?post=38927"}],"curies":[{"name":"wp","href":"https:\/\/api.w.org\/{rel}","templated":true}]}}