{"id":39109,"date":"2026-01-20T07:56:19","date_gmt":"2026-01-20T07:56:19","guid":{"rendered":"https:\/\/labin.net\/politica-de-redes-sociais\/"},"modified":"2026-03-10T09:49:25","modified_gmt":"2026-03-10T09:49:25","slug":"politica-de-redes-sociais","status":"publish","type":"page","link":"https:\/\/labin.net\/pt-pt\/politica-de-redes-sociais\/","title":{"rendered":"Pol\u00edtica de redes sociais"},"content":{"rendered":"\t\t<div data-elementor-type=\"wp-page\" data-elementor-id=\"39109\" class=\"elementor elementor-39109 elementor-38102\" data-elementor-post-type=\"page\">\n\t\t\t\t<div class=\"elementor-element elementor-element-24c4057 e-flex e-con-boxed kitify-col-width-auto-no ignore-docs-style-no kitify-disable-relative-no e-root-container elementor-top-section e-con e-parent\" data-id=\"24c4057\" data-element_type=\"container\">\n\t\t\t\t\t<div class=\"e-con-inner\">\n\t\t\t\t<div class=\"elementor-element elementor-element-ccccce9 elementor-invisible kitify-has-entrance-animation elementor-widget elementor-widget-heading\" data-id=\"ccccce9\" data-element_type=\"widget\" data-settings=\"{&quot;_animation&quot;:&quot;kitifyShortFadeInUp&quot;}\" data-widget_type=\"heading.default\">\n\t\t\t\t<div class=\"elementor-widget-container\">\n\t\t\t\t\t<h2 class=\"elementor-heading-title elementor-size-default\">Pol\u00edtica de redes sociais<\/h2>\t\t\t\t<\/div>\n\t\t\t\t<\/div>\n\t\t\t\t\t<\/div>\n\t\t\t\t<\/div>\n\t\t<div class=\"elementor-element elementor-element-8c3a5aa e-flex e-con-boxed kitify-col-width-auto-no ignore-docs-style-no kitify-disable-relative-no e-root-container elementor-top-section e-con e-parent\" data-id=\"8c3a5aa\" data-element_type=\"container\">\n\t\t\t\t\t<div class=\"e-con-inner\">\n\t\t<div class=\"elementor-element elementor-element-2ed0096 e-con-full e-flex kitify-col-width-auto-no ignore-docs-style-no kitify-disable-relative-no e-con e-child\" data-id=\"2ed0096\" data-element_type=\"container\">\n\t\t\t\t<div class=\"elementor-element elementor-element-10c3a28 elementor-widget elementor-widget-text-editor\" data-id=\"10c3a28\" data-element_type=\"widget\" data-widget_type=\"text-editor.default\">\n\t\t\t\t<div class=\"elementor-widget-container\">\n\t\t\t\t\t\t\t\t\t<p><strong>1. informa\u00e7\u00e3o sobre o respons\u00e1vel pelo tratamento dos dados armazenados na p\u00e1gina oficial da PRODUCTOS AGR\u00cdCOLAS MACASA, SL, na rede social<\/strong><\/p><p>De acordo com o dever de informa\u00e7\u00e3o estabelecido no Regulamento (UE) 2016\/679 de 27 de abril (GDPR) e na Lei Org\u00e2nica 3\/2018, de 5 de dezembro (LOPDGDD) <strong>PRODUCTOS AGR\u00cdCOLAS MACASA, SL,<\/strong> doravante o Controlador deseja informar os utilizadores desta rede social da pol\u00edtica relativa ao tratamento e prote\u00e7\u00e3o de dados pessoais das pessoas que voluntariamente acedem e utilizam a p\u00e1gina oficial do<strong> RESPONS\u00c1VEL,<\/strong> no mesmo. Ao aceder e utilizar esta p\u00e1gina oficial do<strong> RESPONS\u00c1VEL,<\/strong> os utilizadores aceitam expressamente esta pol\u00edtica de privacidade e consentem no tratamento dos seus dados pessoais de acordo com as disposi\u00e7\u00f5es da mesma. <\/p><p><strong>2. Dados de menores ou de pessoas incapazes<\/strong><\/p><p>O acesso e registo nesta rede social \u00e9 proibido a menores de catorze (14) anos de idade, pelo que tamb\u00e9m \u00e9 proibido o acesso e utiliza\u00e7\u00e3o por menores de catorze (14) anos \u00e0 p\u00e1gina oficial<strong> do RESPONS\u00c1VEL<\/strong> na mesma. Por sua vez, se o utilizador for incapaz, o <strong>RESPONS\u00c1VEL,<\/strong> adverte que ser\u00e1 necess\u00e1ria a assist\u00eancia consentida do titular do poder paternal ou tutela do utilizador ou do seu representante legal para o acesso e utiliza\u00e7\u00e3o desta p\u00e1gina oficial do <strong>RESPONS\u00c1VEL,<\/strong> ficando este expressamente exonerado de qualquer responsabilidade que possa derivar da utiliza\u00e7\u00e3o da sua p\u00e1gina oficial por menores e incapazes, sendo tal responsabilidade da responsabilidade dos seus representantes legais em cada caso.  <\/p><p><strong>3. Identifica\u00e7\u00e3o do nome do respons\u00e1vel pelo tratamento<\/strong><\/p><p>Informa-se o utilizador de que o <strong>RESPONS\u00c1VEL,<\/strong> com sede social em <strong>C\/ Alemanya, 10 - 08700 IGUALADA (Barcelona)<\/strong>, \u00e9 o respons\u00e1vel pelos ficheiros e tratamentos atrav\u00e9s dos quais se recolhem e armazenam os dados pessoais do utilizador como consequ\u00eancia do registo e utiliza\u00e7\u00e3o da p\u00e1gina oficial<strong> do RESPONS\u00c1VEL<\/strong> nesta rede social, sem preju\u00edzo do tratamento pelo qual \u00e9 respons\u00e1vel o propriet\u00e1rio da rede social em que se encontra a nossa p\u00e1gina oficial.<\/p><p><strong>4. Finalidades para as quais os dados pessoais s\u00e3o utilizados, informa\u00e7\u00e3o e consentimento<\/strong><\/p><p>Os dados pessoais facultados voluntariamente pelo utilizador ao <strong>RESPONS\u00c1VEL,<\/strong> atrav\u00e9s do seu s\u00edtio Web oficial, far\u00e3o parte de um tratamento de dados da responsabilidade do <strong>RESPONS\u00c1VEL,<\/strong> com a finalidade de oferecer informa\u00e7\u00e3o do <strong>RESPONS\u00c1VEL,<\/strong> atrav\u00e9s de correio eletr\u00f3nico, fax, SMS, MMS, comunidades sociais ou qualquer outro meio eletr\u00f3nico ou f\u00edsico, presente ou futuro, que permita a comunica\u00e7\u00e3o comercial, o envio de newsletters aos utilizadores que as subscrevam, o interc\u00e2mbio de informa\u00e7\u00e3o com o <strong>RESPONS\u00c1VEL<\/strong> e outros utilizadores e o estabelecimento de comunica\u00e7\u00e3o com terceiros.<\/p><p>A partir do momento em que o utilizador utiliza este s\u00edtio Web oficial, d\u00e1 o seu consentimento livre, inequ\u00edvoco, espec\u00edfico, informado e expresso para o tratamento dos seus dados pessoais pelo <strong>RESPONS\u00c1VEL,<\/strong> para a correta presta\u00e7\u00e3o desses servi\u00e7os de acordo com as disposi\u00e7\u00f5es da presente pol\u00edtica.<\/p><p>O utilizador \u00e9 livre de utilizar a p\u00e1gina oficial do <strong>RESPONS\u00c1VEL,<\/strong> nesta rede social, pelo que, caso o utilizador n\u00e3o concorde com o tratamento dos seus dados para tais fins, n\u00e3o dever\u00e1 utiliz\u00e1-la nem fornecer os seus dados pessoais.<\/p><p>Atrav\u00e9s desta p\u00e1gina oficial do <strong>RESPONS\u00c1VEL,<\/strong> o utilizador pode partilhar textos, fotografias, v\u00eddeos e outro tipo de informa\u00e7\u00e3o e\/ou conte\u00fados que estar\u00e3o sujeitos tanto a esta pol\u00edtica como \u00e0s Regras e Condi\u00e7\u00f5es da Plataforma. O utilizador \u00e9 respons\u00e1vel por garantir que todos os conte\u00fados publicados por ele cumprem a legisla\u00e7\u00e3o em vigor, esta pol\u00edtica e as Regras da Plataforma. <\/p><p>O utilizador s\u00f3 poder\u00e1 publicar neste s\u00edtio oficial do <strong>RESPONS\u00c1VEL<\/strong> dados pessoais, fotografias e informa\u00e7\u00f5es ou outros conte\u00fados cuja titularidade e propriedade lhe perten\u00e7am ou para os quais tenha autoriza\u00e7\u00e3o de terceiros.<\/p><p>O <strong>RESPONS\u00c1VEL,<\/strong> ter\u00e1 o direito de retirar deste s\u00edtio Web oficial - de forma unilateral e sem comunica\u00e7\u00e3o ou autoriza\u00e7\u00e3o pr\u00e9via do utilizador - qualquer conte\u00fado publicado pelo utilizador quando este infrinja ou viole a legisla\u00e7\u00e3o vigente, as normas estabelecidas na presente pol\u00edtica e as Regras da Plataforma.<\/p><p><strong>5. Identifica\u00e7\u00e3o dos destinat\u00e1rios para os quais o RESPONS\u00c1VEL tenciona transferir ou comunicar dados<\/strong><\/p><p>Avisa-se o utilizador que toda a informa\u00e7\u00e3o e conte\u00fados publicados na p\u00e1gina oficial <strong>do RESPONS\u00c1VEL<\/strong> na rede social podem ser conhecidos por outros utilizadores da p\u00e1gina oficial e da plataforma da rede social. Consequentemente, todas as informa\u00e7\u00f5es e conte\u00fados publicados pelo utilizador na p\u00e1gina oficial <strong>da RESPONS\u00c1VEL<\/strong> nesta rede social ser\u00e3o comunicados ao resto dos utilizadores devido \u00e0 natureza do servi\u00e7o. <\/p><p>O <strong>RESPONS\u00c1VEL<\/strong> s\u00f3 pretende efetuar transfer\u00eancias ou comunica\u00e7\u00f5es de dados que, de acordo com a regulamenta\u00e7\u00e3o em vigor, devam ser feitas a ju\u00edzes, tribunais, administra\u00e7\u00f5es p\u00fablicas e autoridades competentes de natureza administrativa.<\/p><p><strong>6. Outros prestadores de servi\u00e7os terceiros<\/strong><\/p><p>O <strong>RESPONS\u00c1VEL,<\/strong> adverte o utilizador que esta entidade \u00e9 a \u00fanica respons\u00e1vel e garante a confidencialidade, seguran\u00e7a e tratamento de dados de acordo com esta pol\u00edtica, no que diz respeito aos dados pessoais recolhidos do utilizador atrav\u00e9s desta p\u00e1gina oficial nesta rede social, n\u00e3o ter\u00e1 qualquer responsabilidade relativamente ao tratamento e posterior utiliza\u00e7\u00e3o dos dados pessoais que possam ser efectuados tanto pelo propriet\u00e1rio da rede social como por terceiros prestadores de servi\u00e7os da sociedade da informa\u00e7\u00e3o que possam aceder a esses dados em consequ\u00eancia da presta\u00e7\u00e3o dos seus servi\u00e7os ou do exerc\u00edcio da sua atividade, terceiros que estabele\u00e7am hiperliga\u00e7\u00f5es para a rede social, ou os respons\u00e1veis a quem, atrav\u00e9s de hiperliga\u00e7\u00f5es, o <strong>RESPONS\u00c1VEL<\/strong> remeta os utilizadores membros desta p\u00e1gina oficial.<\/p><p><strong>7. Qualidade dos dados<\/strong><\/p><p>O <strong>RESPONS\u00c1VEL,<\/strong> avisa o utilizador que, salvo a exist\u00eancia de uma representa\u00e7\u00e3o legalmente constitu\u00edda, nenhum utilizador pode utilizar a identidade de outra pessoa e comunicar os seus dados pessoais,<\/p><p>Por isso, o utilizador deve ter sempre presente que s\u00f3 pode facultar dados pessoais que correspondam \u00e0 sua pr\u00f3pria identidade e que sejam adequados, pertinentes, actuais, exactos e verdadeiros. Em qualquer caso, o utilizador deve respeitar a privacidade de terceiros, sejam ou n\u00e3o utilizadores da rede social ou da p\u00e1gina oficial da <strong>RESPONSABILITY<\/strong> na mesma. <\/p><p><strong>8<\/strong>. <strong>Direitos da parte interessada:<\/strong><\/p><ul><li>Direito de retirar o consentimento em qualquer altura.<\/li><li>O direito de acesso, retifica\u00e7\u00e3o, portabilidade e apagamento dos teus dados e o direito de limitar ou opor-se ao seu tratamento.<\/li><li>O direito de apresentar uma queixa \u00e0 autoridade de controlo (www.aepd.es.) se considerares que o tratamento n\u00e3o est\u00e1 em conformidade com a regulamenta\u00e7\u00e3o em vigor.  <\/li><\/ul><p><strong>9. Outras informa\u00e7\u00f5es relevantes<\/strong><\/p><p>O <strong>RESPONS\u00c1VEL,<\/strong> pode modificar e\/ou substituir esta pol\u00edtica em qualquer momento, o que, dependendo do caso, substituir\u00e1, completar\u00e1 e\/ou modificar\u00e1 a pol\u00edtica atualmente publicada aqui. Por isso, o utilizador deve aceder periodicamente \u00e0s mesmas para se manter atualizado.   <\/p><p>O utilizador pode contactar o <strong>RESPONS\u00c1VEL,<\/strong> atrav\u00e9s do servi\u00e7o de mensagens interno da rede social ou atrav\u00e9s dos seguintes endere\u00e7os e dados de contacto:<\/p><p><strong>PRODUCTOS AGR\u00cdCOLAS MACASA, SL<\/strong><\/p><p>C\/ Alemanya, 10 - 08700 IGUALADA (Barcelona)<\/p><p>administracio@macasa.es<\/p><p>O utilizador pode tamb\u00e9m consultar as regras e pol\u00edticas publicadas pelo propriet\u00e1rio da rede social para a utiliza\u00e7\u00e3o da mesma.<\/p>\t\t\t\t\t\t\t\t<\/div>\n\t\t\t\t<\/div>\n\t\t\t\t<\/div>\n\t\t\t\t\t<\/div>\n\t\t\t\t<\/div>\n\t\t\t\t<\/div>\n\t\t","protected":false},"excerpt":{"rendered":"<p>Pol\u00edtica de redes sociais 1. informa\u00e7\u00e3o sobre o respons\u00e1vel pelo tratamento dos dados armazenados na p\u00e1gina oficial da PRODUCTOS AGR\u00cdCOLAS MACASA, SL, na rede social De acordo com o dever de informa\u00e7\u00e3o estabelecido no Regulamento (UE) 2016\/679 de 27 de abril (GDPR) e na Lei Org\u00e2nica 3\/2018, de 5 de dezembro (LOPDGDD) PRODUCTOS AGR\u00cdCOLAS MACASA, SL, doravante o Controlador deseja\u2026<\/p>\n","protected":false},"author":1,"featured_media":0,"parent":0,"menu_order":0,"comment_status":"closed","ping_status":"closed","template":"","meta":{"_acf_changed":false,"footnotes":""},"class_list":["post-39109","page","type-page","status-publish","hentry"],"acf":[],"_links":{"self":[{"href":"https:\/\/labin.net\/pt-pt\/wp-json\/wp\/v2\/pages\/39109","targetHints":{"allow":["GET"]}}],"collection":[{"href":"https:\/\/labin.net\/pt-pt\/wp-json\/wp\/v2\/pages"}],"about":[{"href":"https:\/\/labin.net\/pt-pt\/wp-json\/wp\/v2\/types\/page"}],"author":[{"embeddable":true,"href":"https:\/\/labin.net\/pt-pt\/wp-json\/wp\/v2\/users\/1"}],"replies":[{"embeddable":true,"href":"https:\/\/labin.net\/pt-pt\/wp-json\/wp\/v2\/comments?post=39109"}],"version-history":[{"count":1,"href":"https:\/\/labin.net\/pt-pt\/wp-json\/wp\/v2\/pages\/39109\/revisions"}],"predecessor-version":[{"id":39111,"href":"https:\/\/labin.net\/pt-pt\/wp-json\/wp\/v2\/pages\/39109\/revisions\/39111"}],"wp:attachment":[{"href":"https:\/\/labin.net\/pt-pt\/wp-json\/wp\/v2\/media?parent=39109"}],"curies":[{"name":"wp","href":"https:\/\/api.w.org\/{rel}","templated":true}]}}