{"id":38981,"date":"2026-01-20T07:56:48","date_gmt":"2026-01-20T07:56:48","guid":{"rendered":"https:\/\/labin.net\/politica-de-privacidade-da-web\/"},"modified":"2026-03-10T09:47:26","modified_gmt":"2026-03-10T09:47:26","slug":"politica-de-privacidade-da-web","status":"publish","type":"page","link":"https:\/\/labin.net\/pt-pt\/politica-de-privacidade-da-web\/","title":{"rendered":"Pol\u00edtica de privacidade da Web"},"content":{"rendered":"\t\t<div data-elementor-type=\"wp-page\" data-elementor-id=\"38981\" class=\"elementor elementor-38981 elementor-38104\" data-elementor-post-type=\"page\">\n\t\t\t\t<div class=\"elementor-element elementor-element-24c4057 e-flex e-con-boxed kitify-col-width-auto-no ignore-docs-style-no kitify-disable-relative-no e-root-container elementor-top-section e-con e-parent\" data-id=\"24c4057\" data-element_type=\"container\">\n\t\t\t\t\t<div class=\"e-con-inner\">\n\t\t\t\t<div class=\"elementor-element elementor-element-ccccce9 elementor-invisible kitify-has-entrance-animation elementor-widget elementor-widget-heading\" data-id=\"ccccce9\" data-element_type=\"widget\" data-settings=\"{&quot;_animation&quot;:&quot;kitifyShortFadeInUp&quot;}\" data-widget_type=\"heading.default\">\n\t\t\t\t<div class=\"elementor-widget-container\">\n\t\t\t\t\t<h2 class=\"elementor-heading-title elementor-size-default\">Pol\u00edtica de privacidade da Web<\/h2>\t\t\t\t<\/div>\n\t\t\t\t<\/div>\n\t\t\t\t\t<\/div>\n\t\t\t\t<\/div>\n\t\t<div class=\"elementor-element elementor-element-8c3a5aa e-flex e-con-boxed kitify-col-width-auto-no ignore-docs-style-no kitify-disable-relative-no e-root-container elementor-top-section e-con e-parent\" data-id=\"8c3a5aa\" data-element_type=\"container\">\n\t\t\t\t\t<div class=\"e-con-inner\">\n\t\t<div class=\"elementor-element elementor-element-2ed0096 e-con-full e-flex kitify-col-width-auto-no ignore-docs-style-no kitify-disable-relative-no e-con e-child\" data-id=\"2ed0096\" data-element_type=\"container\">\n\t\t\t\t<div class=\"elementor-element elementor-element-10c3a28 elementor-widget elementor-widget-text-editor\" data-id=\"10c3a28\" data-element_type=\"widget\" data-widget_type=\"text-editor.default\">\n\t\t\t\t<div class=\"elementor-widget-container\">\n\t\t\t\t\t\t\t\t\t<p><strong>Controlador de dados<\/strong><\/p><p>A empresa respons\u00e1vel pelo tratamento dos teus dados ao abrigo da presente Pol\u00edtica de Privacidade \u00e9:<\/p><p>LABIN PRODUCTS, SL<\/p><p>N.\u00ba DE IVA: B60016219  <\/p><p>Endere\u00e7o: C\/ Alemanya, 10 - 08700 IGUALADA (Barcelona)<\/p><p>Endere\u00e7o de correio eletr\u00f3nico: administracio@macasa.es<\/p><p>Web: www.labin.net www.macasajardin.com www.labin-nutrition.fr<\/p><p>Telefone: 938031966<\/p><p>Inscrito no Registo Comercial de Barcelona, F\u00f3lio 51, Tomo 21987, Folha B-30538, 1\u00aa Inscri\u00e7\u00e3o.<\/p><p>Na PRODUCTOS LABIN, SL, reconhecemos a import\u00e2ncia de proteger os teus dados pessoais e comprometemo-nos a trat\u00e1-los de forma respons\u00e1vel e de acordo com a legisla\u00e7\u00e3o de prote\u00e7\u00e3o de dados.<\/p><p>Esta pol\u00edtica de privacidade tem como objetivo regular todos os aspectos relacionados com o tratamento de dados dos diferentes utilizadores que navegam ou fornecem os seus dados pessoais atrav\u00e9s dos diferentes formul\u00e1rios localizados no site.<\/p><p><strong>Dados pessoais<\/strong><\/p><p>Os dados pessoais s\u00e3o informa\u00e7\u00f5es que te identificam ou te tornam identific\u00e1vel. Atrav\u00e9s do s\u00edtio Web, nas caixas previstas para o efeito, recolhemos os dados pessoais que o utilizador nos comunica: nome, apelido, endere\u00e7o de correio eletr\u00f3nico, n\u00famero de telefone, endere\u00e7o postal, localidade, etc. <\/p><p>A visita do utilizador ao s\u00edtio web n\u00e3o implica que tenha de fornecer qualquer informa\u00e7\u00e3o sobre os seus dados pessoais. No entanto, no caso de os forneceres, os dados ser\u00e3o tratados de forma l\u00edcita, sempre sujeitos aos princ\u00edpios e direitos estabelecidos no RGPD 2016\/679 de 27 de abril de 2016 e na LOPDGDD 3\/2018 de 5 de dezembro. <\/p><p><strong>Finalidade, dura\u00e7\u00e3o e legitimidade do tratamento<\/strong>:<\/p><p>Os dados fornecidos pelo utilizador ser\u00e3o processados por n\u00f3s para os seguintes fins:<\/p><ul><li>Para dar resposta ao pedido ou \u00e0 solicita\u00e7\u00e3o feita pelo utilizador atrav\u00e9s do <strong>formul\u00e1rio de contacto <\/strong>situado no s\u00edtio Web. Recolhemos e tratamos os dados pessoais do utilizador para processar e gerir o seu pedido, consulta ou qualquer pedido efectuado atrav\u00e9s deste formul\u00e1rio. Conservaremos estes dados durante o tempo necess\u00e1rio para dar resposta ao teu pedido e durante o tempo estabelecido por lei, com uma dura\u00e7\u00e3o m\u00ednima de 3 anos.  <\/li><\/ul><p>A base da legitimidade do tratamento dos dados ser\u00e1 o consentimento dado pelo utilizador ao assinalar a caixa de aceita\u00e7\u00e3o da nossa pol\u00edtica de privacidade antes de enviar o pedido. O utilizador tem o direito de revogar o seu consentimento a qualquer momento, sem afetar a legalidade do tratamento baseado no consentimento anterior \u00e0 sua retirada. <\/p><ul><li>Enviar <strong>boletins e newsletters<\/strong> sobre os produtos PRODUCTOS LABIN, SL. Com o consentimento do utilizador, recolhemos e tratamos os seus dados pessoais com a finalidade de lhe enviar informa\u00e7\u00e3o sobre os nossos produtos e servi\u00e7os. Conservaremos estes dados enquanto o utilizador n\u00e3o revogar o seu consentimento para o tratamento dos mesmos e durante o tempo estabelecido por lei com uma dura\u00e7\u00e3o m\u00ednima de 3 anos. <\/li><\/ul><p>A base de legitimidade do tratamento de dados ser\u00e1 o consentimento dado pelo utilizador ao selecionar a caixa de aceita\u00e7\u00e3o da nossa pol\u00edtica de privacidade antes de subscrever a newsletter no formul\u00e1rio previsto para o efeito no s\u00edtio Web. O utilizador tem o direito de revogar o seu consentimento a qualquer momento sem afetar a legalidade do tratamento baseado no consentimento anterior \u00e0 sua retirada. <\/p><ul><li>Para se registar como \"utilizador registado\" atrav\u00e9s do <strong>formul\u00e1rio de registo<\/strong> localizado no site, o que permitir\u00e1 ao utilizador aceder \u00e0 sua \u00e1rea de servi\u00e7o privada e inform\u00e1-lo das nossas actividades, podendo enviar-lhe comunica\u00e7\u00f5es comerciais por qualquer meio eletr\u00f3nico sobre novidades dos nossos servi\u00e7os. Conservaremos estes dados enquanto o utilizador n\u00e3o solicitar o cancelamento do seu registo e durante o tempo estabelecido por lei, com uma dura\u00e7\u00e3o m\u00ednima de 3 anos. <\/li><\/ul><p>A base de legitimidade do tratamento de dados ser\u00e1 o consentimento dado pelo utilizador ao registar-se atrav\u00e9s do formul\u00e1rio de registo e ao selecionar a caixa de aceita\u00e7\u00e3o da nossa pol\u00edtica de privacidade antes de submeter o seu pedido. O utilizador tem o direito de revogar o seu consentimento em qualquer altura sem afetar a legalidade do tratamento baseado no consentimento anterior \u00e0 sua retirada. <\/p><ul><li>Gerir as <strong>experi\u00eancias ou opini\u00f5es<\/strong> sobre os produtos e\/ou servi\u00e7os atrav\u00e9s de testemunhos de utilizadores que ser\u00e3o publicados no site e assim poder ajudar outros utilizadores. Os dados pessoais que ser\u00e3o publicados nos testemunhos ser\u00e3o o nome, apelido e cidade do utilizador. Conservaremos os dados fornecidos enquanto o utilizador n\u00e3o solicitar a sua revoga\u00e7\u00e3o e durante o tempo estabelecido por lei, com uma dura\u00e7\u00e3o m\u00ednima de 3 anos.  <\/li><\/ul><p>A base de legitimidade do tratamento dos dados ser\u00e1 o consentimento dado pelo utilizador ao registar-se atrav\u00e9s do formul\u00e1rio previsto para o efeito no s\u00edtio Web e ao selecionar a caixa de aceita\u00e7\u00e3o da nossa pol\u00edtica de privacidade antes de enviar o seu pedido.<\/p><ul><li>Para melhorar a tua experi\u00eancia de navega\u00e7\u00e3o no site. Conservaremos estes dados enquanto o utilizador n\u00e3o revogar o seu consentimento para o tratamento dos mesmos atrav\u00e9s da elimina\u00e7\u00e3o dos cookies e durante o tempo estabelecido por lei, com uma dura\u00e7\u00e3o m\u00ednima de 3 anos. <\/li><\/ul><p>A base leg\u00edtima para melhorar a tua experi\u00eancia de navega\u00e7\u00e3o no s\u00edtio Web \u00e9 o consentimento dado pelo utilizador ao aceitar os cookies. O utilizador tem o direito de revogar o seu consentimento em qualquer altura sem afetar a legalidade do tratamento baseado no consentimento anterior \u00e0 sua retirada. <\/p><ul><li>Gerir as nossas <strong>redes sociais<\/strong> e enviar-te informa\u00e7\u00f5es sobre as nossas actividades e produtos. Conservaremos estes dados enquanto o utilizador n\u00e3o revogar o seu consentimento para o tratamento dos mesmos e durante o tempo estabelecido por lei com uma dura\u00e7\u00e3o m\u00ednima de 3 anos. <\/li><\/ul><p>A base leg\u00edtima para gerir as nossas redes sociais e enviar-te as nossas actividades e not\u00edcias \u00e9 o consentimento que nos d\u00e1s para o fazer. Tens o direito de revogar o teu consentimento a qualquer momento, sem que isso afecte a legalidade do tratamento baseado no consentimento anterior \u00e0 sua retirada. <\/p><p><strong>Transfer\u00eancia ou comunica\u00e7\u00e3o de dados pessoais e transfer\u00eancias internacionais:<\/strong><\/p><p>Os teus dados n\u00e3o ser\u00e3o comunicados ou divulgados a terceiros, a menos que exista uma obriga\u00e7\u00e3o legal ou que os fornecedores ligados ao Respons\u00e1vel pelo Tratamento actuem como subcontratantes.<\/p><p>N\u00e3o s\u00e3o efectuadas transfer\u00eancias internacionais, mas, caso sejam efectuadas, ser\u00e1s informado para obter o teu consentimento.<\/p><p><strong>Atualiza\u00e7\u00e3o de dados<\/strong><\/p><p>\u00c9 importante para n\u00f3s mantermos os dados pessoais actualizados que o utilizador nos informe sempre que houver alguma altera\u00e7\u00e3o nos mesmos, caso contr\u00e1rio n\u00e3o nos responsabilizamos pela veracidade dos dados.<\/p><p>O utilizador garante que os dados pessoais fornecidos s\u00e3o verdadeiros, garantindo que todas as informa\u00e7\u00f5es fornecidas correspondem \u00e0 situa\u00e7\u00e3o real, que est\u00e3o actualizadas e s\u00e3o exactas, sendo obrigado a comunicar qualquer modifica\u00e7\u00e3o.<\/p><p><strong>Dados de terceiros<\/strong><\/p><p>Se o utilizador facultar \u00e0 PRODUCTOS LABIN, SL dados de terceiros para qualquer finalidade, garante que os obteve de forma l\u00edcita, que informou previamente os afectados, obtendo o seu consentimento para os comunicar e que a informa\u00e7\u00e3o facultada \u00e9 exacta e verdadeira.<\/p><p><strong>Car\u00e1cter obrigat\u00f3rio das informa\u00e7\u00f5es solicitadas<\/strong><\/p><p>Todos os nossos formul\u00e1rios t\u00eam um asterisco (*) nos dados obrigat\u00f3rios. Se o utilizador n\u00e3o fornecer estes campos, ou n\u00e3o assinalar a caixa para aceitar a pol\u00edtica de privacidade, n\u00e3o ser\u00e1 permitido o envio da informa\u00e7\u00e3o.   <\/p><p><strong>Direitos dos titulares dos dados<\/strong>:<\/p><p>Tens o direito de aceder aos teus dados e de obter a confirma\u00e7\u00e3o do seu tratamento, bem como uma c\u00f3pia dos dados pessoais em fase de tratamento. Tens o direito de os atualizar e de solicitar a retifica\u00e7\u00e3o dos dados inexactos ou de solicitar a sua supress\u00e3o quando os dados n\u00e3o forem necess\u00e1rios para os fins para que foram recolhidos. Podes solicitar a limita\u00e7\u00e3o do tratamento dos teus dados e opor-te ao tratamento dos teus dados, revogando o teu consentimento, bem como exercer o teu direito \u00e0 portabilidade dos dados. Do mesmo modo, tens o direito de n\u00e3o estar sujeito a decis\u00f5es baseadas exclusivamente no tratamento automatizado dos teus dados pessoais. Podes exercer os teus direitos contactando-nos atrav\u00e9s de C\/ Alemanya, 10 - 08700 IGUALADA (Barcelona). Correio eletr\u00f3nico: administracio@macasa.es       <\/p><p>Se considerares que os teus direitos n\u00e3o foram devidamente acautelados, tens o direito de apresentar uma queixa \u00e0 Ag\u00eancia Espanhola de Prote\u00e7\u00e3o de Dados <a href=\"http:\/\/www.aepd.es\/\">www.aepd.es.<\/a><\/p><p><strong>Tratamento de dados de menores<\/strong><\/p><p>Qualquer pessoa que forne\u00e7a dados atrav\u00e9s dos formul\u00e1rios deste s\u00edtio Web e aceite o seu tratamento declara ter mais de 14 anos de idade, sendo proibido o acesso e a utiliza\u00e7\u00e3o do portal por menores de idade. Se, em qualquer momento, o Respons\u00e1vel pelo Tratamento detetar que um menor de 14 anos forneceu dados pessoais, procederemos ao seu cancelamento. Da mesma forma, os pais ou tutores poder\u00e3o, em qualquer caso, contactar a PRODUCTOS LABIN, SL para bloquear a conta de acesso de menores a seu cargo que se tenham registado falsificando a sua identidade.  <\/p><p><strong>Tratamento de cookies:<\/strong><\/p><p>Um cookie \u00e9 um pequeno ficheiro que \u00e9 descarregado e armazenado no computador do utilizador quando este acede a um s\u00edtio Web. Os cookies permitem ao s\u00edtio Web, entre outras coisas, armazenar e recuperar informa\u00e7\u00f5es sobre os h\u00e1bitos de navega\u00e7\u00e3o do utilizador ou do seu computador e, dependendo das informa\u00e7\u00f5es que cont\u00eam e da forma como utiliza o seu computador, podem ser utilizados para reconhecer o utilizador. <\/p><p>O utilizador tem a possibilidade de impedir a gera\u00e7\u00e3o de cookies, selecionando a op\u00e7\u00e3o correspondente no seu software de navega\u00e7\u00e3o. Podes obter mais informa\u00e7\u00f5es lendo a nossa <a href=\"https:\/\/labin.net\/pt-pt\/politica-de-cookies\/\">Pol\u00edtica de Cookies<\/a>. <\/p>\t\t\t\t\t\t\t\t<\/div>\n\t\t\t\t<\/div>\n\t\t\t\t<\/div>\n\t\t\t\t\t<\/div>\n\t\t\t\t<\/div>\n\t\t\t\t<\/div>\n\t\t","protected":false},"excerpt":{"rendered":"<p>Pol\u00edtica de privacidade da Web Controlador de dados A empresa respons\u00e1vel pelo tratamento dos teus dados ao abrigo da presente Pol\u00edtica de Privacidade \u00e9: LABIN PRODUCTS, SL N.\u00ba DE IVA: B60016219 Endere\u00e7o: C\/ Alemanya, 10 - 08700 IGUALADA (Barcelona) Endere\u00e7o de correio eletr\u00f3nico: administracio@macasa.es Web: www.labin.net www.macasajardin.com www.labin-nutrition.fr Telefone: 938031966 Inscrito no Registo Comercial de Barcelona, F\u00f3lio 51, Tomo 21987,\u2026<\/p>\n","protected":false},"author":1,"featured_media":0,"parent":0,"menu_order":0,"comment_status":"closed","ping_status":"closed","template":"","meta":{"_acf_changed":false,"footnotes":""},"class_list":["post-38981","page","type-page","status-publish","hentry"],"acf":[],"_links":{"self":[{"href":"https:\/\/labin.net\/pt-pt\/wp-json\/wp\/v2\/pages\/38981","targetHints":{"allow":["GET"]}}],"collection":[{"href":"https:\/\/labin.net\/pt-pt\/wp-json\/wp\/v2\/pages"}],"about":[{"href":"https:\/\/labin.net\/pt-pt\/wp-json\/wp\/v2\/types\/page"}],"author":[{"embeddable":true,"href":"https:\/\/labin.net\/pt-pt\/wp-json\/wp\/v2\/users\/1"}],"replies":[{"embeddable":true,"href":"https:\/\/labin.net\/pt-pt\/wp-json\/wp\/v2\/comments?post=38981"}],"version-history":[{"count":1,"href":"https:\/\/labin.net\/pt-pt\/wp-json\/wp\/v2\/pages\/38981\/revisions"}],"predecessor-version":[{"id":38982,"href":"https:\/\/labin.net\/pt-pt\/wp-json\/wp\/v2\/pages\/38981\/revisions\/38982"}],"wp:attachment":[{"href":"https:\/\/labin.net\/pt-pt\/wp-json\/wp\/v2\/media?parent=38981"}],"curies":[{"name":"wp","href":"https:\/\/api.w.org\/{rel}","templated":true}]}}