{"id":38910,"date":"2026-01-20T07:58:21","date_gmt":"2026-01-20T07:58:21","guid":{"rendered":"https:\/\/labin.net\/politica-de-cookies\/"},"modified":"2026-03-10T09:46:25","modified_gmt":"2026-03-10T09:46:25","slug":"politica-de-cookies","status":"publish","type":"page","link":"https:\/\/labin.net\/pt-pt\/politica-de-cookies\/","title":{"rendered":"Pol\u00edtica de cookies"},"content":{"rendered":"\t\t<div data-elementor-type=\"wp-page\" data-elementor-id=\"38910\" class=\"elementor elementor-38910 elementor-38112\" data-elementor-post-type=\"page\">\n\t\t\t\t<div class=\"elementor-element elementor-element-24c4057 e-flex e-con-boxed kitify-col-width-auto-no ignore-docs-style-no kitify-disable-relative-no e-root-container elementor-top-section e-con e-parent\" data-id=\"24c4057\" data-element_type=\"container\">\n\t\t\t\t\t<div class=\"e-con-inner\">\n\t\t\t\t<div class=\"elementor-element elementor-element-ccccce9 elementor-invisible kitify-has-entrance-animation elementor-widget elementor-widget-heading\" data-id=\"ccccce9\" data-element_type=\"widget\" data-settings=\"{&quot;_animation&quot;:&quot;kitifyShortFadeInUp&quot;}\" data-widget_type=\"heading.default\">\n\t\t\t\t<div class=\"elementor-widget-container\">\n\t\t\t\t\t<h2 class=\"elementor-heading-title elementor-size-default\">Pol\u00edtica de cookies<\/h2>\t\t\t\t<\/div>\n\t\t\t\t<\/div>\n\t\t\t\t\t<\/div>\n\t\t\t\t<\/div>\n\t\t<div class=\"elementor-element elementor-element-8c3a5aa e-flex e-con-boxed kitify-col-width-auto-no ignore-docs-style-no kitify-disable-relative-no e-root-container elementor-top-section e-con e-parent\" data-id=\"8c3a5aa\" data-element_type=\"container\">\n\t\t\t\t\t<div class=\"e-con-inner\">\n\t\t<div class=\"elementor-element elementor-element-2ed0096 e-con-full e-flex kitify-col-width-auto-no ignore-docs-style-no kitify-disable-relative-no e-con e-child\" data-id=\"2ed0096\" data-element_type=\"container\">\n\t\t\t\t<div class=\"elementor-element elementor-element-10c3a28 elementor-widget elementor-widget-text-editor\" data-id=\"10c3a28\" data-element_type=\"widget\" data-widget_type=\"text-editor.default\">\n\t\t\t\t<div class=\"elementor-widget-container\">\n\t\t\t\t\t\t\t\t\t<p>O objetivo da presente pol\u00edtica de cookies \u00e9 fornecer informa\u00e7\u00f5es claras e precisas sobre os cookies utilizados no nosso s\u00edtio Web.<\/p><p>Utilizamos cookies pr\u00f3prios e de terceiros para melhorar os nossos servi\u00e7os, personalizar o nosso s\u00edtio Web, facilitar a navega\u00e7\u00e3o aos nossos utilizadores, proporcionar-te uma melhor experi\u00eancia na utiliza\u00e7\u00e3o do s\u00edtio Web, identificar problemas para o melhorar, realizar medi\u00e7\u00f5es e estat\u00edsticas de utiliza\u00e7\u00e3o e mostrar-te publicidade relacionada com as tuas prefer\u00eancias, analisando a utiliza\u00e7\u00e3o do s\u00edtio Web.<\/p><p>Tem em aten\u00e7\u00e3o que podemos utilizar cookies no teu computador desde que tenhas dado o teu consentimento, exceto nos casos em que os cookies s\u00e3o necess\u00e1rios para navegar no nosso s\u00edtio Web. Se deres o teu consentimento, podemos utilizar cookies para nos permitir saber mais sobre as tuas prefer\u00eancias e para personalizar o nosso s\u00edtio Web de acordo com os teus interesses individuais. <\/p><h5>O QUE S\u00c3O BOLACHAS?<\/h5><p>Os cookies e outras tecnologias semelhantes, como os objectos locais partilhados, os flash cookies ou os pixels, s\u00e3o ferramentas utilizadas pelos servidores Web para armazenar e recuperar informa\u00e7\u00f5es sobre os seus visitantes e para assegurar o bom funcionamento do s\u00edtio.<\/p><h5>TIPOS DE COOKIES<\/h5><h5><strong>Tipos de cookies consoante a entidade que os gere:<\/strong><\/h5><p><strong>Cookies pr\u00f3prios:<\/strong> s\u00e3o aqueles que s\u00e3o enviados para o equipamento terminal do utilizador a partir de um computador ou dom\u00ednio gerido pelo propriet\u00e1rio do s\u00edtio Web e a partir do qual \u00e9 prestado o servi\u00e7o solicitado pelo utilizador.<\/p><p><strong>Cookies de terceiros:<\/strong> s\u00e3o aqueles que s\u00e3o enviados para o equipamento terminal do utilizador a partir de um computador ou dom\u00ednio que n\u00e3o \u00e9 gerido pelo propriet\u00e1rio do site a partir do qual o servi\u00e7o solicitado pelo utilizador \u00e9 fornecido, mas por outra entidade que processa os dados obtidos atrav\u00e9s dos cookies. Da mesma forma, no caso de os cookies serem instalados a partir de um computador ou dom\u00ednio gerido pelo pr\u00f3prio propriet\u00e1rio do s\u00edtio Web, mas a informa\u00e7\u00e3o recolhida atrav\u00e9s deles ser gerida por um terceiro, tamb\u00e9m ser\u00e3o considerados cookies de terceiros. <\/p><p><strong>Tipos de cookies de acordo com a sua finalidade:<\/strong><\/p><p><strong>Cookies t\u00e9cnicos:  <\/strong>s\u00e3o os que permitem ao utilizador navegar atrav\u00e9s de um s\u00edtio Web, plataforma ou aplica\u00e7\u00e3o e a utiliza\u00e7\u00e3o das diferentes op\u00e7\u00f5es ou servi\u00e7os existentes no mesmo, incluindo os que o editor utiliza para permitir a gest\u00e3o e o funcionamento do s\u00edtio Web e habilitar as suas fun\u00e7\u00f5es e servi\u00e7os, como, por exemplo, controlar o tr\u00e1fego e a comunica\u00e7\u00e3o de dados, identificar a sess\u00e3o, aceder a partes de acesso restrito, recordar os elementos que comp\u00f5em um pedido, realizar o processo de compra de um pedido, gerir o pagamento, controlar a fraude associada \u00e0 seguran\u00e7a do servi\u00e7o, realizar um pedido de inscri\u00e7\u00e3o ou participa\u00e7\u00e3o num evento, contabilizar visitas para efeitos de fatura\u00e7\u00e3o de licen\u00e7as do software com o qual funciona o servi\u00e7o (s\u00edtio Web, plataforma ou aplica\u00e7\u00e3o), gerir o pagamento, controlar as fraudes ligadas \u00e0 seguran\u00e7a do servi\u00e7o, efetuar o pedido de inscri\u00e7\u00e3o ou de participa\u00e7\u00e3o num evento, contabilizar as visitas para efeitos de fatura\u00e7\u00e3o das licen\u00e7as do software com que funciona o servi\u00e7o (s\u00edtio Web, plataforma ou aplica\u00e7\u00e3o), utilizar os dispositivos de seguran\u00e7a durante a navega\u00e7\u00e3o, armazenar conte\u00fados para a difus\u00e3o de v\u00eddeos ou de som, ativar conte\u00fados din\u00e2micos (por exemplo, anima\u00e7\u00e3o do carregamento de textos ou imagens) ou partilhar conte\u00fados atrav\u00e9s das redes sociais.<\/p><p>Tamb\u00e9m pertencem a esta categoria, devido \u00e0 sua natureza t\u00e9cnica, os cookies que permitem a gest\u00e3o, da forma mais eficiente poss\u00edvel, dos espa\u00e7os publicit\u00e1rios que, como outro elemento do design ou \"layout\" do servi\u00e7o oferecido ao utilizador, o editor incluiu num site, aplica\u00e7\u00e3o ou plataforma com base em crit\u00e9rios como o conte\u00fado editado, sem recolher informa\u00e7\u00f5es do utilizador para outros fins, como a personaliza\u00e7\u00e3o desse conte\u00fado publicit\u00e1rio ou de outros conte\u00fados.<\/p><p><strong>Cookies de prefer\u00eancias ou de personaliza\u00e7\u00e3o<\/strong>: s\u00e3o cookies que permitem recordar informa\u00e7\u00f5es para que o utilizador possa aceder ao servi\u00e7o com determinadas carater\u00edsticas que podem diferenciar a sua experi\u00eancia da de outros utilizadores, como, por exemplo, o idioma, o n\u00famero de resultados a apresentar quando o utilizador faz uma pesquisa, o aspeto ou o conte\u00fado do servi\u00e7o em fun\u00e7\u00e3o do tipo de navegador atrav\u00e9s do qual o utilizador acede ao servi\u00e7o ou da regi\u00e3o a partir da qual acede ao servi\u00e7o, etc.<\/p><p><strong>Cookies de an\u00e1lise ou medi\u00e7\u00e3o: <\/strong>s\u00e3o cookies que permitem ao seu respons\u00e1vel monitorizar e analisar o comportamento dos utilizadores dos sites a que est\u00e3o ligados, incluindo a quantifica\u00e7\u00e3o do impacto da publicidade. As informa\u00e7\u00f5es recolhidas atrav\u00e9s deste tipo de cookies s\u00e3o utilizadas para medir a atividade dos s\u00edtios Web, da aplica\u00e7\u00e3o ou da plataforma, a fim de introduzir melhorias com base na an\u00e1lise dos dados relativos \u00e0 utiliza\u00e7\u00e3o que os utilizadores fazem do servi\u00e7o. <\/p><p><strong>Cookies de publicidade comportamental: <\/strong>s\u00e3o aqueles que permitem a gest\u00e3o, da forma mais eficaz poss\u00edvel, dos espa\u00e7os publicit\u00e1rios do s\u00edtio Web. Estes cookies armazenam informa\u00e7\u00f5es sobre o comportamento do utilizador obtidas atrav\u00e9s da observa\u00e7\u00e3o cont\u00ednua dos seus h\u00e1bitos de navega\u00e7\u00e3o, o que permite desenvolver um perfil espec\u00edfico para apresentar publicidade com base no mesmo. <\/p><p><strong>Cookies de geolocaliza\u00e7\u00e3o<\/strong>: s\u00e3o utilizados para saber onde se encontra um utilizador quando solicita um servi\u00e7o. Este cookie \u00e9 an\u00f3nimo e \u00e9 utilizado, por exemplo, para te fornecer as informa\u00e7\u00f5es adequadas em fun\u00e7\u00e3o do pa\u00eds em que te encontras. <\/p><p><strong>Tipos de cookies de acordo com o tempo que permanecem activados:<\/strong><\/p><p><strong>Cookies de sess\u00e3o<\/strong>: s\u00e3o concebidos para recolher e armazenar dados enquanto o utilizador acede a um s\u00edtio Web. S\u00e3o normalmente utilizados para armazenar informa\u00e7\u00f5es que s\u00f3 precisam de ser conservadas para a presta\u00e7\u00e3o do servi\u00e7o solicitado pelo utilizador numa \u00fanica ocasi\u00e3o (por exemplo, uma lista de produtos comprados) e desaparecem no final da sess\u00e3o. <\/p><p><strong>Cookies persistentes:<\/strong> s\u00e3o cookies em que os dados ficam armazenados no terminal e podem ser acedidos e tratados durante um per\u00edodo definido pelo respons\u00e1vel pelo cookie, que pode ir de alguns minutos a v\u00e1rios anos.<\/p><p>COOKIES UTILIZADOS NO NOSSO S\u00cdTIO WEB<\/p><p> <\/p><table><thead><tr><td><strong>N\u00famero de s\u00e9rie:<\/strong><\/td><td><strong>Nome do biscoito<\/strong><\/td><td><strong>Dura\u00e7\u00e3o<\/strong><\/td><td><strong>Categoria<\/strong><\/td><td><strong>Descri\u00e7\u00e3o<\/strong><\/td><\/tr><\/thead><tbody><tr><td>1<\/td><td>cookielawinfo-checkbox-functional<\/td><td>1 ano<\/td><td>Outros<\/td><td>O cookie \u00e9 definido pelo consentimento de cookies do RGPD para registar o consentimento do utilizador para cookies na categoria \"Funcional\".<\/td><\/tr><tr><td>2<\/td><td>PHPSESSID<\/td><td>sess\u00e3o<\/td><td>Necess\u00e1rio<\/td><td>Este cookie \u00e9 nativo das aplica\u00e7\u00f5es PHP. O cookie \u00e9 utilizado para armazenar e identificar o ID de sess\u00e3o \u00fanico de um utilizador, de modo a gerir a sess\u00e3o do utilizador no s\u00edtio Web. O cookie \u00e9 um cookie de sess\u00e3o e \u00e9 eliminado quando todas as janelas do browser s\u00e3o fechadas.  <\/td><\/tr><tr><td>3<\/td><td>cookielawinfo-checkbox-necessary<\/td><td>1 ano<\/td><td>Necess\u00e1rio<\/td><td>Este cookie \u00e9 definido pelo complemento de consentimento de cookies do RGPD. Os cookies s\u00e3o utilizados para armazenar o consentimento do utilizador para os cookies na categoria \"Necess\u00e1rio\". <\/td><\/tr><tr><td>4<\/td><td>cookielawinfo-checkbox-performance<\/td><td>1 ano<\/td><td>Necess\u00e1rio<\/td><td>Este cookie \u00e9 definido pelo complemento de consentimento de cookies do RGPD. O cookie \u00e9 utilizado para armazenar o consentimento do utilizador para cookies na categoria \"Desempenho\". <\/td><\/tr><tr><td>5<\/td><td>cookielawinfo-checkbox-analytics<\/td><td>1 ano<\/td><td>Necess\u00e1rio<\/td><td>Estes cookies s\u00e3o definidos pelo plugin de consentimento de cookies do WordPress GDPR. O cookie \u00e9 utilizado para recordar o consentimento do utilizador para os cookies na categoria \"Analytics\". <\/td><\/tr><tr><td>6<\/td><td>cookielawinfo-checkbox-advertisement<\/td><td>1 ano<\/td><td>Necess\u00e1rio<\/td><td>O cookie \u00e9 definido pelo consentimento de cookies do RGPD para registar o consentimento do utilizador para cookies na categoria \"Publicidade\".<\/td><\/tr><tr><td>7<\/td><td>NID<\/td><td>6 meses<\/td><td>Publicidade<\/td><td>Este cookie \u00e9 utilizado para criar um perfil com base nos interesses do utilizador e apresentar an\u00fancios personalizados aos utilizadores.<\/td><\/tr><tr><td>8<\/td><td>VISITANTE_INFO1_LIVE<\/td><td>5 meses 27 dias<\/td><td>Publicidade<\/td><td>Este cookie \u00e9 definido pelo YouTube. \u00c9 utilizado para rastrear informa\u00e7\u00f5es de v\u00eddeos do YouTube incorporados num s\u00edtio Web. <\/td><\/tr><tr><td>9<\/td><td>IDE<\/td><td>1 ano 24 dias<\/td><td>Publicidade<\/td><td>Utilizado pelo Google DoubleClick e armazena informa\u00e7\u00f5es sobre a forma como o utilizador utiliza o s\u00edtio Web e quaisquer outros an\u00fancios antes de visitar o s\u00edtio Web. \u00c9 utilizado para apresentar aos utilizadores an\u00fancios relevantes para eles, de acordo com o perfil do utilizador. <\/td><\/tr><tr><td>10<\/td><td>cookie_teste<\/td><td>15 minutos<\/td><td>Publicidade<\/td><td>Este cookie \u00e9 definido por doubleclick.net. O objetivo do cookie \u00e9 determinar se o browser do utilizador suporta cookies. <\/td><\/tr><tr><td>11<\/td><td>N\u00e3o te preocupes.<\/td><td>2 anos<\/td><td>Anal\u00edtica<\/td><td>Este cookie \u00e9 definido pelo Google Analytics. O cookie \u00e9 utilizado para calcular os dados do visitante, da sess\u00e3o e da campanha e acompanhar a utiliza\u00e7\u00e3o do s\u00edtio para a elabora\u00e7\u00e3o de relat\u00f3rios anal\u00edticos do s\u00edtio. Os cookies armazenam informa\u00e7\u00f5es de forma an\u00f3nima e atribuem um n\u00famero gerado aleatoriamente para identificar visitantes \u00fanicos.  <\/td><\/tr><tr><td>12<\/td><td>_gid<\/td><td>1 dia<\/td><td>Anal\u00edtica<\/td><td>Este cookie \u00e9 definido pelo Google Analytics. O cookie \u00e9 utilizado para armazenar informa\u00e7\u00f5es sobre a forma como os visitantes utilizam um s\u00edtio Web e ajuda a criar um relat\u00f3rio anal\u00edtico sobre o desempenho do s\u00edtio Web. Os dados recolhidos, incluindo o n\u00famero de visitantes, a origem dos visitantes e as p\u00e1ginas visitadas, s\u00e3o an\u00f3nimos.  <\/td><\/tr><tr><td>13<\/td><td>YSC<\/td><td>sess\u00e3o<\/td><td>Desempenho<\/td><td>Estes cookies s\u00e3o definidos pelo Youtube e s\u00e3o utilizados para monitorizar as visualiza\u00e7\u00f5es de v\u00eddeos incorporados.<\/td><\/tr><tr><td>14<\/td><td>cookielawinfo-checkbox-others<\/td><td>1 ano<\/td><td>Outros<\/td><td>Sem descri\u00e7\u00e3o<\/td><\/tr><tr><td>15<\/td><td>_gat_gtag_UA_28511665_1<\/td><td>1 minuto<\/td><td>Outros<\/td><td>Sem descri\u00e7\u00e3o<\/td><\/tr><tr><td>16<\/td><td>CONSENTIMENTO<\/td><td>16 anos 9 meses 3 dias 13 horas<\/td><td>Outros<\/td><td>Sem descri\u00e7\u00e3o<\/td><\/tr><\/tbody><\/table><p><strong>Designa\u00e7\u00e3o<\/strong><\/p><p>COMO DESACTIVAR OS COOKIES NOS BROWSERS?<\/p><p>O utilizador pode, a qualquer momento, autorizar, bloquear ou apagar os cookies instalados no seu computador, modificando os par\u00e2metros de configura\u00e7\u00e3o do programa de navega\u00e7\u00e3o instalado no seu computador:<\/p><p>Defini\u00e7\u00f5es <a href=\"https:\/\/support.google.com\/chrome\/answer\/95647?hl=es&amp;sc_ref_bbva=https%3A%2F%2Fwww.bbva.es%2Fsistema%2Fmeta%2Faviso-legal%2Findex.jsp\">do Chrome<\/a> -&gt; Mostrar op\u00e7\u00f5es avan\u00e7adas -&gt; Privacidade -&gt; Defini\u00e7\u00f5es de conte\u00fado. Para mais informa\u00e7\u00f5es, podes <a href=\"https:\/\/support.google.com\/chrome\/answer\/95647?hl=es&amp;ref_topic=3434352\">consultar o suporte do Google<\/a> ou a Ajuda do browser. <\/p><p>Ferramentas <a href=\"http:\/\/windows.microsoft.com\/es-es\/windows7\/how-to-manage-cookies-in-internet-explorer-9?sc_ref_bbva=https%3A%2F%2Fwww.bbva.es%2Fsistema%2Fmeta%2Faviso-legal%2Findex.jsp\">do Explorer<\/a> -&gt; Op\u00e7\u00f5es da Internet -&gt; Privacidade -&gt; Defini\u00e7\u00f5es.<\/p><p>Para mais informa\u00e7\u00f5es, podes <a href=\"http:\/\/windows.microsoft.com\/es-es\/internet-explorer\/delete-managecookies#ie=ie-11\">consultar o suporte da Microsoft<\/a> ou a Ajuda do browser.<\/p><p><a href=\"http:\/\/support.mozilla.org\/es\/kb\/habilitar-y-deshabilitar-cookies-que-los-sitios-we?sc_ref_bbva=https%3A%2F%2Fwww.bbva.es%2Fsistema%2Fmeta%2Faviso-legal%2Findex.jsp\">Firefox<\/a>: Ferramentas -&gt;Op\u00e7\u00f5es -&gt; Privacidade -&gt; Hist\u00f3rico -&gt; Defini\u00e7\u00f5es personalizadas. Para mais informa\u00e7\u00f5es, podes consultar <a href=\"https:\/\/support.mozilla.org\/es\/\">o suporte da Mozilla<\/a> ou a Ajuda do browser. <\/p><p>Prefer\u00eancias <a href=\"http:\/\/support.apple.com\/kb\/ph5042?sc_ref_bbva=https%3A%2F%2Fwww.bbva.es%2Fsistema%2Fmeta%2Faviso-legal%2Findex.jsp\">do Safari<\/a> -&gt; Seguran\u00e7a.<\/p><p>Para mais informa\u00e7\u00f5es, podes <a href=\"https:\/\/support.apple.com\/es-es\/HT201265\">consultar o suporte da Apple<\/a> ou a Ajuda do browser.<\/p><p>A desativa\u00e7\u00e3o dos cookies n\u00e3o te impede de navegar no s\u00edtio Web, embora a utiliza\u00e7\u00e3o de alguns dos seus servi\u00e7os possa ser limitada e, por conseguinte, a tua experi\u00eancia de navega\u00e7\u00e3o possa ser menos satisfat\u00f3ria.<\/p><p>RETIRAR O CONSENTIMENTO<\/p><p>Os utilizadores podem, a qualquer momento, retirar o seu consentimento em rela\u00e7\u00e3o \u00e0 Pol\u00edtica de Cookies e podem eliminar os cookies armazenados no seu equipamento atrav\u00e9s das defini\u00e7\u00f5es e configura\u00e7\u00f5es do seu navegador de Internet, indicadas acima, bem como acedendo ao nosso painel de configura\u00e7\u00e3o:<\/p><p><a class=\"cli_settings_button\" tabindex=\"0\" role=\"button\">DEFINIR COOKIES<\/a><\/p><p>Esta Pol\u00edtica de Cookies pode ser modificada quando exigido pela legisla\u00e7\u00e3o em vigor a cada momento ou quando houver alguma varia\u00e7\u00e3o no tipo de cookies utilizados no site. Recomendamos, por isso, que revejas esta pol\u00edtica sempre que acedas ao nosso site, de forma a estares devidamente informado sobre como e porqu\u00ea utilizamos os cookies. <\/p>\t\t\t\t\t\t\t\t<\/div>\n\t\t\t\t<\/div>\n\t\t\t\t<\/div>\n\t\t\t\t\t<\/div>\n\t\t\t\t<\/div>\n\t\t\t\t<\/div>\n\t\t","protected":false},"excerpt":{"rendered":"<p>Pol\u00edtica de cookies O objetivo da presente pol\u00edtica de cookies \u00e9 fornecer informa\u00e7\u00f5es claras e precisas sobre os cookies utilizados no nosso s\u00edtio Web. Utilizamos cookies pr\u00f3prios e de terceiros para melhorar os nossos servi\u00e7os, personalizar o nosso s\u00edtio Web, facilitar a navega\u00e7\u00e3o aos nossos utilizadores, proporcionar-te uma melhor experi\u00eancia na utiliza\u00e7\u00e3o do s\u00edtio Web, identificar problemas para o melhorar,\u2026<\/p>\n","protected":false},"author":1,"featured_media":0,"parent":0,"menu_order":0,"comment_status":"closed","ping_status":"closed","template":"","meta":{"_acf_changed":false,"footnotes":""},"class_list":["post-38910","page","type-page","status-publish","hentry"],"acf":[],"_links":{"self":[{"href":"https:\/\/labin.net\/pt-pt\/wp-json\/wp\/v2\/pages\/38910","targetHints":{"allow":["GET"]}}],"collection":[{"href":"https:\/\/labin.net\/pt-pt\/wp-json\/wp\/v2\/pages"}],"about":[{"href":"https:\/\/labin.net\/pt-pt\/wp-json\/wp\/v2\/types\/page"}],"author":[{"embeddable":true,"href":"https:\/\/labin.net\/pt-pt\/wp-json\/wp\/v2\/users\/1"}],"replies":[{"embeddable":true,"href":"https:\/\/labin.net\/pt-pt\/wp-json\/wp\/v2\/comments?post=38910"}],"version-history":[{"count":1,"href":"https:\/\/labin.net\/pt-pt\/wp-json\/wp\/v2\/pages\/38910\/revisions"}],"predecessor-version":[{"id":38913,"href":"https:\/\/labin.net\/pt-pt\/wp-json\/wp\/v2\/pages\/38910\/revisions\/38913"}],"wp:attachment":[{"href":"https:\/\/labin.net\/pt-pt\/wp-json\/wp\/v2\/media?parent=38910"}],"curies":[{"name":"wp","href":"https:\/\/api.w.org\/{rel}","templated":true}]}}