{"id":38885,"date":"2025-07-15T08:46:27","date_gmt":"2025-07-15T08:46:27","guid":{"rendered":"https:\/\/labin.net\/pegada-de-carbono\/"},"modified":"2026-03-10T09:46:19","modified_gmt":"2026-03-10T09:46:19","slug":"pegada-de-carbono","status":"publish","type":"page","link":"https:\/\/labin.net\/pt-pt\/pegada-de-carbono\/","title":{"rendered":"Pegada de carbono"},"content":{"rendered":"\t\t<div data-elementor-type=\"wp-page\" data-elementor-id=\"38885\" class=\"elementor elementor-38885 elementor-9250\" data-elementor-post-type=\"page\">\n\t\t\t\t<div class=\"elementor-element elementor-element-4f09edc e-flex e-con-boxed kitify-col-width-auto-no ignore-docs-style-no kitify-disable-relative-no e-root-container elementor-top-section e-con e-parent\" data-id=\"4f09edc\" data-element_type=\"container\" data-settings=\"{&quot;background_background&quot;:&quot;classic&quot;}\">\n\t\t\t\t\t<div class=\"e-con-inner\">\n\t\t\t\t<div class=\"elementor-element elementor-element-21c8f63 elementor-invisible kitify-has-entrance-animation elementor-widget elementor-widget-heading\" data-id=\"21c8f63\" data-element_type=\"widget\" data-settings=\"{&quot;_animation&quot;:&quot;zoomIn&quot;}\" data-widget_type=\"heading.default\">\n\t\t\t\t<div class=\"elementor-widget-container\">\n\t\t\t\t\t<h1 class=\"elementor-heading-title elementor-size-default\">Reduzimos a nossa<\/h1>\t\t\t\t<\/div>\n\t\t\t\t<\/div>\n\t\t\t\t<div class=\"elementor-element elementor-element-84f35af elementor-invisible kitify-has-entrance-animation elementor-widget elementor-widget-heading\" data-id=\"84f35af\" data-element_type=\"widget\" data-settings=\"{&quot;_animation&quot;:&quot;zoomIn&quot;}\" data-widget_type=\"heading.default\">\n\t\t\t\t<div class=\"elementor-widget-container\">\n\t\t\t\t\t<h1 class=\"elementor-heading-title elementor-size-default\">Pegada de carbono<\/h1>\t\t\t\t<\/div>\n\t\t\t\t<\/div>\n\t\t\t\t\t<\/div>\n\t\t\t\t<\/div>\n\t\t<div class=\"elementor-element elementor-element-2a99176 e-flex e-con-boxed kitify-col-width-auto-no ignore-docs-style-no kitify-disable-relative-no e-root-container elementor-top-section e-con e-parent\" data-id=\"2a99176\" data-element_type=\"container\">\n\t\t\t\t\t<div class=\"e-con-inner\">\n\t\t<div class=\"elementor-element elementor-element-b131e15 e-con-full e-flex kitify-col-width-auto-no ignore-docs-style-no kitify-disable-relative-no e-con e-child\" data-id=\"b131e15\" data-element_type=\"container\">\n\t\t\t\t<div class=\"elementor-element elementor-element-a6265b8 elementor-widget__width-initial elementor-widget elementor-widget-heading\" data-id=\"a6265b8\" data-element_type=\"widget\" data-widget_type=\"heading.default\">\n\t\t\t\t<div class=\"elementor-widget-container\">\n\t\t\t\t\t<h2 class=\"elementor-heading-title elementor-size-default\">Sumidouros de carbono<\/h2>\t\t\t\t<\/div>\n\t\t\t\t<\/div>\n\t\t\t\t<div class=\"elementor-element elementor-element-dbf7e45 elementor-widget__width-initial elementor-widget elementor-widget-heading\" data-id=\"dbf7e45\" data-element_type=\"widget\" data-widget_type=\"heading.default\">\n\t\t\t\t<div class=\"elementor-widget-container\">\n\t\t\t\t\t<h2 class=\"elementor-heading-title elementor-size-default\">LABIN Floresta Inteligente<\/h2>\t\t\t\t<\/div>\n\t\t\t\t<\/div>\n\t\t\t\t<div class=\"elementor-element elementor-element-f3f6960 elementor-widget__width-initial elementor-widget elementor-widget-text-editor\" data-id=\"f3f6960\" data-element_type=\"widget\" data-widget_type=\"text-editor.default\">\n\t\t\t\t<div class=\"elementor-widget-container\">\n\t\t\t\t\t\t\t\t\t<p>No LABIN apostamos em iniciativas que tornam a sustentabilidade tang\u00edvel. Uma delas \u00e9 o <strong data-start=\"434\" data-end=\"465\">LABIN Smart Forest<\/strong>, desenvolvido em conjunto com a <strong>Retree e a Arbre Team<\/strong>, que recupera \u00e1reas afectadas por inc\u00eandios atrav\u00e9s da refloresta\u00e7\u00e3o. <\/p>\t\t\t\t\t\t\t\t<\/div>\n\t\t\t\t<\/div>\n\t\t\t\t<\/div>\n\t\t<div class=\"elementor-element elementor-element-5bd0b9f e-con-full e-flex kitify-col-width-auto-no ignore-docs-style-no kitify-disable-relative-no e-con e-child\" data-id=\"5bd0b9f\" data-element_type=\"container\">\n\t\t\t\t<div class=\"elementor-element elementor-element-e9f791c elementor-widget__width-initial elementor-widget elementor-widget-text-editor\" data-id=\"e9f791c\" data-element_type=\"widget\" data-widget_type=\"text-editor.default\">\n\t\t\t\t<div class=\"elementor-widget-container\">\n\t\t\t\t\t\t\t\t\t<p>As \u00e1rvores absorvem CO2 e transformam-no em oxig\u00e9nio, tornando-se <strong>sumidouros de carbono<\/strong> capazes de neutralizar a nossa pegada ambiental. Mas o projeto vai al\u00e9m da planta\u00e7\u00e3o de \u00e1rvores: <strong>procuramos regenerar os ecossistemas<\/strong>, devolvendo o habitat a esp\u00e9cies que o perderam e promovendo a <strong>biodiversidade<\/strong>. <\/p><p>Al\u00e9m disso, esta iniciativa <strong>gera emprego rural e local<\/strong>, apoiando as comunidades vizinhas e promovendo um impacto social e ambiental positivo. <strong>Inova\u00e7\u00e3o, natureza e responsabilidade<\/strong> se unem em um projeto que mostra que cuidar do planeta tamb\u00e9m pode transformar vidas.<\/p>\t\t\t\t\t\t\t\t<\/div>\n\t\t\t\t<\/div>\n\t\t\t\t<\/div>\n\t\t\t\t\t<\/div>\n\t\t\t\t<\/div>\n\t\t<div class=\"elementor-element elementor-element-1e06938 e-flex e-con-boxed kitify-col-width-auto-no ignore-docs-style-no kitify-disable-relative-no e-root-container elementor-top-section e-con e-parent\" data-id=\"1e06938\" data-element_type=\"container\" data-settings=\"{&quot;background_background&quot;:&quot;video&quot;}\">\n\t\t\t\t\t<div class=\"e-con-inner\">\n\t\t<div class=\"elementor-element elementor-element-fa8a8ba e-con-full e-flex kitify-col-width-auto-no ignore-docs-style-no kitify-disable-relative-no e-con e-child\" data-id=\"fa8a8ba\" data-element_type=\"container\" data-settings=\"{&quot;background_background&quot;:&quot;classic&quot;}\">\n\t\t\t\t<div class=\"elementor-element elementor-element-d10e1a7 elementor-widget elementor-widget-counter\" data-id=\"d10e1a7\" data-element_type=\"widget\" data-widget_type=\"counter.default\">\n\t\t\t\t<div class=\"elementor-widget-container\">\n\t\t\t\t\t\t\t<div class=\"elementor-counter\">\n\t\t\t<div class=\"elementor-counter-title\">\u00c1rvores plantadas<\/div>\t\t\t<div class=\"elementor-counter-number-wrapper\">\n\t\t\t\t<span class=\"elementor-counter-number-prefix\"><\/span>\n\t\t\t\t<span class=\"elementor-counter-number\" data-duration=\"2000\" data-to-value=\"1325\" data-from-value=\"0\" data-delimiter=\",\">0<\/span>\n\t\t\t\t<span class=\"elementor-counter-number-suffix\"><\/span>\n\t\t\t<\/div>\n\t\t<\/div>\n\t\t\t\t\t\t<\/div>\n\t\t\t\t<\/div>\n\t\t\t\t<\/div>\n\t\t<div class=\"elementor-element elementor-element-ff37e03 e-con-full e-flex kitify-col-width-auto-no ignore-docs-style-no kitify-disable-relative-no e-con e-child\" data-id=\"ff37e03\" data-element_type=\"container\" data-settings=\"{&quot;background_background&quot;:&quot;classic&quot;}\">\n\t\t\t\t<div class=\"elementor-element elementor-element-4bae534 elementor-widget elementor-widget-counter\" data-id=\"4bae534\" data-element_type=\"widget\" data-widget_type=\"counter.default\">\n\t\t\t\t<div class=\"elementor-widget-container\">\n\t\t\t\t\t\t\t<div class=\"elementor-counter\">\n\t\t\t<div class=\"elementor-counter-title\">Benef\u00edcio de \u00e1gua (m3)<\/div>\t\t\t<div class=\"elementor-counter-number-wrapper\">\n\t\t\t\t<span class=\"elementor-counter-number-prefix\"><\/span>\n\t\t\t\t<span class=\"elementor-counter-number\" data-duration=\"2000\" data-to-value=\"60\" data-from-value=\"0\" data-delimiter=\",\">0<\/span>\n\t\t\t\t<span class=\"elementor-counter-number-suffix\"><\/span>\n\t\t\t<\/div>\n\t\t<\/div>\n\t\t\t\t\t\t<\/div>\n\t\t\t\t<\/div>\n\t\t\t\t<\/div>\n\t\t<div class=\"elementor-element elementor-element-d7772e2 e-con-full e-flex kitify-col-width-auto-no ignore-docs-style-no kitify-disable-relative-no e-con e-child\" data-id=\"d7772e2\" data-element_type=\"container\" data-settings=\"{&quot;background_background&quot;:&quot;classic&quot;}\">\n\t\t\t\t<div class=\"elementor-element elementor-element-95b77ab elementor-widget elementor-widget-counter\" data-id=\"95b77ab\" data-element_type=\"widget\" data-widget_type=\"counter.default\">\n\t\t\t\t<div class=\"elementor-widget-container\">\n\t\t\t\t\t\t\t<div class=\"elementor-counter\">\n\t\t\t<div class=\"elementor-counter-title\">Horas de emprego rural  <\/div>\t\t\t<div class=\"elementor-counter-number-wrapper\">\n\t\t\t\t<span class=\"elementor-counter-number-prefix\"><\/span>\n\t\t\t\t<span class=\"elementor-counter-number\" data-duration=\"2000\" data-to-value=\"397\" data-from-value=\"0\" data-delimiter=\",\">0<\/span>\n\t\t\t\t<span class=\"elementor-counter-number-suffix\"><\/span>\n\t\t\t<\/div>\n\t\t<\/div>\n\t\t\t\t\t\t<\/div>\n\t\t\t\t<\/div>\n\t\t\t\t<\/div>\n\t\t<div class=\"elementor-element elementor-element-9feba2d e-con-full e-flex kitify-col-width-auto-no ignore-docs-style-no kitify-disable-relative-no e-con e-child\" data-id=\"9feba2d\" data-element_type=\"container\" data-settings=\"{&quot;background_background&quot;:&quot;classic&quot;}\">\n\t\t\t\t<div class=\"elementor-element elementor-element-07a237f elementor-flip-box--effect-flip elementor-flip-box--direction-up elementor-widget elementor-widget-flip-box\" data-id=\"07a237f\" data-element_type=\"widget\" data-widget_type=\"flip-box.default\">\n\t\t\t\t<div class=\"elementor-widget-container\">\n\t\t\t\t\t\t\t<div class=\"elementor-flip-box\" tabindex=\"0\">\n\t\t\t<div class=\"elementor-flip-box__layer elementor-flip-box__front\">\n\t\t\t\t<div class=\"elementor-flip-box__layer__overlay\">\n\t\t\t\t\t<div class=\"elementor-flip-box__layer__inner\">\n\t\t\t\t\t\t\t\t\t\t\t\t\t<div class=\"elementor-icon-wrapper elementor-view-default\">\n\t\t\t\t\t\t\t\t<div class=\"elementor-icon\">\n\t\t\t\t\t\t\t\t\t<i aria-hidden=\"true\" class=\"dlicon nature_tree-02\"><\/i>\t\t\t\t\t\t\t\t<\/div>\n\t\t\t\t\t\t\t<\/div>\n\t\t\t\t\t\t\n\t\t\t\t\t\t\t\t\t\t\t\t\t<h3 class=\"elementor-flip-box__layer__title\">\n\t\t\t\t\t\t\t\tQUERO PLANTAR UMA \u00c1RVORE!\t\t\t\t\t\t\t<\/h3>\n\t\t\t\t\t\t\n\t\t\t\t\t\t\t\t\t\t\t\t\t<div class=\"elementor-flip-box__layer__description\">\n\t\t\t\t\t\t\t\tE tu, sabes como podes contribuir? Bem, n\u00f3s facilitamos-te a vida! Contribui gratuitamente com apenas um CLIQUE!  \t\t\t\t\t\t\t<\/div>\n\t\t\t\t\t\t\t\t\t\t\t<\/div>\n\t\t\t\t<\/div>\n\t\t\t<\/div>\n\t\t\t<div class=\"elementor-flip-box__layer elementor-flip-box__back\">\n\t\t\t<div class=\"elementor-flip-box__layer__overlay\">\n\t\t\t\t<div class=\"elementor-flip-box__layer__inner\">\n\t\t\t\t\t\t\t\t\t\t\t<h3 class=\"elementor-flip-box__layer__title\">\n\t\t\t\t\t\t\tPLANTA A TUA \u00c1RVORE GRATUITAMENTE\t\t\t\t\t\t<\/h3>\n\t\t\t\t\t\n\t\t\t\t\t\n\t\t\t\t\t\t\t\t\t\t\t<a class=\"elementor-flip-box__button elementor-button elementor-size-sm\" href=\"https:\/\/treegital.retreetheplanet.com\/landing?forestId=0fb4827f-b1ba-4ad3-9316-a7be1141c347&#038;amp%3Bpreview=true&#038;amp%3Blang=es\">\n\t\t\t\t\t\t\tPLANTA\t\t\t\t\t\t<\/a>\n\t\t\t\t\t\t\t\t<\/div>\n\t\t<\/div>\n\t\t<\/div>\n\t\t<\/div>\n\t\t\t\t\t\t<\/div>\n\t\t\t\t<\/div>\n\t\t\t\t<\/div>\n\t\t\t\t\t<\/div>\n\t\t\t\t<\/div>\n\t\t<div class=\"elementor-element elementor-element-10051ab e-flex e-con-boxed kitify-col-width-auto-no ignore-docs-style-no kitify-disable-relative-no e-root-container elementor-top-section e-con e-parent\" data-id=\"10051ab\" data-element_type=\"container\" data-settings=\"{&quot;background_background&quot;:&quot;classic&quot;}\">\n\t\t\t\t\t<div class=\"e-con-inner\">\n\t\t\t\t<div class=\"elementor-element elementor-element-a5c449e elementor-widget elementor-widget-html\" data-id=\"a5c449e\" data-element_type=\"widget\" data-widget_type=\"html.default\">\n\t\t\t\t<div class=\"elementor-widget-container\">\n\t\t\t\t\t<iframe style=\"border: none;\" src=\"https:\/\/retreetheplanet.com\/embed\/forest-carbon-info?forestId=0fb4827f-b1ba-4ad3-9316-a7be1141c347\" width=\"100%\" height=\"580\" scrolling=\"yes\" data-gtm-yt-inspected-12=\"true\" data-dashlane-frameid=\"3144\"><\/iframe>\t\t\t\t<\/div>\n\t\t\t\t<\/div>\n\t\t\t\t\t<\/div>\n\t\t\t\t<\/div>\n\t\t<div class=\"elementor-element elementor-element-68e0288 e-flex e-con-boxed kitify-col-width-auto-no ignore-docs-style-no kitify-disable-relative-no e-root-container elementor-top-section e-con e-parent\" data-id=\"68e0288\" data-element_type=\"container\" data-settings=\"{&quot;background_background&quot;:&quot;classic&quot;}\">\n\t\t\t\t\t<div class=\"e-con-inner\">\n\t\t\t\t<div class=\"elementor-element elementor-element-15b0be1 elementor-widget elementor-widget-video\" data-id=\"15b0be1\" data-element_type=\"widget\" data-settings=\"{&quot;youtube_url&quot;:&quot;https:\\\/\\\/www.youtube.com\\\/watch?v=HhhFWMZlWac&quot;,&quot;autoplay&quot;:&quot;yes&quot;,&quot;loop&quot;:&quot;yes&quot;,&quot;video_type&quot;:&quot;youtube&quot;,&quot;controls&quot;:&quot;yes&quot;}\" data-widget_type=\"video.default\">\n\t\t\t\t<div class=\"elementor-widget-container\">\n\t\t\t\t\t\t\t<div class=\"elementor-wrapper elementor-open-inline\">\n\t\t\t<div class=\"elementor-video\"><\/div>\t\t<\/div>\n\t\t\t\t\t\t<\/div>\n\t\t\t\t<\/div>\n\t\t\t\t\t<\/div>\n\t\t\t\t<\/div>\n\t\t<div class=\"elementor-element elementor-element-63db592 e-flex e-con-boxed kitify-col-width-auto-no ignore-docs-style-no kitify-disable-relative-no e-root-container elementor-top-section e-con e-parent\" data-id=\"63db592\" data-element_type=\"container\">\n\t\t\t\t\t<div class=\"e-con-inner\">\n\t\t<div class=\"elementor-element elementor-element-25350e7 e-con-full e-flex kitify-col-width-auto-no ignore-docs-style-no kitify-disable-relative-no e-con e-child\" data-id=\"25350e7\" data-element_type=\"container\">\n\t\t\t\t<div class=\"elementor-element elementor-element-ed20579 elementor-widget__width-initial elementor-widget elementor-widget-heading\" data-id=\"ed20579\" data-element_type=\"widget\" data-widget_type=\"heading.default\">\n\t\t\t\t<div class=\"elementor-widget-container\">\n\t\t\t\t\t<h2 class=\"elementor-heading-title elementor-size-default\">Pegada de carbono<\/h2>\t\t\t\t<\/div>\n\t\t\t\t<\/div>\n\t\t\t\t<div class=\"elementor-element elementor-element-fceecd0 elementor-widget__width-initial elementor-widget elementor-widget-heading\" data-id=\"fceecd0\" data-element_type=\"widget\" data-widget_type=\"heading.default\">\n\t\t\t\t<div class=\"elementor-widget-container\">\n\t\t\t\t\t<h2 class=\"elementor-heading-title elementor-size-default\">Plano de redu\u00e7\u00e3o<\/h2>\t\t\t\t<\/div>\n\t\t\t\t<\/div>\n\t\t\t\t<div class=\"elementor-element elementor-element-4ececcd elementor-widget__width-initial elementor-widget elementor-widget-text-editor\" data-id=\"4ececcd\" data-element_type=\"widget\" data-widget_type=\"text-editor.default\">\n\t\t\t\t<div class=\"elementor-widget-container\">\n\t\t\t\t\t\t\t\t\t<p>A pegada de carbono \u00e9 um indicador ambiental que quantifica as emiss\u00f5es de gases com efeito de estufa das organiza\u00e7\u00f5es, a principal causa das altera\u00e7\u00f5es clim\u00e1ticas. <strong>A redu\u00e7\u00e3o da pegada de carbono<\/strong> \u00e9 uma medida essencial para a contribui\u00e7\u00e3o do LABIN para a luta global contra as altera\u00e7\u00f5es clim\u00e1ticas.<\/p><p>Neste sentido, a redu\u00e7\u00e3o da pegada de carbono responde aos <strong>Objectivos de Desenvolvimento Sustent\u00e1vel (ODS)<\/strong>, promovidos pelas Na\u00e7\u00f5es Unidas atrav\u00e9s da Agenda 2030.<\/p>\t\t\t\t\t\t\t\t<\/div>\n\t\t\t\t<\/div>\n\t\t\t\t<\/div>\n\t\t<div class=\"elementor-element elementor-element-a93f091 e-con-full e-flex kitify-col-width-auto-no ignore-docs-style-no kitify-disable-relative-no e-con e-child\" data-id=\"a93f091\" data-element_type=\"container\">\n\t\t\t\t<div class=\"elementor-element elementor-element-ea859fb elementor-widget__width-initial elementor-widget elementor-widget-text-editor\" data-id=\"ea859fb\" data-element_type=\"widget\" data-widget_type=\"text-editor.default\">\n\t\t\t\t<div class=\"elementor-widget-container\">\n\t\t\t\t\t\t\t\t\t<p>Para reduzir a sua pegada de carbono, o LABIN elaborou um plano de redu\u00e7\u00e3o da pegada de carbono com base no valor de Tn de<sub>CO2 resultante <\/sub>do c\u00e1lculo efectuado com a calculadora MITECO e o \u00c2mbito 1+2. Gra\u00e7as a este c\u00e1lculo, podemos conhecer as actividades que contribuem para a emiss\u00e3o de gases com efeito de estufa e concentrar-nos na sua redu\u00e7\u00e3o. Como?  <\/p>\t\t\t\t\t\t\t\t<\/div>\n\t\t\t\t<\/div>\n\t\t\t\t<div class=\"elementor-element elementor-element-ef04630 elementor-icon-list--layout-traditional elementor-list-item-link-full_width elementor-widget elementor-widget-icon-list\" data-id=\"ef04630\" data-element_type=\"widget\" data-widget_type=\"icon-list.default\">\n\t\t\t\t<div class=\"elementor-widget-container\">\n\t\t\t\t\t\t\t<ul class=\"elementor-icon-list-items\">\n\t\t\t\t\t\t\t<li class=\"elementor-icon-list-item\">\n\t\t\t\t\t\t\t\t\t\t\t<span class=\"elementor-icon-list-icon\">\n\t\t\t\t\t\t\t<svg aria-hidden=\"true\" class=\"e-font-icon-svg e-fas-check\" viewBox=\"0 0 512 512\" xmlns=\"http:\/\/www.w3.org\/2000\/svg\"><path d=\"M173.898 439.404l-166.4-166.4c-9.997-9.997-9.997-26.206 0-36.204l36.203-36.204c9.997-9.998 26.207-9.998 36.204 0L192 312.69 432.095 72.596c9.997-9.997 26.207-9.997 36.204 0l36.203 36.204c9.997 9.997 9.997 26.206 0 36.204l-294.4 294.401c-9.998 9.997-26.207 9.997-36.204-.001z\"><\/path><\/svg>\t\t\t\t\t\t<\/span>\n\t\t\t\t\t\t\t\t\t\t<span class=\"elementor-icon-list-text\">Comprometemo-nos a reduzir a nossa pegada de carbono em 70% na nossa f\u00e1brica de fertilizantes l\u00edquidos e s\u00f3lidos no prazo de 5 anos, mudando para empilhadores el\u00e9ctricos, reduzindo assim o consumo de combust\u00edveis f\u00f3sseis, e comprando eletricidade proveniente de energia 100% renov\u00e1vel e com uma GoO (Garantia de Origem).<\/span>\n\t\t\t\t\t\t\t\t\t<\/li>\n\t\t\t\t\t\t\t\t<li class=\"elementor-icon-list-item\">\n\t\t\t\t\t\t\t\t\t\t\t<span class=\"elementor-icon-list-icon\">\n\t\t\t\t\t\t\t<svg aria-hidden=\"true\" class=\"e-font-icon-svg e-fas-check\" viewBox=\"0 0 512 512\" xmlns=\"http:\/\/www.w3.org\/2000\/svg\"><path d=\"M173.898 439.404l-166.4-166.4c-9.997-9.997-9.997-26.206 0-36.204l36.203-36.204c9.997-9.998 26.207-9.998 36.204 0L192 312.69 432.095 72.596c9.997-9.997 26.207-9.997 36.204 0l36.203 36.204c9.997 9.997 9.997 26.206 0 36.204l-294.4 294.401c-9.998 9.997-26.207 9.997-36.204-.001z\"><\/path><\/svg>\t\t\t\t\t\t<\/span>\n\t\t\t\t\t\t\t\t\t\t<span class=\"elementor-icon-list-text\">Na nossa f\u00e1brica de adubos granulados, elimin\u00e1mos o g\u00e1s no nosso processo de fabrico atrav\u00e9s da utiliza\u00e7\u00e3o de biomassa vegetal, reduzindo assim as emiss\u00f5es de gases com efeito de estufa. Por outro lado, continuamos com o nosso compromisso de reduzir as emiss\u00f5es atrav\u00e9s de melhorias em diferentes \u00e2mbitos dos nossos processos. <\/span>\n\t\t\t\t\t\t\t\t\t<\/li>\n\t\t\t\t\t\t<\/ul>\n\t\t\t\t\t\t<\/div>\n\t\t\t\t<\/div>\n\t\t\t\t<\/div>\n\t\t\t\t\t<\/div>\n\t\t\t\t<\/div>\n\t\t<div class=\"elementor-element elementor-element-75ece82 e-flex e-con-boxed kitify-col-width-auto-no ignore-docs-style-no kitify-disable-relative-no e-root-container elementor-top-section e-con e-parent\" data-id=\"75ece82\" data-element_type=\"container\">\n\t\t\t\t\t<div class=\"e-con-inner\">\n\t\t\t\t<div class=\"elementor-element elementor-element-931e30a elementor-blockquote--skin-quotation elementor-blockquote--align-left elementor-blockquote--button-view-text elementor-blockquote--button-skin-link elementor-widget elementor-widget-blockquote\" data-id=\"931e30a\" data-element_type=\"widget\" data-widget_type=\"blockquote.default\">\n\t\t\t\t<div class=\"elementor-widget-container\">\n\t\t\t\t\t\t\t<blockquote class=\"elementor-blockquote\">\n\t\t\t<p class=\"elementor-blockquote__content\">\n\t\t\t\tOrgulhamo-nos de poder contribuir para a preserva\u00e7\u00e3o do ambiente, trabalhando para um futuro limpo e livre de energias n\u00e3o renov\u00e1veis.\t\t\t<\/p>\n\t\t\t\t\t\t\t<div class=\"e-q-footer\">\n\t\t\t\t\t\t\t\t\t\t\t\t\t\t\t\t<a href=\"https:\/\/twitter.com\/intent\/tweet?text=Orgulhamo-nos+de+poder+contribuir+para+a+preserva%C3%A7%C3%A3o+do+ambiente%2C+trabalhando+para+um+futuro+limpo+e+livre+de+energias+n%C3%A3o+renov%C3%A1veis.&amp;url=https%3A%2F%2Flabin.net%2Fpt-pt%2F%2Fpt-pt%2Fwp-json%2Fwp%2Fv2%2Fpages%2F38885\" class=\"elementor-blockquote__tweet-button\" target=\"_blank\">\n\t\t\t\t\t\t\t\t\t\t\t\t\t\t\t\t\t\t\t\t\t\t<span class=\"elementor-blockquote__tweet-label\"><\/span>\n\t\t\t\t\t\t\t\t\t\t\t\t\t<\/a>\n\t\t\t\t\t\t\t\t\t<\/div>\n\t\t\t\t\t<\/blockquote>\n\t\t\t\t\t\t<\/div>\n\t\t\t\t<\/div>\n\t\t\t\t\t<\/div>\n\t\t\t\t<\/div>\n\t\t<div class=\"elementor-element elementor-element-b4e2389 e-flex e-con-boxed kitify-col-width-auto-no ignore-docs-style-no kitify-disable-relative-no e-root-container elementor-top-section e-con e-parent\" data-id=\"b4e2389\" data-element_type=\"container\">\n\t\t\t\t\t<div class=\"e-con-inner\">\n\t\t<div class=\"elementor-element elementor-element-6ca5c47 e-grid e-con-full kitify-col-width-auto-no ignore-docs-style-no kitify-disable-relative-no e-con e-child\" data-id=\"6ca5c47\" data-element_type=\"container\">\n\t\t\t\t<div class=\"elementor-element elementor-element-b810256 elementor-widget elementor-widget-image\" data-id=\"b810256\" data-element_type=\"widget\" data-widget_type=\"image.default\">\n\t\t\t\t<div class=\"elementor-widget-container\">\n\t\t\t\t\t\t\t\t\t\t\t\t\t\t\t\t<a href=\"https:\/\/labin.net\/wp-content\/uploads\/2025\/08\/2024-a2204-CERTIFICADO-INSCRIPCION_2023_C.pdf\" target=\"_blank\">\n\t\t\t\t\t\t\t<img fetchpriority=\"high\" decoding=\"async\" width=\"340\" height=\"190\" src=\"https:\/\/labin.net\/wp-content\/uploads\/2025\/12\/2024.png\" class=\"elementor-animation-shrink attachment-large size-large wp-image-38888\" alt=\"\" srcset=\"https:\/\/labin.net\/wp-content\/uploads\/2025\/12\/2024.png 340w, https:\/\/labin.net\/wp-content\/uploads\/2025\/12\/2024-300x168.png 300w\" sizes=\"(max-width: 340px) 100vw, 340px\" \/>\t\t\t\t\t\t\t\t<\/a>\n\t\t\t\t\t\t\t\t\t\t\t\t\t\t\t<\/div>\n\t\t\t\t<\/div>\n\t\t\t\t<div class=\"elementor-element elementor-element-37b8492 elementor-widget elementor-widget-image\" data-id=\"37b8492\" data-element_type=\"widget\" data-widget_type=\"image.default\">\n\t\t\t\t<div class=\"elementor-widget-container\">\n\t\t\t\t\t\t\t\t\t\t\t\t\t\t\t\t<a href=\"https:\/\/labin.net\/wp-content\/uploads\/2025\/08\/2023-a3745-CERTIFICADO-INSCRIPCION_2022_C.pdf\" target=\"_blank\">\n\t\t\t\t\t\t\t<img decoding=\"async\" width=\"340\" height=\"190\" src=\"https:\/\/labin.net\/wp-content\/uploads\/2025\/07\/Certificado-co2-Labin-2023.jpg\" class=\"elementor-animation-shrink attachment-large size-large wp-image-38895\" alt=\"\" srcset=\"https:\/\/labin.net\/wp-content\/uploads\/2025\/07\/Certificado-co2-Labin-2023.jpg 340w, https:\/\/labin.net\/wp-content\/uploads\/2025\/07\/Certificado-co2-Labin-2023-300x168.jpg 300w\" sizes=\"(max-width: 340px) 100vw, 340px\" \/>\t\t\t\t\t\t\t\t<\/a>\n\t\t\t\t\t\t\t\t\t\t\t\t\t\t\t<\/div>\n\t\t\t\t<\/div>\n\t\t\t\t<div class=\"elementor-element elementor-element-4917c60 elementor-widget elementor-widget-image\" data-id=\"4917c60\" data-element_type=\"widget\" data-widget_type=\"image.default\">\n\t\t\t\t<div class=\"elementor-widget-container\">\n\t\t\t\t\t\t\t\t\t\t\t\t\t\t\t\t<a href=\"https:\/\/labin.net\/wp-content\/uploads\/2025\/08\/2022-a1904-CERTIFICADO-INSCRIPCION_2021_C.pdf\" target=\"_blank\">\n\t\t\t\t\t\t\t<img decoding=\"async\" width=\"340\" height=\"190\" src=\"https:\/\/labin.net\/wp-content\/uploads\/2025\/07\/Certificado-co2-Labin-2022-ok.jpg\" class=\"elementor-animation-shrink attachment-large size-large wp-image-38893\" alt=\"\" srcset=\"https:\/\/labin.net\/wp-content\/uploads\/2025\/07\/Certificado-co2-Labin-2022-ok.jpg 340w, https:\/\/labin.net\/wp-content\/uploads\/2025\/07\/Certificado-co2-Labin-2022-ok-300x168.jpg 300w\" sizes=\"(max-width: 340px) 100vw, 340px\" \/>\t\t\t\t\t\t\t\t<\/a>\n\t\t\t\t\t\t\t\t\t\t\t\t\t\t\t<\/div>\n\t\t\t\t<\/div>\n\t\t\t\t<div class=\"elementor-element elementor-element-70a30e7 elementor-widget elementor-widget-image\" data-id=\"70a30e7\" data-element_type=\"widget\" data-widget_type=\"image.default\">\n\t\t\t\t<div class=\"elementor-widget-container\">\n\t\t\t\t\t\t\t\t\t\t\t\t\t\t\t<img loading=\"lazy\" decoding=\"async\" width=\"340\" height=\"190\" src=\"https:\/\/labin.net\/wp-content\/uploads\/2025\/07\/Certificado-co2-Labin.jpg\" class=\"attachment-large size-large wp-image-38894\" alt=\"\" srcset=\"https:\/\/labin.net\/wp-content\/uploads\/2025\/07\/Certificado-co2-Labin.jpg 340w, https:\/\/labin.net\/wp-content\/uploads\/2025\/07\/Certificado-co2-Labin-300x168.jpg 300w\" sizes=\"(max-width: 340px) 100vw, 340px\" \/>\t\t\t\t\t\t\t\t\t\t\t\t\t\t\t<\/div>\n\t\t\t\t<\/div>\n\t\t\t\t<\/div>\n\t\t\t\t\t<\/div>\n\t\t\t\t<\/div>\n\t\t\t\t<\/div>\n\t\t","protected":false},"excerpt":{"rendered":"<p>Reduzimos a nossa Pegada de carbono Sumidouros de carbono LABIN Floresta Inteligente No LABIN apostamos em iniciativas que tornam a sustentabilidade tang\u00edvel. Uma delas \u00e9 o LABIN Smart Forest, desenvolvido em conjunto com a Retree e a Arbre Team, que recupera \u00e1reas afectadas por inc\u00eandios atrav\u00e9s da refloresta\u00e7\u00e3o. As \u00e1rvores absorvem CO2 e transformam-no em oxig\u00e9nio, tornando-se sumidouros de carbono\u2026<\/p>\n","protected":false},"author":1,"featured_media":0,"parent":0,"menu_order":0,"comment_status":"closed","ping_status":"closed","template":"","meta":{"_acf_changed":false,"footnotes":""},"class_list":["post-38885","page","type-page","status-publish","hentry"],"acf":[],"_links":{"self":[{"href":"https:\/\/labin.net\/pt-pt\/wp-json\/wp\/v2\/pages\/38885","targetHints":{"allow":["GET"]}}],"collection":[{"href":"https:\/\/labin.net\/pt-pt\/wp-json\/wp\/v2\/pages"}],"about":[{"href":"https:\/\/labin.net\/pt-pt\/wp-json\/wp\/v2\/types\/page"}],"author":[{"embeddable":true,"href":"https:\/\/labin.net\/pt-pt\/wp-json\/wp\/v2\/users\/1"}],"replies":[{"embeddable":true,"href":"https:\/\/labin.net\/pt-pt\/wp-json\/wp\/v2\/comments?post=38885"}],"version-history":[{"count":1,"href":"https:\/\/labin.net\/pt-pt\/wp-json\/wp\/v2\/pages\/38885\/revisions"}],"predecessor-version":[{"id":38890,"href":"https:\/\/labin.net\/pt-pt\/wp-json\/wp\/v2\/pages\/38885\/revisions\/38890"}],"wp:attachment":[{"href":"https:\/\/labin.net\/pt-pt\/wp-json\/wp\/v2\/media?parent=38885"}],"curies":[{"name":"wp","href":"https:\/\/api.w.org\/{rel}","templated":true}]}}