{"id":38858,"date":"2025-07-16T07:55:25","date_gmt":"2025-07-16T07:55:25","guid":{"rendered":"https:\/\/labin.net\/tecnologia-inteligente\/"},"modified":"2026-03-10T09:46:17","modified_gmt":"2026-03-10T09:46:17","slug":"tecnologia-inteligente","status":"publish","type":"page","link":"https:\/\/labin.net\/pt-pt\/tecnologia-inteligente\/","title":{"rendered":"Tecnologia inteligente"},"content":{"rendered":"\t\t<div data-elementor-type=\"wp-page\" data-elementor-id=\"38858\" class=\"elementor elementor-38858 elementor-9385\" data-elementor-post-type=\"page\">\n\t\t\t\t<div class=\"elementor-element elementor-element-4f09edc e-flex e-con-boxed kitify-col-width-auto-no ignore-docs-style-no kitify-disable-relative-no e-root-container elementor-top-section e-con e-parent\" data-id=\"4f09edc\" data-element_type=\"container\" data-settings=\"{&quot;background_background&quot;:&quot;classic&quot;}\">\n\t\t\t\t\t<div class=\"e-con-inner\">\n\t\t\t\t<div class=\"elementor-element elementor-element-21c8f63 elementor-invisible kitify-has-entrance-animation elementor-widget elementor-widget-heading\" data-id=\"21c8f63\" data-element_type=\"widget\" data-settings=\"{&quot;_animation&quot;:&quot;zoomIn&quot;}\" data-widget_type=\"heading.default\">\n\t\t\t\t<div class=\"elementor-widget-container\">\n\t\t\t\t\t<h1 class=\"elementor-heading-title elementor-size-default\">A nossa tecnologia<\/h1>\t\t\t\t<\/div>\n\t\t\t\t<\/div>\n\t\t\t\t<div class=\"elementor-element elementor-element-84f35af elementor-invisible kitify-has-entrance-animation elementor-widget elementor-widget-heading\" data-id=\"84f35af\" data-element_type=\"widget\" data-settings=\"{&quot;_animation&quot;:&quot;zoomIn&quot;}\" data-widget_type=\"heading.default\">\n\t\t\t\t<div class=\"elementor-widget-container\">\n\t\t\t\t\t<h1 class=\"elementor-heading-title elementor-size-default\">Tecnologia inteligente<\/h1>\t\t\t\t<\/div>\n\t\t\t\t<\/div>\n\t\t\t\t\t<\/div>\n\t\t\t\t<\/div>\n\t\t<div class=\"elementor-element elementor-element-2a99176 e-flex e-con-boxed kitify-col-width-auto-no ignore-docs-style-no kitify-disable-relative-no e-root-container elementor-top-section e-con e-parent\" data-id=\"2a99176\" data-element_type=\"container\">\n\t\t\t\t\t<div class=\"e-con-inner\">\n\t\t<div class=\"elementor-element elementor-element-0f605c0 e-con-full e-flex kitify-col-width-auto-no ignore-docs-style-no kitify-disable-relative-no e-con e-child\" data-id=\"0f605c0\" data-element_type=\"container\">\n\t\t\t\t<div class=\"elementor-element elementor-element-f3f6960 elementor-widget__width-initial elementor-widget elementor-widget-text-editor\" data-id=\"f3f6960\" data-element_type=\"widget\" data-widget_type=\"text-editor.default\">\n\t\t\t\t<div class=\"elementor-widget-container\">\n\t\t\t\t\t\t\t\t\t<p><strong>Labin Smart Tech<\/strong> \u00e9 uma tecnologia nascida do estudo exaustivo e cont\u00ednuo do metabolismo da nutri\u00e7\u00e3o vegetal, em todos os seus aspectos e de uma perspetiva muito ampla.<\/p>\t\t\t\t\t\t\t\t<\/div>\n\t\t\t\t<\/div>\n\t\t\t\t<div class=\"elementor-element elementor-element-0df90a0 elementor-widget-divider--view-line elementor-widget elementor-widget-divider\" data-id=\"0df90a0\" data-element_type=\"widget\" data-widget_type=\"divider.default\">\n\t\t\t\t<div class=\"elementor-widget-container\">\n\t\t\t\t\t\t\t<div class=\"elementor-divider\">\n\t\t\t<span class=\"elementor-divider-separator\">\n\t\t\t\t\t\t<\/span>\n\t\t<\/div>\n\t\t\t\t\t\t<\/div>\n\t\t\t\t<\/div>\n\t\t\t\t<div class=\"elementor-element elementor-element-dffc423 elementor-widget elementor-widget-text-editor\" data-id=\"dffc423\" data-element_type=\"widget\" data-widget_type=\"text-editor.default\">\n\t\t\t\t<div class=\"elementor-widget-container\">\n\t\t\t\t\t\t\t\t\t<p>A ideia de que o poder dos elementos minerais que interv\u00eam na nutri\u00e7\u00e3o das plantas vai muito al\u00e9m da obten\u00e7\u00e3o do pr\u00f3prio alimento tem sido uma das linhas de trabalho mais importantes. Por outro lado, <strong>o conhecimento dos processos metab\u00f3licos que interv\u00eam na nutri\u00e7\u00e3o<\/strong> e o estudo das subst\u00e2ncias org\u00e2nicas naturais que interv\u00eam na mesma tem sido uma linha de investiga\u00e7\u00e3o importante. Finalmente, <strong>o estudo dos minerais estrat\u00e9gicos<\/strong>, n\u00e3o considerados como fertilizantes, completou as linhas de trabalho.  <\/p>\t\t\t\t\t\t\t\t<\/div>\n\t\t\t\t<\/div>\n\t\t\t\t<\/div>\n\t\t\t\t\t<\/div>\n\t\t\t\t<\/div>\n\t\t<div class=\"elementor-element elementor-element-23c6550 e-flex e-con-boxed kitify-col-width-auto-no ignore-docs-style-no kitify-disable-relative-no e-root-container elementor-top-section e-con e-parent\" data-id=\"23c6550\" data-element_type=\"container\" data-settings=\"{&quot;background_background&quot;:&quot;classic&quot;}\">\n\t\t\t\t\t<div class=\"e-con-inner\">\n\t\t<div class=\"elementor-element elementor-element-30bb85a e-con-full e-flex kitify-col-width-auto-no ignore-docs-style-no kitify-disable-relative-no e-con e-child\" data-id=\"30bb85a\" data-element_type=\"container\">\n\t\t\t\t<div class=\"elementor-element elementor-element-380669e elementor-widget elementor-widget-text-editor\" data-id=\"380669e\" data-element_type=\"widget\" data-widget_type=\"text-editor.default\">\n\t\t\t\t<div class=\"elementor-widget-container\">\n\t\t\t\t\t\t\t\t\t<p>Os produtos com <strong>tecnologia Labin Smart Tech<\/strong> adicionam <strong>subst\u00e2ncias org\u00e2nicas naturais<\/strong> aos elementos minerais <strong>, que est\u00e3o envolvidos na assimila\u00e7\u00e3o, transporte e a\u00e7\u00e3o dentro da planta<\/strong>. A planta reconhece-os como parte do seu pr\u00f3prio metabolismo e, portanto, <strong>o seu efeito \u00e9 muito mais eficaz<\/strong>. <\/p>\t\t\t\t\t\t\t\t<\/div>\n\t\t\t\t<\/div>\n\t\t\t\t<\/div>\n\t\t<div class=\"elementor-element elementor-element-712ec10 e-con-full e-flex kitify-col-width-auto-no ignore-docs-style-no kitify-disable-relative-no e-con e-child\" data-id=\"712ec10\" data-element_type=\"container\">\n\t\t\t\t<div class=\"elementor-element elementor-element-45f9929 elementor-widget elementor-widget-image\" data-id=\"45f9929\" data-element_type=\"widget\" data-widget_type=\"image.default\">\n\t\t\t\t<div class=\"elementor-widget-container\">\n\t\t\t\t\t\t\t\t\t\t\t\t\t\t\t<img fetchpriority=\"high\" decoding=\"async\" width=\"496\" height=\"497\" src=\"https:\/\/labin.net\/wp-content\/uploads\/2025\/07\/smarttech-icon.png\" class=\"attachment-large size-large wp-image-38861\" alt=\"\" srcset=\"https:\/\/labin.net\/wp-content\/uploads\/2025\/07\/smarttech-icon.png 496w, https:\/\/labin.net\/wp-content\/uploads\/2025\/07\/smarttech-icon-250x250.png 250w, https:\/\/labin.net\/wp-content\/uploads\/2025\/07\/smarttech-icon-300x300.png 300w, https:\/\/labin.net\/wp-content\/uploads\/2025\/07\/smarttech-icon-150x150.png 150w, https:\/\/labin.net\/wp-content\/uploads\/2025\/07\/smarttech-icon-50x50.png 50w, https:\/\/labin.net\/wp-content\/uploads\/2025\/07\/smarttech-icon-100x100.png 100w\" sizes=\"(max-width: 496px) 100vw, 496px\" \/>\t\t\t\t\t\t\t\t\t\t\t\t\t\t\t<\/div>\n\t\t\t\t<\/div>\n\t\t\t\t<\/div>\n\t\t\t\t\t<\/div>\n\t\t\t\t<\/div>\n\t\t<div class=\"elementor-element elementor-element-68c2a5d e-flex e-con-boxed kitify-col-width-auto-no ignore-docs-style-no kitify-disable-relative-no e-root-container elementor-top-section e-con e-parent\" data-id=\"68c2a5d\" data-element_type=\"container\">\n\t\t\t\t\t<div class=\"e-con-inner\">\n\t\t<div class=\"elementor-element elementor-element-26f03ac e-con-full e-flex kitify-col-width-auto-no ignore-docs-style-no kitify-disable-relative-no e-con e-child\" data-id=\"26f03ac\" data-element_type=\"container\">\n\t\t\t\t<div class=\"elementor-element elementor-element-dcb7f0c elementor-widget elementor-widget-text-editor\" data-id=\"dcb7f0c\" data-element_type=\"widget\" data-widget_type=\"text-editor.default\">\n\t\t\t\t<div class=\"elementor-widget-container\">\n\t\t\t\t\t\t\t\t\t<p>Al\u00e9m disso, acrescenta aos elementos cl\u00e1ssicos dos fertilizantes minerais naturais estrat\u00e9gicos, <strong>diretamente relacionados com o vigor das plantas<\/strong> e que, em alguns casos, ainda n\u00e3o foram considerados como fertilizantes. O facto de utilizar subst\u00e2ncias naturais para a formula\u00e7\u00e3o destes produtos <strong>significa que podem ser utilizados na agricultura biol\u00f3gica, que t\u00eam um grande poder estimulante e que s\u00e3o tamb\u00e9m muito f\u00e1ceis de misturar<\/strong>. <\/p>\t\t\t\t\t\t\t\t<\/div>\n\t\t\t\t<\/div>\n\t\t\t\t<\/div>\n\t\t<div class=\"elementor-element elementor-element-23aa682 e-con-full e-flex kitify-col-width-auto-no ignore-docs-style-no kitify-disable-relative-no e-con e-child\" data-id=\"23aa682\" data-element_type=\"container\">\n\t\t\t\t<div class=\"elementor-element elementor-element-d1969fb elementor-widget elementor-widget-text-editor\" data-id=\"d1969fb\" data-element_type=\"widget\" data-widget_type=\"text-editor.default\">\n\t\t\t\t<div class=\"elementor-widget-container\">\n\t\t\t\t\t\t\t\t\t<p>Os produtos com tecnologia Labin Smart Tech s\u00e3o a \u00faltima gera\u00e7\u00e3o de produtos LABIN avan\u00e7ados, que <strong>fornecem solu\u00e7\u00f5es para uma agricultura cada vez mais tecnificada, produtiva e sustent\u00e1vel<\/strong>.<\/p>\t\t\t\t\t\t\t\t<\/div>\n\t\t\t\t<\/div>\n\t\t\t\t<\/div>\n\t\t\t\t\t<\/div>\n\t\t\t\t<\/div>\n\t\t\t\t<\/div>\n\t\t","protected":false},"excerpt":{"rendered":"<p>A nossa tecnologia Tecnologia inteligente Labin Smart Tech \u00e9 uma tecnologia nascida do estudo exaustivo e cont\u00ednuo do metabolismo da nutri\u00e7\u00e3o vegetal, em todos os seus aspectos e de uma perspetiva muito ampla. A ideia de que o poder dos elementos minerais que interv\u00eam na nutri\u00e7\u00e3o das plantas vai muito al\u00e9m da obten\u00e7\u00e3o do pr\u00f3prio alimento tem sido uma das\u2026<\/p>\n","protected":false},"author":1,"featured_media":0,"parent":0,"menu_order":0,"comment_status":"closed","ping_status":"closed","template":"","meta":{"_acf_changed":false,"footnotes":""},"class_list":["post-38858","page","type-page","status-publish","hentry"],"acf":[],"_links":{"self":[{"href":"https:\/\/labin.net\/pt-pt\/wp-json\/wp\/v2\/pages\/38858","targetHints":{"allow":["GET"]}}],"collection":[{"href":"https:\/\/labin.net\/pt-pt\/wp-json\/wp\/v2\/pages"}],"about":[{"href":"https:\/\/labin.net\/pt-pt\/wp-json\/wp\/v2\/types\/page"}],"author":[{"embeddable":true,"href":"https:\/\/labin.net\/pt-pt\/wp-json\/wp\/v2\/users\/1"}],"replies":[{"embeddable":true,"href":"https:\/\/labin.net\/pt-pt\/wp-json\/wp\/v2\/comments?post=38858"}],"version-history":[{"count":1,"href":"https:\/\/labin.net\/pt-pt\/wp-json\/wp\/v2\/pages\/38858\/revisions"}],"predecessor-version":[{"id":38868,"href":"https:\/\/labin.net\/pt-pt\/wp-json\/wp\/v2\/pages\/38858\/revisions\/38868"}],"wp:attachment":[{"href":"https:\/\/labin.net\/pt-pt\/wp-json\/wp\/v2\/media?parent=38858"}],"curies":[{"name":"wp","href":"https:\/\/api.w.org\/{rel}","templated":true}]}}