{"id":37766,"date":"2025-12-05T11:00:56","date_gmt":"2025-12-05T11:00:56","guid":{"rendered":"https:labin.net\/producto\/labifol-superamino\/"},"modified":"2025-12-05T11:00:56","modified_gmt":"2025-12-05T11:00:56","slug":"labifol-superamino","status":"publish","type":"product","link":"https:\/\/labin.net\/it\/producto\/labifol-superamino\/","title":{"rendered":"LABIFOL SUPERAMINO"},"content":{"rendered":"<p><strong>LABIFOL SUPERAMINO<\/strong> \u00e8 una formulazione progettata con aminoacidi liberi a basso peso molecolare che agiscono efficacemente contro le situazioni di stress, sia biotiche che abiotiche.<br \/>\n\u00c8 il perfetto equilibrio tra l&#8217;efficienza degli aminoacidi animali e l&#8217;elevata assimilazione degli aminoacidi vegetali.<br \/>\nRispetto ad altri prodotti a base di aminoacidi che possiamo trovare sul mercato, LABIFOL SUPERAMINO ha un peso molecolare medio davvero basso, pari a 1000 dalton. Questo significa che gli aminoacidi sono altamente assimilabili dalla pianta e che questa consuma meno energia nella sintesi delle proprie proteine e molecole organiche nel suo sistema. <\/p>\n<p>Principalmente, la pianta utilizzer\u00e0 gli aminoacidi che incorporiamo nel prodotto per ottenere energia, utilizzer\u00e0 il carbonio per la sua struttura vegetale, complesser\u00e0 altri nutrienti permettendo la loro assimilazione, ritarder\u00e0 la senescenza e disintossicher\u00e0 le cellule.<br \/>\nLa pianta invier\u00e0 questi L-aminoacidi attraverso il floema ai punti deboli, quindi li accumuler\u00e0 dove ne ha bisogno.<br \/>\nLa sua formulazione incorpora un&#8217;alta percentuale dei seguenti aminoacidi: glicina, prolina e acido glutammico.<br \/>\nApplichi LABIFOL SUPERAMINO nei momenti di forte stress dopo il freddo, il gelo, la siccit\u00e0, lo stress termico, il trapianto, ecc. La sua applicazione regolare offre alla pianta una migliore resistenza e una migliore salute vegetativa. Inoltre, nei momenti di elevata richiesta energetica come la fioritura, l&#8217;allegagione o la maturazione dei frutti.  <\/p>\n","protected":false},"excerpt":{"rendered":"<ul>\n<li>Recupero rapido in situazioni estreme<\/li>\n<li>Migliora la funzione fotosintetica<\/li>\n<li>Applicare nei momenti critici: fioritura, allegagione e maturazione dei frutti,&#8230;<\/li>\n<\/ul>\n","protected":false},"featured_media":36131,"comment_status":"closed","ping_status":"closed","template":"","meta":{"_acf_changed":false},"cultivo":[362,395,432,465,496,366,400,433,466,497,367,401,434,467,498,337,368,402,435,468,499,339,372,403,441,469,500,340,376,407,442,475,501,341,379,413,443,476,502,345,380,414,444,477,503,346,381,415,449,478,504,347,382,416,450,479,505,351,386,417,451,485,352,387,422,452,486,353,388,423,458,487,357,392,424,459,488,358,393,425,460,489,359,394,426,461,495],"ecologico":[824],"medioambiente":[844],"solucion":[930,936,946],"tipo-de-aplicacion":[506,808,812,813],"product_brand":[],"product_cat":[970,1011],"product_tag":[],"class_list":{"0":"post-37766","1":"product","2":"type-product","3":"status-publish","4":"has-post-thumbnail","6":"cultivo-melograno","7":"cultivo-noce","8":"cultivo-ananas","9":"cultivo-indivia","10":"cultivo-soia-verde","11":"cultivo-higuera","12":"cultivo-lulivo","13":"cultivo-pitahaya","14":"cultivo-spinaci","15":"cultivo-pomodoro","16":"cultivo-kiwi","17":"cultivo-vite-ornamentale","18":"cultivo-tamarindo","19":"cultivo-pisello","20":"cultivo-carota","21":"cultivo-alberi-da-frutto","22":"cultivo-albero-di-limone","23":"cultivo-peral","24":"cultivo-te","25":"cultivo-fagiolino","26":"cultivo-cereali","27":"cultivo-tropicale","28":"cultivo-avocado","29":"cultivo-pistacchio","30":"cultivo-cassava","31":"cultivo-fagiolo-verde","32":"cultivo-foraggio-e-pascolo","33":"cultivo-orticoltura","34":"cultivo-banana-pianta","35":"cultivo-pompelmo","36":"cultivo-bietola","37":"cultivo-lattuga","38":"cultivo-legumi-estensivi","39":"cultivo-estensivi","40":"cultivo-cacao","41":"cultivo-vite","42":"cultivo-aglio","43":"cultivo-melone","44":"cultivo-semi-oleosi","45":"cultivo-parchi-e-giardini","46":"cultivo-caffe","47":"cultivo-canna-da-zucchero","48":"cultivo-melanzana","49":"cultivo-rapa","50":"cultivo-alberi-ornamentali","51":"cultivo-albicocca","52":"cultivo-carambola","53":"cultivo-crema-pasticcera-alla-mela","54":"cultivo-patata-dolce","55":"cultivo-patata","56":"cultivo-cespedes","57":"cultivo-mandorlo","58":"cultivo-lima","59":"cultivo-coco","60":"cultivo-broccoli","61":"cultivo-cetriolo","62":"cultivo-fiori","63":"cultivo-nocciola","64":"cultivo-mandarino","65":"cultivo-frutti-rossi-bacche","66":"cultivo-zucchina","67":"cultivo-pepe","68":"cultivo-khaki","69":"cultivo-manzano","70":"cultivo-guava","71":"cultivo-zucca","72":"cultivo-porro","73":"cultivo-castagno","74":"cultivo-pesca","75":"cultivo-litchi","76":"cultivo-cipolla","77":"cultivo-ravanello","78":"cultivo-ciliegia","79":"cultivo-membrillero","80":"cultivo-maniglia","81":"cultivo-col","82":"cultivo-barbabietola","83":"cultivo-prugna","84":"cultivo-albero-darancio","85":"cultivo-frutto-della-passione","86":"cultivo-cavoletti-di-bruxelles","87":"cultivo-rucola","88":"cultivo-clementino","89":"cultivo-nettarina","90":"cultivo-papaya","91":"cultivo-cavolfiore","92":"cultivo-anguria","93":"ecologico-si","94":"medioambiente-efficienza-nelluso-dei-nutrienti","95":"solucion-stress-abiotico","96":"solucion-miglioramento-post-raccolta","97":"solucion-aumento-della-qualita-dei-frutti","98":"tipo-de-aplicacion-fertirrigazione","99":"tipo-de-aplicacion-fogliare","100":"tipo-de-aplicacion-dron","101":"tipo-de-aplicacion-aerei-leggeri","102":"product_cat-biostimolante","103":"product_cat-specialita","105":"first","106":"instock","107":"shipping-taxable","108":"product-type-simple"},"acf":[],"_links":{"self":[{"href":"https:\/\/labin.net\/it\/wp-json\/wp\/v2\/product\/37766","targetHints":{"allow":["GET"]}}],"collection":[{"href":"https:\/\/labin.net\/it\/wp-json\/wp\/v2\/product"}],"about":[{"href":"https:\/\/labin.net\/it\/wp-json\/wp\/v2\/types\/product"}],"replies":[{"embeddable":true,"href":"https:\/\/labin.net\/it\/wp-json\/wp\/v2\/comments?post=37766"}],"wp:featuredmedia":[{"embeddable":true,"href":"https:\/\/labin.net\/it\/wp-json\/wp\/v2\/media\/36131"}],"wp:attachment":[{"href":"https:\/\/labin.net\/it\/wp-json\/wp\/v2\/media?parent=37766"}],"wp:term":[{"taxonomy":"cultivo","embeddable":true,"href":"https:\/\/labin.net\/it\/wp-json\/wp\/v2\/cultivo?post=37766"},{"taxonomy":"ecologico","embeddable":true,"href":"https:\/\/labin.net\/it\/wp-json\/wp\/v2\/ecologico?post=37766"},{"taxonomy":"medioambiente","embeddable":true,"href":"https:\/\/labin.net\/it\/wp-json\/wp\/v2\/medioambiente?post=37766"},{"taxonomy":"solucion","embeddable":true,"href":"https:\/\/labin.net\/it\/wp-json\/wp\/v2\/solucion?post=37766"},{"taxonomy":"tipo-de-aplicacion","embeddable":true,"href":"https:\/\/labin.net\/it\/wp-json\/wp\/v2\/tipo-de-aplicacion?post=37766"},{"taxonomy":"product_brand","embeddable":true,"href":"https:\/\/labin.net\/it\/wp-json\/wp\/v2\/product_brand?post=37766"},{"taxonomy":"product_cat","embeddable":true,"href":"https:\/\/labin.net\/it\/wp-json\/wp\/v2\/product_cat?post=37766"},{"taxonomy":"product_tag","embeddable":true,"href":"https:\/\/labin.net\/it\/wp-json\/wp\/v2\/product_tag?post=37766"}],"curies":[{"name":"wp","href":"https:\/\/api.w.org\/{rel}","templated":true}]}}