{"id":37761,"date":"2025-12-04T16:11:22","date_gmt":"2025-12-04T16:11:22","guid":{"rendered":"https:labin.net\/producto\/quelabin-mo\/"},"modified":"2025-12-04T16:11:22","modified_gmt":"2025-12-04T16:11:22","slug":"quelabin-mo","status":"publish","type":"product","link":"https:\/\/labin.net\/it\/producto\/quelabin-mo\/","title":{"rendered":"QUELABIN Mo"},"content":{"rendered":"<p>Prodotto liquido per <b>applicazione fogliare e radicale. <\/b>Adatto per la prevenzione e\/o il trattamento delle <b>carenze di molibdeno<\/b>.<\/p>\n<p>La sua speciale formulazione <b>consente l&#8217;assorbimento totale, la traslocazione e l&#8217;assimilazione di questo microelemento, nonch\u00e9 la perfetta solubilit\u00e0 in acqua. <\/b> <\/p>\n<p>Il molibdeno \u00e8 un microelemento necessario in piccole quantit\u00e0, ma come tutti i microelementi, <b>il suo contributo al raccolto \u00e8 essenziale. <\/b> <\/p>\n<p>* \u00c8 coinvolto nel <b>metabolismo dell&#8217;azoto <\/b>come parte della nitrato reduttasi e della nitrogenasi, responsabili rispettivamente della riduzione dei nitrati e della loro successiva conversione in aminoacidi e della fissazione dell&#8217;azoto atmosferico.<\/p>\n<p>* La sua assenza o carenza <b>diminuisce il contenuto di clorofilla e aumenta l&#8217;attivit\u00e0 respiratoria <\/b>.  <\/p>\n","protected":false},"excerpt":{"rendered":"<ul>\n<li style=\"list-style-type: none;\">\n<ul>\n<li><b>ECOLOGICO Molibdeno in formato liquido<\/b><\/li>\n<li><b>Alta assimilazione ed efficienza<\/b><\/li>\n<li><b>  Preventiva e curativa delle carenze<\/b><b style=\"font-size: inherit;\"><\/b><\/li>\n<\/ul>\n<\/li>\n<\/ul>\n","protected":false},"featured_media":35506,"comment_status":"open","ping_status":"closed","template":"","meta":{"_acf_changed":false},"cultivo":[346,381,415,449,478,504,347,382,416,450,479,505,351,386,417,451,485,352,387,422,452,486,353,388,423,458,487,357,392,424,459,488,358,393,425,460,489,359,394,426,461,495,362,395,432,465,496,366,400,433,466,497,367,401,434,467,498,337,368,402,435,468,499,339,372,403,441,469,500,340,376,407,442,475,501,341,379,413,443,476,502,345,380,414,444,477,503],"ecologico":[824],"medioambiente":[844],"solucion":[909],"tipo-de-aplicacion":[808,812,813],"product_brand":[],"product_cat":[1019],"product_tag":[],"class_list":{"0":"post-37761","1":"product","2":"type-product","3":"status-publish","4":"has-post-thumbnail","6":"cultivo-albicocca","7":"cultivo-carambola","8":"cultivo-crema-pasticcera-alla-mela","9":"cultivo-patata-dolce","10":"cultivo-patata","11":"cultivo-cespedes","12":"cultivo-mandorlo","13":"cultivo-lima","14":"cultivo-coco","15":"cultivo-broccoli","16":"cultivo-cetriolo","17":"cultivo-fiori","18":"cultivo-nocciola","19":"cultivo-mandarino","20":"cultivo-frutti-rossi-bacche","21":"cultivo-zucchina","22":"cultivo-pepe","23":"cultivo-khaki","24":"cultivo-manzano","25":"cultivo-guava","26":"cultivo-zucca","27":"cultivo-porro","28":"cultivo-castagno","29":"cultivo-pesca","30":"cultivo-litchi","31":"cultivo-cipolla","32":"cultivo-ravanello","33":"cultivo-ciliegia","34":"cultivo-membrillero","35":"cultivo-maniglia","36":"cultivo-col","37":"cultivo-barbabietola","38":"cultivo-prugna","39":"cultivo-albero-darancio","40":"cultivo-frutto-della-passione","41":"cultivo-cavoletti-di-bruxelles","42":"cultivo-rucola","43":"cultivo-clementino","44":"cultivo-nettarina","45":"cultivo-papaya","46":"cultivo-cavolfiore","47":"cultivo-anguria","48":"cultivo-melograno","49":"cultivo-noce","50":"cultivo-ananas","51":"cultivo-indivia","52":"cultivo-soia-verde","53":"cultivo-higuera","54":"cultivo-lulivo","55":"cultivo-pitahaya","56":"cultivo-spinaci","57":"cultivo-pomodoro","58":"cultivo-kiwi","59":"cultivo-vite-ornamentale","60":"cultivo-tamarindo","61":"cultivo-pisello","62":"cultivo-carota","63":"cultivo-alberi-da-frutto","64":"cultivo-albero-di-limone","65":"cultivo-peral","66":"cultivo-te","67":"cultivo-fagiolino","68":"cultivo-cereali","69":"cultivo-tropicale","70":"cultivo-avocado","71":"cultivo-pistacchio","72":"cultivo-cassava","73":"cultivo-fagiolo-verde","74":"cultivo-foraggio-e-pascolo","75":"cultivo-orticoltura","76":"cultivo-banana-pianta","77":"cultivo-pompelmo","78":"cultivo-bietola","79":"cultivo-lattuga","80":"cultivo-legumi-estensivi","81":"cultivo-estensivi","82":"cultivo-cacao","83":"cultivo-vite","84":"cultivo-aglio","85":"cultivo-melone","86":"cultivo-semi-oleosi","87":"cultivo-parchi-e-giardini","88":"cultivo-caffe","89":"cultivo-canna-da-zucchero","90":"cultivo-melanzana","91":"cultivo-rapa","92":"cultivo-alberi-ornamentali","93":"ecologico-si","94":"medioambiente-efficienza-nelluso-dei-nutrienti","95":"solucion-carenza-di-mo","96":"tipo-de-aplicacion-fogliare","97":"tipo-de-aplicacion-dron","98":"tipo-de-aplicacion-aerei-leggeri","99":"product_cat-chelati","101":"first","102":"instock","103":"shipping-taxable","104":"product-type-simple"},"acf":[],"_links":{"self":[{"href":"https:\/\/labin.net\/it\/wp-json\/wp\/v2\/product\/37761","targetHints":{"allow":["GET"]}}],"collection":[{"href":"https:\/\/labin.net\/it\/wp-json\/wp\/v2\/product"}],"about":[{"href":"https:\/\/labin.net\/it\/wp-json\/wp\/v2\/types\/product"}],"replies":[{"embeddable":true,"href":"https:\/\/labin.net\/it\/wp-json\/wp\/v2\/comments?post=37761"}],"wp:featuredmedia":[{"embeddable":true,"href":"https:\/\/labin.net\/it\/wp-json\/wp\/v2\/media\/35506"}],"wp:attachment":[{"href":"https:\/\/labin.net\/it\/wp-json\/wp\/v2\/media?parent=37761"}],"wp:term":[{"taxonomy":"cultivo","embeddable":true,"href":"https:\/\/labin.net\/it\/wp-json\/wp\/v2\/cultivo?post=37761"},{"taxonomy":"ecologico","embeddable":true,"href":"https:\/\/labin.net\/it\/wp-json\/wp\/v2\/ecologico?post=37761"},{"taxonomy":"medioambiente","embeddable":true,"href":"https:\/\/labin.net\/it\/wp-json\/wp\/v2\/medioambiente?post=37761"},{"taxonomy":"solucion","embeddable":true,"href":"https:\/\/labin.net\/it\/wp-json\/wp\/v2\/solucion?post=37761"},{"taxonomy":"tipo-de-aplicacion","embeddable":true,"href":"https:\/\/labin.net\/it\/wp-json\/wp\/v2\/tipo-de-aplicacion?post=37761"},{"taxonomy":"product_brand","embeddable":true,"href":"https:\/\/labin.net\/it\/wp-json\/wp\/v2\/product_brand?post=37761"},{"taxonomy":"product_cat","embeddable":true,"href":"https:\/\/labin.net\/it\/wp-json\/wp\/v2\/product_cat?post=37761"},{"taxonomy":"product_tag","embeddable":true,"href":"https:\/\/labin.net\/it\/wp-json\/wp\/v2\/product_tag?post=37761"}],"curies":[{"name":"wp","href":"https:\/\/api.w.org\/{rel}","templated":true}]}}