{"id":37733,"date":"2025-12-05T11:01:08","date_gmt":"2025-12-05T11:01:08","guid":{"rendered":"https:labin.net\/producto\/labifol-nitromagnetico\/"},"modified":"2026-01-19T12:46:08","modified_gmt":"2026-01-19T12:46:08","slug":"labifol-nitromagnesico","status":"publish","type":"product","link":"https:\/\/labin.net\/it\/producto\/labifol-nitromagnesico\/","title":{"rendered":"LABIFOL NITROMAGNESICO"},"content":{"rendered":"<p>Concime liquido per applicazione fogliare che fornisce magnesio, azoto e microelementi in forma totalmente assimilabile. L&#8217;apporto di magnesio \u00e8 importante in quanto \u00e8 direttamente coinvolto nella fotosintesi e, pertanto, la sua mancanza pu\u00f2 essere un fattore limitante nella produzione.<\/p>\n<p>L&#8217;assimilazione di questo elemento migliora con l&#8217;aggiunta di azoto e i microelementi incorporati nella formulazione rendono pi\u00f9 attiva l&#8217;azione di questi due elementi. <strong>LABIFOL NITROMAGNESICO<\/strong> \u00e8 indicato per prevenire e correggere le carenze di magnesio in tutti i tipi di colture e per stimolare le piantine di agrumi, fragole, frutta e verdura.<\/p>\n","protected":false},"excerpt":{"rendered":"<ul>\n<li>Stimolante della crescita vegetativa<\/li>\n<li>Assimilazione totale di magnesio<\/li>\n<li>Migliora la produzione di frutta<\/li>\n<li>Arricchito con microelementi chelati<\/li>\n<\/ul>\n<p>&nbsp;<\/p>\n","protected":false},"featured_media":36263,"comment_status":"closed","ping_status":"closed","template":"","meta":{"_acf_changed":false},"cultivo":[358,393,425,460,489,359,394,426,461,495,362,395,432,465,496,366,400,433,466,497,367,401,434,467,498,337,368,402,435,468,499,339,372,403,441,469,500,340,376,407,442,475,501,341,379,413,443,476,502,345,380,414,444,477,503,346,381,415,449,478,504,347,382,416,450,479,505,351,386,417,451,485,352,387,422,452,486,353,388,423,458,487,357,392,424,459,488],"ecologico":[829],"medioambiente":[844],"solucion":[856,876],"tipo-de-aplicacion":[506,808,812,813],"product_brand":[],"product_cat":[973],"product_tag":[],"class_list":{"0":"post-37733","1":"product","2":"type-product","3":"status-publish","4":"has-post-thumbnail","6":"cultivo-prugna","7":"cultivo-albero-darancio","8":"cultivo-frutto-della-passione","9":"cultivo-cavoletti-di-bruxelles","10":"cultivo-rucola","11":"cultivo-clementino","12":"cultivo-nettarina","13":"cultivo-papaya","14":"cultivo-cavolfiore","15":"cultivo-anguria","16":"cultivo-melograno","17":"cultivo-noce","18":"cultivo-ananas","19":"cultivo-indivia","20":"cultivo-soia-verde","21":"cultivo-higuera","22":"cultivo-lulivo","23":"cultivo-pitahaya","24":"cultivo-spinaci","25":"cultivo-pomodoro","26":"cultivo-kiwi","27":"cultivo-vite-ornamentale","28":"cultivo-tamarindo","29":"cultivo-pisello","30":"cultivo-carota","31":"cultivo-alberi-da-frutto","32":"cultivo-albero-di-limone","33":"cultivo-peral","34":"cultivo-te","35":"cultivo-fagiolino","36":"cultivo-cereali","37":"cultivo-tropicale","38":"cultivo-avocado","39":"cultivo-pistacchio","40":"cultivo-cassava","41":"cultivo-fagiolo-verde","42":"cultivo-foraggio-e-pascolo","43":"cultivo-orticoltura","44":"cultivo-banana-pianta","45":"cultivo-pompelmo","46":"cultivo-bietola","47":"cultivo-lattuga","48":"cultivo-legumi-estensivi","49":"cultivo-estensivi","50":"cultivo-cacao","51":"cultivo-vite","52":"cultivo-aglio","53":"cultivo-melone","54":"cultivo-semi-oleosi","55":"cultivo-parchi-e-giardini","56":"cultivo-caffe","57":"cultivo-canna-da-zucchero","58":"cultivo-melanzana","59":"cultivo-rapa","60":"cultivo-alberi-ornamentali","61":"cultivo-albicocca","62":"cultivo-carambola","63":"cultivo-crema-pasticcera-alla-mela","64":"cultivo-patata-dolce","65":"cultivo-patata","66":"cultivo-cespedes","67":"cultivo-mandorlo","68":"cultivo-lima","69":"cultivo-coco","70":"cultivo-broccoli","71":"cultivo-cetriolo","72":"cultivo-fiori","73":"cultivo-nocciola","74":"cultivo-mandarino","75":"cultivo-frutti-rossi-bacche","76":"cultivo-zucchina","77":"cultivo-pepe","78":"cultivo-khaki","79":"cultivo-manzano","80":"cultivo-guava","81":"cultivo-zucca","82":"cultivo-porro","83":"cultivo-castagno","84":"cultivo-pesca","85":"cultivo-litchi","86":"cultivo-cipolla","87":"cultivo-ravanello","88":"cultivo-ciliegia","89":"cultivo-membrillero","90":"cultivo-maniglia","91":"cultivo-col","92":"cultivo-barbabietola","93":"ecologico-no","94":"medioambiente-efficienza-nelluso-dei-nutrienti","95":"solucion-carenza-di-n","96":"solucion-carenza-di-mg","97":"tipo-de-aplicacion-fertirrigazione","98":"tipo-de-aplicacion-fogliare","99":"tipo-de-aplicacion-dron","100":"tipo-de-aplicacion-aerei-leggeri","101":"product_cat-correttore-di-carenze","103":"first","104":"instock","105":"shipping-taxable","106":"product-type-simple"},"acf":[],"_links":{"self":[{"href":"https:\/\/labin.net\/it\/wp-json\/wp\/v2\/product\/37733","targetHints":{"allow":["GET"]}}],"collection":[{"href":"https:\/\/labin.net\/it\/wp-json\/wp\/v2\/product"}],"about":[{"href":"https:\/\/labin.net\/it\/wp-json\/wp\/v2\/types\/product"}],"replies":[{"embeddable":true,"href":"https:\/\/labin.net\/it\/wp-json\/wp\/v2\/comments?post=37733"}],"wp:featuredmedia":[{"embeddable":true,"href":"https:\/\/labin.net\/it\/wp-json\/wp\/v2\/media\/36263"}],"wp:attachment":[{"href":"https:\/\/labin.net\/it\/wp-json\/wp\/v2\/media?parent=37733"}],"wp:term":[{"taxonomy":"cultivo","embeddable":true,"href":"https:\/\/labin.net\/it\/wp-json\/wp\/v2\/cultivo?post=37733"},{"taxonomy":"ecologico","embeddable":true,"href":"https:\/\/labin.net\/it\/wp-json\/wp\/v2\/ecologico?post=37733"},{"taxonomy":"medioambiente","embeddable":true,"href":"https:\/\/labin.net\/it\/wp-json\/wp\/v2\/medioambiente?post=37733"},{"taxonomy":"solucion","embeddable":true,"href":"https:\/\/labin.net\/it\/wp-json\/wp\/v2\/solucion?post=37733"},{"taxonomy":"tipo-de-aplicacion","embeddable":true,"href":"https:\/\/labin.net\/it\/wp-json\/wp\/v2\/tipo-de-aplicacion?post=37733"},{"taxonomy":"product_brand","embeddable":true,"href":"https:\/\/labin.net\/it\/wp-json\/wp\/v2\/product_brand?post=37733"},{"taxonomy":"product_cat","embeddable":true,"href":"https:\/\/labin.net\/it\/wp-json\/wp\/v2\/product_cat?post=37733"},{"taxonomy":"product_tag","embeddable":true,"href":"https:\/\/labin.net\/it\/wp-json\/wp\/v2\/product_tag?post=37733"}],"curies":[{"name":"wp","href":"https:\/\/api.w.org\/{rel}","templated":true}]}}