{"id":37728,"date":"2025-12-05T11:00:56","date_gmt":"2025-12-05T11:00:56","guid":{"rendered":"https:labin.net\/producto\/aminoacidi-della-labina-24\/"},"modified":"2026-01-19T12:57:53","modified_gmt":"2026-01-19T12:57:53","slug":"labin-aminoacidos-24","status":"publish","type":"product","link":"https:\/\/labin.net\/it\/producto\/labin-aminoacidos-24\/","title":{"rendered":"LABIN AMINO\u00c1CIDOS 24%"},"content":{"rendered":"<p><strong>LABIN AMINO\u00c1CIDOS 24%<\/strong> \u00e8 un prodotto liquido di colore scuro, risultante dall&#8217;idrolisi controllata di proteine naturali, preparato per una perfetta assimilazione fogliare.<br \/>\nGrazie al suo processo di produzione, \u00e8 ricco di aminoacidi liberi e peptidi, di basso peso molecolare, che sono i pi\u00f9 attivi.<br \/>\nQuesto prodotto \u00e8 indicato per i momenti fenologici in cui \u00e8 necessaria un&#8217;energia supplementare: trapianto, fioritura, allegagione&#8230;<br \/>\n\u00c8 un aiuto importante per superare lo stress causato da gelo, siccit\u00e0, parassiti, malattie e trattamenti fitosanitari.<\/p>\n<p>L&#8217;elevato contenuto di acido glutammico fornisce alla pianta i seguenti input:<\/p>\n<ul>\n<li>Stimolazione della crescita del corpo vegetativo.<\/li>\n<li>Migliora la fioritura e l&#8217;allegagione dei frutti futuri.<\/li>\n<li>\u00c8 un promotore dell&#8217;assorbimento di altri aminoacidi.<\/li>\n<\/ul>\n<p>Pi\u00f9 alta \u00e8 la concentrazione di acido glutammico nello stigma e nello stile, pi\u00f9 vengono promossi il Boro e lo Zinco, con conseguente maggiore germinazione dei grani di polline e maggiore vigore e allegagione.<\/p>\n","protected":false},"excerpt":{"rendered":"<ul>\n<li>Applicare in situazioni di stress<\/li>\n<li>Per superare il gelo e la siccit\u00e0<\/li>\n<li>Aiuta nei periodi di elevata richiesta energetica, come il trapianto, la fioritura e l&#8217;allegagione.<\/li>\n<\/ul>\n","protected":false},"featured_media":36137,"comment_status":"closed","ping_status":"closed","template":"","meta":{"_acf_changed":false},"cultivo":[359,394,426,461,495,362,395,432,465,496,366,400,433,466,497,367,401,434,467,498,337,368,402,435,468,499,339,372,403,441,469,500,340,376,407,442,475,501,341,379,413,443,476,502,345,380,414,444,477,503,346,381,415,449,478,504,347,382,416,450,479,505,351,386,417,451,485,352,387,422,452,486,353,388,423,458,487,357,392,424,459,488,358,393,425,460,489],"ecologico":[829],"medioambiente":[844],"solucion":[930,936,946],"tipo-de-aplicacion":[506,808,812,813],"product_brand":[],"product_cat":[970],"product_tag":[],"class_list":{"0":"post-37728","1":"product","2":"type-product","3":"status-publish","4":"has-post-thumbnail","6":"cultivo-clementino","7":"cultivo-nettarina","8":"cultivo-papaya","9":"cultivo-cavolfiore","10":"cultivo-anguria","11":"cultivo-melograno","12":"cultivo-noce","13":"cultivo-ananas","14":"cultivo-indivia","15":"cultivo-soia-verde","16":"cultivo-higuera","17":"cultivo-lulivo","18":"cultivo-pitahaya","19":"cultivo-spinaci","20":"cultivo-pomodoro","21":"cultivo-kiwi","22":"cultivo-vite-ornamentale","23":"cultivo-tamarindo","24":"cultivo-pisello","25":"cultivo-carota","26":"cultivo-alberi-da-frutto","27":"cultivo-albero-di-limone","28":"cultivo-peral","29":"cultivo-te","30":"cultivo-fagiolino","31":"cultivo-cereali","32":"cultivo-tropicale","33":"cultivo-avocado","34":"cultivo-pistacchio","35":"cultivo-cassava","36":"cultivo-fagiolo-verde","37":"cultivo-foraggio-e-pascolo","38":"cultivo-orticoltura","39":"cultivo-banana-pianta","40":"cultivo-pompelmo","41":"cultivo-bietola","42":"cultivo-lattuga","43":"cultivo-legumi-estensivi","44":"cultivo-estensivi","45":"cultivo-cacao","46":"cultivo-vite","47":"cultivo-aglio","48":"cultivo-melone","49":"cultivo-semi-oleosi","50":"cultivo-parchi-e-giardini","51":"cultivo-caffe","52":"cultivo-canna-da-zucchero","53":"cultivo-melanzana","54":"cultivo-rapa","55":"cultivo-alberi-ornamentali","56":"cultivo-albicocca","57":"cultivo-carambola","58":"cultivo-crema-pasticcera-alla-mela","59":"cultivo-patata-dolce","60":"cultivo-patata","61":"cultivo-cespedes","62":"cultivo-mandorlo","63":"cultivo-lima","64":"cultivo-coco","65":"cultivo-broccoli","66":"cultivo-cetriolo","67":"cultivo-fiori","68":"cultivo-nocciola","69":"cultivo-mandarino","70":"cultivo-frutti-rossi-bacche","71":"cultivo-zucchina","72":"cultivo-pepe","73":"cultivo-khaki","74":"cultivo-manzano","75":"cultivo-guava","76":"cultivo-zucca","77":"cultivo-porro","78":"cultivo-castagno","79":"cultivo-pesca","80":"cultivo-litchi","81":"cultivo-cipolla","82":"cultivo-ravanello","83":"cultivo-ciliegia","84":"cultivo-membrillero","85":"cultivo-maniglia","86":"cultivo-col","87":"cultivo-barbabietola","88":"cultivo-prugna","89":"cultivo-albero-darancio","90":"cultivo-frutto-della-passione","91":"cultivo-cavoletti-di-bruxelles","92":"cultivo-rucola","93":"ecologico-no","94":"medioambiente-efficienza-nelluso-dei-nutrienti","95":"solucion-stress-abiotico","96":"solucion-miglioramento-post-raccolta","97":"solucion-aumento-della-qualita-dei-frutti","98":"tipo-de-aplicacion-fertirrigazione","99":"tipo-de-aplicacion-fogliare","100":"tipo-de-aplicacion-dron","101":"tipo-de-aplicacion-aerei-leggeri","102":"product_cat-biostimolante","104":"first","105":"instock","106":"shipping-taxable","107":"product-type-simple"},"acf":[],"_links":{"self":[{"href":"https:\/\/labin.net\/it\/wp-json\/wp\/v2\/product\/37728","targetHints":{"allow":["GET"]}}],"collection":[{"href":"https:\/\/labin.net\/it\/wp-json\/wp\/v2\/product"}],"about":[{"href":"https:\/\/labin.net\/it\/wp-json\/wp\/v2\/types\/product"}],"replies":[{"embeddable":true,"href":"https:\/\/labin.net\/it\/wp-json\/wp\/v2\/comments?post=37728"}],"wp:featuredmedia":[{"embeddable":true,"href":"https:\/\/labin.net\/it\/wp-json\/wp\/v2\/media\/36137"}],"wp:attachment":[{"href":"https:\/\/labin.net\/it\/wp-json\/wp\/v2\/media?parent=37728"}],"wp:term":[{"taxonomy":"cultivo","embeddable":true,"href":"https:\/\/labin.net\/it\/wp-json\/wp\/v2\/cultivo?post=37728"},{"taxonomy":"ecologico","embeddable":true,"href":"https:\/\/labin.net\/it\/wp-json\/wp\/v2\/ecologico?post=37728"},{"taxonomy":"medioambiente","embeddable":true,"href":"https:\/\/labin.net\/it\/wp-json\/wp\/v2\/medioambiente?post=37728"},{"taxonomy":"solucion","embeddable":true,"href":"https:\/\/labin.net\/it\/wp-json\/wp\/v2\/solucion?post=37728"},{"taxonomy":"tipo-de-aplicacion","embeddable":true,"href":"https:\/\/labin.net\/it\/wp-json\/wp\/v2\/tipo-de-aplicacion?post=37728"},{"taxonomy":"product_brand","embeddable":true,"href":"https:\/\/labin.net\/it\/wp-json\/wp\/v2\/product_brand?post=37728"},{"taxonomy":"product_cat","embeddable":true,"href":"https:\/\/labin.net\/it\/wp-json\/wp\/v2\/product_cat?post=37728"},{"taxonomy":"product_tag","embeddable":true,"href":"https:\/\/labin.net\/it\/wp-json\/wp\/v2\/product_tag?post=37728"}],"curies":[{"name":"wp","href":"https:\/\/api.w.org\/{rel}","templated":true}]}}