{"id":37723,"date":"2025-12-05T07:37:26","date_gmt":"2025-12-05T07:37:26","guid":{"rendered":"https:labin.net\/producto\/labin-20-5-5\/"},"modified":"2025-12-05T07:37:26","modified_gmt":"2025-12-05T07:37:26","slug":"labin-20-5-5","status":"publish","type":"product","link":"https:\/\/labin.net\/it\/producto\/labin-20-5-5\/","title":{"rendered":"LABIN 20-5-5"},"content":{"rendered":"<p>Prodotto in forma di polvere cristallina rosa, specialmente per l&#8217;applicazione nella FERTIRRIGAZIONE, in tutte le sue varianti: gocciolamento, microspruzzatura, essudazione, ecc.<\/p>\n<p>La selezione delle migliori materie prime garantisce un&#8217;elevata solubilit\u00e0 e l&#8217;assenza di impurit\u00e0. Inoltre, il suo speciale processo di produzione assicura la fluidit\u00e0 del prodotto ed evita la formazione di croste. <\/p>\n<p>LABIN 20-5-5 \u00e8 arricchito con MICROELEMENTI CHELATI per garantire l&#8217;assenza di carenze e il corretto sviluppo delle colture. Il suo pH \u00e8 moderatamente acido per evitare blocchi e ostruzioni, e la sua formulazione non incorpora alcuna fonte di UREA. Essendo un fertilizzante a basso contenuto di cloruri, aumenta l&#8217;assorbimento e l&#8217;assimilazione dei nutrienti da parte della pianta. \u00c8 consigliato per tutti i tipi di colture durante i periodi di sviluppo e crescita vegetativa, quando \u00e8 necessario un apporto significativo di NITROGENO.  <\/p>\n<p>Pu\u00f2 essere applicato in floricoltura, vivai, alberi da frutto, orticoltura, vigneti, colture tropicali, ecc.<\/p>\n","protected":false},"excerpt":{"rendered":"<ul>\n<li><strong>Alta solubilit\u00e0<\/strong><\/li>\n<li><strong>Assorbimento rapido<\/strong><\/li>\n<li><strong>Con microelementi<\/strong><\/li>\n<li><strong>Nessun appannamento<\/strong><\/li>\n<\/ul>\n","protected":false},"featured_media":35593,"comment_status":"open","ping_status":"closed","template":"","meta":{"_acf_changed":false},"cultivo":[367,401,434,467,498,368,402,435,468,503,337,372,403,441,469,504,339,376,407,442,475,505,340,379,413,443,476,345,380,414,444,477,346,381,415,449,478,347,382,416,450,479,351,386,417,451,485,352,387,422,452,486,353,388,423,458,487,357,392,424,459,488,358,393,425,460,489,359,394,426,461,495,362,395,432,465,496,366,400,433,466,497],"ecologico":[829],"medioambiente":[844],"solucion":[856,861,866],"tipo-de-aplicacion":[506],"product_brand":[],"product_cat":[979],"product_tag":[],"class_list":{"0":"post-37723","1":"product","2":"type-product","3":"status-publish","4":"has-post-thumbnail","6":"cultivo-kiwi","7":"cultivo-vite-ornamentale","8":"cultivo-tamarindo","9":"cultivo-pisello","10":"cultivo-carota","11":"cultivo-albero-di-limone","12":"cultivo-peral","13":"cultivo-te","14":"cultivo-fagiolino","15":"cultivo-alberi-ornamentali","16":"cultivo-alberi-da-frutto","17":"cultivo-avocado","18":"cultivo-pistacchio","19":"cultivo-cassava","20":"cultivo-fagiolo-verde","21":"cultivo-cespedes","22":"cultivo-tropicale","23":"cultivo-banana-pianta","24":"cultivo-pompelmo","25":"cultivo-bietola","26":"cultivo-lattuga","27":"cultivo-fiori","28":"cultivo-orticoltura","29":"cultivo-cacao","30":"cultivo-vite","31":"cultivo-aglio","32":"cultivo-melone","33":"cultivo-parchi-e-giardini","34":"cultivo-caffe","35":"cultivo-canna-da-zucchero","36":"cultivo-melanzana","37":"cultivo-rapa","38":"cultivo-albicocca","39":"cultivo-carambola","40":"cultivo-crema-pasticcera-alla-mela","41":"cultivo-patata-dolce","42":"cultivo-patata","43":"cultivo-mandorlo","44":"cultivo-lima","45":"cultivo-coco","46":"cultivo-broccoli","47":"cultivo-cetriolo","48":"cultivo-nocciola","49":"cultivo-mandarino","50":"cultivo-frutti-rossi-bacche","51":"cultivo-zucchina","52":"cultivo-pepe","53":"cultivo-khaki","54":"cultivo-manzano","55":"cultivo-guava","56":"cultivo-zucca","57":"cultivo-porro","58":"cultivo-castagno","59":"cultivo-pesca","60":"cultivo-litchi","61":"cultivo-cipolla","62":"cultivo-ravanello","63":"cultivo-ciliegia","64":"cultivo-membrillero","65":"cultivo-maniglia","66":"cultivo-col","67":"cultivo-barbabietola","68":"cultivo-prugna","69":"cultivo-albero-darancio","70":"cultivo-frutto-della-passione","71":"cultivo-cavoletti-di-bruxelles","72":"cultivo-rucola","73":"cultivo-clementino","74":"cultivo-nettarina","75":"cultivo-papaya","76":"cultivo-cavolfiore","77":"cultivo-anguria","78":"cultivo-melograno","79":"cultivo-noce","80":"cultivo-ananas","81":"cultivo-indivia","82":"cultivo-soia-verde","83":"cultivo-higuera","84":"cultivo-lulivo","85":"cultivo-pitahaya","86":"cultivo-spinaci","87":"cultivo-pomodoro","88":"ecologico-no","89":"medioambiente-efficienza-nelluso-dei-nutrienti","90":"solucion-carenza-di-n","91":"solucion-carenza-di-p","92":"solucion-carenza-di-k","93":"tipo-de-aplicacion-fertirrigazione","94":"product_cat-npk-idrosolubile","96":"first","97":"instock","98":"shipping-taxable","99":"product-type-simple"},"acf":[],"_links":{"self":[{"href":"https:\/\/labin.net\/it\/wp-json\/wp\/v2\/product\/37723","targetHints":{"allow":["GET"]}}],"collection":[{"href":"https:\/\/labin.net\/it\/wp-json\/wp\/v2\/product"}],"about":[{"href":"https:\/\/labin.net\/it\/wp-json\/wp\/v2\/types\/product"}],"replies":[{"embeddable":true,"href":"https:\/\/labin.net\/it\/wp-json\/wp\/v2\/comments?post=37723"}],"wp:featuredmedia":[{"embeddable":true,"href":"https:\/\/labin.net\/it\/wp-json\/wp\/v2\/media\/35593"}],"wp:attachment":[{"href":"https:\/\/labin.net\/it\/wp-json\/wp\/v2\/media?parent=37723"}],"wp:term":[{"taxonomy":"cultivo","embeddable":true,"href":"https:\/\/labin.net\/it\/wp-json\/wp\/v2\/cultivo?post=37723"},{"taxonomy":"ecologico","embeddable":true,"href":"https:\/\/labin.net\/it\/wp-json\/wp\/v2\/ecologico?post=37723"},{"taxonomy":"medioambiente","embeddable":true,"href":"https:\/\/labin.net\/it\/wp-json\/wp\/v2\/medioambiente?post=37723"},{"taxonomy":"solucion","embeddable":true,"href":"https:\/\/labin.net\/it\/wp-json\/wp\/v2\/solucion?post=37723"},{"taxonomy":"tipo-de-aplicacion","embeddable":true,"href":"https:\/\/labin.net\/it\/wp-json\/wp\/v2\/tipo-de-aplicacion?post=37723"},{"taxonomy":"product_brand","embeddable":true,"href":"https:\/\/labin.net\/it\/wp-json\/wp\/v2\/product_brand?post=37723"},{"taxonomy":"product_cat","embeddable":true,"href":"https:\/\/labin.net\/it\/wp-json\/wp\/v2\/product_cat?post=37723"},{"taxonomy":"product_tag","embeddable":true,"href":"https:\/\/labin.net\/it\/wp-json\/wp\/v2\/product_tag?post=37723"}],"curies":[{"name":"wp","href":"https:\/\/api.w.org\/{rel}","templated":true}]}}