{"id":37699,"date":"2025-12-05T11:01:08","date_gmt":"2025-12-05T11:01:08","guid":{"rendered":"https:labin.net\/producto\/labin-20-20-20\/"},"modified":"2025-12-05T11:01:08","modified_gmt":"2025-12-05T11:01:08","slug":"labin-20-20-20","status":"publish","type":"product","link":"https:\/\/labin.net\/it\/producto\/labin-20-20-20\/","title":{"rendered":"LABIN 20-20-20"},"content":{"rendered":"<p>Prodotto in forma di polvere cristallina rosa appositamente studiato per la fertirrigazione, perfettamente solubile in acqua e contenente macro, meso e microelementi. La selezione delle migliori materie prime garantisce un&#8217;elevata solubilit\u00e0 e l&#8217;assenza di impurit\u00e0. Inoltre, il suo speciale processo di produzione assicura la fluidit\u00e0 del prodotto ed evita il fenomeno del caking.<br \/>\nLABIN 20-20-20 \u00e8 arricchito con microelementi chelati per garantire l&#8217;assenza di carenze e il corretto sviluppo delle colture. Il suo pH \u00e8 leggermente acido per evitare blocchi e ostruzioni. Essendo un fertilizzante a basso contenuto di cloro, aumenta l&#8217;assorbimento e l&#8217;assimilazione dei nutrienti da parte della pianta.<br \/>\nParticolarmente indicato per vivai, floricoltura, orticoltura, alberi da frutto, vigneti, ecc. soprattutto nei periodi di maggiore sviluppo vegetativo, dove un apporto completo ed equilibrato facilita lo sviluppo integrale della pianta.   <\/p>\n","protected":false},"excerpt":{"rendered":"<ul>\n<li>Alta solubilit\u00e0<\/li>\n<li>Assorbimento rapido<\/li>\n<li>Con microelementi<\/li>\n<li>Nessun appannamento<\/li>\n<\/ul>\n","protected":false},"featured_media":35593,"comment_status":"closed","ping_status":"closed","template":"","meta":{"_acf_changed":false},"cultivo":[352,387,422,452,486,353,388,423,458,487,357,392,424,459,488,358,393,425,460,489,359,394,426,461,495,362,395,432,465,496,366,400,433,466,497,367,401,434,467,498,368,402,435,468,503,337,372,403,441,469,504,339,376,407,442,475,505,340,379,413,443,476,345,380,414,444,477,346,381,415,449,478,347,382,416,450,479,351,386,417,451,485],"ecologico":[829],"medioambiente":[852],"solucion":[856,861,866],"tipo-de-aplicacion":[506],"product_brand":[],"product_cat":[979],"product_tag":[],"class_list":{"0":"post-37699","1":"product","2":"type-product","3":"status-publish","4":"has-post-thumbnail","6":"cultivo-khaki","7":"cultivo-manzano","8":"cultivo-guava","9":"cultivo-zucca","10":"cultivo-porro","11":"cultivo-castagno","12":"cultivo-pesca","13":"cultivo-litchi","14":"cultivo-cipolla","15":"cultivo-ravanello","16":"cultivo-ciliegia","17":"cultivo-membrillero","18":"cultivo-maniglia","19":"cultivo-col","20":"cultivo-barbabietola","21":"cultivo-prugna","22":"cultivo-albero-darancio","23":"cultivo-frutto-della-passione","24":"cultivo-cavoletti-di-bruxelles","25":"cultivo-rucola","26":"cultivo-clementino","27":"cultivo-nettarina","28":"cultivo-papaya","29":"cultivo-cavolfiore","30":"cultivo-anguria","31":"cultivo-melograno","32":"cultivo-noce","33":"cultivo-ananas","34":"cultivo-indivia","35":"cultivo-soia-verde","36":"cultivo-higuera","37":"cultivo-lulivo","38":"cultivo-pitahaya","39":"cultivo-spinaci","40":"cultivo-pomodoro","41":"cultivo-kiwi","42":"cultivo-vite-ornamentale","43":"cultivo-tamarindo","44":"cultivo-pisello","45":"cultivo-carota","46":"cultivo-albero-di-limone","47":"cultivo-peral","48":"cultivo-te","49":"cultivo-fagiolino","50":"cultivo-alberi-ornamentali","51":"cultivo-alberi-da-frutto","52":"cultivo-avocado","53":"cultivo-pistacchio","54":"cultivo-cassava","55":"cultivo-fagiolo-verde","56":"cultivo-cespedes","57":"cultivo-tropicale","58":"cultivo-banana-pianta","59":"cultivo-pompelmo","60":"cultivo-bietola","61":"cultivo-lattuga","62":"cultivo-fiori","63":"cultivo-orticoltura","64":"cultivo-cacao","65":"cultivo-vite","66":"cultivo-aglio","67":"cultivo-melone","68":"cultivo-parchi-e-giardini","69":"cultivo-caffe","70":"cultivo-canna-da-zucchero","71":"cultivo-melanzana","72":"cultivo-rapa","73":"cultivo-albicocca","74":"cultivo-carambola","75":"cultivo-crema-pasticcera-alla-mela","76":"cultivo-patata-dolce","77":"cultivo-patata","78":"cultivo-mandorlo","79":"cultivo-lima","80":"cultivo-coco","81":"cultivo-broccoli","82":"cultivo-cetriolo","83":"cultivo-nocciola","84":"cultivo-mandarino","85":"cultivo-frutti-rossi-bacche","86":"cultivo-zucchina","87":"cultivo-pepe","88":"ecologico-no","89":"medioambiente-niente","90":"solucion-carenza-di-n","91":"solucion-carenza-di-p","92":"solucion-carenza-di-k","93":"tipo-de-aplicacion-fertirrigazione","94":"product_cat-npk-idrosolubile","96":"first","97":"instock","98":"shipping-taxable","99":"product-type-simple"},"acf":[],"_links":{"self":[{"href":"https:\/\/labin.net\/it\/wp-json\/wp\/v2\/product\/37699","targetHints":{"allow":["GET"]}}],"collection":[{"href":"https:\/\/labin.net\/it\/wp-json\/wp\/v2\/product"}],"about":[{"href":"https:\/\/labin.net\/it\/wp-json\/wp\/v2\/types\/product"}],"replies":[{"embeddable":true,"href":"https:\/\/labin.net\/it\/wp-json\/wp\/v2\/comments?post=37699"}],"wp:featuredmedia":[{"embeddable":true,"href":"https:\/\/labin.net\/it\/wp-json\/wp\/v2\/media\/35593"}],"wp:attachment":[{"href":"https:\/\/labin.net\/it\/wp-json\/wp\/v2\/media?parent=37699"}],"wp:term":[{"taxonomy":"cultivo","embeddable":true,"href":"https:\/\/labin.net\/it\/wp-json\/wp\/v2\/cultivo?post=37699"},{"taxonomy":"ecologico","embeddable":true,"href":"https:\/\/labin.net\/it\/wp-json\/wp\/v2\/ecologico?post=37699"},{"taxonomy":"medioambiente","embeddable":true,"href":"https:\/\/labin.net\/it\/wp-json\/wp\/v2\/medioambiente?post=37699"},{"taxonomy":"solucion","embeddable":true,"href":"https:\/\/labin.net\/it\/wp-json\/wp\/v2\/solucion?post=37699"},{"taxonomy":"tipo-de-aplicacion","embeddable":true,"href":"https:\/\/labin.net\/it\/wp-json\/wp\/v2\/tipo-de-aplicacion?post=37699"},{"taxonomy":"product_brand","embeddable":true,"href":"https:\/\/labin.net\/it\/wp-json\/wp\/v2\/product_brand?post=37699"},{"taxonomy":"product_cat","embeddable":true,"href":"https:\/\/labin.net\/it\/wp-json\/wp\/v2\/product_cat?post=37699"},{"taxonomy":"product_tag","embeddable":true,"href":"https:\/\/labin.net\/it\/wp-json\/wp\/v2\/product_tag?post=37699"}],"curies":[{"name":"wp","href":"https:\/\/api.w.org\/{rel}","templated":true}]}}