{"id":37695,"date":"2025-12-05T11:01:18","date_gmt":"2025-12-05T11:01:18","guid":{"rendered":"https:labin.net\/producto\/labifol-boro-15\/"},"modified":"2026-01-19T13:21:21","modified_gmt":"2026-01-19T13:21:21","slug":"labifol-boro-15","status":"publish","type":"product","link":"https:\/\/labin.net\/it\/producto\/labifol-boro-15\/","title":{"rendered":"LABIFOL BORO 15%"},"content":{"rendered":"<p><strong>LABIFOL BORO 15%<\/strong> \u00e8 un fertilizzante liquido che fornisce boro totalmente solubile e assimilabile. Il boro \u00e8 un elemento essenziale in molte colture, in quanto \u00e8 coinvolto in un gran numero di processi metabolici e la sua carenza pu\u00f2 causare riduzioni significative della produzione, in quanto \u00e8 l&#8217;elemento essenziale per l&#8217;allungamento del tubo pollinico e la germinazione del polline.<\/p>\n<p><strong>LABIFOL BORO 15%<\/strong> contiene boro complessato. Gli agenti complessanti e altri coformulanti sono responsabili del rapido assorbimento e della traslocazione del boro.<\/p>\n","protected":false},"excerpt":{"rendered":"<ul>\n<li>Boro complessato con etanolamina per l&#8217;applicazione fogliare<\/li>\n<li>Alta assimilazione e traslocazione<\/li>\n<li>Risultati eccellenti nelle colture sensibili<\/li>\n<li>Promuove la fioritura e l&#8217;aumento dei rendimenti<\/li>\n<\/ul>\n","protected":false},"featured_media":36275,"comment_status":"closed","ping_status":"closed","template":"","meta":{"_acf_changed":false},"cultivo":[347,382,416,450,479,505,351,386,417,451,485,352,387,422,452,486,353,388,423,458,487,357,392,424,459,488,358,393,425,460,489,359,394,426,461,495,362,395,432,465,496,366,400,433,466,497,367,401,434,467,498,337,368,402,435,468,499,339,372,403,441,469,500,340,376,407,442,475,501,341,379,413,443,476,502,345,380,414,444,477,503,346,381,415,449,478,504],"ecologico":[824],"medioambiente":[844],"solucion":[889,923,946],"tipo-de-aplicacion":[506,808,812,813],"product_brand":[],"product_cat":[973],"product_tag":[],"class_list":{"0":"post-37695","1":"product","2":"type-product","3":"status-publish","4":"has-post-thumbnail","6":"cultivo-mandorlo","7":"cultivo-lima","8":"cultivo-coco","9":"cultivo-broccoli","10":"cultivo-cetriolo","11":"cultivo-fiori","12":"cultivo-nocciola","13":"cultivo-mandarino","14":"cultivo-frutti-rossi-bacche","15":"cultivo-zucchina","16":"cultivo-pepe","17":"cultivo-khaki","18":"cultivo-manzano","19":"cultivo-guava","20":"cultivo-zucca","21":"cultivo-porro","22":"cultivo-castagno","23":"cultivo-pesca","24":"cultivo-litchi","25":"cultivo-cipolla","26":"cultivo-ravanello","27":"cultivo-ciliegia","28":"cultivo-membrillero","29":"cultivo-maniglia","30":"cultivo-col","31":"cultivo-barbabietola","32":"cultivo-prugna","33":"cultivo-albero-darancio","34":"cultivo-frutto-della-passione","35":"cultivo-cavoletti-di-bruxelles","36":"cultivo-rucola","37":"cultivo-clementino","38":"cultivo-nettarina","39":"cultivo-papaya","40":"cultivo-cavolfiore","41":"cultivo-anguria","42":"cultivo-melograno","43":"cultivo-noce","44":"cultivo-ananas","45":"cultivo-indivia","46":"cultivo-soia-verde","47":"cultivo-higuera","48":"cultivo-lulivo","49":"cultivo-pitahaya","50":"cultivo-spinaci","51":"cultivo-pomodoro","52":"cultivo-kiwi","53":"cultivo-vite-ornamentale","54":"cultivo-tamarindo","55":"cultivo-pisello","56":"cultivo-carota","57":"cultivo-alberi-da-frutto","58":"cultivo-albero-di-limone","59":"cultivo-peral","60":"cultivo-te","61":"cultivo-fagiolino","62":"cultivo-cereali","63":"cultivo-tropicale","64":"cultivo-avocado","65":"cultivo-pistacchio","66":"cultivo-cassava","67":"cultivo-fagiolo-verde","68":"cultivo-foraggio-e-pascolo","69":"cultivo-orticoltura","70":"cultivo-banana-pianta","71":"cultivo-pompelmo","72":"cultivo-bietola","73":"cultivo-lattuga","74":"cultivo-legumi-estensivi","75":"cultivo-estensivi","76":"cultivo-cacao","77":"cultivo-vite","78":"cultivo-aglio","79":"cultivo-melone","80":"cultivo-semi-oleosi","81":"cultivo-parchi-e-giardini","82":"cultivo-caffe","83":"cultivo-canna-da-zucchero","84":"cultivo-melanzana","85":"cultivo-rapa","86":"cultivo-alberi-ornamentali","87":"cultivo-albicocca","88":"cultivo-carambola","89":"cultivo-crema-pasticcera-alla-mela","90":"cultivo-patata-dolce","91":"cultivo-patata","92":"cultivo-cespedes","93":"ecologico-si","94":"medioambiente-efficienza-nelluso-dei-nutrienti","95":"solucion-carenza-di-b","96":"solucion-fioritura-e-allegagione","97":"solucion-aumento-della-qualita-dei-frutti","98":"tipo-de-aplicacion-fertirrigazione","99":"tipo-de-aplicacion-fogliare","100":"tipo-de-aplicacion-dron","101":"tipo-de-aplicacion-aerei-leggeri","102":"product_cat-correttore-di-carenze","104":"first","105":"instock","106":"shipping-taxable","107":"product-type-simple"},"acf":[],"_links":{"self":[{"href":"https:\/\/labin.net\/it\/wp-json\/wp\/v2\/product\/37695","targetHints":{"allow":["GET"]}}],"collection":[{"href":"https:\/\/labin.net\/it\/wp-json\/wp\/v2\/product"}],"about":[{"href":"https:\/\/labin.net\/it\/wp-json\/wp\/v2\/types\/product"}],"replies":[{"embeddable":true,"href":"https:\/\/labin.net\/it\/wp-json\/wp\/v2\/comments?post=37695"}],"wp:featuredmedia":[{"embeddable":true,"href":"https:\/\/labin.net\/it\/wp-json\/wp\/v2\/media\/36275"}],"wp:attachment":[{"href":"https:\/\/labin.net\/it\/wp-json\/wp\/v2\/media?parent=37695"}],"wp:term":[{"taxonomy":"cultivo","embeddable":true,"href":"https:\/\/labin.net\/it\/wp-json\/wp\/v2\/cultivo?post=37695"},{"taxonomy":"ecologico","embeddable":true,"href":"https:\/\/labin.net\/it\/wp-json\/wp\/v2\/ecologico?post=37695"},{"taxonomy":"medioambiente","embeddable":true,"href":"https:\/\/labin.net\/it\/wp-json\/wp\/v2\/medioambiente?post=37695"},{"taxonomy":"solucion","embeddable":true,"href":"https:\/\/labin.net\/it\/wp-json\/wp\/v2\/solucion?post=37695"},{"taxonomy":"tipo-de-aplicacion","embeddable":true,"href":"https:\/\/labin.net\/it\/wp-json\/wp\/v2\/tipo-de-aplicacion?post=37695"},{"taxonomy":"product_brand","embeddable":true,"href":"https:\/\/labin.net\/it\/wp-json\/wp\/v2\/product_brand?post=37695"},{"taxonomy":"product_cat","embeddable":true,"href":"https:\/\/labin.net\/it\/wp-json\/wp\/v2\/product_cat?post=37695"},{"taxonomy":"product_tag","embeddable":true,"href":"https:\/\/labin.net\/it\/wp-json\/wp\/v2\/product_tag?post=37695"}],"curies":[{"name":"wp","href":"https:\/\/api.w.org\/{rel}","templated":true}]}}