{"id":37686,"date":"2025-12-05T11:01:18","date_gmt":"2025-12-05T11:01:18","guid":{"rendered":"https:labin.net\/producto\/labifol-mangazinc\/"},"modified":"2025-12-05T11:01:18","modified_gmt":"2025-12-05T11:01:18","slug":"labifol-mangazinc","status":"publish","type":"product","link":"https:\/\/labin.net\/it\/producto\/labifol-mangazinc\/","title":{"rendered":"LABIFOL MANGAZINC"},"content":{"rendered":"<p><strong>LABIFOL MANGAZINC <\/strong>\u00e8 un prodotto liquido che fornisce manganese e zinco altamente assimilabili, sia per applicazione fogliare che radicale. \u00c8 il fertilizzante ideale per prevenire o curare le carenze di manganese e\/o zinco, soprattutto nelle piante molto sensibili, come ortaggi e alberi da frutta, tropicali e agrumi. <\/p>\n<p>\u00c8 un prodotto molto interessante per frutta e verdura di variet\u00e0 ROSSA, per aumentare l&#8217;intensit\u00e0 del loro colore.<\/p>\n","protected":false},"excerpt":{"rendered":"<ul>\n<li>Prevenzione e cura delle carenze<\/li>\n<li>Per l&#8217;applicazione fogliare e radicale<\/li>\n<li>Assimilazione perfetta<\/li>\n<\/ul>\n","protected":false},"featured_media":36311,"comment_status":"closed","ping_status":"closed","template":"","meta":{"_acf_changed":false},"cultivo":[400,433,466,497,366,401,434,467,498,367,402,435,468,499,337,368,403,441,469,500,339,372,407,442,475,501,340,376,413,443,476,502,341,379,414,444,477,503,345,380,415,449,478,504,346,381,416,450,479,505,347,382,417,451,485,351,386,422,452,486,352,387,423,458,487,353,388,424,459,488,357,392,425,460,489,358,393,426,461,495,359,394,432,465,496,362,395],"ecologico":[829],"medioambiente":[844],"solucion":[902],"tipo-de-aplicacion":[506,808,812,813],"product_brand":[],"product_cat":[973],"product_tag":[],"class_list":{"0":"post-37686","1":"product","2":"type-product","3":"status-publish","4":"has-post-thumbnail","6":"cultivo-lulivo","7":"cultivo-pitahaya","8":"cultivo-spinaci","9":"cultivo-pomodoro","10":"cultivo-higuera","11":"cultivo-vite-ornamentale","12":"cultivo-tamarindo","13":"cultivo-pisello","14":"cultivo-carota","15":"cultivo-kiwi","16":"cultivo-peral","17":"cultivo-te","18":"cultivo-fagiolino","19":"cultivo-cereali","20":"cultivo-alberi-da-frutto","21":"cultivo-albero-di-limone","22":"cultivo-pistacchio","23":"cultivo-cassava","24":"cultivo-fagiolo-verde","25":"cultivo-foraggio-e-pascolo","26":"cultivo-tropicale","27":"cultivo-avocado","28":"cultivo-pompelmo","29":"cultivo-bietola","30":"cultivo-lattuga","31":"cultivo-legumi-estensivi","32":"cultivo-orticoltura","33":"cultivo-banana-pianta","34":"cultivo-vite","35":"cultivo-aglio","36":"cultivo-melone","37":"cultivo-semi-oleosi","38":"cultivo-estensivi","39":"cultivo-cacao","40":"cultivo-canna-da-zucchero","41":"cultivo-melanzana","42":"cultivo-rapa","43":"cultivo-alberi-ornamentali","44":"cultivo-parchi-e-giardini","45":"cultivo-caffe","46":"cultivo-crema-pasticcera-alla-mela","47":"cultivo-patata-dolce","48":"cultivo-patata","49":"cultivo-cespedes","50":"cultivo-albicocca","51":"cultivo-carambola","52":"cultivo-coco","53":"cultivo-broccoli","54":"cultivo-cetriolo","55":"cultivo-fiori","56":"cultivo-mandorlo","57":"cultivo-lima","58":"cultivo-frutti-rossi-bacche","59":"cultivo-zucchina","60":"cultivo-pepe","61":"cultivo-nocciola","62":"cultivo-mandarino","63":"cultivo-guava","64":"cultivo-zucca","65":"cultivo-porro","66":"cultivo-khaki","67":"cultivo-manzano","68":"cultivo-litchi","69":"cultivo-cipolla","70":"cultivo-ravanello","71":"cultivo-castagno","72":"cultivo-pesca","73":"cultivo-maniglia","74":"cultivo-col","75":"cultivo-barbabietola","76":"cultivo-ciliegia","77":"cultivo-membrillero","78":"cultivo-frutto-della-passione","79":"cultivo-cavoletti-di-bruxelles","80":"cultivo-rucola","81":"cultivo-prugna","82":"cultivo-albero-darancio","83":"cultivo-papaya","84":"cultivo-cavolfiore","85":"cultivo-anguria","86":"cultivo-clementino","87":"cultivo-nettarina","88":"cultivo-ananas","89":"cultivo-indivia","90":"cultivo-soia-verde","91":"cultivo-melograno","92":"cultivo-noce","93":"ecologico-no","94":"medioambiente-efficienza-nelluso-dei-nutrienti","95":"solucion-carenza-di-mn","96":"tipo-de-aplicacion-fertirrigazione","97":"tipo-de-aplicacion-fogliare","98":"tipo-de-aplicacion-dron","99":"tipo-de-aplicacion-aerei-leggeri","100":"product_cat-correttore-di-carenze","102":"first","103":"instock","104":"shipping-taxable","105":"product-type-simple"},"acf":[],"_links":{"self":[{"href":"https:\/\/labin.net\/it\/wp-json\/wp\/v2\/product\/37686","targetHints":{"allow":["GET"]}}],"collection":[{"href":"https:\/\/labin.net\/it\/wp-json\/wp\/v2\/product"}],"about":[{"href":"https:\/\/labin.net\/it\/wp-json\/wp\/v2\/types\/product"}],"replies":[{"embeddable":true,"href":"https:\/\/labin.net\/it\/wp-json\/wp\/v2\/comments?post=37686"}],"wp:featuredmedia":[{"embeddable":true,"href":"https:\/\/labin.net\/it\/wp-json\/wp\/v2\/media\/36311"}],"wp:attachment":[{"href":"https:\/\/labin.net\/it\/wp-json\/wp\/v2\/media?parent=37686"}],"wp:term":[{"taxonomy":"cultivo","embeddable":true,"href":"https:\/\/labin.net\/it\/wp-json\/wp\/v2\/cultivo?post=37686"},{"taxonomy":"ecologico","embeddable":true,"href":"https:\/\/labin.net\/it\/wp-json\/wp\/v2\/ecologico?post=37686"},{"taxonomy":"medioambiente","embeddable":true,"href":"https:\/\/labin.net\/it\/wp-json\/wp\/v2\/medioambiente?post=37686"},{"taxonomy":"solucion","embeddable":true,"href":"https:\/\/labin.net\/it\/wp-json\/wp\/v2\/solucion?post=37686"},{"taxonomy":"tipo-de-aplicacion","embeddable":true,"href":"https:\/\/labin.net\/it\/wp-json\/wp\/v2\/tipo-de-aplicacion?post=37686"},{"taxonomy":"product_brand","embeddable":true,"href":"https:\/\/labin.net\/it\/wp-json\/wp\/v2\/product_brand?post=37686"},{"taxonomy":"product_cat","embeddable":true,"href":"https:\/\/labin.net\/it\/wp-json\/wp\/v2\/product_cat?post=37686"},{"taxonomy":"product_tag","embeddable":true,"href":"https:\/\/labin.net\/it\/wp-json\/wp\/v2\/product_tag?post=37686"}],"curies":[{"name":"wp","href":"https:\/\/api.w.org\/{rel}","templated":true}]}}