{"id":37681,"date":"2025-12-05T11:01:08","date_gmt":"2025-12-05T11:01:08","guid":{"rendered":"https:labin.net\/producto\/labicam-105\/"},"modified":"2025-12-05T11:01:08","modified_gmt":"2025-12-05T11:01:08","slug":"labicam-105","status":"publish","type":"product","link":"https:\/\/labin.net\/it\/producto\/labicam-105\/","title":{"rendered":"LABICAM 105"},"content":{"rendered":"<p>Prodotto liquido che pu\u00f2 essere applicato sia per via fogliare che per fertirrigazione. Ha un elevato contenuto di calcio, magnesio e azoto ed \u00e8 particolarmente indicato per mantenere la crescita delle piante, favorendone la struttura e la conservazione. \u00c8 adatto alle colture orticole, sia a foglia che a frutto, per fornire un apporto equilibrato e assimilabile di questi tre elementi. La sinergia tra i suoi componenti favorisce l&#8217;azione del calcio e previene fisiopatie come la scottatura della punta, il nocciolo amaro e il marciume apicale dei frutti, favorendo una maggiore consistenza e resistenza post-raccolta.   <\/p>\n","protected":false},"excerpt":{"rendered":"<ul>\n<li>Apporto di calcio e magnesio<\/li>\n<li>Migliorare la conservazione post-raccolta<\/li>\n<li>Aumento dell&#8217;EC dell&#8217;acqua di irrigazione<\/li>\n<\/ul>\n","protected":false},"featured_media":36215,"comment_status":"closed","ping_status":"closed","template":"","meta":{"_acf_changed":false},"cultivo":[340,376,407,442,475,501,341,379,413,443,476,502,345,380,414,444,477,503,346,381,415,449,478,504,347,382,416,450,479,505,351,386,417,451,485,352,387,422,452,486,353,388,423,458,487,357,392,424,459,488,358,393,425,460,489,359,394,426,461,495,362,395,432,465,496,366,400,433,466,497,367,401,434,467,498,337,368,402,435,468,499,339,372,403,441,469,500],"ecologico":[829],"medioambiente":[844],"solucion":[920,936,946,856,871],"tipo-de-aplicacion":[812,813,506,808],"product_brand":[],"product_cat":[973],"product_tag":[],"class_list":{"0":"post-37681","1":"product","2":"type-product","3":"status-publish","4":"has-post-thumbnail","6":"cultivo-orticoltura","7":"cultivo-banana-pianta","8":"cultivo-pompelmo","9":"cultivo-bietola","10":"cultivo-lattuga","11":"cultivo-legumi-estensivi","12":"cultivo-estensivi","13":"cultivo-cacao","14":"cultivo-vite","15":"cultivo-aglio","16":"cultivo-melone","17":"cultivo-semi-oleosi","18":"cultivo-parchi-e-giardini","19":"cultivo-caffe","20":"cultivo-canna-da-zucchero","21":"cultivo-melanzana","22":"cultivo-rapa","23":"cultivo-alberi-ornamentali","24":"cultivo-albicocca","25":"cultivo-carambola","26":"cultivo-crema-pasticcera-alla-mela","27":"cultivo-patata-dolce","28":"cultivo-patata","29":"cultivo-cespedes","30":"cultivo-mandorlo","31":"cultivo-lima","32":"cultivo-coco","33":"cultivo-broccoli","34":"cultivo-cetriolo","35":"cultivo-fiori","36":"cultivo-nocciola","37":"cultivo-mandarino","38":"cultivo-frutti-rossi-bacche","39":"cultivo-zucchina","40":"cultivo-pepe","41":"cultivo-khaki","42":"cultivo-manzano","43":"cultivo-guava","44":"cultivo-zucca","45":"cultivo-porro","46":"cultivo-castagno","47":"cultivo-pesca","48":"cultivo-litchi","49":"cultivo-cipolla","50":"cultivo-ravanello","51":"cultivo-ciliegia","52":"cultivo-membrillero","53":"cultivo-maniglia","54":"cultivo-col","55":"cultivo-barbabietola","56":"cultivo-prugna","57":"cultivo-albero-darancio","58":"cultivo-frutto-della-passione","59":"cultivo-cavoletti-di-bruxelles","60":"cultivo-rucola","61":"cultivo-clementino","62":"cultivo-nettarina","63":"cultivo-papaya","64":"cultivo-cavolfiore","65":"cultivo-anguria","66":"cultivo-melograno","67":"cultivo-noce","68":"cultivo-ananas","69":"cultivo-indivia","70":"cultivo-soia-verde","71":"cultivo-higuera","72":"cultivo-lulivo","73":"cultivo-pitahaya","74":"cultivo-spinaci","75":"cultivo-pomodoro","76":"cultivo-kiwi","77":"cultivo-vite-ornamentale","78":"cultivo-tamarindo","79":"cultivo-pisello","80":"cultivo-carota","81":"cultivo-alberi-da-frutto","82":"cultivo-albero-di-limone","83":"cultivo-peral","84":"cultivo-te","85":"cultivo-fagiolino","86":"cultivo-cereali","87":"cultivo-tropicale","88":"cultivo-avocado","89":"cultivo-pistacchio","90":"cultivo-cassava","91":"cultivo-fagiolo-verde","92":"cultivo-foraggio-e-pascolo","93":"ecologico-no","94":"medioambiente-efficienza-nelluso-dei-nutrienti","95":"solucion-ingrossamento-dei-frutti","96":"solucion-miglioramento-post-raccolta","97":"solucion-aumento-della-qualita-dei-frutti","98":"solucion-carenza-di-n","99":"solucion-carenza-di-ca","100":"tipo-de-aplicacion-dron","101":"tipo-de-aplicacion-aerei-leggeri","102":"tipo-de-aplicacion-fertirrigazione","103":"tipo-de-aplicacion-fogliare","104":"product_cat-correttore-di-carenze","106":"first","107":"instock","108":"shipping-taxable","109":"product-type-simple"},"acf":[],"_links":{"self":[{"href":"https:\/\/labin.net\/it\/wp-json\/wp\/v2\/product\/37681","targetHints":{"allow":["GET"]}}],"collection":[{"href":"https:\/\/labin.net\/it\/wp-json\/wp\/v2\/product"}],"about":[{"href":"https:\/\/labin.net\/it\/wp-json\/wp\/v2\/types\/product"}],"replies":[{"embeddable":true,"href":"https:\/\/labin.net\/it\/wp-json\/wp\/v2\/comments?post=37681"}],"wp:featuredmedia":[{"embeddable":true,"href":"https:\/\/labin.net\/it\/wp-json\/wp\/v2\/media\/36215"}],"wp:attachment":[{"href":"https:\/\/labin.net\/it\/wp-json\/wp\/v2\/media?parent=37681"}],"wp:term":[{"taxonomy":"cultivo","embeddable":true,"href":"https:\/\/labin.net\/it\/wp-json\/wp\/v2\/cultivo?post=37681"},{"taxonomy":"ecologico","embeddable":true,"href":"https:\/\/labin.net\/it\/wp-json\/wp\/v2\/ecologico?post=37681"},{"taxonomy":"medioambiente","embeddable":true,"href":"https:\/\/labin.net\/it\/wp-json\/wp\/v2\/medioambiente?post=37681"},{"taxonomy":"solucion","embeddable":true,"href":"https:\/\/labin.net\/it\/wp-json\/wp\/v2\/solucion?post=37681"},{"taxonomy":"tipo-de-aplicacion","embeddable":true,"href":"https:\/\/labin.net\/it\/wp-json\/wp\/v2\/tipo-de-aplicacion?post=37681"},{"taxonomy":"product_brand","embeddable":true,"href":"https:\/\/labin.net\/it\/wp-json\/wp\/v2\/product_brand?post=37681"},{"taxonomy":"product_cat","embeddable":true,"href":"https:\/\/labin.net\/it\/wp-json\/wp\/v2\/product_cat?post=37681"},{"taxonomy":"product_tag","embeddable":true,"href":"https:\/\/labin.net\/it\/wp-json\/wp\/v2\/product_tag?post=37681"}],"curies":[{"name":"wp","href":"https:\/\/api.w.org\/{rel}","templated":true}]}}