{"id":37670,"date":"2025-12-05T11:01:08","date_gmt":"2025-12-05T11:01:08","guid":{"rendered":"https:labin.net\/producto\/labifol-boro-magnesio\/"},"modified":"2026-01-19T13:22:27","modified_gmt":"2026-01-19T13:22:27","slug":"labifol-boro-magnesico","status":"publish","type":"product","link":"https:\/\/labin.net\/it\/producto\/labifol-boro-magnesico\/","title":{"rendered":"LABIFOL BORO MAGNESICO"},"content":{"rendered":"<p>Concime fogliare altamente solubile, sviluppato per ottenere la massima compatibilit\u00e0 di boro e magnesio in un unico prodotto e per ottenere una rapida assimilazione.<\/p>\n<p>La combinazione di boro e magnesio \u00e8 adatta per essere applicata prima e dopo la fioritura, migliorando l&#8217;allegagione e ottenendo una resa maggiore in quantit\u00e0 e qualit\u00e0. Il boro e il magnesio sono due nutrienti che, pur essendo necessari in piccole quantit\u00e0, sono strategici e permettono di ottenere un aumento significativo della produzione.<\/p>\n<p><strong>LABIFOL BORO MAGNESICO<\/strong> \u00e8 un concime fogliare per prevenire o trattare le carenze di magnesio e boro con elevata efficacia e, allo stesso tempo, rivitalizzare le piante.<\/p>\n","protected":false},"excerpt":{"rendered":"<ul>\n<li>Boro e magnesio in un unico prodotto<\/li>\n<li>Rapida assimilazione e traslocazione<\/li>\n<li>Risultati visibili in pochi giorni<\/li>\n<\/ul>\n","protected":false},"featured_media":36124,"comment_status":"closed","ping_status":"closed","template":"","meta":{"_acf_changed":false},"cultivo":[353,388,423,458,487,357,392,424,459,488,358,393,425,460,489,359,394,426,461,495,362,395,432,465,496,366,400,433,466,497,367,401,434,467,498,337,368,402,435,468,499,339,372,403,441,469,500,340,376,407,442,475,501,341,379,413,443,476,502,345,380,414,444,477,503,346,381,415,449,478,504,347,382,416,450,479,505,351,386,417,451,485,352,387,422,452,486],"ecologico":[829],"medioambiente":[844],"solucion":[876,889,923,946],"tipo-de-aplicacion":[808],"product_brand":[],"product_cat":[973],"product_tag":[],"class_list":{"0":"post-37670","1":"product","2":"type-product","3":"status-publish","4":"has-post-thumbnail","6":"cultivo-castagno","7":"cultivo-pesca","8":"cultivo-litchi","9":"cultivo-cipolla","10":"cultivo-ravanello","11":"cultivo-ciliegia","12":"cultivo-membrillero","13":"cultivo-maniglia","14":"cultivo-col","15":"cultivo-barbabietola","16":"cultivo-prugna","17":"cultivo-albero-darancio","18":"cultivo-frutto-della-passione","19":"cultivo-cavoletti-di-bruxelles","20":"cultivo-rucola","21":"cultivo-clementino","22":"cultivo-nettarina","23":"cultivo-papaya","24":"cultivo-cavolfiore","25":"cultivo-anguria","26":"cultivo-melograno","27":"cultivo-noce","28":"cultivo-ananas","29":"cultivo-indivia","30":"cultivo-soia-verde","31":"cultivo-higuera","32":"cultivo-lulivo","33":"cultivo-pitahaya","34":"cultivo-spinaci","35":"cultivo-pomodoro","36":"cultivo-kiwi","37":"cultivo-vite-ornamentale","38":"cultivo-tamarindo","39":"cultivo-pisello","40":"cultivo-carota","41":"cultivo-alberi-da-frutto","42":"cultivo-albero-di-limone","43":"cultivo-peral","44":"cultivo-te","45":"cultivo-fagiolino","46":"cultivo-cereali","47":"cultivo-tropicale","48":"cultivo-avocado","49":"cultivo-pistacchio","50":"cultivo-cassava","51":"cultivo-fagiolo-verde","52":"cultivo-foraggio-e-pascolo","53":"cultivo-orticoltura","54":"cultivo-banana-pianta","55":"cultivo-pompelmo","56":"cultivo-bietola","57":"cultivo-lattuga","58":"cultivo-legumi-estensivi","59":"cultivo-estensivi","60":"cultivo-cacao","61":"cultivo-vite","62":"cultivo-aglio","63":"cultivo-melone","64":"cultivo-semi-oleosi","65":"cultivo-parchi-e-giardini","66":"cultivo-caffe","67":"cultivo-canna-da-zucchero","68":"cultivo-melanzana","69":"cultivo-rapa","70":"cultivo-alberi-ornamentali","71":"cultivo-albicocca","72":"cultivo-carambola","73":"cultivo-crema-pasticcera-alla-mela","74":"cultivo-patata-dolce","75":"cultivo-patata","76":"cultivo-cespedes","77":"cultivo-mandorlo","78":"cultivo-lima","79":"cultivo-coco","80":"cultivo-broccoli","81":"cultivo-cetriolo","82":"cultivo-fiori","83":"cultivo-nocciola","84":"cultivo-mandarino","85":"cultivo-frutti-rossi-bacche","86":"cultivo-zucchina","87":"cultivo-pepe","88":"cultivo-khaki","89":"cultivo-manzano","90":"cultivo-guava","91":"cultivo-zucca","92":"cultivo-porro","93":"ecologico-no","94":"medioambiente-efficienza-nelluso-dei-nutrienti","95":"solucion-carenza-di-mg","96":"solucion-carenza-di-b","97":"solucion-fioritura-e-allegagione","98":"solucion-aumento-della-qualita-dei-frutti","99":"tipo-de-aplicacion-fogliare","100":"product_cat-correttore-di-carenze","102":"first","103":"instock","104":"shipping-taxable","105":"product-type-simple"},"acf":[],"_links":{"self":[{"href":"https:\/\/labin.net\/it\/wp-json\/wp\/v2\/product\/37670","targetHints":{"allow":["GET"]}}],"collection":[{"href":"https:\/\/labin.net\/it\/wp-json\/wp\/v2\/product"}],"about":[{"href":"https:\/\/labin.net\/it\/wp-json\/wp\/v2\/types\/product"}],"replies":[{"embeddable":true,"href":"https:\/\/labin.net\/it\/wp-json\/wp\/v2\/comments?post=37670"}],"wp:featuredmedia":[{"embeddable":true,"href":"https:\/\/labin.net\/it\/wp-json\/wp\/v2\/media\/36124"}],"wp:attachment":[{"href":"https:\/\/labin.net\/it\/wp-json\/wp\/v2\/media?parent=37670"}],"wp:term":[{"taxonomy":"cultivo","embeddable":true,"href":"https:\/\/labin.net\/it\/wp-json\/wp\/v2\/cultivo?post=37670"},{"taxonomy":"ecologico","embeddable":true,"href":"https:\/\/labin.net\/it\/wp-json\/wp\/v2\/ecologico?post=37670"},{"taxonomy":"medioambiente","embeddable":true,"href":"https:\/\/labin.net\/it\/wp-json\/wp\/v2\/medioambiente?post=37670"},{"taxonomy":"solucion","embeddable":true,"href":"https:\/\/labin.net\/it\/wp-json\/wp\/v2\/solucion?post=37670"},{"taxonomy":"tipo-de-aplicacion","embeddable":true,"href":"https:\/\/labin.net\/it\/wp-json\/wp\/v2\/tipo-de-aplicacion?post=37670"},{"taxonomy":"product_brand","embeddable":true,"href":"https:\/\/labin.net\/it\/wp-json\/wp\/v2\/product_brand?post=37670"},{"taxonomy":"product_cat","embeddable":true,"href":"https:\/\/labin.net\/it\/wp-json\/wp\/v2\/product_cat?post=37670"},{"taxonomy":"product_tag","embeddable":true,"href":"https:\/\/labin.net\/it\/wp-json\/wp\/v2\/product_tag?post=37670"}],"curies":[{"name":"wp","href":"https:\/\/api.w.org\/{rel}","templated":true}]}}