{"id":37649,"date":"2025-12-05T11:00:56","date_gmt":"2025-12-05T11:00:56","guid":{"rendered":"https:labin.net\/producto\/labin-fertisil\/"},"modified":"2025-12-05T11:00:56","modified_gmt":"2025-12-05T11:00:56","slug":"labin-fertisil","status":"publish","type":"product","link":"https:\/\/labin.net\/it\/producto\/labin-fertisil\/","title":{"rendered":"LABIN FERTISIL"},"content":{"rendered":"<p>Ci sono molte fonti e studi che dimostrano che il silicio \u00e8 un elemento benefico per le colture.<\/p>\n<p>\u00c8 una realt\u00e0 che il silicio apporta molti benefici in diverse specie vegetali, sia nelle colture senza suolo che nei terreni convenzionali. L&#8217;uso del silicio in agronomia \u00e8 uno strumento con un grande potenziale di grande interesse, soprattutto quando vediamo la crescente importanza della siccit\u00e0 e delle precipitazioni irregolari, in un evidente riscaldamento globale. Un&#8217;altra caratteristica a favore dell&#8217;applicazione di <strong>LABIN FERTISIL<\/strong> \u00e8 il grande vantaggio di utilizzare il silicio attraverso la fertirrigazione; non comporta pi\u00f9 una gestione culturale come in un&#8217;applicazione fogliare. La qualit\u00e0, il dosaggio e la manipolazione dei prodotti contenenti silicio nella loro formulazione \u00e8 ci\u00f2 che pu\u00f2 giustificare un aumento del vigore sia nella produzione di biomassa vegetale che di frutti.   <\/p>\n","protected":false},"excerpt":{"rendered":"<ul>\n<li>Aumenta il vigore delle specie orticole, migliorando l&#8217;assimilazione dei nutrienti forniti.<\/li>\n<li>Prodotto appositamente studiato e formulato per l&#8217;applicazione nella fertirrigazione.<\/li>\n<\/ul>\n","protected":false},"featured_media":36408,"comment_status":"closed","ping_status":"closed","template":"","meta":{"_acf_changed":false},"cultivo":[345,380,414,444,477,503,346,381,415,449,478,504,347,382,416,450,479,505,351,386,417,451,485,352,387,422,452,486,353,388,423,458,487,357,392,424,459,488,358,393,425,460,489,359,394,426,461,495,362,395,432,465,496,366,400,433,466,497,367,401,434,467,498,337,368,402,435,468,499,339,372,403,441,469,500,340,376,407,442,475,501,341,379,413,443,476,502],"ecologico":[829],"medioambiente":[838,844],"solucion":[936,946,953],"tipo-de-aplicacion":[506],"product_brand":[],"product_cat":[1011],"product_tag":[],"class_list":{"0":"post-37649","1":"product","2":"type-product","3":"status-publish","4":"has-post-thumbnail","6":"cultivo-parchi-e-giardini","7":"cultivo-caffe","8":"cultivo-canna-da-zucchero","9":"cultivo-melanzana","10":"cultivo-rapa","11":"cultivo-alberi-ornamentali","12":"cultivo-albicocca","13":"cultivo-carambola","14":"cultivo-crema-pasticcera-alla-mela","15":"cultivo-patata-dolce","16":"cultivo-patata","17":"cultivo-cespedes","18":"cultivo-mandorlo","19":"cultivo-lima","20":"cultivo-coco","21":"cultivo-broccoli","22":"cultivo-cetriolo","23":"cultivo-fiori","24":"cultivo-nocciola","25":"cultivo-mandarino","26":"cultivo-frutti-rossi-bacche","27":"cultivo-zucchina","28":"cultivo-pepe","29":"cultivo-khaki","30":"cultivo-manzano","31":"cultivo-guava","32":"cultivo-zucca","33":"cultivo-porro","34":"cultivo-castagno","35":"cultivo-pesca","36":"cultivo-litchi","37":"cultivo-cipolla","38":"cultivo-ravanello","39":"cultivo-ciliegia","40":"cultivo-membrillero","41":"cultivo-maniglia","42":"cultivo-col","43":"cultivo-barbabietola","44":"cultivo-prugna","45":"cultivo-albero-darancio","46":"cultivo-frutto-della-passione","47":"cultivo-cavoletti-di-bruxelles","48":"cultivo-rucola","49":"cultivo-clementino","50":"cultivo-nettarina","51":"cultivo-papaya","52":"cultivo-cavolfiore","53":"cultivo-anguria","54":"cultivo-melograno","55":"cultivo-noce","56":"cultivo-ananas","57":"cultivo-indivia","58":"cultivo-soia-verde","59":"cultivo-higuera","60":"cultivo-lulivo","61":"cultivo-pitahaya","62":"cultivo-spinaci","63":"cultivo-pomodoro","64":"cultivo-kiwi","65":"cultivo-vite-ornamentale","66":"cultivo-tamarindo","67":"cultivo-pisello","68":"cultivo-carota","69":"cultivo-alberi-da-frutto","70":"cultivo-albero-di-limone","71":"cultivo-peral","72":"cultivo-te","73":"cultivo-fagiolino","74":"cultivo-cereali","75":"cultivo-tropicale","76":"cultivo-avocado","77":"cultivo-pistacchio","78":"cultivo-cassava","79":"cultivo-fagiolo-verde","80":"cultivo-foraggio-e-pascolo","81":"cultivo-orticoltura","82":"cultivo-banana-pianta","83":"cultivo-pompelmo","84":"cultivo-bietola","85":"cultivo-lattuga","86":"cultivo-legumi-estensivi","87":"cultivo-estensivi","88":"cultivo-cacao","89":"cultivo-vite","90":"cultivo-aglio","91":"cultivo-melone","92":"cultivo-semi-oleosi","93":"ecologico-no","94":"medioambiente-efficienza-nelluso-dellacqua","95":"medioambiente-efficienza-nelluso-dei-nutrienti","96":"solucion-miglioramento-post-raccolta","97":"solucion-aumento-della-qualita-dei-frutti","98":"solucion-prevenzione","99":"tipo-de-aplicacion-fertirrigazione","100":"product_cat-specialita","102":"first","103":"instock","104":"shipping-taxable","105":"product-type-simple"},"acf":[],"_links":{"self":[{"href":"https:\/\/labin.net\/it\/wp-json\/wp\/v2\/product\/37649","targetHints":{"allow":["GET"]}}],"collection":[{"href":"https:\/\/labin.net\/it\/wp-json\/wp\/v2\/product"}],"about":[{"href":"https:\/\/labin.net\/it\/wp-json\/wp\/v2\/types\/product"}],"replies":[{"embeddable":true,"href":"https:\/\/labin.net\/it\/wp-json\/wp\/v2\/comments?post=37649"}],"wp:featuredmedia":[{"embeddable":true,"href":"https:\/\/labin.net\/it\/wp-json\/wp\/v2\/media\/36408"}],"wp:attachment":[{"href":"https:\/\/labin.net\/it\/wp-json\/wp\/v2\/media?parent=37649"}],"wp:term":[{"taxonomy":"cultivo","embeddable":true,"href":"https:\/\/labin.net\/it\/wp-json\/wp\/v2\/cultivo?post=37649"},{"taxonomy":"ecologico","embeddable":true,"href":"https:\/\/labin.net\/it\/wp-json\/wp\/v2\/ecologico?post=37649"},{"taxonomy":"medioambiente","embeddable":true,"href":"https:\/\/labin.net\/it\/wp-json\/wp\/v2\/medioambiente?post=37649"},{"taxonomy":"solucion","embeddable":true,"href":"https:\/\/labin.net\/it\/wp-json\/wp\/v2\/solucion?post=37649"},{"taxonomy":"tipo-de-aplicacion","embeddable":true,"href":"https:\/\/labin.net\/it\/wp-json\/wp\/v2\/tipo-de-aplicacion?post=37649"},{"taxonomy":"product_brand","embeddable":true,"href":"https:\/\/labin.net\/it\/wp-json\/wp\/v2\/product_brand?post=37649"},{"taxonomy":"product_cat","embeddable":true,"href":"https:\/\/labin.net\/it\/wp-json\/wp\/v2\/product_cat?post=37649"},{"taxonomy":"product_tag","embeddable":true,"href":"https:\/\/labin.net\/it\/wp-json\/wp\/v2\/product_tag?post=37649"}],"curies":[{"name":"wp","href":"https:\/\/api.w.org\/{rel}","templated":true}]}}