{"id":37624,"date":"2025-12-05T07:48:39","date_gmt":"2025-12-05T07:48:39","guid":{"rendered":"https:labin.net\/producto\/labin-8-8-8-2-mgo\/"},"modified":"2025-12-05T07:48:39","modified_gmt":"2025-12-05T07:48:39","slug":"labin-8-8-8-2-mgo","status":"publish","type":"product","link":"https:\/\/labin.net\/it\/producto\/labin-8-8-8-2-mgo\/","title":{"rendered":"LABIN 8-8-8 + 2 MgO"},"content":{"rendered":"<p>LABIN 8-8-8 + 2 MgO \u00e8 un concime organo-minerale ottenuto per reazione con la lignite umica, appositamente studiato per fornire alle colture tutti i nutrienti di cui hanno bisogno in modo progressivo ed equilibrato.<\/p>\n<p>La composizione di LABIN 8-8-8 + 2 MgO \u00e8 caratterizzata dal suo contenuto di materia organica. La materia organica migliora l&#8217;attivit\u00e0 del suolo e favorisce una migliore assimilazione degli elementi minerali, nonch\u00e9 il rilascio di altri elementi bloccati nel suolo, il che consente di ottenere risultati migliori con meno unit\u00e0 di fertilizzante. <\/p>\n","protected":false},"excerpt":{"rendered":"<ul>\n<li><strong>Granuli facili da applicare<\/strong><\/li>\n<li><strong>Alta qualit\u00e0 e stabilit\u00e0 della materia organica<\/strong><\/li>\n<li><strong>Migliorare la fertilit\u00e0 del suolo<\/strong><\/li>\n<li><strong>Pi\u00f9 efficienza con meno unit\u00e0 di fertilizzazione<\/strong><\/li>\n<li><strong>Facile da applicare con qualsiasi tipo di spandiconcime<\/strong><\/li>\n<\/ul>\n","protected":false},"featured_media":35614,"comment_status":"open","ping_status":"closed","template":"","meta":{"_acf_changed":false},"cultivo":[353,388,423,458,487,357,392,424,459,488,358,393,425,460,489,359,394,426,461,495,362,395,432,465,496,366,400,433,466,497,367,401,434,467,498,337,368,402,435,468,499,339,372,403,441,469,500,340,376,407,442,475,501,341,379,413,443,476,502,345,380,414,444,477,503,346,381,415,449,478,504,347,382,416,450,479,505,351,386,417,451,485,352,387,422,452,486],"ecologico":[829],"medioambiente":[837,844],"solucion":[856,861,866],"tipo-de-aplicacion":[817],"product_brand":[],"product_cat":[987],"product_tag":[],"class_list":{"0":"post-37624","1":"product","2":"type-product","3":"status-publish","4":"has-post-thumbnail","6":"cultivo-castagno","7":"cultivo-pesca","8":"cultivo-litchi","9":"cultivo-cipolla","10":"cultivo-ravanello","11":"cultivo-ciliegia","12":"cultivo-membrillero","13":"cultivo-maniglia","14":"cultivo-col","15":"cultivo-barbabietola","16":"cultivo-prugna","17":"cultivo-albero-darancio","18":"cultivo-frutto-della-passione","19":"cultivo-cavoletti-di-bruxelles","20":"cultivo-rucola","21":"cultivo-clementino","22":"cultivo-nettarina","23":"cultivo-papaya","24":"cultivo-cavolfiore","25":"cultivo-anguria","26":"cultivo-melograno","27":"cultivo-noce","28":"cultivo-ananas","29":"cultivo-indivia","30":"cultivo-soia-verde","31":"cultivo-higuera","32":"cultivo-lulivo","33":"cultivo-pitahaya","34":"cultivo-spinaci","35":"cultivo-pomodoro","36":"cultivo-kiwi","37":"cultivo-vite-ornamentale","38":"cultivo-tamarindo","39":"cultivo-pisello","40":"cultivo-carota","41":"cultivo-alberi-da-frutto","42":"cultivo-albero-di-limone","43":"cultivo-peral","44":"cultivo-te","45":"cultivo-fagiolino","46":"cultivo-cereali","47":"cultivo-tropicale","48":"cultivo-avocado","49":"cultivo-pistacchio","50":"cultivo-cassava","51":"cultivo-fagiolo-verde","52":"cultivo-foraggio-e-pascolo","53":"cultivo-orticoltura","54":"cultivo-banana-pianta","55":"cultivo-pompelmo","56":"cultivo-bietola","57":"cultivo-lattuga","58":"cultivo-legumi-estensivi","59":"cultivo-estensivi","60":"cultivo-cacao","61":"cultivo-vite","62":"cultivo-aglio","63":"cultivo-melone","64":"cultivo-semi-oleosi","65":"cultivo-parchi-e-giardini","66":"cultivo-caffe","67":"cultivo-canna-da-zucchero","68":"cultivo-melanzana","69":"cultivo-rapa","70":"cultivo-alberi-ornamentali","71":"cultivo-albicocca","72":"cultivo-carambola","73":"cultivo-crema-pasticcera-alla-mela","74":"cultivo-patata-dolce","75":"cultivo-patata","76":"cultivo-cespedes","77":"cultivo-mandorlo","78":"cultivo-lima","79":"cultivo-coco","80":"cultivo-broccoli","81":"cultivo-cetriolo","82":"cultivo-fiori","83":"cultivo-nocciola","84":"cultivo-mandarino","85":"cultivo-frutti-rossi-bacche","86":"cultivo-zucchina","87":"cultivo-pepe","88":"cultivo-khaki","89":"cultivo-manzano","90":"cultivo-guava","91":"cultivo-zucca","92":"cultivo-porro","93":"ecologico-no","94":"medioambiente-riduzione-dellimpronta-di-co2","95":"medioambiente-efficienza-nelluso-dei-nutrienti","96":"solucion-carenza-di-n","97":"solucion-carenza-di-p","98":"solucion-carenza-di-k","99":"tipo-de-aplicacion-applicazione-del-suolo","100":"product_cat-fertilizzanti-granulati-e-microgranulati","102":"first","103":"instock","104":"shipping-taxable","105":"product-type-simple"},"acf":[],"_links":{"self":[{"href":"https:\/\/labin.net\/it\/wp-json\/wp\/v2\/product\/37624","targetHints":{"allow":["GET"]}}],"collection":[{"href":"https:\/\/labin.net\/it\/wp-json\/wp\/v2\/product"}],"about":[{"href":"https:\/\/labin.net\/it\/wp-json\/wp\/v2\/types\/product"}],"replies":[{"embeddable":true,"href":"https:\/\/labin.net\/it\/wp-json\/wp\/v2\/comments?post=37624"}],"wp:featuredmedia":[{"embeddable":true,"href":"https:\/\/labin.net\/it\/wp-json\/wp\/v2\/media\/35614"}],"wp:attachment":[{"href":"https:\/\/labin.net\/it\/wp-json\/wp\/v2\/media?parent=37624"}],"wp:term":[{"taxonomy":"cultivo","embeddable":true,"href":"https:\/\/labin.net\/it\/wp-json\/wp\/v2\/cultivo?post=37624"},{"taxonomy":"ecologico","embeddable":true,"href":"https:\/\/labin.net\/it\/wp-json\/wp\/v2\/ecologico?post=37624"},{"taxonomy":"medioambiente","embeddable":true,"href":"https:\/\/labin.net\/it\/wp-json\/wp\/v2\/medioambiente?post=37624"},{"taxonomy":"solucion","embeddable":true,"href":"https:\/\/labin.net\/it\/wp-json\/wp\/v2\/solucion?post=37624"},{"taxonomy":"tipo-de-aplicacion","embeddable":true,"href":"https:\/\/labin.net\/it\/wp-json\/wp\/v2\/tipo-de-aplicacion?post=37624"},{"taxonomy":"product_brand","embeddable":true,"href":"https:\/\/labin.net\/it\/wp-json\/wp\/v2\/product_brand?post=37624"},{"taxonomy":"product_cat","embeddable":true,"href":"https:\/\/labin.net\/it\/wp-json\/wp\/v2\/product_cat?post=37624"},{"taxonomy":"product_tag","embeddable":true,"href":"https:\/\/labin.net\/it\/wp-json\/wp\/v2\/product_tag?post=37624"}],"curies":[{"name":"wp","href":"https:\/\/api.w.org\/{rel}","templated":true}]}}