{"id":37605,"date":"2025-12-04T16:31:54","date_gmt":"2025-12-04T16:31:54","guid":{"rendered":"https:labin.net\/producto\/labin-pro\/"},"modified":"2025-12-04T16:31:54","modified_gmt":"2025-12-04T16:31:54","slug":"labin-pro","status":"publish","type":"product","link":"https:\/\/labin.net\/it\/producto\/labin-pro\/","title":{"rendered":"LABIN PRO"},"content":{"rendered":"<p>Labin Pro \u00e8 uno stimolatore microbico NP di nuova generazione che integra 5 batteri PGPr del genere Bacillus sp pi\u00f9 estratti di Ascophyllum nodosum e acidi umici, ottimizzando cos\u00ec la nutrizione, la bioattivazione microbica e la rigenerazione del suolo agricolo.<\/p>\n<p>Labin Pro \u00e8 la soluzione ideale per migliorare la fertilit\u00e0 del suolo e potenziare la crescita delle colture. La sua formula incorpora Ascophyllum nodosum e acidi umici in una concentrazione uguale che aumenta l&#8217;efficienza con bioattivatori che favoriscono lo sviluppo dei microrganismi. Questo rende Labin Pro particolarmente utile nei momenti di forte stress, come l&#8217;inizio della coltivazione o le fasi di maggiore richiesta di nutrienti.  <\/p>\n<p>Con la sua tripla azione Pro-attiva, Pro-stimolante e Pro-rigenerante, Labin Pro rafforza lo sviluppo delle piante e migliora la fertilit\u00e0 fisico-chimica del terreno, garantendo raccolti pi\u00f9 vigorosi e produttivi.<\/p>\n","protected":false},"excerpt":{"rendered":"<ul>\n<li><strong>Formato liquido<\/strong><\/li>\n<li><strong>Base 100% organica<\/strong><\/li>\n<li><strong>Sinergia con Labin<\/strong><\/li>\n<li><strong>Pro-stimolante della coltura<\/strong><\/li>\n<\/ul>\n","protected":false},"featured_media":35528,"comment_status":"open","ping_status":"closed","template":"","meta":{"_acf_changed":false},"cultivo":[353,388,423,458,487,357,392,424,459,488,358,393,425,460,489,359,394,426,461,495,362,395,432,465,496,366,400,433,466,497,367,401,434,467,498,337,368,402,435,468,499,339,372,403,441,469,500,340,376,407,442,475,501,341,379,413,443,476,502,345,380,414,444,477,503,346,381,415,449,478,504,347,382,416,450,479,505,351,386,417,451,485,352,387,422,452,486],"ecologico":[824],"medioambiente":[844],"solucion":[941],"tipo-de-aplicacion":[506,808],"product_brand":[],"product_cat":[970],"product_tag":[],"class_list":{"0":"post-37605","1":"product","2":"type-product","3":"status-publish","4":"has-post-thumbnail","6":"cultivo-castagno","7":"cultivo-pesca","8":"cultivo-litchi","9":"cultivo-cipolla","10":"cultivo-ravanello","11":"cultivo-ciliegia","12":"cultivo-membrillero","13":"cultivo-maniglia","14":"cultivo-col","15":"cultivo-barbabietola","16":"cultivo-prugna","17":"cultivo-albero-darancio","18":"cultivo-frutto-della-passione","19":"cultivo-cavoletti-di-bruxelles","20":"cultivo-rucola","21":"cultivo-clementino","22":"cultivo-nettarina","23":"cultivo-papaya","24":"cultivo-cavolfiore","25":"cultivo-anguria","26":"cultivo-melograno","27":"cultivo-noce","28":"cultivo-ananas","29":"cultivo-indivia","30":"cultivo-soia-verde","31":"cultivo-higuera","32":"cultivo-lulivo","33":"cultivo-pitahaya","34":"cultivo-spinaci","35":"cultivo-pomodoro","36":"cultivo-kiwi","37":"cultivo-vite-ornamentale","38":"cultivo-tamarindo","39":"cultivo-pisello","40":"cultivo-carota","41":"cultivo-alberi-da-frutto","42":"cultivo-albero-di-limone","43":"cultivo-peral","44":"cultivo-te","45":"cultivo-fagiolino","46":"cultivo-cereali","47":"cultivo-tropicale","48":"cultivo-avocado","49":"cultivo-pistacchio","50":"cultivo-cassava","51":"cultivo-fagiolo-verde","52":"cultivo-foraggio-e-pascolo","53":"cultivo-orticoltura","54":"cultivo-banana-pianta","55":"cultivo-pompelmo","56":"cultivo-bietola","57":"cultivo-lattuga","58":"cultivo-legumi-estensivi","59":"cultivo-estensivi","60":"cultivo-cacao","61":"cultivo-vite","62":"cultivo-aglio","63":"cultivo-melone","64":"cultivo-semi-oleosi","65":"cultivo-parchi-e-giardini","66":"cultivo-caffe","67":"cultivo-canna-da-zucchero","68":"cultivo-melanzana","69":"cultivo-rapa","70":"cultivo-alberi-ornamentali","71":"cultivo-albicocca","72":"cultivo-carambola","73":"cultivo-crema-pasticcera-alla-mela","74":"cultivo-patata-dolce","75":"cultivo-patata","76":"cultivo-cespedes","77":"cultivo-mandorlo","78":"cultivo-lima","79":"cultivo-coco","80":"cultivo-broccoli","81":"cultivo-cetriolo","82":"cultivo-fiori","83":"cultivo-nocciola","84":"cultivo-mandarino","85":"cultivo-frutti-rossi-bacche","86":"cultivo-zucchina","87":"cultivo-pepe","88":"cultivo-khaki","89":"cultivo-manzano","90":"cultivo-guava","91":"cultivo-zucca","92":"cultivo-porro","93":"ecologico-si","94":"medioambiente-efficienza-nelluso-dei-nutrienti","95":"solucion-migliorare-salute-del-suolo","96":"tipo-de-aplicacion-fertirrigazione","97":"tipo-de-aplicacion-fogliare","98":"product_cat-biostimolante","100":"first","101":"instock","102":"shipping-taxable","103":"product-type-simple"},"acf":[],"_links":{"self":[{"href":"https:\/\/labin.net\/it\/wp-json\/wp\/v2\/product\/37605","targetHints":{"allow":["GET"]}}],"collection":[{"href":"https:\/\/labin.net\/it\/wp-json\/wp\/v2\/product"}],"about":[{"href":"https:\/\/labin.net\/it\/wp-json\/wp\/v2\/types\/product"}],"replies":[{"embeddable":true,"href":"https:\/\/labin.net\/it\/wp-json\/wp\/v2\/comments?post=37605"}],"wp:featuredmedia":[{"embeddable":true,"href":"https:\/\/labin.net\/it\/wp-json\/wp\/v2\/media\/35528"}],"wp:attachment":[{"href":"https:\/\/labin.net\/it\/wp-json\/wp\/v2\/media?parent=37605"}],"wp:term":[{"taxonomy":"cultivo","embeddable":true,"href":"https:\/\/labin.net\/it\/wp-json\/wp\/v2\/cultivo?post=37605"},{"taxonomy":"ecologico","embeddable":true,"href":"https:\/\/labin.net\/it\/wp-json\/wp\/v2\/ecologico?post=37605"},{"taxonomy":"medioambiente","embeddable":true,"href":"https:\/\/labin.net\/it\/wp-json\/wp\/v2\/medioambiente?post=37605"},{"taxonomy":"solucion","embeddable":true,"href":"https:\/\/labin.net\/it\/wp-json\/wp\/v2\/solucion?post=37605"},{"taxonomy":"tipo-de-aplicacion","embeddable":true,"href":"https:\/\/labin.net\/it\/wp-json\/wp\/v2\/tipo-de-aplicacion?post=37605"},{"taxonomy":"product_brand","embeddable":true,"href":"https:\/\/labin.net\/it\/wp-json\/wp\/v2\/product_brand?post=37605"},{"taxonomy":"product_cat","embeddable":true,"href":"https:\/\/labin.net\/it\/wp-json\/wp\/v2\/product_cat?post=37605"},{"taxonomy":"product_tag","embeddable":true,"href":"https:\/\/labin.net\/it\/wp-json\/wp\/v2\/product_tag?post=37605"}],"curies":[{"name":"wp","href":"https:\/\/api.w.org\/{rel}","templated":true}]}}