{"id":37578,"date":"2025-12-05T07:36:04","date_gmt":"2025-12-05T07:36:04","guid":{"rendered":"https:labin.net\/producto\/labin-11-0-46\/"},"modified":"2025-12-05T07:36:04","modified_gmt":"2025-12-05T07:36:04","slug":"labin-11-0-46","status":"publish","type":"product","link":"https:\/\/labin.net\/it\/producto\/labin-11-0-46\/","title":{"rendered":"LABIN 11-0-46"},"content":{"rendered":"<p>Prodotto in forma di polvere cristallina rosa, specialmente per l&#8217;applicazione nella FERTIRRIGAZIONE, in tutte le sue varianti: gocciolamento, microspruzzatura, essudazione, ecc.<\/p>\n<p>La selezione delle migliori materie prime garantisce un&#8217;elevata solubilit\u00e0 e l&#8217;assenza di impurit\u00e0. Inoltre, il suo speciale processo di produzione assicura la fluidit\u00e0 del prodotto ed evita la formazione di croste. <\/p>\n<p>LABIN 11-0-46 \u00e8 arricchito con MICROELEMENTI CHELATI per garantire l&#8217;assenza di carenze e il corretto sviluppo delle colture, con un pH acido per evitare blocchi e ostruzioni. Adatto a quelle fasi fenologiche in cui \u00e8 richiesto un equilibrio nutrizionale NPK 1-0-4. <\/p>\n<p>Pu\u00f2 essere applicato in floricoltura, vivai, alberi da frutto, orticoltura, vigneti, colture tropicali, ecc.<\/p>\n","protected":false},"excerpt":{"rendered":"<ul>\n<li><strong>Alta solubilit\u00e0<\/strong><\/li>\n<li><strong>Assorbimento rapido<\/strong><\/li>\n<li><strong>Con microelementi<\/strong><\/li>\n<li><strong>Nessun appannamento<\/strong><\/li>\n<\/ul>\n","protected":false},"featured_media":35585,"comment_status":"open","ping_status":"closed","template":"","meta":{"_acf_changed":false},"cultivo":[366,400,433,466,497,367,401,434,467,498,368,402,435,468,503,337,372,403,441,469,504,339,376,407,442,475,505,340,379,413,443,476,345,380,414,444,477,346,381,415,449,478,347,382,416,450,479,351,386,417,451,485,352,387,422,452,486,353,388,423,458,487,357,392,424,459,488,358,393,425,460,489,359,394,426,461,495,362,395,432,465,496],"ecologico":[829],"medioambiente":[844],"solucion":[856,861,866],"tipo-de-aplicacion":[506],"product_brand":[],"product_cat":[979],"product_tag":[],"class_list":{"0":"post-37578","1":"product","2":"type-product","3":"status-publish","4":"has-post-thumbnail","6":"cultivo-higuera","7":"cultivo-lulivo","8":"cultivo-pitahaya","9":"cultivo-spinaci","10":"cultivo-pomodoro","11":"cultivo-kiwi","12":"cultivo-vite-ornamentale","13":"cultivo-tamarindo","14":"cultivo-pisello","15":"cultivo-carota","16":"cultivo-albero-di-limone","17":"cultivo-peral","18":"cultivo-te","19":"cultivo-fagiolino","20":"cultivo-alberi-ornamentali","21":"cultivo-alberi-da-frutto","22":"cultivo-avocado","23":"cultivo-pistacchio","24":"cultivo-cassava","25":"cultivo-fagiolo-verde","26":"cultivo-cespedes","27":"cultivo-tropicale","28":"cultivo-banana-pianta","29":"cultivo-pompelmo","30":"cultivo-bietola","31":"cultivo-lattuga","32":"cultivo-fiori","33":"cultivo-orticoltura","34":"cultivo-cacao","35":"cultivo-vite","36":"cultivo-aglio","37":"cultivo-melone","38":"cultivo-parchi-e-giardini","39":"cultivo-caffe","40":"cultivo-canna-da-zucchero","41":"cultivo-melanzana","42":"cultivo-rapa","43":"cultivo-albicocca","44":"cultivo-carambola","45":"cultivo-crema-pasticcera-alla-mela","46":"cultivo-patata-dolce","47":"cultivo-patata","48":"cultivo-mandorlo","49":"cultivo-lima","50":"cultivo-coco","51":"cultivo-broccoli","52":"cultivo-cetriolo","53":"cultivo-nocciola","54":"cultivo-mandarino","55":"cultivo-frutti-rossi-bacche","56":"cultivo-zucchina","57":"cultivo-pepe","58":"cultivo-khaki","59":"cultivo-manzano","60":"cultivo-guava","61":"cultivo-zucca","62":"cultivo-porro","63":"cultivo-castagno","64":"cultivo-pesca","65":"cultivo-litchi","66":"cultivo-cipolla","67":"cultivo-ravanello","68":"cultivo-ciliegia","69":"cultivo-membrillero","70":"cultivo-maniglia","71":"cultivo-col","72":"cultivo-barbabietola","73":"cultivo-prugna","74":"cultivo-albero-darancio","75":"cultivo-frutto-della-passione","76":"cultivo-cavoletti-di-bruxelles","77":"cultivo-rucola","78":"cultivo-clementino","79":"cultivo-nettarina","80":"cultivo-papaya","81":"cultivo-cavolfiore","82":"cultivo-anguria","83":"cultivo-melograno","84":"cultivo-noce","85":"cultivo-ananas","86":"cultivo-indivia","87":"cultivo-soia-verde","88":"ecologico-no","89":"medioambiente-efficienza-nelluso-dei-nutrienti","90":"solucion-carenza-di-n","91":"solucion-carenza-di-p","92":"solucion-carenza-di-k","93":"tipo-de-aplicacion-fertirrigazione","94":"product_cat-npk-idrosolubile","96":"first","97":"instock","98":"shipping-taxable","99":"product-type-simple"},"acf":[],"_links":{"self":[{"href":"https:\/\/labin.net\/it\/wp-json\/wp\/v2\/product\/37578","targetHints":{"allow":["GET"]}}],"collection":[{"href":"https:\/\/labin.net\/it\/wp-json\/wp\/v2\/product"}],"about":[{"href":"https:\/\/labin.net\/it\/wp-json\/wp\/v2\/types\/product"}],"replies":[{"embeddable":true,"href":"https:\/\/labin.net\/it\/wp-json\/wp\/v2\/comments?post=37578"}],"wp:featuredmedia":[{"embeddable":true,"href":"https:\/\/labin.net\/it\/wp-json\/wp\/v2\/media\/35585"}],"wp:attachment":[{"href":"https:\/\/labin.net\/it\/wp-json\/wp\/v2\/media?parent=37578"}],"wp:term":[{"taxonomy":"cultivo","embeddable":true,"href":"https:\/\/labin.net\/it\/wp-json\/wp\/v2\/cultivo?post=37578"},{"taxonomy":"ecologico","embeddable":true,"href":"https:\/\/labin.net\/it\/wp-json\/wp\/v2\/ecologico?post=37578"},{"taxonomy":"medioambiente","embeddable":true,"href":"https:\/\/labin.net\/it\/wp-json\/wp\/v2\/medioambiente?post=37578"},{"taxonomy":"solucion","embeddable":true,"href":"https:\/\/labin.net\/it\/wp-json\/wp\/v2\/solucion?post=37578"},{"taxonomy":"tipo-de-aplicacion","embeddable":true,"href":"https:\/\/labin.net\/it\/wp-json\/wp\/v2\/tipo-de-aplicacion?post=37578"},{"taxonomy":"product_brand","embeddable":true,"href":"https:\/\/labin.net\/it\/wp-json\/wp\/v2\/product_brand?post=37578"},{"taxonomy":"product_cat","embeddable":true,"href":"https:\/\/labin.net\/it\/wp-json\/wp\/v2\/product_cat?post=37578"},{"taxonomy":"product_tag","embeddable":true,"href":"https:\/\/labin.net\/it\/wp-json\/wp\/v2\/product_tag?post=37578"}],"curies":[{"name":"wp","href":"https:\/\/api.w.org\/{rel}","templated":true}]}}