{"id":37577,"date":"2025-12-05T07:31:21","date_gmt":"2025-12-05T07:31:21","guid":{"rendered":"https:labin.net\/producto\/labin-15-15-15\/"},"modified":"2025-12-05T07:31:21","modified_gmt":"2025-12-05T07:31:21","slug":"labin-15-15-15","status":"publish","type":"product","link":"https:\/\/labin.net\/it\/producto\/labin-15-15-15\/","title":{"rendered":"LABIN 15-15-15"},"content":{"rendered":"<p>Prodotto in forma di polvere cristallina rosa, specialmente per l&#8217;applicazione nella FERTIRRIGAZIONE, in tutte le sue varianti: gocciolamento, microspruzzatura, essudazione, ecc.<\/p>\n<p>La selezione delle migliori materie prime garantisce un&#8217;elevata solubilit\u00e0 e l&#8217;assenza di impurit\u00e0. Inoltre, il suo speciale processo di produzione assicura la fluidit\u00e0 del prodotto ed evita la formazione di croste. <\/p>\n<p>LABIN 15-15-15 \u00e8 arricchito con MICROELEMENTI CHELATI per garantire l&#8217;assenza di carenze e il corretto sviluppo delle colture. Il suo pH \u00e8 moderatamente acido per evitare blocchi e ostruzioni, e la sua formulazione non incorpora alcuna fonte di UREA. Essendo un fertilizzante a basso contenuto di cloruri, aumenta l&#8217;assorbimento e l&#8217;assimilazione dei nutrienti da parte della pianta. <\/p>\n<p>Particolarmente indicato per i vivai, la floricoltura, l&#8217;orticoltura, gli alberi da frutto, i vigneti, eccetera, soprattutto nei momenti di maggiore sviluppo vegetativo, dove un apporto completo ed equilibrato facilita lo sviluppo integrale della pianta.<\/p>\n","protected":false},"excerpt":{"rendered":"<ul>\n<li><strong>Alta solubilit\u00e0<\/strong><\/li>\n<li><strong>Assorbimento rapido<\/strong><\/li>\n<li><strong>Con microelementi<\/strong><\/li>\n<li><strong>Nessun appannamento<\/strong><\/li>\n<\/ul>\n","protected":false},"featured_media":35585,"comment_status":"open","ping_status":"closed","template":"","meta":{"_acf_changed":false},"cultivo":[357,392,424,459,488,358,393,425,460,489,359,394,426,461,495,362,395,432,465,496,366,400,433,466,497,367,401,434,467,498,368,402,435,468,503,337,372,403,441,469,504,339,376,407,442,475,505,340,379,413,443,476,345,380,414,444,477,346,381,415,449,478,347,382,416,450,479,351,386,417,451,485,352,387,422,452,486,353,388,423,458,487],"ecologico":[829],"medioambiente":[844],"solucion":[856,861,866],"tipo-de-aplicacion":[506],"product_brand":[],"product_cat":[979],"product_tag":[],"class_list":{"0":"post-37577","1":"product","2":"type-product","3":"status-publish","4":"has-post-thumbnail","6":"cultivo-ciliegia","7":"cultivo-membrillero","8":"cultivo-maniglia","9":"cultivo-col","10":"cultivo-barbabietola","11":"cultivo-prugna","12":"cultivo-albero-darancio","13":"cultivo-frutto-della-passione","14":"cultivo-cavoletti-di-bruxelles","15":"cultivo-rucola","16":"cultivo-clementino","17":"cultivo-nettarina","18":"cultivo-papaya","19":"cultivo-cavolfiore","20":"cultivo-anguria","21":"cultivo-melograno","22":"cultivo-noce","23":"cultivo-ananas","24":"cultivo-indivia","25":"cultivo-soia-verde","26":"cultivo-higuera","27":"cultivo-lulivo","28":"cultivo-pitahaya","29":"cultivo-spinaci","30":"cultivo-pomodoro","31":"cultivo-kiwi","32":"cultivo-vite-ornamentale","33":"cultivo-tamarindo","34":"cultivo-pisello","35":"cultivo-carota","36":"cultivo-albero-di-limone","37":"cultivo-peral","38":"cultivo-te","39":"cultivo-fagiolino","40":"cultivo-alberi-ornamentali","41":"cultivo-alberi-da-frutto","42":"cultivo-avocado","43":"cultivo-pistacchio","44":"cultivo-cassava","45":"cultivo-fagiolo-verde","46":"cultivo-cespedes","47":"cultivo-tropicale","48":"cultivo-banana-pianta","49":"cultivo-pompelmo","50":"cultivo-bietola","51":"cultivo-lattuga","52":"cultivo-fiori","53":"cultivo-orticoltura","54":"cultivo-cacao","55":"cultivo-vite","56":"cultivo-aglio","57":"cultivo-melone","58":"cultivo-parchi-e-giardini","59":"cultivo-caffe","60":"cultivo-canna-da-zucchero","61":"cultivo-melanzana","62":"cultivo-rapa","63":"cultivo-albicocca","64":"cultivo-carambola","65":"cultivo-crema-pasticcera-alla-mela","66":"cultivo-patata-dolce","67":"cultivo-patata","68":"cultivo-mandorlo","69":"cultivo-lima","70":"cultivo-coco","71":"cultivo-broccoli","72":"cultivo-cetriolo","73":"cultivo-nocciola","74":"cultivo-mandarino","75":"cultivo-frutti-rossi-bacche","76":"cultivo-zucchina","77":"cultivo-pepe","78":"cultivo-khaki","79":"cultivo-manzano","80":"cultivo-guava","81":"cultivo-zucca","82":"cultivo-porro","83":"cultivo-castagno","84":"cultivo-pesca","85":"cultivo-litchi","86":"cultivo-cipolla","87":"cultivo-ravanello","88":"ecologico-no","89":"medioambiente-efficienza-nelluso-dei-nutrienti","90":"solucion-carenza-di-n","91":"solucion-carenza-di-p","92":"solucion-carenza-di-k","93":"tipo-de-aplicacion-fertirrigazione","94":"product_cat-npk-idrosolubile","96":"first","97":"instock","98":"shipping-taxable","99":"product-type-simple"},"acf":[],"_links":{"self":[{"href":"https:\/\/labin.net\/it\/wp-json\/wp\/v2\/product\/37577","targetHints":{"allow":["GET"]}}],"collection":[{"href":"https:\/\/labin.net\/it\/wp-json\/wp\/v2\/product"}],"about":[{"href":"https:\/\/labin.net\/it\/wp-json\/wp\/v2\/types\/product"}],"replies":[{"embeddable":true,"href":"https:\/\/labin.net\/it\/wp-json\/wp\/v2\/comments?post=37577"}],"wp:featuredmedia":[{"embeddable":true,"href":"https:\/\/labin.net\/it\/wp-json\/wp\/v2\/media\/35585"}],"wp:attachment":[{"href":"https:\/\/labin.net\/it\/wp-json\/wp\/v2\/media?parent=37577"}],"wp:term":[{"taxonomy":"cultivo","embeddable":true,"href":"https:\/\/labin.net\/it\/wp-json\/wp\/v2\/cultivo?post=37577"},{"taxonomy":"ecologico","embeddable":true,"href":"https:\/\/labin.net\/it\/wp-json\/wp\/v2\/ecologico?post=37577"},{"taxonomy":"medioambiente","embeddable":true,"href":"https:\/\/labin.net\/it\/wp-json\/wp\/v2\/medioambiente?post=37577"},{"taxonomy":"solucion","embeddable":true,"href":"https:\/\/labin.net\/it\/wp-json\/wp\/v2\/solucion?post=37577"},{"taxonomy":"tipo-de-aplicacion","embeddable":true,"href":"https:\/\/labin.net\/it\/wp-json\/wp\/v2\/tipo-de-aplicacion?post=37577"},{"taxonomy":"product_brand","embeddable":true,"href":"https:\/\/labin.net\/it\/wp-json\/wp\/v2\/product_brand?post=37577"},{"taxonomy":"product_cat","embeddable":true,"href":"https:\/\/labin.net\/it\/wp-json\/wp\/v2\/product_cat?post=37577"},{"taxonomy":"product_tag","embeddable":true,"href":"https:\/\/labin.net\/it\/wp-json\/wp\/v2\/product_tag?post=37577"}],"curies":[{"name":"wp","href":"https:\/\/api.w.org\/{rel}","templated":true}]}}