{"id":37568,"date":"2025-12-05T07:24:02","date_gmt":"2025-12-05T07:24:02","guid":{"rendered":"https:labin.net\/producto\/labin-10-10-40\/"},"modified":"2025-12-05T07:24:02","modified_gmt":"2025-12-05T07:24:02","slug":"labin-10-10-40","status":"publish","type":"product","link":"https:\/\/labin.net\/it\/producto\/labin-10-10-40\/","title":{"rendered":"LABIN 10-10-40"},"content":{"rendered":"<p>Prodotto in forma di polvere cristallina rosa, specialmente per l&#8217;applicazione nella FERTIRRIGAZIONE, in tutte le sue varianti: gocciolamento, microspruzzatura, essudazione, ecc.<\/p>\n<p>La selezione delle migliori materie prime garantisce un&#8217;elevata solubilit\u00e0 e l&#8217;assenza di impurit\u00e0. Inoltre, il suo speciale processo di produzione assicura la fluidit\u00e0 del prodotto ed evita la formazione di croste. <\/p>\n<p>LABIN 10-10-40 \u00e8 arricchito con MICROELEMENTI CHELATI per garantire l&#8217;assenza di carenze e il corretto sviluppo delle colture, con un pH acido per evitare blocchi e ostruzioni. \u00c8 consigliato per tutti i tipi di colture e per i periodi in cui \u00e8 necessario un importante apporto di POTASSIO, come ad esempio durante l&#8217;appassimento e la maturazione dei frutti. Vale a dire, in tutti i periodi in cui \u00e8 richiesto un equilibrio NPK di livello 1-1-4.  <\/p>\n<p>Pu\u00f2 essere applicato in floricoltura, vivai, alberi da frutto, orticoltura, vigneti, colture tropicali, ecc.<\/p>\n","protected":false},"excerpt":{"rendered":"<ul>\n<li><strong>Alta solubilit\u00e0<\/strong><\/li>\n<li><strong>Assorbimento rapido<\/strong><\/li>\n<li><strong>Con microelementi<\/strong><\/li>\n<li><strong>Nessun appannamento<\/strong><\/li>\n<\/ul>\n","protected":false},"featured_media":35571,"comment_status":"open","ping_status":"closed","template":"","meta":{"_acf_changed":false},"cultivo":[337,372,403,441,469,504,339,376,407,442,475,505,340,379,413,443,476,345,380,414,444,477,346,381,415,449,478,347,382,416,450,479,351,386,417,451,485,352,387,422,452,486,353,388,423,458,487,357,392,424,459,488,358,393,425,460,489,359,394,426,461,495,362,395,432,465,496,366,400,433,466,497,367,401,434,467,498,368,402,435,468,503],"ecologico":[829],"medioambiente":[844],"solucion":[856,861,866],"tipo-de-aplicacion":[506],"product_brand":[],"product_cat":[979],"product_tag":[],"class_list":{"0":"post-37568","1":"product","2":"type-product","3":"status-publish","4":"has-post-thumbnail","6":"cultivo-alberi-da-frutto","7":"cultivo-avocado","8":"cultivo-pistacchio","9":"cultivo-cassava","10":"cultivo-fagiolo-verde","11":"cultivo-cespedes","12":"cultivo-tropicale","13":"cultivo-banana-pianta","14":"cultivo-pompelmo","15":"cultivo-bietola","16":"cultivo-lattuga","17":"cultivo-fiori","18":"cultivo-orticoltura","19":"cultivo-cacao","20":"cultivo-vite","21":"cultivo-aglio","22":"cultivo-melone","23":"cultivo-parchi-e-giardini","24":"cultivo-caffe","25":"cultivo-canna-da-zucchero","26":"cultivo-melanzana","27":"cultivo-rapa","28":"cultivo-albicocca","29":"cultivo-carambola","30":"cultivo-crema-pasticcera-alla-mela","31":"cultivo-patata-dolce","32":"cultivo-patata","33":"cultivo-mandorlo","34":"cultivo-lima","35":"cultivo-coco","36":"cultivo-broccoli","37":"cultivo-cetriolo","38":"cultivo-nocciola","39":"cultivo-mandarino","40":"cultivo-frutti-rossi-bacche","41":"cultivo-zucchina","42":"cultivo-pepe","43":"cultivo-khaki","44":"cultivo-manzano","45":"cultivo-guava","46":"cultivo-zucca","47":"cultivo-porro","48":"cultivo-castagno","49":"cultivo-pesca","50":"cultivo-litchi","51":"cultivo-cipolla","52":"cultivo-ravanello","53":"cultivo-ciliegia","54":"cultivo-membrillero","55":"cultivo-maniglia","56":"cultivo-col","57":"cultivo-barbabietola","58":"cultivo-prugna","59":"cultivo-albero-darancio","60":"cultivo-frutto-della-passione","61":"cultivo-cavoletti-di-bruxelles","62":"cultivo-rucola","63":"cultivo-clementino","64":"cultivo-nettarina","65":"cultivo-papaya","66":"cultivo-cavolfiore","67":"cultivo-anguria","68":"cultivo-melograno","69":"cultivo-noce","70":"cultivo-ananas","71":"cultivo-indivia","72":"cultivo-soia-verde","73":"cultivo-higuera","74":"cultivo-lulivo","75":"cultivo-pitahaya","76":"cultivo-spinaci","77":"cultivo-pomodoro","78":"cultivo-kiwi","79":"cultivo-vite-ornamentale","80":"cultivo-tamarindo","81":"cultivo-pisello","82":"cultivo-carota","83":"cultivo-albero-di-limone","84":"cultivo-peral","85":"cultivo-te","86":"cultivo-fagiolino","87":"cultivo-alberi-ornamentali","88":"ecologico-no","89":"medioambiente-efficienza-nelluso-dei-nutrienti","90":"solucion-carenza-di-n","91":"solucion-carenza-di-p","92":"solucion-carenza-di-k","93":"tipo-de-aplicacion-fertirrigazione","94":"product_cat-npk-idrosolubile","96":"first","97":"instock","98":"shipping-taxable","99":"product-type-simple"},"acf":[],"_links":{"self":[{"href":"https:\/\/labin.net\/it\/wp-json\/wp\/v2\/product\/37568","targetHints":{"allow":["GET"]}}],"collection":[{"href":"https:\/\/labin.net\/it\/wp-json\/wp\/v2\/product"}],"about":[{"href":"https:\/\/labin.net\/it\/wp-json\/wp\/v2\/types\/product"}],"replies":[{"embeddable":true,"href":"https:\/\/labin.net\/it\/wp-json\/wp\/v2\/comments?post=37568"}],"wp:featuredmedia":[{"embeddable":true,"href":"https:\/\/labin.net\/it\/wp-json\/wp\/v2\/media\/35571"}],"wp:attachment":[{"href":"https:\/\/labin.net\/it\/wp-json\/wp\/v2\/media?parent=37568"}],"wp:term":[{"taxonomy":"cultivo","embeddable":true,"href":"https:\/\/labin.net\/it\/wp-json\/wp\/v2\/cultivo?post=37568"},{"taxonomy":"ecologico","embeddable":true,"href":"https:\/\/labin.net\/it\/wp-json\/wp\/v2\/ecologico?post=37568"},{"taxonomy":"medioambiente","embeddable":true,"href":"https:\/\/labin.net\/it\/wp-json\/wp\/v2\/medioambiente?post=37568"},{"taxonomy":"solucion","embeddable":true,"href":"https:\/\/labin.net\/it\/wp-json\/wp\/v2\/solucion?post=37568"},{"taxonomy":"tipo-de-aplicacion","embeddable":true,"href":"https:\/\/labin.net\/it\/wp-json\/wp\/v2\/tipo-de-aplicacion?post=37568"},{"taxonomy":"product_brand","embeddable":true,"href":"https:\/\/labin.net\/it\/wp-json\/wp\/v2\/product_brand?post=37568"},{"taxonomy":"product_cat","embeddable":true,"href":"https:\/\/labin.net\/it\/wp-json\/wp\/v2\/product_cat?post=37568"},{"taxonomy":"product_tag","embeddable":true,"href":"https:\/\/labin.net\/it\/wp-json\/wp\/v2\/product_tag?post=37568"}],"curies":[{"name":"wp","href":"https:\/\/api.w.org\/{rel}","templated":true}]}}